{"id":99474,"date":"2023-03-02T10:17:18","date_gmt":"2023-03-02T09:17:18","guid":{"rendered":"https:\/\/www.meine-ernte.de\/shop\/?post_type=product&#038;p=99474"},"modified":"2026-04-24T13:47:06","modified_gmt":"2026-04-24T11:47:06","slug":"kresse-herzen-3er-set-meine-ernte","status":"publish","type":"product","link":"https:\/\/www.meine-ernte.de\/shop\/kresse-herzen-3er-set-meine-ernte\/","title":{"rendered":"Kresse Herzen 3er Set meine ernte"},"content":{"rendered":"<div class=\"row\"  id=\"row-1852676469\">\n\n\t<div id=\"col-1451556779\" class=\"col medium-8 small-12 large-8\"  >\n\t\t\t\t<div class=\"col-inner\"  >\n\t\t\t\n\t\t\t\n<div class=\"container section-title-container\" ><h3 class=\"section-title section-title-center\"><b aria-hidden=\"true\"><\/b><span class=\"section-title-main\" >Produktinformationen<\/span><b aria-hidden=\"true\"><\/b><\/h3><\/div>\n<h2>Ein Herz f\u00fcr Gartenkresse<\/h2>\n<p><strong>Sag&#8217;s mit Kresse!<\/strong><\/p>\n<p>Sag&#8217;s mit Kresse! Dank der praktischen Saatscheiben w\u00e4chst die Kresse schnell und gleichm\u00e4\u00dfig. Daneben sind die herzf\u00f6rmigen Kressepads ein nachhaltiges Geschenk f\u00fcr alle gro\u00dfen und kleinen G\u00e4rtner. Ob Valentinstag, Muttertag oder zum Osterbrunch, als herzliche Gabe zum Geburtstag oder einfach als liebevolle Aufmerksamkeit zwischendurch, f\u00fcr alle gro\u00dfen und kleinen G\u00e4rtner, die schnelle und leckere Erfolgserlebnisse zu sch\u00e4tzen wissen.<\/p>\n<p>Die unkomplizierten Allesk\u00f6nner in Sachen W\u00fcrze muss man einfach liebhaben. Unsere Kresseherzen kommen im Dreierpack und wachsen auf der herzf\u00f6rmigen Saatscheibe wunderbar gleichm\u00e4\u00dfig. Aromatisch und frisch-delikat passen die zarten Bl\u00e4ttchen zu fast jedem Gericht. Kresse wartet au\u00dferdem mit jeder Menge an N\u00e4hrstoffen, insbesondere dem Immunvitamin C und mit muskel- und knochenst\u00e4rkendem Kalium und Kalzium auf.<\/p>\n<h3>G\u00e4rtnerspa\u00df nicht nur f\u00fcr Kinder<\/h3>\n<p>Nicht wenige Selbstversorgerkarrieren haben mit einer kleinen Kresseplantage auf der Kinderzimmerfensterbank begonnen. Die Kresseanzucht sorgt f\u00fcr schnelle Erfolgserlebnisse beim G\u00e4rtnern und bietet den Keim f\u00fcr leckere Experimente in der K\u00fcche. Gro\u00dfes oder kleines Herz? Unsere Herzscheiben kannst du dazu nach Belieben zuschneiden.<\/p>\n<h3>Klassiker mal anders<\/h3>\n<p>Kresse ist mehr als essbares Konfetti! Einen modernen Twist erh\u00e4lt der w\u00fcrzig-frische Kr\u00e4uterklassiker, wenn du ihn mit Avocado, vegetarischen Brotaufstrichen oder sogar zur Abwechslung mal mit Obst kombinierst. Wie w\u00e4re es mit einem frisch gebackenen Br\u00f6tchen mit Frischk\u00e4se, einer Scheibe Ananas oder Papaya und einer gro\u00dfz\u00fcgigen Garnitur aus Kresse? Mmmmmmmh\u2026\u2026<\/p>\n<div class=\"row\"  id=\"row-699055677\">\n\n\t<div id=\"col-1332645576\" class=\"col small-12 large-12\"  >\n\t\t\t\t<div class=\"col-inner\"  >\n\t\t\t\n\t\t\t\n<div class=\"container section-title-container\" ><h3 class=\"section-title section-title-center\"><b aria-hidden=\"true\"><\/b><span class=\"section-title-main\" >weitere Informationen<\/span><b aria-hidden=\"true\"><\/b><\/h3><\/div>\n<p style=\"text-align: center;\"><u><a href=\"https:\/\/www.meine-ernte.de\/kraeuter\/kresse\/\" target=\"_blank\" rel=\"noopener noreferrer\">Weitere Informationen findest du in unseren Gartentipps<\/a><\/u><\/p>\n\t\t<\/div>\n\t\t\t\t\t<\/div>\n\n\t\n<\/div>\n\t\t<\/div>\n\t\t\t\t\t<\/div>\n\n\t\n\n\t<div id=\"col-1690094606\" class=\"col medium-4 small-12 large-4\"  >\n\t\t\t\t<div class=\"col-inner\"  >\n\t\t\t\n\t\t\t\n<div class=\"container section-title-container\" ><h3 class=\"section-title section-title-center\"><b aria-hidden=\"true\"><\/b><span class=\"section-title-main\" >Anbautipps<\/span><b aria-hidden=\"true\"><\/b><\/h3><\/div>\n<table class=\"tg\">\n<tbody>\n<tr>\n<td class=\"tg-0pky\">Anbauweise<\/td>\n<td class=\"tg-0pky\">Direktsaat<\/td>\n<\/tr>\n<tr>\n<td class=\"tg-0pky\">Aussaat<\/td>\n<td class=\"tg-0pky\">indoor ganzj\u00e4hrig,<\/p>\n<p>auf Balkon und Garten April &#8211; August<\/td>\n<\/tr>\n<tr>\n<td class=\"tg-0pky\">Aussaattiefe<\/td>\n<td class=\"tg-0pky\">Lichtkeimer<\/td>\n<\/tr>\n<tr>\n<td class=\"tg-0pky\">Ernte<\/td>\n<td class=\"tg-0pky\">nach ca. 3-5 Tagen<\/td>\n<\/tr>\n<tr>\n<td class=\"tg-0pky\">Pflanzabstand<\/td>\n<td class=\"tg-0pky\">durch Saatgutscheibe vorgegeben<\/td>\n<\/tr>\n<tr>\n<td class=\"tg-0pky\">Standort<\/td>\n<td class=\"tg-0pky\">heller Standort<\/td>\n<\/tr>\n<tr>\n<td class=\"tg-0pky\">Kulturdauer<\/td>\n<td class=\"tg-0pky\">einj\u00e4hrig<\/td>\n<\/tr>\n<tr>\n<td class=\"tg-0pky\">Portionsinhalt<\/td>\n<td class=\"tg-0pky\">3 Saatgutscheiben<\/td>\n<\/tr>\n<\/tbody>\n<\/table>\n<div class=\"container section-title-container\" ><h3 class=\"section-title section-title-center\"><b aria-hidden=\"true\"><\/b><span class=\"section-title-main\" >Tipp: Kresse mag nasse F\u00fc\u00dfe<\/span><b aria-hidden=\"true\"><\/b><\/h3><\/div>\n<div>\n<p>Kresse ist \u00fcberaus bescheiden und braucht nicht viel Pflege. Zur Keimung ist es aber unbedingt notwendig, dass du den Boden st\u00e4ndig feucht h\u00e4ltst.<\/p>\n<\/div>\n\t<div class=\"img has-hover x md-x lg-x y md-y lg-y\" id=\"image_501311448\">\n\t\t\t\t\t\t\t\t<div class=\"img-inner dark\" >\n\t\t\t<img decoding=\"async\" width=\"534\" height=\"800\" src=\"https:\/\/www.meine-ernte.de\/shop\/wp-content\/uploads\/Kresseherz-schneiden-meine-ernte-11-web-min-534x800.jpg\" class=\"attachment-large size-large\" alt=\"Kresseherz meine ernte\" srcset=\"https:\/\/www.meine-ernte.de\/shop\/wp-content\/uploads\/Kresseherz-schneiden-meine-ernte-11-web-min-534x800.jpg 534w, https:\/\/www.meine-ernte.de\/shop\/wp-content\/uploads\/Kresseherz-schneiden-meine-ernte-11-web-min-267x400.jpg 267w, https:\/\/www.meine-ernte.de\/shop\/wp-content\/uploads\/Kresseherz-schneiden-meine-ernte-11-web-min.jpg 554w\" sizes=\"(max-width: 534px) 100vw, 534px\" \/>\t\t\t\t\t\t\n\t\t\t\t\t<\/div>\n\t\t\t\t\t\t\t\t\n<style>\n#image_501311448 {\n  width: 100%;\n}\n<\/style>\n\t<\/div>\n\t\n\t<div class=\"img has-hover x md-x lg-x y md-y lg-y\" id=\"image_618673634\">\n\t\t\t\t\t\t\t\t<div class=\"img-inner dark\" >\n\t\t\t\t\t\t\t\t\t\n\t\t\t\t\t<\/div>\n\t\t\t\t\t\t\t\t\n<style>\n#image_618673634 {\n  width: 100%;\n}\n<\/style>\n\t<\/div>\n\t\n\t<div class=\"img has-hover x md-x lg-x y md-y lg-y\" id=\"image_1216545347\">\n\t\t\t\t\t\t\t\t<div class=\"img-inner dark\" >\n\t\t\t\t\t\t\t\t\t\n\t\t\t\t\t<\/div>\n\t\t\t\t\t\t\t\t\n<style>\n#image_1216545347 {\n  width: 100%;\n}\n<\/style>\n\t<\/div>\n\t\n\t\t<\/div>\n\t\t\t\t\t<\/div>\n\n\t\n<\/div>\n","protected":false},"excerpt":{"rendered":"<ul>\n<li>Gr\u00fcne W\u00fcrze mit Herz im Dreierpack<\/li>\n<li>Schenkt die geballte Ladung Vitamin C, Kalzium und Kalium<\/li>\n<li>Individuell zuschneidbar<\/li>\n<li>Kinderleichte und gleichm\u00e4\u00dfige Aussaat durch herzf\u00f6rmiges Saatpapier<\/li>\n<\/ul>\n","protected":false},"featured_media":103373,"comment_status":"open","ping_status":"closed","template":"","meta":{"_acf_changed":false},"product_brand":[],"product_cat":[673,674,682,668,505,563,671,72,552,342,337,338,361,339,414,153,179,453,512,516],"product_tag":[665,689],"class_list":{"0":"post-99474","1":"product","2":"type-product","3":"status-publish","4":"has-post-thumbnail","6":"product_cat-kresse","7":"product_cat-indoor-selbstversorgung","8":"product_cat-bio-sprossen","9":"product_cat-meine-ernte-produkte","10":"product_cat-bis-20-euro","11":"product_cat-balkonkraeuter","12":"product_cat-saatgut-geschenke-meine-ernte-produkte","13":"product_cat-saatgut-und-pflanzen","14":"product_cat-bio-saatgut","15":"product_cat-kinder","16":"product_cat-geschenke","17":"product_cat-kuechengarten","18":"product_cat-saatgut-geschenke","19":"product_cat-balkongarten","20":"product_cat-aussaeen-im-juni","21":"product_cat-sprossen","22":"product_cat-bio-kraeuter","23":"product_cat-aussaeen-im-juli","24":"product_cat-saeen-und-pflanzen-im-november","25":"product_cat-saeen-und-pflanzen-im-dezember","26":"product_tag-mindestbestellwert","27":"product_tag-brand","28":"product_shipping_class-versand-durch-meine-ernte","30":"first","31":"instock","32":"taxable","33":"shipping-taxable","34":"purchasable","35":"product-type-simple"},"acf":[],"tiered_pricing_type":"fixed","tiered_pricing_fixed_rules":[],"tiered_pricing_product_settings":{"layout":"default","base_unit_name":{"singular":null,"plural":null},"default_variation":null},"tiered_pricing_minimum_quantity":null,"tiered_pricing_roles_data":[],"tiered_pricing_percentage_rules":[],"_links":{"self":[{"href":"https:\/\/www.meine-ernte.de\/shop\/wp-json\/wp\/v2\/product\/99474","targetHints":{"allow":["GET"]}}],"collection":[{"href":"https:\/\/www.meine-ernte.de\/shop\/wp-json\/wp\/v2\/product"}],"about":[{"href":"https:\/\/www.meine-ernte.de\/shop\/wp-json\/wp\/v2\/types\/product"}],"replies":[{"embeddable":true,"href":"https:\/\/www.meine-ernte.de\/shop\/wp-json\/wp\/v2\/comments?post=99474"}],"wp:featuredmedia":[{"embeddable":true,"href":"https:\/\/www.meine-ernte.de\/shop\/wp-json\/wp\/v2\/media\/103373"}],"wp:attachment":[{"href":"https:\/\/www.meine-ernte.de\/shop\/wp-json\/wp\/v2\/media?parent=99474"}],"wp:term":[{"taxonomy":"product_brand","embeddable":true,"href":"https:\/\/www.meine-ernte.de\/shop\/wp-json\/wp\/v2\/product_brand?post=99474"},{"taxonomy":"product_cat","embeddable":true,"href":"https:\/\/www.meine-ernte.de\/shop\/wp-json\/wp\/v2\/product_cat?post=99474"},{"taxonomy":"product_tag","embeddable":true,"href":"https:\/\/www.meine-ernte.de\/shop\/wp-json\/wp\/v2\/product_tag?post=99474"}],"curies":[{"name":"wp","href":"https:\/\/api.w.org\/{rel}","templated":true}]}}