{"id":97917,"date":"2023-02-02T07:25:17","date_gmt":"2023-02-02T06:25:17","guid":{"rendered":"https:\/\/www.meine-ernte.de\/shop\/?post_type=product&#038;p=97917"},"modified":"2024-01-11T14:52:03","modified_gmt":"2024-01-11T13:52:03","slug":"krautrueben-jetzt-versorge-ich-mich-selbst","status":"publish","type":"product","link":"https:\/\/www.meine-ernte.de\/shop\/krautrueben-jetzt-versorge-ich-mich-selbst\/","title":{"rendered":"kraut&amp;r\u00fcben EXTRA 1\/23 &#8211; Jetzt versorge ich mich selbst"},"content":{"rendered":"\t<div id=\"gap-1958231932\" class=\"gap-element clearfix\" style=\"display:block; height:auto;\">\n\t\t\n<style>\n#gap-1958231932 {\n  padding-top: 30px;\n}\n<\/style>\n\t<\/div>\n\t\n<h2 class=\"element-headline-medium overlay-ueberschrift\">Beschreibung<\/h2>\n<div class=\"element-text-standard\" data-marker-container=\"\">\n<p><strong><span style=\"color: #333333;\"><em>meine ernte<\/em> jetzt auch am Kiosk!\u00a0<\/span><\/strong><\/p>\n<div>\n<div>Zusammen mit dem Gartenmagazin <em><strong>kraut&amp;r\u00fcben<\/strong><\/em> haben wir ein kunterbuntes Sonderheft produziert, das sich ganz dem Thema Selbstversorgung widmet.<\/div>\n<div>Der Titel lautet <strong>\u201eJetzt versorge ich mich selbst!\u201c<\/strong><\/div>\n<div><strong><br \/>\nWie baut man Salat und Gem\u00fcse f\u00fcr den Eigenverbrauch an? Geht Selbstversorgung auch auf dem Balkon oder gar im Haus? Und wie funktioniert der Anbau im Mietgarten?<\/strong><\/div>\n<div>Zusammen mit der Redaktion von kraut&amp;r\u00fcben zeigen wir, wo g\u00e4rtnern \u00fcberall m\u00f6glich ist, welche Gem\u00fcse die Top 10 der Selbstversorgung anf\u00fchren und wie der Anbau mit reicher Ernte belohnt wird. Und alle Themen auf 88 Seiten im praktischen DIN A4 Format.<\/div>\n<div><\/div>\n<div><strong>Themenschwerpunkte des Sonderhefts:<\/strong><\/div>\n<ul>\n<li>Ob Fensterbank, Balkon oder Mietgarten: Selbstversorgung ist \u00fcberall m\u00f6glich und geht auch ohne eigenen Garten<\/li>\n<li>Zehn besonders ertragreiche und einfache Gem\u00fcsesorten: mit konkreten Anleitungen zur Saat und Pflanzung, Pflege und Ernte<\/li>\n<li>Experimente f\u00fcr Genie\u00dfer: Exotische Physalis, tropischer Ingwer und Wildkr\u00e4uter als heimisches Superfood<\/li>\n<li>Gartenwissen f\u00fcr gesundes Wachstum: D\u00fcngemittel aus K\u00fcchenabf\u00e4llen ganz selbst herstellen, richtig gie\u00dfen und pflegen<\/li>\n<\/ul>\n<div><span style=\"color: #555555;\">Neugierig geworden? Schau mal rein:<\/span><a href=\"https:\/\/www.meine-ernte.de\/shop\/wp-content\/uploads\/Sonderheft-meine-ernte-krautrueben-Lesevorschau.pdf\" target=\"_blank\" rel=\"noopener\"> https:\/\/www.meine-ernte.de\/shop\/wp-content\/uploads\/Sonderheft-meine-ernte-krautrueben-Lesevorschau.pdf<\/a><\/div>\n<div><span style=\"font-size: 20.16px;\"><br \/>\nWir freuen uns auf unser gemeinsames Gartenabenteuer mit dir!<\/span><\/div>\n<\/div>\n<\/div>\n","protected":false},"excerpt":{"rendered":"<ul>\n<li data-leveltext=\"-\" data-font=\"Arial\" data-listid=\"2\" data-list-defn-props=\"{&quot;335551671&quot;:31,&quot;335552541&quot;:1,&quot;335559684&quot;:-2,&quot;335559685&quot;:720,&quot;335559991&quot;:360,&quot;469769226&quot;:&quot;Arial&quot;,&quot;469769242&quot;:[8226],&quot;469777803&quot;:&quot;left&quot;,&quot;469777804&quot;:&quot;-&quot;,&quot;469777815&quot;:&quot;hybridMultilevel&quot;}\" data-aria-posinset=\"31\" data-aria-level=\"1\">Selbstversorgerwissen kompakt<\/li>\n<li data-leveltext=\"-\" data-font=\"Arial\" data-listid=\"2\" data-list-defn-props=\"{&quot;335551671&quot;:31,&quot;335552541&quot;:1,&quot;335559684&quot;:-2,&quot;335559685&quot;:720,&quot;335559991&quot;:360,&quot;469769226&quot;:&quot;Arial&quot;,&quot;469769242&quot;:[8226],&quot;469777803&quot;:&quot;left&quot;,&quot;469777804&quot;:&quot;-&quot;,&quot;469777815&quot;:&quot;hybridMultilevel&quot;}\" data-aria-posinset=\"31\" data-aria-level=\"1\"><span data-contrast=\"auto\">Gem\u00fcsegenuss aus Beet, Mietgarten &amp; vom Balkon<\/span><span data-ccp-props=\"{&quot;201341983&quot;:0,&quot;335559739&quot;:160,&quot;335559740&quot;:276}\">\u00a0<\/span><\/li>\n<li data-leveltext=\"-\" data-font=\"Arial\" data-listid=\"2\" data-list-defn-props=\"{&quot;335551671&quot;:31,&quot;335552541&quot;:1,&quot;335559684&quot;:-2,&quot;335559685&quot;:720,&quot;335559991&quot;:360,&quot;469769226&quot;:&quot;Arial&quot;,&quot;469769242&quot;:[8226],&quot;469777803&quot;:&quot;left&quot;,&quot;469777804&quot;:&quot;-&quot;,&quot;469777815&quot;:&quot;hybridMultilevel&quot;}\" data-aria-posinset=\"31\" data-aria-level=\"1\"><span data-contrast=\"auto\">Top 10 der ertragreichsten Gem\u00fcse<\/span><span data-ccp-props=\"{&quot;201341983&quot;:0,&quot;335559739&quot;:160,&quot;335559740&quot;:276}\">\u00a0<\/span><\/li>\n<li data-leveltext=\"-\" data-font=\"Arial\" data-listid=\"2\" data-list-defn-props=\"{&quot;335551671&quot;:31,&quot;335552541&quot;:1,&quot;335559684&quot;:-2,&quot;335559685&quot;:720,&quot;335559991&quot;:360,&quot;469769226&quot;:&quot;Arial&quot;,&quot;469769242&quot;:[8226],&quot;469777803&quot;:&quot;left&quot;,&quot;469777804&quot;:&quot;-&quot;,&quot;469777815&quot;:&quot;hybridMultilevel&quot;}\" data-aria-posinset=\"31\" data-aria-level=\"1\"><span data-contrast=\"auto\">Plus: Exotische Sorten ganz leicht selbst anbauen<\/span><span data-ccp-props=\"{&quot;201341983&quot;:0,&quot;335559739&quot;:160,&quot;335559740&quot;:276}\">\u00a0<\/span><\/li>\n<\/ul>\n<p><img decoding=\"async\" src=\"https:\/\/www.meine-ernte.de\/shop\/wp-content\/uploads\/Mietgarten-Siegel-2022.png\" width=\"200\" \/><\/p>\n","protected":false},"featured_media":99039,"comment_status":"open","ping_status":"closed","template":"","meta":{"_acf_changed":false},"product_brand":[],"product_cat":[679,600,668,584,505,341,101,343,337,338,361,339,340,599],"product_tag":[665,689,116],"class_list":{"0":"post-97917","1":"product","2":"type-product","3":"status-publish","4":"has-post-thumbnail","6":"product_cat-buecher-meine-ernte-produkte","7":"product_cat-planung-und-wissen","8":"product_cat-meine-ernte-produkte","9":"product_cat-gartenbuecher","10":"product_cat-bis-20-euro","11":"product_cat-selbstversorger","12":"product_cat-gartenausstattung-zubehoer","13":"product_cat-buecher","14":"product_cat-geschenke","15":"product_cat-kuechengarten","16":"product_cat-saatgut-geschenke","17":"product_cat-balkongarten","18":"product_cat-hochbeetgaertner","19":"product_cat-balkongaertnern","20":"product_tag-mindestbestellwert","21":"product_tag-brand","22":"product_tag-buch","23":"product_shipping_class-versand-durch-meine-ernte","25":"first","26":"outofstock","27":"taxable","28":"shipping-taxable","29":"purchasable","30":"product-type-simple"},"acf":[],"tiered_pricing_type":"fixed","tiered_pricing_fixed_rules":[],"tiered_pricing_product_settings":{"layout":"default","base_unit_name":{"singular":null,"plural":null},"default_variation":null},"tiered_pricing_minimum_quantity":null,"tiered_pricing_roles_data":[],"tiered_pricing_percentage_rules":[],"_links":{"self":[{"href":"https:\/\/www.meine-ernte.de\/shop\/wp-json\/wp\/v2\/product\/97917","targetHints":{"allow":["GET"]}}],"collection":[{"href":"https:\/\/www.meine-ernte.de\/shop\/wp-json\/wp\/v2\/product"}],"about":[{"href":"https:\/\/www.meine-ernte.de\/shop\/wp-json\/wp\/v2\/types\/product"}],"replies":[{"embeddable":true,"href":"https:\/\/www.meine-ernte.de\/shop\/wp-json\/wp\/v2\/comments?post=97917"}],"wp:featuredmedia":[{"embeddable":true,"href":"https:\/\/www.meine-ernte.de\/shop\/wp-json\/wp\/v2\/media\/99039"}],"wp:attachment":[{"href":"https:\/\/www.meine-ernte.de\/shop\/wp-json\/wp\/v2\/media?parent=97917"}],"wp:term":[{"taxonomy":"product_brand","embeddable":true,"href":"https:\/\/www.meine-ernte.de\/shop\/wp-json\/wp\/v2\/product_brand?post=97917"},{"taxonomy":"product_cat","embeddable":true,"href":"https:\/\/www.meine-ernte.de\/shop\/wp-json\/wp\/v2\/product_cat?post=97917"},{"taxonomy":"product_tag","embeddable":true,"href":"https:\/\/www.meine-ernte.de\/shop\/wp-json\/wp\/v2\/product_tag?post=97917"}],"curies":[{"name":"wp","href":"https:\/\/api.w.org\/{rel}","templated":true}]}}