{"id":96241,"date":"2022-11-29T12:13:23","date_gmt":"2022-11-29T11:13:23","guid":{"rendered":"https:\/\/www.meine-ernte.de\/shop\/?post_type=product&#038;p=96241"},"modified":"2026-02-25T13:48:41","modified_gmt":"2026-02-25T12:48:41","slug":"365-tage-selbstversorgung-natalie-kirchbaumer-wanda-ganders-buch-hardcover-meine-ernte","status":"publish","type":"product","link":"https:\/\/www.meine-ernte.de\/shop\/365-tage-selbstversorgung-natalie-kirchbaumer-wanda-ganders-buch-hardcover-meine-ernte\/","title":{"rendered":"365 TAGE SELBSTVERSORGUNG &#8211; Das Beste aus 12 Jahren Selbstversorgerwissen von meine ernte"},"content":{"rendered":"\t<div id=\"gap-1669443434\" class=\"gap-element clearfix\" style=\"display:block; height:auto;\">\n\t\t\n<style>\n#gap-1669443434 {\n  padding-top: 30px;\n}\n<\/style>\n\t<\/div>\n\t\n<h2 class=\"element-headline-medium overlay-ueberschrift\">Beschreibung<\/h2>\n<div class=\"element-text-standard\" data-marker-container=\"\">\n<p><strong>Selbstversorgung geht immer und \u00fcberall!\u00a0<\/strong><\/p>\n<p>In diesem Buch nehmen wir alle an die Hand<em class=\"element-background-basic-colors marker\" data-color=\"gelb-light\">,<\/em>\u00a0die das ganze Jahr \u00fcber\u00a0<strong>das Beste aus ihren Beeten herausholen\u00a0<\/strong>wollen.<\/p>\n<p>Nachdem alle\u00a0<strong>Grundlagen<\/strong>\u00a0und die<strong>\u00a0individuellen Voraussetzungen\u00a0<\/strong>gekl\u00e4rt sind, f\u00fchren wir euch durch die <strong>ph\u00e4nologischen Jahreszeiten\u00a0<\/strong>und zeigen euch Monat f\u00fcr Monat, <strong>was in den Beeten zu tun ist<\/strong>. In jeder Jahreszeit wird au\u00dferdem ein\u00a0<strong>besonderes Trendthema<\/strong> wie &#8222;Hochbeetg\u00e4rtnern&#8220;, &#8222;H\u00fchnerhaltung&#8220;, &#8222;Imkern&#8220; oder &#8222;Hydroponik&#8220; vorgestellt. Auch im Winter gibt es jede Menge zu tun: Mit dem <strong>gro\u00dfen Sonderkapitel<\/strong>\u00a0zum\u00a0<strong>Indoor Gardening\u00a0\u00a0<\/strong>lernst du, wie du mit <strong>Pilzen, Microgreens, Sprossen und\u00a0Regrowing<\/strong> deinen Speiseplan bereichern kannst.<\/p>\n<p>Bist du noch nicht sicher, was du anpflanzen m\u00f6chtest? Das Kapitel zum <strong>Beete planen<\/strong> macht dir den Einstieg leicht. Versuche dich an einem der <strong>Beispielbeete\u00a0<\/strong>unter den Mottos Anf\u00e4nger-, Asia- und Vorrats-Beet mit\u00a0<strong>detaillierten Beetpl\u00e4nen<\/strong> im jahreszeitlichen Verlauf oder versuche dich an deinem <strong>eigenen ganzj\u00e4hrigen Beet<\/strong>.<\/p>\n<p>Worauf wartest du noch? Lege auch du los und ernte das ganze Jahr. <strong>Denn Winterpause war gestern!<\/strong><\/p>\n<ul>\n<li><strong>Ganzj\u00e4hrig reiche Ernte<\/strong><strong>:<\/strong> das Selbstversorger-Buch, mit dem du garantiert jeden Monat etwas von deinem Garten hast.<\/li>\n<li><strong>Alles, was man wissen muss:<\/strong> Die wichtigsten Basics, \u00dcberblick \u00fcber die verschiedenen Sorten und Gartenaufgaben f\u00fcr jede Jahreszeit.<\/li>\n<li><strong>Mit den aktuellsten Trendthemen:<\/strong>\u00a0Von H\u00fchnerhaltung \u00fcber Imkern bis Indoor-Gardening.<\/li>\n<\/ul>\n<\/div>\n<p>Neugierig geworden? Schau mal rein: <a href=\"https:\/\/www.meine-ernte.de\/shop\/wp-content\/uploads\/365-Tage-Selbstversorgung_Leseprobe.pdf\" target=\"_blank\" rel=\"noopener\">https:\/\/www.meine-ernte.de\/shop\/wp-content\/uploads\/365-Tage-Selbstversorgung_Leseprobe.pdf<\/a><\/p>\n<h3>Wir freuen uns auf unser gemeinsames Gartenabenteuer mit dir!<\/h3>\n<div class=\"csc-header csc-header-n1 \">\n<h3 class=\"csc-firstHeader\">Infos zu unserem neuen Gartenbuch<\/h3>\n<ul>\n<li>Hardcover, 18,5 x 24,2 cm, 192 Seiten<\/li>\n<li>Viele Fotos, Schritt-f\u00fcr-Schritt- Anleitungen und DIY machen den Garteneinstieg leicht<\/li>\n<li>Selbstversorgung von Januar bis Dezember<\/li>\n<li>Drei thematische Beetpl\u00e4ne versorgen dich mit geballtem Selbstversorgerwissen zum Direkt-Loslegen<\/li>\n<li>Erscheinungsdatum: Februar 2023, Gr\u00e4fe und Unzer Verlag<\/li>\n<li>ISBN-13:978-3-8338-8824-3<\/li>\n<\/ul>\n<\/div>\n<div class=\"container section-title-container\" ><h3 class=\"section-title section-title-normal\"><b aria-hidden=\"true\"><\/b><span class=\"section-title-main\" >Noch mehr Gartenwissen<\/span><b aria-hidden=\"true\"><\/b><\/h3><\/div>\n\t\n  \n    <div class=\"row large-columns-4 medium-columns-3 small-columns-2 row-small slider row-slider slider-nav-reveal slider-nav-push\"  data-flickity-options='{&quot;imagesLoaded&quot;: true, &quot;groupCells&quot;: &quot;100%&quot;, &quot;dragThreshold&quot; : 5, &quot;cellAlign&quot;: &quot;left&quot;,&quot;wrapAround&quot;: true,&quot;prevNextButtons&quot;: true,&quot;percentPosition&quot;: true,&quot;pageDots&quot;: false, &quot;rightToLeft&quot;: false, &quot;autoPlay&quot; : false}' >\n\n  \n\t     <div class=\"product-small col has-hover product type-product post-76169 status-publish first instock product_cat-buecher-meine-ernte-produkte product_cat-beetplaene-meine-ernte-produkte product_cat-meine-ernte-produkte product_cat-tomaten has-post-thumbnail downloadable taxable shipping-taxable purchasable product-type-simple\">\n\t<div class=\"col-inner\">\n\t\n<div class=\"badge-container absolute left top z-1\">\n\n<\/div>\n\t<div class=\"product-small box \">\n\t\t<div class=\"box-image\">\n\t\t\t<div class=\"image-fade_in_back\">\n\t\t\t\t<a href=\"https:\/\/www.meine-ernte.de\/shop\/tomaten-erfolgreich-anbauen-ebook-von-meine-ernte\/\">\n\t\t\t\t\t<img decoding=\"async\" width=\"300\" height=\"300\" src=\"https:\/\/www.meine-ernte.de\/shop\/wp-content\/uploads\/meine-ernte-Tomaten-E-Book-Cover-grau_web-300x300.jpg\" class=\"attachment-woocommerce_thumbnail size-woocommerce_thumbnail\" alt=\"Tomaten erfolgreich anbauen \u2013 Ebook von meine ernte\" srcset=\"https:\/\/www.meine-ernte.de\/shop\/wp-content\/uploads\/meine-ernte-Tomaten-E-Book-Cover-grau_web-300x300.jpg 300w, https:\/\/www.meine-ernte.de\/shop\/wp-content\/uploads\/meine-ernte-Tomaten-E-Book-Cover-grau_web-401x400.jpg 401w, https:\/\/www.meine-ernte.de\/shop\/wp-content\/uploads\/meine-ernte-Tomaten-E-Book-Cover-grau_web-280x280.jpg 280w, https:\/\/www.meine-ernte.de\/shop\/wp-content\/uploads\/meine-ernte-Tomaten-E-Book-Cover-grau_web-768x767.jpg 768w, https:\/\/www.meine-ernte.de\/shop\/wp-content\/uploads\/meine-ernte-Tomaten-E-Book-Cover-grau_web-600x599.jpg 600w, https:\/\/www.meine-ernte.de\/shop\/wp-content\/uploads\/meine-ernte-Tomaten-E-Book-Cover-grau_web-100x100.jpg 100w, https:\/\/www.meine-ernte.de\/shop\/wp-content\/uploads\/meine-ernte-Tomaten-E-Book-Cover-grau_web.jpg 800w\" sizes=\"(max-width: 300px) 100vw, 300px\" \/><img decoding=\"async\" width=\"300\" height=\"300\" src=\"https:\/\/www.meine-ernte.de\/shop\/wp-content\/uploads\/meine-ernte_Tomaten-23-300x300.jpg\" class=\"show-on-hover absolute fill hide-for-small back-image\" alt=\"Alternative view of Digitales Buch \u201eTomaten erfolgreich anbauen\u201c 39 Seiten zum Download\" aria-hidden=\"true\" srcset=\"https:\/\/www.meine-ernte.de\/shop\/wp-content\/uploads\/meine-ernte_Tomaten-23-300x300.jpg 300w, https:\/\/www.meine-ernte.de\/shop\/wp-content\/uploads\/meine-ernte_Tomaten-23-280x280.jpg 280w, https:\/\/www.meine-ernte.de\/shop\/wp-content\/uploads\/meine-ernte_Tomaten-23-100x100.jpg 100w\" sizes=\"(max-width: 300px) 100vw, 300px\" \/>\t\t\t\t<\/a>\n\t\t\t<\/div>\n\t\t\t<div class=\"image-tools is-small top right show-on-hover\">\n\t\t\t\t\t\t\t<\/div>\n\t\t\t<div class=\"image-tools is-small hide-for-small bottom left show-on-hover\">\n\t\t\t\t\t\t\t<\/div>\n\t\t\t<div class=\"image-tools grid-tools text-center hide-for-small bottom hover-slide-in show-on-hover\">\n\t\t\t\t<a href=\"#quick-view\" class=\"quick-view\" role=\"button\" data-prod=\"76169\" aria-haspopup=\"dialog\" aria-expanded=\"false\" data-flatsome-role-button>Schnellansicht<\/a>\t\t\t<\/div>\n\t\t\t\t\t<\/div>\n\n\t\t<div class=\"box-text box-text-products\">\n\t\t\t<div class=\"title-wrapper\"><p class=\"name product-title woocommerce-loop-product__title\"><a href=\"https:\/\/www.meine-ernte.de\/shop\/tomaten-erfolgreich-anbauen-ebook-von-meine-ernte\/\" class=\"woocommerce-LoopProduct-link woocommerce-loop-product__link\">Digitales Buch \u201eTomaten erfolgreich anbauen\u201c 39 Seiten zum Download<\/a><\/p><\/div><div class=\"price-wrapper\"><div class=\"star-rating star-rating--inline\" role=\"img\" aria-label=\"Bewertet mit 4.5 von 5\"><span style=\"width:90%\">Bewertet mit <strong class=\"rating\">4.5<\/strong> von 5<\/span><\/div><p class=\"wc-gzd-additional-info wc-gzd-additional-info-loop wc-gzd-rating-authenticity-status is-verified\">\n\tGepr\u00fcfte Gesamtbewertung. <a href=\"https:\/\/www.meine-ernte.de\/shop\/echtheit-von-bewertungen\/\" target=\"_blank\">Mehr Infos<\/a><\/p>\n\n\t<span class=\"price\">\t\t<span class=\"tiered-pricing-dynamic-price-wrapper\"\n\t\t\t  data-display-context=\"shop-loop\"\n\t\t\t  data-price-type=\"no-rules\"\n\t\t\t  data-product-id=\"76169\"\n\t\t\t  data-parent-id=\"76169\">\n\t\t\t<span class=\"woocommerce-Price-amount amount\"><bdi>5,90&nbsp;<span class=\"woocommerce-Price-currencySymbol\">&euro;<\/span><\/bdi><\/span><\/span><\/span>\n\n\n\n<\/div>\t\t<\/div>\n\t<\/div>\n\t\n\t<p class=\"wc-gzd-additional-info wc-gzd-additional-info-loop tax-info\">inkl. 7 % MwSt.<\/p>\n\n\n\n\t<\/div>\n<\/div><div class=\"product-small col has-hover product type-product post-108510 status-publish instock product_cat-buecher-meine-ernte-produkte product_cat-meine-ernte-produkte product_tag-buch product_tag-mindestbestellwert product_tag-brand has-post-thumbnail taxable shipping-taxable purchasable product-type-simple\">\n\t<div class=\"col-inner\">\n\t\n<div class=\"badge-container absolute left top z-1\">\n\n<\/div>\n\t<div class=\"product-small box \">\n\t\t<div class=\"box-image\">\n\t\t\t<div class=\"image-fade_in_back\">\n\t\t\t\t<a href=\"https:\/\/www.meine-ernte.de\/shop\/buch-quickfinder-hochbeet-und-gemuesegarten\/\">\n\t\t\t\t\t<img decoding=\"async\" width=\"300\" height=\"300\" src=\"https:\/\/www.meine-ernte.de\/shop\/wp-content\/uploads\/Quickfinder-Hochbeet-und-Gemuesegarten-Cover-2023-300x300.jpg\" class=\"attachment-woocommerce_thumbnail size-woocommerce_thumbnail\" alt=\"Buch &quot;Quickfinder Hochbeet und Gem\u00fcsegarten&quot;\" srcset=\"https:\/\/www.meine-ernte.de\/shop\/wp-content\/uploads\/Quickfinder-Hochbeet-und-Gemuesegarten-Cover-2023-300x300.jpg 300w, https:\/\/www.meine-ernte.de\/shop\/wp-content\/uploads\/Quickfinder-Hochbeet-und-Gemuesegarten-Cover-2023-280x280.jpg 280w, https:\/\/www.meine-ernte.de\/shop\/wp-content\/uploads\/Quickfinder-Hochbeet-und-Gemuesegarten-Cover-2023-100x100.jpg 100w\" sizes=\"(max-width: 300px) 100vw, 300px\" \/><img decoding=\"async\" width=\"300\" height=\"300\" src=\"https:\/\/www.meine-ernte.de\/shop\/wp-content\/uploads\/Quickfinder-Hochbeet-meine-ernte-Leseproben-1-300x300.jpg\" class=\"show-on-hover absolute fill hide-for-small back-image\" alt=\"Alternative view of Buch &quot;Quickfinder Hochbeet und Gem\u00fcsegarten&quot;\" aria-hidden=\"true\" srcset=\"https:\/\/www.meine-ernte.de\/shop\/wp-content\/uploads\/Quickfinder-Hochbeet-meine-ernte-Leseproben-1-300x300.jpg 300w, https:\/\/www.meine-ernte.de\/shop\/wp-content\/uploads\/Quickfinder-Hochbeet-meine-ernte-Leseproben-1-400x400.jpg 400w, https:\/\/www.meine-ernte.de\/shop\/wp-content\/uploads\/Quickfinder-Hochbeet-meine-ernte-Leseproben-1-280x280.jpg 280w, https:\/\/www.meine-ernte.de\/shop\/wp-content\/uploads\/Quickfinder-Hochbeet-meine-ernte-Leseproben-1-100x100.jpg 100w, https:\/\/www.meine-ernte.de\/shop\/wp-content\/uploads\/Quickfinder-Hochbeet-meine-ernte-Leseproben-1-64x64.jpg 64w, https:\/\/www.meine-ernte.de\/shop\/wp-content\/uploads\/Quickfinder-Hochbeet-meine-ernte-Leseproben-1-80x80.jpg 80w, https:\/\/www.meine-ernte.de\/shop\/wp-content\/uploads\/Quickfinder-Hochbeet-meine-ernte-Leseproben-1.jpg 600w\" sizes=\"(max-width: 300px) 100vw, 300px\" \/>\t\t\t\t<\/a>\n\t\t\t<\/div>\n\t\t\t<div class=\"image-tools is-small top right show-on-hover\">\n\t\t\t\t\t\t\t<\/div>\n\t\t\t<div class=\"image-tools is-small hide-for-small bottom left show-on-hover\">\n\t\t\t\t\t\t\t<\/div>\n\t\t\t<div class=\"image-tools grid-tools text-center hide-for-small bottom hover-slide-in show-on-hover\">\n\t\t\t\t<a href=\"#quick-view\" class=\"quick-view\" role=\"button\" data-prod=\"108510\" aria-haspopup=\"dialog\" aria-expanded=\"false\" data-flatsome-role-button>Schnellansicht<\/a>\t\t\t<\/div>\n\t\t\t\t\t<\/div>\n\n\t\t<div class=\"box-text box-text-products\">\n\t\t\t<div class=\"title-wrapper\"><p class=\"name product-title woocommerce-loop-product__title\"><a href=\"https:\/\/www.meine-ernte.de\/shop\/buch-quickfinder-hochbeet-und-gemuesegarten\/\" class=\"woocommerce-LoopProduct-link woocommerce-loop-product__link\">Buch &#8222;Quickfinder Hochbeet und Gem\u00fcsegarten&#8220;<\/a><\/p><\/div><div class=\"price-wrapper\"><div class=\"star-rating star-rating--inline\" role=\"img\" aria-label=\"Bewertet mit 5 von 5\"><span style=\"width:100%\">Bewertet mit <strong class=\"rating\">5<\/strong> von 5<\/span><\/div><p class=\"wc-gzd-additional-info wc-gzd-additional-info-loop wc-gzd-rating-authenticity-status is-verified\">\n\tGepr\u00fcfte Gesamtbewertung. <a href=\"https:\/\/www.meine-ernte.de\/shop\/echtheit-von-bewertungen\/\" target=\"_blank\">Mehr Infos<\/a><\/p>\n\n\t<span class=\"price\">\t\t<span class=\"tiered-pricing-dynamic-price-wrapper\"\n\t\t\t  data-display-context=\"shop-loop\"\n\t\t\t  data-price-type=\"no-rules\"\n\t\t\t  data-product-id=\"108510\"\n\t\t\t  data-parent-id=\"108510\">\n\t\t\t<span class=\"woocommerce-Price-amount amount\"><bdi>22,00&nbsp;<span class=\"woocommerce-Price-currencySymbol\">&euro;<\/span><\/bdi><\/span><\/span><\/span>\n\n\n\n<\/div>\t\t<\/div>\n\t<\/div>\n\t\n\t<p class=\"wc-gzd-additional-info wc-gzd-additional-info-loop tax-info\">inkl. 7 % MwSt.<\/p>\n\n\t<p class=\"wc-gzd-additional-info wc-gzd-additional-info-loop shipping-costs-info\">zzgl. <a href=\"https:\/\/www.meine-ernte.de\/shop\/versandarten\/\" target=\"_blank\">Versandkosten<\/a><\/p>\n\n\t<p class=\"wc-gzd-additional-info delivery-time-info wc-gzd-additional-info-loop\"><span class=\"delivery-time-inner delivery-time-3-5-werktage\">Lieferzeit: <span class=\"delivery-time-data\">3-5 Werktage<\/span><\/span><\/p>\n\n\t<\/div>\n<\/div><\/div>\n","protected":false},"excerpt":{"rendered":"<p><img decoding=\"async\" src=\"https:\/\/www.meine-ernte.de\/shop\/wp-content\/uploads\/Mietgarten-Siegel-2022.png\" width=\"200\" \/><\/p>\n<ul>\n<li>Das Beste aus 12 Jahren Selbstversorgerwissen von uns f\u00fcr euch<\/li>\n<li>Drei thematische Beetpl\u00e4ne machen dich ready-to-go f\u00fcr eine Ernte das ganze Jahr \u00fcber<\/li>\n<li>Monat f\u00fcr Monat Selbstversorgertrends von Aquaponik bis Pilzucht<\/li>\n<\/ul>\n","protected":false},"featured_media":96730,"comment_status":"open","ping_status":"closed","template":"","meta":{"_acf_changed":false},"product_brand":[],"product_cat":[679,668],"product_tag":[665,689,116],"class_list":{"0":"post-96241","1":"product","2":"type-product","3":"status-publish","4":"has-post-thumbnail","6":"product_cat-buecher-meine-ernte-produkte","7":"product_cat-meine-ernte-produkte","8":"product_tag-mindestbestellwert","9":"product_tag-brand","10":"product_tag-buch","11":"product_shipping_class-versand-durch-meine-ernte","13":"","14":"instock","15":"taxable","16":"shipping-taxable","17":"purchasable","18":"product-type-simple"},"acf":[],"tiered_pricing_type":"fixed","tiered_pricing_fixed_rules":[],"tiered_pricing_product_settings":{"layout":"default","base_unit_name":{"singular":null,"plural":null},"default_variation":null},"tiered_pricing_minimum_quantity":null,"tiered_pricing_roles_data":[],"tiered_pricing_percentage_rules":[],"_links":{"self":[{"href":"https:\/\/www.meine-ernte.de\/shop\/wp-json\/wp\/v2\/product\/96241","targetHints":{"allow":["GET"]}}],"collection":[{"href":"https:\/\/www.meine-ernte.de\/shop\/wp-json\/wp\/v2\/product"}],"about":[{"href":"https:\/\/www.meine-ernte.de\/shop\/wp-json\/wp\/v2\/types\/product"}],"replies":[{"embeddable":true,"href":"https:\/\/www.meine-ernte.de\/shop\/wp-json\/wp\/v2\/comments?post=96241"}],"wp:featuredmedia":[{"embeddable":true,"href":"https:\/\/www.meine-ernte.de\/shop\/wp-json\/wp\/v2\/media\/96730"}],"wp:attachment":[{"href":"https:\/\/www.meine-ernte.de\/shop\/wp-json\/wp\/v2\/media?parent=96241"}],"wp:term":[{"taxonomy":"product_brand","embeddable":true,"href":"https:\/\/www.meine-ernte.de\/shop\/wp-json\/wp\/v2\/product_brand?post=96241"},{"taxonomy":"product_cat","embeddable":true,"href":"https:\/\/www.meine-ernte.de\/shop\/wp-json\/wp\/v2\/product_cat?post=96241"},{"taxonomy":"product_tag","embeddable":true,"href":"https:\/\/www.meine-ernte.de\/shop\/wp-json\/wp\/v2\/product_tag?post=96241"}],"curies":[{"name":"wp","href":"https:\/\/api.w.org\/{rel}","templated":true}]}}