{"id":95026,"date":"2022-10-10T09:32:44","date_gmt":"2022-10-10T07:32:44","guid":{"rendered":"https:\/\/www.meine-ernte.de\/shop\/?post_type=product&#038;p=95026"},"modified":"2026-02-25T13:49:32","modified_gmt":"2026-02-25T12:49:32","slug":"wuehlmauskorb","status":"publish","type":"product","link":"https:\/\/www.meine-ernte.de\/shop\/wuehlmauskorb\/","title":{"rendered":"W\u00fchlmauskorb meine ernte f\u00fcr B\u00e4ume und Str\u00e4ucher, 35 x 40 cm oder 60 x 70 cm, verzinkt"},"content":{"rendered":"<div id=\"c5810\" class=\"csc-default csc-space-after-30\">\n<p>Wurzelverbiss durch Nager, besonders durch W\u00fchlm\u00e4use, kann deine jungen B\u00e4ume oder Str\u00e4ucher sch\u00e4digen. Der W\u00fchlmauskorb aus Drahtgeflecht bietet eine nachhaltige, einfache und umweltbewusste L\u00f6sung gegen Nagerfra\u00df. Den Tieren und anderen Bodenlebewesen wird dabei kein Schaden zugef\u00fcgt.<\/p>\n<p>Die Handhabung des W\u00fchlmauskorbes geschieht werkzeugfrei und unkompliziert: Der Korb wird bei der Pflanzung des Jungbaumes einfach zusammen mit dem Wurzelballen in das Pflanzloch gegeben.<\/p>\n<p><span data-teams=\"true\">Die Zinkschicht des Korbes verbraucht sich in der Folgezeit nach und nach, der nat\u00fcrliche Korrosionsprozess setzt ein und das gesamte Material zersetzt sich r\u00fcckstandsfrei und biologisch unbedenklich im Boden. Nach dem Korrosions- und Zersetzungsprozess ist der Wurzelballen dann gro\u00df und robust genug, um Fra\u00df-Sch\u00e4den am Wurzelwerk ohne nennenswerte Stoffwechseleinfl\u00fcsse zu kompensieren.<\/span><\/p>\n<\/div>\n\t<div id=\"gap-316597051\" class=\"gap-element clearfix\" style=\"display:block; height:auto;\">\n\t\t\n<style>\n#gap-316597051 {\n  padding-top: 30px;\n}\n<\/style>\n\t<\/div>\n\t\n<div class=\"row\"  id=\"row-215993456\">\n\n\t<div id=\"col-1198326701\" class=\"col medium-6 small-12 large-6\"  >\n\t\t\t\t<div class=\"col-inner\"  >\n\t\t\t\n\t\t\t\n<div class=\"container section-title-container\" ><h2 class=\"section-title section-title-center\"><b aria-hidden=\"true\"><\/b><span class=\"section-title-main\" >Besondere Vorteile<\/span><b aria-hidden=\"true\"><\/b><\/h2><\/div>\n<p>Der W\u00fchlmauskorb besteht aus Sechseckdrahtgeflecht mit 16 mm Maschenweite und 0,6 mm Drahtst\u00e4rke. Dadurch ist der Korb stabil, bleibt aber flexibel genug, um das Wurzelwerk ungehindert wachsen zu lassen. Die engen Maschen weiten sich w\u00e4hrend des Wachstums, aber lassen auch junge W\u00fchlm\u00e4use nicht durch.<\/p>\n<p><span style=\"font-size: 130%;\">Obstbaum pflanzen mit W\u00fchlmauskorb \u2013 so geht\u2019s:<\/span><\/p>\n<ol>\n<li>Hebe ein der Gr\u00f6\u00dfe erforderliches Pflanzloch aus.<\/li>\n<li>Entfalte den W\u00fchlmauskorb und bringe ihn in eine zylindrische Form. Der Seiten- und Bodenfalz bleibt dabei geschlossen.<\/li>\n<li>Stelle den W\u00fchlmauskorb in das Pflanzloch, der Rand sollte ca. 25 cm \u00fcber das Pflanzloch ragen.<\/li>\n<li>F\u00fclle etwas lockere Erde in das Pflanzloch ein.<\/li>\n<li>Stelle den Baum\/Strauch aufrecht in den Korb und f\u00fclle die restliche Erde ein. Achte darauf, dass keine Hohlr\u00e4ume um das Wurzelwerk verbleiben.<br \/>\n<strong>Wichtig<\/strong>: Die Veredelungsstelle (Verdickung des Stamms nah am Wurzelansatz) soll sich sp\u00e4ter ca. 10 cm \u00fcber der Oberfl\u00e4che befinden &#8211; bedenke, dass sich die Erde nochmals setzen kann<\/li>\n<li>Schlie\u00dfe den Korb nun nach oben hin um den Stamm herum.<\/li>\n<li>Tritt die eingef\u00fcllte Erde leicht an und w\u00e4ssere danach sehr stark. Ein Gie\u00dfrand verhindert das Abflie\u00dfen des Wassers.<\/li>\n<\/ol>\n<p>Deine Pflanze ist nun ideal vor Nagern gesch\u00fctzt!<\/p>\n<p><strong>Tipp:<\/strong> Du kannst anschlie\u00dfend einen stabilisierenden Pflock neben dem Stamm auf H\u00f6he des Astansatzes einschlagen und deinen Obstbaum daran festbinden.<\/p>\n\t\t<\/div>\n\t\t\t\t\t<\/div>\n\n\t\n\n\t<div id=\"col-1610110468\" class=\"col medium-6 small-12 large-6\"  >\n\t\t\t\t<div class=\"col-inner\"  >\n\t\t\t\n\t\t\t\n<div class=\"container section-title-container\" ><h2 class=\"section-title section-title-center\"><b aria-hidden=\"true\"><\/b><span class=\"section-title-main\" >Varianten<\/span><b aria-hidden=\"true\"><\/b><\/h2><\/div>\n<p>Den W\u00fchlmauskorb kannst du bei uns in zwei Gr\u00f6\u00dfen bestellen:<\/p>\n<ul>\n<li>35 x 40 cm (Durchmesser x H\u00f6he)<\/li>\n<li>60 x 70 cm (Durchmesser x H\u00f6he)<\/li>\n<\/ul>\n\t<div class=\"box has-hover   has-hover box-vertical box-text-bottom\" >\n\n\t\t<div class=\"box-image\" style=\"width:38%;\">\n\t\t\t\t\t\t<div class=\"image-zoom-long\" >\n\t\t\t\t<img decoding=\"async\" width=\"758\" height=\"758\" src=\"https:\/\/www.meine-ernte.de\/shop\/wp-content\/uploads\/meine-ernte_wuehlmaus-korb-klein-verzinkt_vorne-e1681998027401.jpg\" class=\"attachment- size-\" alt=\"\" srcset=\"https:\/\/www.meine-ernte.de\/shop\/wp-content\/uploads\/meine-ernte_wuehlmaus-korb-klein-verzinkt_vorne-e1681998027401.jpg 758w, https:\/\/www.meine-ernte.de\/shop\/wp-content\/uploads\/meine-ernte_wuehlmaus-korb-klein-verzinkt_vorne-e1681998027401-400x400.jpg 400w, https:\/\/www.meine-ernte.de\/shop\/wp-content\/uploads\/meine-ernte_wuehlmaus-korb-klein-verzinkt_vorne-e1681998027401-280x280.jpg 280w, https:\/\/www.meine-ernte.de\/shop\/wp-content\/uploads\/meine-ernte_wuehlmaus-korb-klein-verzinkt_vorne-e1681998027401-300x300.jpg 300w, https:\/\/www.meine-ernte.de\/shop\/wp-content\/uploads\/meine-ernte_wuehlmaus-korb-klein-verzinkt_vorne-e1681998027401-600x600.jpg 600w, https:\/\/www.meine-ernte.de\/shop\/wp-content\/uploads\/meine-ernte_wuehlmaus-korb-klein-verzinkt_vorne-e1681998027401-100x100.jpg 100w\" sizes=\"(max-width: 758px) 100vw, 758px\" \/>\t\t\t\t\t\t\t\t\t\t\t<\/div>\n\t\t\t\t\t<\/div>\n\n\t\t<div class=\"box-text text-center\" >\n\t\t\t<div class=\"box-text-inner\">\n\t\t\t\t\n\t<div id=\"text-653133038\" class=\"text\">\n\t\t\n<h4>Verzinkt<\/h4>\n<ul>\n<li>F\u00fcr humose, schwere oder nasse B\u00f6den<\/li>\n<li>Sch\u00fctzt zuverl\u00e4ssig \u00fcber viele Jahre<\/li>\n<li>Gut geeignet f\u00fcr langsam wachsende B\u00e4ume<\/li>\n<\/ul>\n\t\t\n<style>\n#text-653133038 {\n  font-size: 1rem;\n  text-align: left;\n}\n<\/style>\n\t<\/div>\n\t\n\t\t\t<\/div>\n\t\t<\/div>\n\t<\/div>\n\t\n\t<div class=\"img has-hover x md-x lg-x y md-y lg-y\" id=\"image_358888708\">\n\t\t\t\t\t\t\t\t<div class=\"img-inner dark\" >\n\t\t\t<img decoding=\"async\" width=\"800\" height=\"536\" src=\"https:\/\/www.meine-ernte.de\/shop\/wp-content\/uploads\/W\u00fchlmauskorb-1.jpg\" class=\"attachment-large size-large\" alt=\"\" srcset=\"https:\/\/www.meine-ernte.de\/shop\/wp-content\/uploads\/W\u00fchlmauskorb-1.jpg 800w, https:\/\/www.meine-ernte.de\/shop\/wp-content\/uploads\/W\u00fchlmauskorb-1-597x400.jpg 597w, https:\/\/www.meine-ernte.de\/shop\/wp-content\/uploads\/W\u00fchlmauskorb-1-768x515.jpg 768w, https:\/\/www.meine-ernte.de\/shop\/wp-content\/uploads\/W\u00fchlmauskorb-1-600x402.jpg 600w\" sizes=\"(max-width: 800px) 100vw, 800px\" \/>\t\t\t\t\t\t\n\t\t\t\t\t<\/div>\n\t\t\t\t\t\t\t\t\n<style>\n#image_358888708 {\n  width: 100%;\n}\n<\/style>\n\t<\/div>\n\t\n<p>&nbsp;<\/p>\n<p style=\"text-align: center;\"><strong>Eure Meinung:<\/strong><\/p>\n<p style=\"margin-bottom: 0px; text-align: center;\"><em>&#8222;Loch buddeln, aufklappen, reinstellen und los gehts. Wenn man es unkompliziert haben m\u00f6chte!&#8220;<\/em><\/p>\n<p style=\"margin-top: 0px; text-align: center;\">(Martin)<\/p>\n<p style=\"margin-bottom: 0px; text-align: center;\"><em>&#8222;Gut verarbeitet und flexibel. Seit dem Eingraben geht&#8217;s unserem B\u00e4umchen optisch gut.&#8220;<\/em><\/p>\n<p style=\"margin-top: 0px; text-align: center;\">(Steffen)<\/p>\n\t\t<\/div>\n\t\t\t\t\t<\/div>\n\n\t\n<\/div>\n","protected":false},"excerpt":{"rendered":"<ul>\n<li>Wirksamer Schutz vor Wurzelverbiss durch W\u00fchlm\u00e4use<\/li>\n<li>Biologisch unbedenklich &amp; tierfreundlich<\/li>\n<li>Ohne Werkzeug sofort gebrauchsfertig<\/li>\n<li>100% Plastikfreies Produkt<\/li>\n<\/ul>\n","protected":false},"featured_media":102109,"comment_status":"open","ping_status":"closed","template":"","meta":{"_acf_changed":false},"product_brand":[],"product_cat":[680,668,310,112],"product_tag":[689,665],"class_list":{"0":"post-95026","1":"product","2":"type-product","3":"status-publish","4":"has-post-thumbnail","6":"product_cat-pflege","7":"product_cat-meine-ernte-produkte","8":"product_cat-mittel-gegen-schaedlinge","9":"product_cat-pflanzenschutz-und-staerkung","10":"product_tag-brand","11":"product_tag-mindestbestellwert","12":"product_shipping_class-versand-durch-meine-ernte","14":"first","15":"instock","16":"taxable","17":"shipping-taxable","18":"purchasable","19":"product-type-variable"},"acf":[],"tiered_pricing_type":"fixed","tiered_pricing_fixed_rules":[],"tiered_pricing_product_settings":{"layout":"default","base_unit_name":{"singular":null,"plural":null},"default_variation":null},"tiered_pricing_minimum_quantity":null,"tiered_pricing_roles_data":[],"tiered_pricing_percentage_rules":[],"_links":{"self":[{"href":"https:\/\/www.meine-ernte.de\/shop\/wp-json\/wp\/v2\/product\/95026","targetHints":{"allow":["GET"]}}],"collection":[{"href":"https:\/\/www.meine-ernte.de\/shop\/wp-json\/wp\/v2\/product"}],"about":[{"href":"https:\/\/www.meine-ernte.de\/shop\/wp-json\/wp\/v2\/types\/product"}],"replies":[{"embeddable":true,"href":"https:\/\/www.meine-ernte.de\/shop\/wp-json\/wp\/v2\/comments?post=95026"}],"wp:featuredmedia":[{"embeddable":true,"href":"https:\/\/www.meine-ernte.de\/shop\/wp-json\/wp\/v2\/media\/102109"}],"wp:attachment":[{"href":"https:\/\/www.meine-ernte.de\/shop\/wp-json\/wp\/v2\/media?parent=95026"}],"wp:term":[{"taxonomy":"product_brand","embeddable":true,"href":"https:\/\/www.meine-ernte.de\/shop\/wp-json\/wp\/v2\/product_brand?post=95026"},{"taxonomy":"product_cat","embeddable":true,"href":"https:\/\/www.meine-ernte.de\/shop\/wp-json\/wp\/v2\/product_cat?post=95026"},{"taxonomy":"product_tag","embeddable":true,"href":"https:\/\/www.meine-ernte.de\/shop\/wp-json\/wp\/v2\/product_tag?post=95026"}],"curies":[{"name":"wp","href":"https:\/\/api.w.org\/{rel}","templated":true}]}}