{"id":94831,"date":"2022-10-05T15:32:42","date_gmt":"2022-10-05T13:32:42","guid":{"rendered":"https:\/\/www.meine-ernte.de\/shop\/?post_type=product&#038;p=94831"},"modified":"2025-12-18T08:39:32","modified_gmt":"2025-12-18T07:39:32","slug":"sprossenglas-meine-ernte","status":"publish","type":"product","link":"https:\/\/www.meine-ernte.de\/shop\/sprossenglas-meine-ernte\/","title":{"rendered":"Sprossenglas meine ernte"},"content":{"rendered":"<div class=\"row\"  id=\"row-954711327\">\n\n\t<div id=\"col-184439379\" class=\"col medium-6 small-12 large-6\"  >\n\t\t\t\t<div class=\"col-inner\"  >\n\t\t\t\n\t\t\t\n<div class=\"container section-title-container\" ><h3 class=\"section-title section-title-center\"><b aria-hidden=\"true\"><\/b><span class=\"section-title-main\" >PRODUKTINFORMATIONEN<\/span><b aria-hidden=\"true\"><\/b><\/h3><\/div>\n<p><span class=\"itemMainText\">Sprossen zu ziehen ist wohl der leichteste Einstieg in das Abenteuer Selbstversorgung. Zuhause auf der Fensterbank gedeihen die leckeren kleinen Kerlchen aus Bohnen, \u00d6lsaaten, Kohlsamen und anderen Gem\u00fcsepflanzen innerhalb weniger Tage. Die jungen Keimlinge stecken voller wertvoller Vitamine, gesundem Eiwei\u00df, Mineralstoffe und sekund\u00e4rer Pflanzenstoffe. Und weil sie so gesund sind und einfach zu allen deinen Lieblingsgerichten passen, sind sie die ideale Erg\u00e4nzung auf deinem Speiseplan. F\u00fcr die Anzucht von <a href=\"https:\/\/www.meine-ernte.de\/shop\/bio-sprossen-sets\/\">Sprossen<\/a> brauchst du weder Erde noch Watte. In unserem Sprossenglas wachsen sie einfach und schnell im Glas unter einem feinmaschigen und rostfreien Edelstahlsieb im Mikroklima des Glases. Die Samen m\u00fcssen nur zweimal t\u00e4glich gesp\u00fclt werden. Dank des auf das Glas geschraubten Siebes geht das kinderleicht.<\/span><\/p>\n<p><strong>Das Sprossenglas, der Schraubdeckel und das Sieb sind sp\u00fclmaschinengeeignet!<\/strong><\/p>\n<p>\u00dcbrigens: Eventuelle farbliche Ver\u00e4nderungen des Edelstahlsiebs sind kein Rost, sondern kommen von den \u00e4therischen \u00d6len einiger Sprossenarten, wie Bockshornklee.<\/p>\n<p>&nbsp;<\/p>\n<p style=\"text-align: center\"><strong>Eure Meinung:<\/strong><\/p>\n<p style=\"margin-bottom: 0px;text-align: center\"><em>&#8222;Das Sprossenglas ist super praktisch! Es macht das Sprossenziehen einfach, und ich habe schon nach wenigen Tagen frische Sprossen. Genau das Richtige f\u00fcr meine K\u00fcche!&#8220;<\/em><\/p>\n<p style=\"margin-top: 0px;text-align: center\">(Inge)<\/p>\n<p style=\"margin-bottom: 0px;text-align: center\"><em>&#8222;Ein handliches Glas mit durchdachtem Design&#8220;<\/em><\/p>\n<p style=\"margin-top: 0px;text-align: center\">(Dagmar)<\/p>\n\t\t<\/div>\n\t\t\t\t\t<\/div>\n\n\t\n\n\t<div id=\"col-392350848\" class=\"col medium-6 small-12 large-6\"  >\n\t\t\t\t<div class=\"col-inner\"  >\n\t\t\t\n\t\t\t\n<div class=\"container section-title-container\" ><h3 class=\"section-title section-title-center\"><b aria-hidden=\"true\"><\/b><span class=\"section-title-main\" >ANWENDUNG<\/span><b aria-hidden=\"true\"><\/b><\/h3><\/div>\n<p>So einfach ziehst du frische Keimlinge:<\/p>\n<ol>\n<li>W\u00e4hle einen hellen Standort (vermeide direkte Sonneneinstrahlung). Die ideale Zimmertemperatur liegt bei 18 bis 22\u00b0C.<\/li>\n<li>Gib ca. einen Essl\u00f6ffel Sprossensamen in das Sprossenglas.<\/li>\n<li>Sp\u00fcle zweimal t\u00e4glich mit frischem Wasser.<\/li>\n<li>Nach 4-7 Tagen sind deine Sprossen genussreif und bereichern deine belegten Brote, Suppen, Salate, Bowls und weitere Mahlzeiten als vitamin- und eiwei\u00dfreiches Topping.<\/li>\n<\/ol>\n<p><strong>Tipp:<\/strong> Wenn du die Samen \u00fcber Nacht in Wasser einweichst, wird der Keimprozess noch schneller gestartet.<\/p>\n<p><strong>Gr\u00f6\u00dfe:<\/strong> 10 x10 x 8cm<\/p>\n<p><strong>Fassungsverm\u00f6gen:<\/strong> 425ml<\/p>\n<p><strong>Material:<\/strong> Glas und Edelstahl<\/p>\n<p><strong>Verpackung: <\/strong>Pappe<\/p>\n<p><em><strong>Extra von uns f\u00fcr dich:<\/strong><\/em>\u00a0Ein Saatgutt\u00fctchen zum Sofortloslegen liegt bei!<\/p>\n<p>&nbsp;<\/p>\n\t\t<\/div>\n\t\t\t\t\t<\/div>\n\n\t\n<\/div>\n<div class=\"container section-title-container\" ><h3 class=\"section-title section-title-normal\"><b aria-hidden=\"true\"><\/b><span class=\"section-title-main\" >Passende Produkte<\/span><b aria-hidden=\"true\"><\/b><\/h3><\/div>\n\t\n  \n    <div class=\"row large-columns-4 medium-columns-3 small-columns-2 row-small slider row-slider slider-nav-reveal slider-nav-push\"  data-flickity-options='{&quot;imagesLoaded&quot;: true, &quot;groupCells&quot;: &quot;100%&quot;, &quot;dragThreshold&quot; : 5, &quot;cellAlign&quot;: &quot;left&quot;,&quot;wrapAround&quot;: true,&quot;prevNextButtons&quot;: true,&quot;percentPosition&quot;: true,&quot;pageDots&quot;: false, &quot;rightToLeft&quot;: false, &quot;autoPlay&quot; : false}' >\n\n  \n\t     <div class=\"product-small col has-hover product type-product post-94828 status-publish first instock product_cat-indoor-selbstversorgung product_cat-bio-sprossen-sets product_cat-bio-sprossen product_cat-einfache-sorten product_cat-meine-ernte-produkte product_cat-neu product_cat-saatgut-und-pflanzen product_cat-sprossen product_tag-brand product_tag-mindestbestellwert has-post-thumbnail taxable shipping-taxable purchasable product-type-simple\">\n\t<div class=\"col-inner\">\n\t\n<div class=\"badge-container absolute left top z-1\">\n\n<\/div>\n\t<div class=\"product-small box \">\n\t\t<div class=\"box-image\">\n\t\t\t<div class=\"image-fade_in_back\">\n\t\t\t\t<a href=\"https:\/\/www.meine-ernte.de\/shop\/bio-sprossenpaket-sprossentanz-meine-ernte\/\">\n\t\t\t\t\t<img decoding=\"async\" width=\"300\" height=\"300\" src=\"https:\/\/www.meine-ernte.de\/shop\/wp-content\/uploads\/Startkachel-Sprossentanz-Sprossenset-meine-ernte-300x300.jpg\" class=\"attachment-woocommerce_thumbnail size-woocommerce_thumbnail\" alt=\"BIO Sprossenpaket 4er Set &quot;Sprossentanz&quot; meine ernte\" srcset=\"https:\/\/www.meine-ernte.de\/shop\/wp-content\/uploads\/Startkachel-Sprossentanz-Sprossenset-meine-ernte-300x300.jpg 300w, https:\/\/www.meine-ernte.de\/shop\/wp-content\/uploads\/Startkachel-Sprossentanz-Sprossenset-meine-ernte-280x280.jpg 280w, https:\/\/www.meine-ernte.de\/shop\/wp-content\/uploads\/Startkachel-Sprossentanz-Sprossenset-meine-ernte-100x100.jpg 100w\" sizes=\"(max-width: 300px) 100vw, 300px\" \/><img decoding=\"async\" width=\"300\" height=\"300\" src=\"https:\/\/www.meine-ernte.de\/shop\/wp-content\/uploads\/Sprossenset-Sprossentanz-meine-ernte-600x600px-1-300x300.jpg\" class=\"show-on-hover absolute fill hide-for-small back-image\" alt=\"Alternative view of BIO Sprossenpaket 4er Set &quot;Sprossentanz&quot; meine ernte\" aria-hidden=\"true\" srcset=\"https:\/\/www.meine-ernte.de\/shop\/wp-content\/uploads\/Sprossenset-Sprossentanz-meine-ernte-600x600px-1-300x300.jpg 300w, https:\/\/www.meine-ernte.de\/shop\/wp-content\/uploads\/Sprossenset-Sprossentanz-meine-ernte-600x600px-1-400x400.jpg 400w, https:\/\/www.meine-ernte.de\/shop\/wp-content\/uploads\/Sprossenset-Sprossentanz-meine-ernte-600x600px-1-280x280.jpg 280w, https:\/\/www.meine-ernte.de\/shop\/wp-content\/uploads\/Sprossenset-Sprossentanz-meine-ernte-600x600px-1-100x100.jpg 100w, https:\/\/www.meine-ernte.de\/shop\/wp-content\/uploads\/Sprossenset-Sprossentanz-meine-ernte-600x600px-1.jpg 600w\" sizes=\"(max-width: 300px) 100vw, 300px\" \/>\t\t\t\t<\/a>\n\t\t\t<\/div>\n\t\t\t<div class=\"image-tools is-small top right show-on-hover\">\n\t\t\t\t\t\t\t<\/div>\n\t\t\t<div class=\"image-tools is-small hide-for-small bottom left show-on-hover\">\n\t\t\t\t\t\t\t<\/div>\n\t\t\t<div class=\"image-tools grid-tools text-center hide-for-small bottom hover-slide-in show-on-hover\">\n\t\t\t\t<a href=\"#quick-view\" class=\"quick-view\" role=\"button\" data-prod=\"94828\" aria-haspopup=\"dialog\" aria-expanded=\"false\" data-flatsome-role-button>Schnellansicht<\/a>\t\t\t<\/div>\n\t\t\t\t\t<\/div>\n\n\t\t<div class=\"box-text box-text-products\">\n\t\t\t<div class=\"title-wrapper\"><p class=\"name product-title woocommerce-loop-product__title\"><a href=\"https:\/\/www.meine-ernte.de\/shop\/bio-sprossenpaket-sprossentanz-meine-ernte\/\" class=\"woocommerce-LoopProduct-link woocommerce-loop-product__link\">BIO Sprossenpaket 4er Set &#8222;Sprossentanz&#8220; meine ernte<\/a><\/p><\/div><div class=\"price-wrapper\">\n\t<span class=\"price\">\t\t<span class=\"tiered-pricing-dynamic-price-wrapper\"\n\t\t\t  data-display-context=\"shop-loop\"\n\t\t\t  data-price-type=\"no-rules\"\n\t\t\t  data-product-id=\"94828\"\n\t\t\t  data-parent-id=\"94828\">\n\t\t\t<span class=\"woocommerce-Price-amount amount\"><bdi>9,99&nbsp;<span class=\"woocommerce-Price-currencySymbol\">&euro;<\/span><\/bdi><\/span><\/span><\/span>\n\n\n\n<\/div>\t\t<\/div>\n\t<\/div>\n\t\n\t<p class=\"wc-gzd-additional-info wc-gzd-additional-info-loop tax-info\">inkl. 7 % MwSt.<\/p>\n\n\t<p class=\"wc-gzd-additional-info wc-gzd-additional-info-loop shipping-costs-info\">zzgl. <a href=\"https:\/\/www.meine-ernte.de\/shop\/versandarten\/\" target=\"_blank\">Versandkosten<\/a><\/p>\n\n\t<p class=\"wc-gzd-additional-info delivery-time-info wc-gzd-additional-info-loop\"><span class=\"delivery-time-inner delivery-time-2-3-werktage\">Lieferzeit: <span class=\"delivery-time-data\">2-3 Werktage<\/span><\/span><\/p>\n\n\t<\/div>\n<\/div><div class=\"product-small col has-hover product type-product post-94827 status-publish instock product_cat-indoor-selbstversorgung product_cat-bio-sprossen-sets product_cat-bio-sprossen product_cat-meine-ernte-produkte product_cat-neu product_cat-saatgut-und-pflanzen product_cat-sprossen product_tag-mindestbestellwert product_tag-brand has-post-thumbnail taxable shipping-taxable purchasable product-type-simple\">\n\t<div class=\"col-inner\">\n\t\n<div class=\"badge-container absolute left top z-1\">\n\n<\/div>\n\t<div class=\"product-small box \">\n\t\t<div class=\"box-image\">\n\t\t\t<div class=\"image-fade_in_back\">\n\t\t\t\t<a href=\"https:\/\/www.meine-ernte.de\/shop\/bio-sprossenpaket-gruene-kraft-meine-ernte\/\">\n\t\t\t\t\t<img decoding=\"async\" width=\"300\" height=\"300\" src=\"https:\/\/www.meine-ernte.de\/shop\/wp-content\/uploads\/Startkachel-Gruene-Kraft-Sprossenset-meine-ernte-300x300.jpg\" class=\"attachment-woocommerce_thumbnail size-woocommerce_thumbnail\" alt=\"BIO Sprossenpaket 4er Set &quot;Gr\u00fcne Kraft&quot; meine ernte\" srcset=\"https:\/\/www.meine-ernte.de\/shop\/wp-content\/uploads\/Startkachel-Gruene-Kraft-Sprossenset-meine-ernte-300x300.jpg 300w, https:\/\/www.meine-ernte.de\/shop\/wp-content\/uploads\/Startkachel-Gruene-Kraft-Sprossenset-meine-ernte-280x280.jpg 280w, https:\/\/www.meine-ernte.de\/shop\/wp-content\/uploads\/Startkachel-Gruene-Kraft-Sprossenset-meine-ernte-100x100.jpg 100w\" sizes=\"(max-width: 300px) 100vw, 300px\" \/><img decoding=\"async\" width=\"300\" height=\"300\" src=\"https:\/\/www.meine-ernte.de\/shop\/wp-content\/uploads\/Sprossenset-Gruene-Kraft-meine-ernte-600x600px-1-300x300.jpg\" class=\"show-on-hover absolute fill hide-for-small back-image\" alt=\"Alternative view of BIO Sprossenpaket 4er Set &quot;Gr\u00fcne Kraft&quot; meine ernte\" aria-hidden=\"true\" srcset=\"https:\/\/www.meine-ernte.de\/shop\/wp-content\/uploads\/Sprossenset-Gruene-Kraft-meine-ernte-600x600px-1-300x300.jpg 300w, https:\/\/www.meine-ernte.de\/shop\/wp-content\/uploads\/Sprossenset-Gruene-Kraft-meine-ernte-600x600px-1-400x400.jpg 400w, https:\/\/www.meine-ernte.de\/shop\/wp-content\/uploads\/Sprossenset-Gruene-Kraft-meine-ernte-600x600px-1-280x280.jpg 280w, https:\/\/www.meine-ernte.de\/shop\/wp-content\/uploads\/Sprossenset-Gruene-Kraft-meine-ernte-600x600px-1-100x100.jpg 100w, https:\/\/www.meine-ernte.de\/shop\/wp-content\/uploads\/Sprossenset-Gruene-Kraft-meine-ernte-600x600px-1.jpg 600w\" sizes=\"(max-width: 300px) 100vw, 300px\" \/>\t\t\t\t<\/a>\n\t\t\t<\/div>\n\t\t\t<div class=\"image-tools is-small top right show-on-hover\">\n\t\t\t\t\t\t\t<\/div>\n\t\t\t<div class=\"image-tools is-small hide-for-small bottom left show-on-hover\">\n\t\t\t\t\t\t\t<\/div>\n\t\t\t<div class=\"image-tools grid-tools text-center hide-for-small bottom hover-slide-in show-on-hover\">\n\t\t\t\t<a href=\"#quick-view\" class=\"quick-view\" role=\"button\" data-prod=\"94827\" aria-haspopup=\"dialog\" aria-expanded=\"false\" data-flatsome-role-button>Schnellansicht<\/a>\t\t\t<\/div>\n\t\t\t\t\t<\/div>\n\n\t\t<div class=\"box-text box-text-products\">\n\t\t\t<div class=\"title-wrapper\"><p class=\"name product-title woocommerce-loop-product__title\"><a href=\"https:\/\/www.meine-ernte.de\/shop\/bio-sprossenpaket-gruene-kraft-meine-ernte\/\" class=\"woocommerce-LoopProduct-link woocommerce-loop-product__link\">BIO Sprossenpaket 4er Set &#8222;Gr\u00fcne Kraft&#8220; meine ernte<\/a><\/p><\/div><div class=\"price-wrapper\">\n\t<span class=\"price\">\t\t<span class=\"tiered-pricing-dynamic-price-wrapper\"\n\t\t\t  data-display-context=\"shop-loop\"\n\t\t\t  data-price-type=\"no-rules\"\n\t\t\t  data-product-id=\"94827\"\n\t\t\t  data-parent-id=\"94827\">\n\t\t\t<span class=\"woocommerce-Price-amount amount\"><bdi>9,99&nbsp;<span class=\"woocommerce-Price-currencySymbol\">&euro;<\/span><\/bdi><\/span><\/span><\/span>\n\n\n\n<\/div>\t\t<\/div>\n\t<\/div>\n\t\n\t<p class=\"wc-gzd-additional-info wc-gzd-additional-info-loop tax-info\">inkl. 7 % MwSt.<\/p>\n\n\t<p class=\"wc-gzd-additional-info wc-gzd-additional-info-loop shipping-costs-info\">zzgl. <a href=\"https:\/\/www.meine-ernte.de\/shop\/versandarten\/\" target=\"_blank\">Versandkosten<\/a><\/p>\n\n\t<p class=\"wc-gzd-additional-info delivery-time-info wc-gzd-additional-info-loop\"><span class=\"delivery-time-inner delivery-time-2-3-werktage\">Lieferzeit: <span class=\"delivery-time-data\">2-3 Werktage<\/span><\/span><\/p>\n\n\t<\/div>\n<\/div><div class=\"product-small col has-hover product type-product post-94826 status-publish instock product_cat-indoor-selbstversorgung product_cat-bio-sprossen-sets product_cat-bio-sprossen product_cat-meine-ernte-produkte product_cat-neu product_cat-saatgut-und-pflanzen product_cat-sprossen product_tag-mindestbestellwert product_tag-brand has-post-thumbnail taxable shipping-taxable purchasable product-type-simple\">\n\t<div class=\"col-inner\">\n\t\n<div class=\"badge-container absolute left top z-1\">\n\n<\/div>\n\t<div class=\"product-small box \">\n\t\t<div class=\"box-image\">\n\t\t\t<div class=\"image-fade_in_back\">\n\t\t\t\t<a href=\"https:\/\/www.meine-ernte.de\/shop\/bio-sprossenpaket-pausenschmaus-meine-ernte\/\">\n\t\t\t\t\t<img decoding=\"async\" width=\"300\" height=\"300\" src=\"https:\/\/www.meine-ernte.de\/shop\/wp-content\/uploads\/Startkachel-Pausenschmaus-Sprossenset-meine-ernte-300x300.jpg\" class=\"attachment-woocommerce_thumbnail size-woocommerce_thumbnail\" alt=\"BIO Sprossenpaket 4er Set &quot;Pausenschmaus&quot; meine ernte\" srcset=\"https:\/\/www.meine-ernte.de\/shop\/wp-content\/uploads\/Startkachel-Pausenschmaus-Sprossenset-meine-ernte-300x300.jpg 300w, https:\/\/www.meine-ernte.de\/shop\/wp-content\/uploads\/Startkachel-Pausenschmaus-Sprossenset-meine-ernte-280x280.jpg 280w, https:\/\/www.meine-ernte.de\/shop\/wp-content\/uploads\/Startkachel-Pausenschmaus-Sprossenset-meine-ernte-100x100.jpg 100w\" sizes=\"(max-width: 300px) 100vw, 300px\" \/><img decoding=\"async\" width=\"300\" height=\"300\" src=\"https:\/\/www.meine-ernte.de\/shop\/wp-content\/uploads\/Sprossenset-Pausenschmaus-meine-ernte-600x600px-1-300x300.jpg\" class=\"show-on-hover absolute fill hide-for-small back-image\" alt=\"Alternative view of BIO Sprossenpaket 4er Set &quot;Pausenschmaus&quot; meine ernte\" aria-hidden=\"true\" srcset=\"https:\/\/www.meine-ernte.de\/shop\/wp-content\/uploads\/Sprossenset-Pausenschmaus-meine-ernte-600x600px-1-300x300.jpg 300w, https:\/\/www.meine-ernte.de\/shop\/wp-content\/uploads\/Sprossenset-Pausenschmaus-meine-ernte-600x600px-1-400x400.jpg 400w, https:\/\/www.meine-ernte.de\/shop\/wp-content\/uploads\/Sprossenset-Pausenschmaus-meine-ernte-600x600px-1-280x280.jpg 280w, https:\/\/www.meine-ernte.de\/shop\/wp-content\/uploads\/Sprossenset-Pausenschmaus-meine-ernte-600x600px-1-100x100.jpg 100w, https:\/\/www.meine-ernte.de\/shop\/wp-content\/uploads\/Sprossenset-Pausenschmaus-meine-ernte-600x600px-1.jpg 600w\" sizes=\"(max-width: 300px) 100vw, 300px\" \/>\t\t\t\t<\/a>\n\t\t\t<\/div>\n\t\t\t<div class=\"image-tools is-small top right show-on-hover\">\n\t\t\t\t\t\t\t<\/div>\n\t\t\t<div class=\"image-tools is-small hide-for-small bottom left show-on-hover\">\n\t\t\t\t\t\t\t<\/div>\n\t\t\t<div class=\"image-tools grid-tools text-center hide-for-small bottom hover-slide-in show-on-hover\">\n\t\t\t\t<a href=\"#quick-view\" class=\"quick-view\" role=\"button\" data-prod=\"94826\" aria-haspopup=\"dialog\" aria-expanded=\"false\" data-flatsome-role-button>Schnellansicht<\/a>\t\t\t<\/div>\n\t\t\t\t\t<\/div>\n\n\t\t<div class=\"box-text box-text-products\">\n\t\t\t<div class=\"title-wrapper\"><p class=\"name product-title woocommerce-loop-product__title\"><a href=\"https:\/\/www.meine-ernte.de\/shop\/bio-sprossenpaket-pausenschmaus-meine-ernte\/\" class=\"woocommerce-LoopProduct-link woocommerce-loop-product__link\">BIO Sprossenpaket 4er Set &#8222;Pausenschmaus&#8220; meine ernte<\/a><\/p><\/div><div class=\"price-wrapper\"><div class=\"star-rating star-rating--inline\" role=\"img\" aria-label=\"Bewertet mit 5 von 5\"><span style=\"width:100%\">Bewertet mit <strong class=\"rating\">5<\/strong> von 5<\/span><\/div><p class=\"wc-gzd-additional-info wc-gzd-additional-info-loop wc-gzd-rating-authenticity-status is-verified\">\n\tGepr\u00fcfte Gesamtbewertung. <a href=\"https:\/\/www.meine-ernte.de\/shop\/echtheit-von-bewertungen\/\" target=\"_blank\">Mehr Infos<\/a><\/p>\n\n\t<span class=\"price\">\t\t<span class=\"tiered-pricing-dynamic-price-wrapper\"\n\t\t\t  data-display-context=\"shop-loop\"\n\t\t\t  data-price-type=\"no-rules\"\n\t\t\t  data-product-id=\"94826\"\n\t\t\t  data-parent-id=\"94826\">\n\t\t\t<span class=\"woocommerce-Price-amount amount\"><bdi>9,99&nbsp;<span class=\"woocommerce-Price-currencySymbol\">&euro;<\/span><\/bdi><\/span><\/span><\/span>\n\n\n\n<\/div>\t\t<\/div>\n\t<\/div>\n\t\n\t<p class=\"wc-gzd-additional-info wc-gzd-additional-info-loop tax-info\">inkl. 7 % MwSt.<\/p>\n\n\t<p class=\"wc-gzd-additional-info wc-gzd-additional-info-loop shipping-costs-info\">zzgl. <a href=\"https:\/\/www.meine-ernte.de\/shop\/versandarten\/\" target=\"_blank\">Versandkosten<\/a><\/p>\n\n\t<p class=\"wc-gzd-additional-info delivery-time-info wc-gzd-additional-info-loop\"><span class=\"delivery-time-inner delivery-time-2-3-werktage\">Lieferzeit: <span class=\"delivery-time-data\">2-3 Werktage<\/span><\/span><\/p>\n\n\t<\/div>\n<\/div><div class=\"product-small col has-hover product type-product post-94824 status-publish last instock product_cat-indoor-selbstversorgung product_cat-bio-sprossen-sets product_cat-bio-sprossen product_cat-meine-ernte-produkte product_cat-neu product_cat-saatgut-und-pflanzen product_cat-sprossen product_tag-mindestbestellwert product_tag-brand has-post-thumbnail taxable shipping-taxable purchasable product-type-simple\">\n\t<div class=\"col-inner\">\n\t\n<div class=\"badge-container absolute left top z-1\">\n\n<\/div>\n\t<div class=\"product-small box \">\n\t\t<div class=\"box-image\">\n\t\t\t<div class=\"image-fade_in_back\">\n\t\t\t\t<a href=\"https:\/\/www.meine-ernte.de\/shop\/bio-sprossenpaket-kuechen-kick-meine-ernte\/\">\n\t\t\t\t\t<img decoding=\"async\" width=\"300\" height=\"300\" src=\"https:\/\/www.meine-ernte.de\/shop\/wp-content\/uploads\/Startkachel-Kuechen-Kick-Sprossenset-meine-ernte-300x300.jpg\" class=\"attachment-woocommerce_thumbnail size-woocommerce_thumbnail\" alt=\"BIO Sprossenpaket 4er Set &quot;K\u00fcchen-Kick&quot; meine ernte\" srcset=\"https:\/\/www.meine-ernte.de\/shop\/wp-content\/uploads\/Startkachel-Kuechen-Kick-Sprossenset-meine-ernte-300x300.jpg 300w, https:\/\/www.meine-ernte.de\/shop\/wp-content\/uploads\/Startkachel-Kuechen-Kick-Sprossenset-meine-ernte-280x280.jpg 280w, https:\/\/www.meine-ernte.de\/shop\/wp-content\/uploads\/Startkachel-Kuechen-Kick-Sprossenset-meine-ernte-100x100.jpg 100w\" sizes=\"(max-width: 300px) 100vw, 300px\" \/><img decoding=\"async\" width=\"300\" height=\"300\" src=\"https:\/\/www.meine-ernte.de\/shop\/wp-content\/uploads\/Sprossenset-Kuechenkick-meine-ernte-600x600px-1-300x300.jpg\" class=\"show-on-hover absolute fill hide-for-small back-image\" alt=\"Alternative view of BIO Sprossenpaket 4er Set &quot;K\u00fcchen-Kick&quot; meine ernte\" aria-hidden=\"true\" srcset=\"https:\/\/www.meine-ernte.de\/shop\/wp-content\/uploads\/Sprossenset-Kuechenkick-meine-ernte-600x600px-1-300x300.jpg 300w, https:\/\/www.meine-ernte.de\/shop\/wp-content\/uploads\/Sprossenset-Kuechenkick-meine-ernte-600x600px-1-400x400.jpg 400w, https:\/\/www.meine-ernte.de\/shop\/wp-content\/uploads\/Sprossenset-Kuechenkick-meine-ernte-600x600px-1-280x280.jpg 280w, https:\/\/www.meine-ernte.de\/shop\/wp-content\/uploads\/Sprossenset-Kuechenkick-meine-ernte-600x600px-1-100x100.jpg 100w, https:\/\/www.meine-ernte.de\/shop\/wp-content\/uploads\/Sprossenset-Kuechenkick-meine-ernte-600x600px-1.jpg 600w\" sizes=\"(max-width: 300px) 100vw, 300px\" \/>\t\t\t\t<\/a>\n\t\t\t<\/div>\n\t\t\t<div class=\"image-tools is-small top right show-on-hover\">\n\t\t\t\t\t\t\t<\/div>\n\t\t\t<div class=\"image-tools is-small hide-for-small bottom left show-on-hover\">\n\t\t\t\t\t\t\t<\/div>\n\t\t\t<div class=\"image-tools grid-tools text-center hide-for-small bottom hover-slide-in show-on-hover\">\n\t\t\t\t<a href=\"#quick-view\" class=\"quick-view\" role=\"button\" data-prod=\"94824\" aria-haspopup=\"dialog\" aria-expanded=\"false\" data-flatsome-role-button>Schnellansicht<\/a>\t\t\t<\/div>\n\t\t\t\t\t<\/div>\n\n\t\t<div class=\"box-text box-text-products\">\n\t\t\t<div class=\"title-wrapper\"><p class=\"name product-title woocommerce-loop-product__title\"><a href=\"https:\/\/www.meine-ernte.de\/shop\/bio-sprossenpaket-kuechen-kick-meine-ernte\/\" class=\"woocommerce-LoopProduct-link woocommerce-loop-product__link\">BIO Sprossenpaket 4er Set &#8222;K\u00fcchen-Kick&#8220; meine ernte<\/a><\/p><\/div><div class=\"price-wrapper\">\n\t<span class=\"price\">\t\t<span class=\"tiered-pricing-dynamic-price-wrapper\"\n\t\t\t  data-display-context=\"shop-loop\"\n\t\t\t  data-price-type=\"no-rules\"\n\t\t\t  data-product-id=\"94824\"\n\t\t\t  data-parent-id=\"94824\">\n\t\t\t<span class=\"woocommerce-Price-amount amount\"><bdi>9,99&nbsp;<span class=\"woocommerce-Price-currencySymbol\">&euro;<\/span><\/bdi><\/span><\/span><\/span>\n\n\n\n<\/div>\t\t<\/div>\n\t<\/div>\n\t\n\t<p class=\"wc-gzd-additional-info wc-gzd-additional-info-loop tax-info\">inkl. 7 % MwSt.<\/p>\n\n\t<p class=\"wc-gzd-additional-info wc-gzd-additional-info-loop shipping-costs-info\">zzgl. <a href=\"https:\/\/www.meine-ernte.de\/shop\/versandarten\/\" target=\"_blank\">Versandkosten<\/a><\/p>\n\n\t<p class=\"wc-gzd-additional-info delivery-time-info wc-gzd-additional-info-loop\"><span class=\"delivery-time-inner delivery-time-2-3-werktage\">Lieferzeit: <span class=\"delivery-time-data\">2-3 Werktage<\/span><\/span><\/p>\n\n\t<\/div>\n<\/div><\/div>\n","protected":false},"excerpt":{"rendered":"<ul>\n<li>Knackige Sprossen ziehen einfach, schnell und sauber<\/li>\n<li>Leichte Reinigung von Hand und in der Sp\u00fclmaschine<\/li>\n<li>Plastikfrei verpackt<\/li>\n<li><em>Freebie<\/em> f\u00fcr dich! Ein Saatgutt\u00fctchen zum Sofortloslegen liegt bei<\/li>\n<\/ul>\n<p><img decoding=\"async\" src=\"https:\/\/www.meine-ernte.de\/shop\/wp-content\/uploads\/eu-bio-logo.png\" width=\"100px\" \/><\/p>\n","protected":false},"featured_media":96999,"comment_status":"open","ping_status":"closed","template":"","meta":{"_acf_changed":false},"product_brand":[],"product_cat":[674,677,683,668,72,338,361,153],"product_tag":[665,689],"class_list":{"0":"post-94831","1":"product","2":"type-product","3":"status-publish","4":"has-post-thumbnail","6":"product_cat-indoor-selbstversorgung","7":"product_cat-bio-sprossen-sets","8":"product_cat-sprossenglaeser-und-kressesiebe","9":"product_cat-meine-ernte-produkte","10":"product_cat-saatgut-und-pflanzen","11":"product_cat-kuechengarten","12":"product_cat-saatgut-geschenke","13":"product_cat-sprossen","14":"product_tag-mindestbestellwert","15":"product_tag-brand","16":"product_shipping_class-versand-durch-meine-ernte-paket","18":"first","19":"instock","20":"taxable","21":"shipping-taxable","22":"purchasable","23":"product-type-simple"},"acf":[],"tiered_pricing_type":"fixed","tiered_pricing_fixed_rules":[],"tiered_pricing_product_settings":{"layout":"default","base_unit_name":{"singular":null,"plural":null},"default_variation":null},"tiered_pricing_minimum_quantity":null,"tiered_pricing_roles_data":[],"tiered_pricing_percentage_rules":[],"_links":{"self":[{"href":"https:\/\/www.meine-ernte.de\/shop\/wp-json\/wp\/v2\/product\/94831","targetHints":{"allow":["GET"]}}],"collection":[{"href":"https:\/\/www.meine-ernte.de\/shop\/wp-json\/wp\/v2\/product"}],"about":[{"href":"https:\/\/www.meine-ernte.de\/shop\/wp-json\/wp\/v2\/types\/product"}],"replies":[{"embeddable":true,"href":"https:\/\/www.meine-ernte.de\/shop\/wp-json\/wp\/v2\/comments?post=94831"}],"wp:featuredmedia":[{"embeddable":true,"href":"https:\/\/www.meine-ernte.de\/shop\/wp-json\/wp\/v2\/media\/96999"}],"wp:attachment":[{"href":"https:\/\/www.meine-ernte.de\/shop\/wp-json\/wp\/v2\/media?parent=94831"}],"wp:term":[{"taxonomy":"product_brand","embeddable":true,"href":"https:\/\/www.meine-ernte.de\/shop\/wp-json\/wp\/v2\/product_brand?post=94831"},{"taxonomy":"product_cat","embeddable":true,"href":"https:\/\/www.meine-ernte.de\/shop\/wp-json\/wp\/v2\/product_cat?post=94831"},{"taxonomy":"product_tag","embeddable":true,"href":"https:\/\/www.meine-ernte.de\/shop\/wp-json\/wp\/v2\/product_tag?post=94831"}],"curies":[{"name":"wp","href":"https:\/\/api.w.org\/{rel}","templated":true}]}}