{"id":94830,"date":"2022-10-05T15:29:31","date_gmt":"2022-10-05T13:29:31","guid":{"rendered":"https:\/\/www.meine-ernte.de\/shop\/?post_type=product&#038;p=94830"},"modified":"2025-12-18T08:58:19","modified_gmt":"2025-12-18T07:58:19","slug":"glas-bowl-sprossenglas-meine-ernte","status":"publish","type":"product","link":"https:\/\/www.meine-ernte.de\/shop\/glas-bowl-sprossenglas-meine-ernte\/","title":{"rendered":"Sprossenbowl meine ernte"},"content":{"rendered":"<div class=\"row\"  id=\"row-307560501\">\n\n\t<div id=\"col-907809948\" class=\"col medium-6 small-12 large-6\"  >\n\t\t\t\t<div class=\"col-inner\"  >\n\t\t\t\n\t\t\t\n<div class=\"container section-title-container\" ><h3 class=\"section-title section-title-center\"><b aria-hidden=\"true\"><\/b><span class=\"section-title-main\" >PRODUKTINFORMATIONEN<\/span><b aria-hidden=\"true\"><\/b><\/h3><\/div>\n<p>Sprossen zu ziehen ist wohl der leichteste Einstieg in das Abenteuer Selbstversorgung. Mit der <strong data-start=\"884\" data-end=\"912\">meine ernte Sprossenbowl<\/strong> bringst Du frisches Gr\u00fcn ganz einfach in Deine K\u00fcche \u2013 <strong data-start=\"968\" data-end=\"991\">das ganze Jahr \u00fcber<\/strong>, ganz ohne Garten oder Balkon. Die Bowl ist ein cleveres Keimger\u00e4t f\u00fcr Zuhause, mit dem Du Deine eigenen <strong data-start=\"1097\" data-end=\"1123\">Sprossen und Keimlinge<\/strong> ganz unkompliziert selbst ziehen kannst: Ob als Topping f\u00fcr Salate, auf dem Brot, im Smoothie oder in Bowls \u2013 Deine Ernte ist immer knackig, vitalstoffreich und genau dann verf\u00fcgbar, wenn Du sie brauchst.<\/p>\n<p>Zuhause auf der Fensterbank gedeihen die leckeren kleinen Kerlchen aus Bohnen, \u00d6lsaaten, Kohlsamen und anderen Gem\u00fcsepflanzen innerhalb weniger Tage. Die jungen Keimlinge stecken voller wertvoller Vitamine, gesundem Eiwei\u00df, Mineralstoffe und sekund\u00e4rer Pflanzenstoffe. Und weil sie so gesund sind und einfach zu allen deinen Lieblingsgerichten passen, sind sie die ideale Erg\u00e4nzung auf deinem Speiseplan. F\u00fcr die Anzucht von Sprossen brauchst du weder Erde noch Watte. In unserer innovativen Sprossenbowl wachsen sie einfach und schnell auf einem feinmaschigen und rostfreien Edelstahlsieb. Die Samen m\u00fcssen nur einmal t\u00e4glich gesp\u00fclt werden.<\/p>\n<p>Im Innenrand der Sprossenbowl liegt ein Sieb aus rostfreiem Stahl \u00fcber dem Wasserspiegel in der Bowl. So bleiben die Sprossen oben luftig und die Wurzeln haben unten reichlich Platz.<\/p>\n<p><strong>\u00dcbrigens<\/strong>: Eventuelle farbliche Ver\u00e4nderungen des Edelstahlsiebs sind kein Rost, sondern kommen von den \u00e4therischen \u00d6len einiger Sprossenarten, wie Bockshornklee.<\/p>\n<p><strong>Die Sprossenbowl und das Edelstahlsieb sind nat\u00fcrlich sp\u00fclmaschinengeeignet!<\/strong><\/p>\n\t\t<\/div>\n\t\t\t\t\t<\/div>\n\n\t\n\n\t<div id=\"col-1407512381\" class=\"col medium-6 small-12 large-6\"  >\n\t\t\t\t<div class=\"col-inner\"  >\n\t\t\t\n\t\t\t\n<div class=\"container section-title-container\" ><h3 class=\"section-title section-title-center\"><b aria-hidden=\"true\"><\/b><span class=\"section-title-main\" >ANWENDUNG<\/span><b aria-hidden=\"true\"><\/b><\/h3><\/div>\n<p>So einfach ziehst du frische Keimlinge:<\/p>\n<ol>\n<li>W\u00e4hle einen hellen Standort (vermeide direkte Sonneneinstrahlung). Die ideale Zimmertemperatur liegt bei 18 bis 22\u00b0C.<\/li>\n<li>Gib etwa einen Essl\u00f6ffel Sprossensamen auf das Sieb der Sprossenbowl.<\/li>\n<li>Sp\u00fcle die Samen anfangs einmalig, tausche danach einmal t\u00e4glich das Wasser aus.<\/li>\n<li>Nach 4-7 Tagen sind deine Sprossen genussreif und bereichern deine belegten Brote, Suppen, Salate, Salat-Bowls und Pfannengerichte als vitamin- und eiwei\u00dfreiches Topping.<\/li>\n<\/ol>\n<p><strong>Gr\u00f6\u00dfe:<\/strong>13x 5cm<\/p>\n<p><strong>Material:<\/strong> Glas und Edelstahl<\/p>\n<p><strong>Verpackung:<\/strong> Pappe<\/p>\n<p>&nbsp;<\/p>\n<p><strong>Extra f\u00fcr dich von uns:<\/strong> Ein Saatgutt\u00fctchen zum Sofortloslegen liegt bei!<\/p>\n<p>&nbsp;<\/p>\n<p>&nbsp;<\/p>\n\t\t<\/div>\n\t\t\t\t\t<\/div>\n\n\t\n<\/div>\n","protected":false},"excerpt":{"rendered":"<ul>\n<li>Sprossen ziehen ganz leicht auf der Fensterbank<\/li>\n<li>Innovatives Design zur Anzucht knackiger Sprossen<\/li>\n<li>Bruchfeste Glasqualit\u00e4t, abgerundeter Rand, rostfreies Edelstahlsieb<\/li>\n<li>Besonders einfache Handhabung von der Aussaat bis zur Reinigung<\/li>\n<li><em>Freebie <\/em>f\u00fcr dich! Ein Saatgutt\u00fctchen zum Sofortloslegen liegt bei<\/li>\n<\/ul>\n<p><img decoding=\"async\" src=\"https:\/\/www.meine-ernte.de\/shop\/wp-content\/uploads\/eu-bio-logo.png\" width=\"100px\" \/><\/p>\n<p>NL-BIO-01<br \/>\nEU Landwirtschaft<\/p>\n","protected":false},"featured_media":124074,"comment_status":"open","ping_status":"closed","template":"","meta":{"_acf_changed":false},"product_brand":[],"product_cat":[674,677,683,668,72,337,338,361,153],"product_tag":[665,689],"class_list":{"0":"post-94830","1":"product","2":"type-product","3":"status-publish","4":"has-post-thumbnail","6":"product_cat-indoor-selbstversorgung","7":"product_cat-bio-sprossen-sets","8":"product_cat-sprossenglaeser-und-kressesiebe","9":"product_cat-meine-ernte-produkte","10":"product_cat-saatgut-und-pflanzen","11":"product_cat-geschenke","12":"product_cat-kuechengarten","13":"product_cat-saatgut-geschenke","14":"product_cat-sprossen","15":"product_tag-mindestbestellwert","16":"product_tag-brand","17":"product_shipping_class-versand-durch-meine-ernte-paket","19":"first","20":"instock","21":"taxable","22":"shipping-taxable","23":"purchasable","24":"product-type-simple"},"acf":[],"tiered_pricing_type":"fixed","tiered_pricing_fixed_rules":[],"tiered_pricing_product_settings":{"layout":"default","base_unit_name":{"singular":null,"plural":null},"default_variation":null},"tiered_pricing_minimum_quantity":null,"tiered_pricing_roles_data":[],"tiered_pricing_percentage_rules":[],"_links":{"self":[{"href":"https:\/\/www.meine-ernte.de\/shop\/wp-json\/wp\/v2\/product\/94830","targetHints":{"allow":["GET"]}}],"collection":[{"href":"https:\/\/www.meine-ernte.de\/shop\/wp-json\/wp\/v2\/product"}],"about":[{"href":"https:\/\/www.meine-ernte.de\/shop\/wp-json\/wp\/v2\/types\/product"}],"replies":[{"embeddable":true,"href":"https:\/\/www.meine-ernte.de\/shop\/wp-json\/wp\/v2\/comments?post=94830"}],"wp:featuredmedia":[{"embeddable":true,"href":"https:\/\/www.meine-ernte.de\/shop\/wp-json\/wp\/v2\/media\/124074"}],"wp:attachment":[{"href":"https:\/\/www.meine-ernte.de\/shop\/wp-json\/wp\/v2\/media?parent=94830"}],"wp:term":[{"taxonomy":"product_brand","embeddable":true,"href":"https:\/\/www.meine-ernte.de\/shop\/wp-json\/wp\/v2\/product_brand?post=94830"},{"taxonomy":"product_cat","embeddable":true,"href":"https:\/\/www.meine-ernte.de\/shop\/wp-json\/wp\/v2\/product_cat?post=94830"},{"taxonomy":"product_tag","embeddable":true,"href":"https:\/\/www.meine-ernte.de\/shop\/wp-json\/wp\/v2\/product_tag?post=94830"}],"curies":[{"name":"wp","href":"https:\/\/api.w.org\/{rel}","templated":true}]}}