{"id":87567,"date":"2022-04-11T15:53:35","date_gmt":"2022-04-11T13:53:35","guid":{"rendered":"https:\/\/www.meine-ernte.de\/shop\/?post_type=product&#038;p=87567"},"modified":"2025-07-24T12:28:04","modified_gmt":"2025-07-24T10:28:04","slug":"fundament-fuer-halls-altan-wandgewaechshaus-133-qm","status":"publish","type":"product","link":"https:\/\/www.meine-ernte.de\/shop\/fundament-fuer-halls-altan-wandgewaechshaus-133-qm\/","title":{"rendered":"Fundamentrahmen f\u00fcr Halls Altan Wandgew\u00e4chshaus 1,33 m\u00b2"},"content":{"rendered":"<div class=\"row align-center\"  id=\"row-1158858263\">\n\n\t<div id=\"col-1497067303\" class=\"col medium-6 small-10 large-6\"  >\n\t\t\t\t<div class=\"col-inner text-left\"  >\n\t\t\t\n\t\t\t\n<div class=\"container section-title-container\" ><h3 class=\"section-title section-title-center\"><b aria-hidden=\"true\"><\/b><span class=\"section-title-main\" >Produktinformationen<\/span><b aria-hidden=\"true\"><\/b><\/h3><\/div>\n<p>Um Sturmsch\u00e4den zu vermeiden, ist es wichtig, dass Gew\u00e4chsh\u00e4user auf einem soliden und stabilen Fundament montiert werden. Fundamente sollten fest im Boden verankert werden, rechtwinklig und ebenerdig stehen. Wer kein komplett gegossenes Betonfundament legen m\u00f6chte, ist mit diesen exakt zugeschnittenen, 12cm hohen verzinkten Fertigfundamentrahmen aus Stahl gut beraten. Der Rahmen l\u00e4sst sich leicht auf den im Lieferumfang enthaltenen Eingie\u00dfeisen montieren. Damit erh\u00e4ltst du eine stabile und schnell zu montierende L\u00f6sung.<\/p>\n<ul>\n<li>Farbe: schwarz<\/li>\n<\/ul>\n\t<div id=\"gap-1064759145\" class=\"gap-element clearfix\" style=\"display:block; height:auto;\">\n\t\t\n<style>\n#gap-1064759145 {\n  padding-top: 30px;\n}\n<\/style>\n\t<\/div>\n\t\n\t<div class=\"img has-hover x md-x lg-x y md-y lg-y\" id=\"image_1058085277\">\n\t\t\t\t\t\t\t\t<div class=\"img-inner dark\" >\n\t\t\t<img decoding=\"async\" width=\"800\" height=\"275\" src=\"https:\/\/www.meine-ernte.de\/shop\/wp-content\/uploads\/Fundament_Halls_Altan.jpg\" class=\"attachment-large size-large\" alt=\"Fundament f\u00fcr Halls Altan Wandgew\u00e4chshaus 0,91 m\u00b2 schwarz\" srcset=\"https:\/\/www.meine-ernte.de\/shop\/wp-content\/uploads\/Fundament_Halls_Altan.jpg 800w, https:\/\/www.meine-ernte.de\/shop\/wp-content\/uploads\/Fundament_Halls_Altan-768x264.jpg 768w, https:\/\/www.meine-ernte.de\/shop\/wp-content\/uploads\/Fundament_Halls_Altan-600x206.jpg 600w, https:\/\/www.meine-ernte.de\/shop\/wp-content\/uploads\/Fundament_Halls_Altan-100x34.jpg 100w\" sizes=\"(max-width: 800px) 100vw, 800px\" \/>\t\t\t\t\t\t\n\t\t\t\t\t<\/div>\n\t\t\t\t\t\t\t\t\n<style>\n#image_1058085277 {\n  width: 100%;\n}\n<\/style>\n\t<\/div>\n\t\n\t<div class=\"img has-hover x md-x lg-x y md-y lg-y\" id=\"image_175521595\">\n\t\t\t\t\t\t\t\t<div class=\"img-inner dark\" >\n\t\t\t<img decoding=\"async\" width=\"800\" height=\"800\" src=\"https:\/\/www.meine-ernte.de\/shop\/wp-content\/uploads\/Fundament_Halls_Altan_weiss.jpg\" class=\"attachment-large size-large\" alt=\"Fundament f\u00fcr Halls Altan Wandgew\u00e4chshaus 0,91 m\u00b2 weiss\" srcset=\"https:\/\/www.meine-ernte.de\/shop\/wp-content\/uploads\/Fundament_Halls_Altan_weiss.jpg 800w, https:\/\/www.meine-ernte.de\/shop\/wp-content\/uploads\/Fundament_Halls_Altan_weiss-400x400.jpg 400w, https:\/\/www.meine-ernte.de\/shop\/wp-content\/uploads\/Fundament_Halls_Altan_weiss-280x280.jpg 280w, https:\/\/www.meine-ernte.de\/shop\/wp-content\/uploads\/Fundament_Halls_Altan_weiss-768x768.jpg 768w, https:\/\/www.meine-ernte.de\/shop\/wp-content\/uploads\/Fundament_Halls_Altan_weiss-300x300.jpg 300w, https:\/\/www.meine-ernte.de\/shop\/wp-content\/uploads\/Fundament_Halls_Altan_weiss-600x600.jpg 600w, https:\/\/www.meine-ernte.de\/shop\/wp-content\/uploads\/Fundament_Halls_Altan_weiss-100x100.jpg 100w\" sizes=\"(max-width: 800px) 100vw, 800px\" \/>\t\t\t\t\t\t\n\t\t\t\t\t<\/div>\n\t\t\t\t\t\t\t\t\n<style>\n#image_175521595 {\n  width: 100%;\n}\n<\/style>\n\t<\/div>\n\t\n\t\t<\/div>\n\t\t\t\t\t<\/div>\n\n\t\n\n\t<div id=\"col-1325119017\" class=\"col medium-1 small-12 large-1\"  >\n\t\t\t\t<div class=\"col-inner\"  >\n\t\t\t\n\t\t\t\n\t\t<\/div>\n\t\t\t\t\t<\/div>\n\n\t\n\n\t<div id=\"col-2059123815\" class=\"col medium-5 small-12 large-5\"  >\n\t\t\t\t<div class=\"col-inner\"  >\n\t\t\t\n\t\t\t\n<div class=\"container section-title-container\" ><h3 class=\"section-title section-title-center\"><b aria-hidden=\"true\"><\/b><span class=\"section-title-main\" >Artikeleigenschaften<\/span><b aria-hidden=\"true\"><\/b><\/h3><\/div>\n<table class=\"tg\" style=\"height: 230px;\" width=\"495\">\n<tbody>\n<tr>\n<td class=\"tg-0pky\">Ma\u00dfe (B x L):<\/td>\n<td class=\"tg-0pky\">1,32 x 0,69 m<\/td>\n<\/tr>\n<tr>\n<td class=\"tg-0pky\">Gesamth\u00f6he:<\/td>\n<td class=\"tg-0pky\">ca. 0,12 m<\/td>\n<\/tr>\n<tr>\n<td class=\"tg-0pky\">Garantie<\/td>\n<td class=\"tg-0pky\">12 Jahre Garantie vom Hersteller<\/td>\n<\/tr>\n<tr>\n<td class=\"tg-0pky\">Besonderheiten<\/td>\n<td class=\"tg-0pky\">Erh\u00e4ltlich in den Farben Schwarz und Weiss<\/td>\n<\/tr>\n<tr>\n<td class=\"tg-0pky\">Herstellungsland<\/td>\n<td class=\"tg-0pky\">D\u00e4nemark<\/td>\n<\/tr>\n<\/tbody>\n<\/table>\n<p><strong>Unser Service f\u00fcr dich:<\/strong> Unser Gartenbautechniker beantwortet dir gern und kompetent alle Fragen zum Aufbau. Email an: info@meine-ernte.de<\/p>\n<p>Die Montageanleitung in der alles Schritt-f\u00fcr-Schritt erkl\u00e4rt wird, kannst du\u00a0<a href=\"https:\/\/www.meine-ernte.de\/shop\/wp-content\/uploads\/altan-2-og-3-instructions-06-11-2020.pdf\" target=\"_blank\" rel=\"noopener\">hier herunterladen<\/a>.<\/p>\n\t<div class=\"img has-hover x md-x lg-x y md-y lg-y\" id=\"image_1038837862\">\n\t\t\t\t\t\t\t\t<div class=\"img-inner dark\" >\n\t\t\t<img decoding=\"async\" width=\"497\" height=\"400\" src=\"https:\/\/www.meine-ernte.de\/shop\/wp-content\/uploads\/Altan-base_cutaway-alu-1200-cmyk_stor_beton_oven-pa-fliser_2.jpg\" class=\"attachment-large size-large\" alt=\"\" srcset=\"https:\/\/www.meine-ernte.de\/shop\/wp-content\/uploads\/Altan-base_cutaway-alu-1200-cmyk_stor_beton_oven-pa-fliser_2.jpg 497w, https:\/\/www.meine-ernte.de\/shop\/wp-content\/uploads\/Altan-base_cutaway-alu-1200-cmyk_stor_beton_oven-pa-fliser_2-100x80.jpg 100w\" sizes=\"(max-width: 497px) 100vw, 497px\" \/>\t\t\t\t\t\t\n\t\t\t\t\t<\/div>\n\t\t\t\t\t\t\t\t\n<style>\n#image_1038837862 {\n  width: 100%;\n}\n<\/style>\n\t<\/div>\n\t\n\t\t<\/div>\n\t\t\t\t\t<\/div>\n\n\t\n<\/div>\n","protected":false},"excerpt":{"rendered":"<p>&nbsp;<\/p>\n<ul>\n<li>Galvanisierte Stahlprofile<\/li>\n<li>Garantierte Rechtwinkligkeit und Ebenheit<\/li>\n<li>Stabil und schnell zu montieren<\/li>\n<li>12 Jahre Garantie vom Hersteller<\/li>\n<li><img decoding=\"async\" src=\"https:\/\/www.meine-ernte.de\/shop\/wp-content\/uploads\/Halls-Logo-250.jpg\" width=\"150\" \/><br \/>\n<img decoding=\"async\" src=\"https:\/\/www.meine-ernte.de\/shop\/wp-content\/uploads\/jULIANA-lOGO-250.png\" \/><\/li>\n<\/ul>\n<p><span style=\"color: #ff0000\"><strong>Die Lieferung erfolgt per Spedition. Einmalige Pauschale f\u00fcr Halls Altan Gew\u00e4chsh\u00e4user und Fundamente betr\u00e4gt 25,50\u20ac \u2013 bitte gib bei der Bestellung unbedingt deine Telefonnummer an.<\/strong><\/span><\/p>\n","protected":false},"featured_media":87553,"comment_status":"open","ping_status":"closed","template":"","meta":{"_acf_changed":false},"product_brand":[],"product_cat":[327],"product_tag":[665],"class_list":{"0":"post-87567","1":"product","2":"type-product","3":"status-publish","4":"has-post-thumbnail","6":"product_cat-mietgaerten","7":"product_tag-mindestbestellwert","8":"product_shipping_class-juliana-versandpauschale","10":"first","11":"instock","12":"taxable","13":"shipping-taxable","14":"purchasable","15":"product-type-variable","16":"has-default-attributes"},"acf":[],"tiered_pricing_type":"fixed","tiered_pricing_fixed_rules":[],"tiered_pricing_product_settings":{"layout":"default","base_unit_name":{"singular":null,"plural":null},"default_variation":null},"tiered_pricing_minimum_quantity":null,"tiered_pricing_roles_data":[],"tiered_pricing_percentage_rules":[],"_links":{"self":[{"href":"https:\/\/www.meine-ernte.de\/shop\/wp-json\/wp\/v2\/product\/87567","targetHints":{"allow":["GET"]}}],"collection":[{"href":"https:\/\/www.meine-ernte.de\/shop\/wp-json\/wp\/v2\/product"}],"about":[{"href":"https:\/\/www.meine-ernte.de\/shop\/wp-json\/wp\/v2\/types\/product"}],"replies":[{"embeddable":true,"href":"https:\/\/www.meine-ernte.de\/shop\/wp-json\/wp\/v2\/comments?post=87567"}],"wp:featuredmedia":[{"embeddable":true,"href":"https:\/\/www.meine-ernte.de\/shop\/wp-json\/wp\/v2\/media\/87553"}],"wp:attachment":[{"href":"https:\/\/www.meine-ernte.de\/shop\/wp-json\/wp\/v2\/media?parent=87567"}],"wp:term":[{"taxonomy":"product_brand","embeddable":true,"href":"https:\/\/www.meine-ernte.de\/shop\/wp-json\/wp\/v2\/product_brand?post=87567"},{"taxonomy":"product_cat","embeddable":true,"href":"https:\/\/www.meine-ernte.de\/shop\/wp-json\/wp\/v2\/product_cat?post=87567"},{"taxonomy":"product_tag","embeddable":true,"href":"https:\/\/www.meine-ernte.de\/shop\/wp-json\/wp\/v2\/product_tag?post=87567"}],"curies":[{"name":"wp","href":"https:\/\/api.w.org\/{rel}","templated":true}]}}