{"id":80409,"date":"2021-11-22T13:57:13","date_gmt":"2021-11-22T12:57:13","guid":{"rendered":"https:\/\/www.meine-ernte.de\/shop\/?post_type=product&#038;p=80409"},"modified":"2025-10-29T08:48:42","modified_gmt":"2025-10-29T07:48:42","slug":"geschenkgutschein-gemuesegarten","status":"publish","type":"product","link":"https:\/\/www.meine-ernte.de\/shop\/geschenkgutschein-gemuesegarten\/","title":{"rendered":"Geschenkgutschein Gem\u00fcsegarten"},"content":{"rendered":"<div class=\"row align-center\"  id=\"row-294393588\">\n\n\t<div id=\"col-1935934488\" class=\"col medium-5 small-12 large-5\"  >\n\t\t\t\t<div class=\"col-inner\"  >\n\t\t\t\n\t\t\t\n<h2>Schenke gr\u00fcne Lebensfreude<\/h2>\n<p>Dieser Gutschein kann f\u00fcr alle Bestellungen in unserem Shop verwendet werden. Die\/der Beschenkte kann ihn also f\u00fcr einen kleinen Gem\u00fcsegarten oder f\u00fcr die Bezahlung anderer Produkte verwenden.<\/p>\n<p><span style=\"color: #ff0000;\">Bitte beachte<\/span>, dass der Gutschein keine Garantie f\u00fcr einen Garten am Wunschstandort ist. Ob und wie viele Gem\u00fcseg\u00e4rten noch vorr\u00e4tig sind, kannst du auf den <a href=\"https:\/\/www.meine-ernte.de\/shop\/mietgaerten\/\" target=\"_blank\" rel=\"noopener\">Produktseiten<\/a> sehen.<\/p>\n\t\t<\/div>\n\t\t\t\t\t<\/div>\n\n\t\n\n\t<div id=\"col-195709445\" class=\"col medium-1 small-12 large-1\"  >\n\t\t\t\t<div class=\"col-inner\"  >\n\t\t\t\n\t\t\t\n\t\t<\/div>\n\t\t\t\t\t<\/div>\n\n\t\n\n\t<div id=\"col-1839025603\" class=\"col medium-5 small-12 large-5\"  >\n\t\t\t\t<div class=\"col-inner text-left\"  >\n\t\t\t\n\t\t\t\n<h2>Ablauf<\/h2>\n<p>Nach der Bestellung erh\u00e4ltst du deinen Geschenkgutschein mit Code als PDF-Datei per E-Mail zugesendet. Du kannst den Gutschein dann ausdrucken und verschenken oder per E-Mail weiterleiten.<\/p>\n<p>Soll der Gutschein f\u00fcr einen Mietgarten eingesetzt werden, bucht der Beschenkte den Garten an seinem Wunschstandort selbstst\u00e4ndig und erwirbt erst mit Abschluss der Buchung eine verbindliche Reservierung.<br \/>\nDurch die dynamische Nachfrage und die geltenden Datenschutzrichtlinien ist eine Reservierung im Vorfeld leider nicht m\u00f6glich.<\/p>\n<p>Der Gutschein ist innerhalb von drei Jahren ab Kaufdatum einzul\u00f6sen.<\/p>\n\t\t<\/div>\n\t\t\t\t\t<\/div>\n\n\t\n<\/div>\n","protected":false},"excerpt":{"rendered":"<ul>\n<li>Personalisierbar<\/li>\n<li>Kann f\u00fcr Mietg\u00e4rten sowie f\u00fcr das gesamte Sortiment eingel\u00f6st werden<\/li>\n<li>Soll der Gutschein f\u00fcr einen Mietgarten eingel\u00f6st werden,\u00a0<a href=\"https:\/\/www.meine-ernte.de\/shop\/mietgaerten\/\">pr\u00fcfe vorab die aktuelle Verf\u00fcgbarkeit und Preisstellung f\u00fcr deine Wunschgr\u00f6\u00dfe in unserer Rubrik Gem\u00fcseg\u00e4rten<\/a>\u00a0(diese kann sich kurzfristig \u00e4ndern)<\/li>\n<li><span style=\"color: red;\">Achtung:<\/span> Mit dem Kauf des Gutscheins wird kein Mietgarten reserviert. Ein Garten am Wunschstandort kann also nicht garantiert werden. Der Garten wir erst durch Einl\u00f6sung des Gutscheins \u00fcber den Beschenkten verbindlich gebucht.<\/li>\n<\/ul>\n","protected":false},"featured_media":123631,"comment_status":"open","ping_status":"closed","template":"","meta":{"_acf_changed":false},"product_brand":[],"product_cat":[668,507,672,350,337],"product_tag":[665],"class_list":{"0":"post-80409","1":"product","2":"type-product","3":"status-publish","4":"has-post-thumbnail","6":"product_cat-meine-ernte-produkte","7":"product_cat-ueber-50-euro","8":"product_cat-geschenkgutscheine-meine-ernte","9":"product_cat-gutscheine","10":"product_cat-geschenke","11":"product_tag-mindestbestellwert","12":"product_shipping_class-versand-durch-meine-ernte-versandkostenfrei","14":"first","15":"instock","16":"sold-individually","17":"purchasable","18":"product-type-variable","19":"has-default-attributes"},"acf":[],"tiered_pricing_type":"fixed","tiered_pricing_fixed_rules":[],"tiered_pricing_product_settings":{"layout":"default","base_unit_name":{"singular":null,"plural":null},"default_variation":null},"tiered_pricing_minimum_quantity":null,"tiered_pricing_roles_data":[],"tiered_pricing_percentage_rules":[],"_links":{"self":[{"href":"https:\/\/www.meine-ernte.de\/shop\/wp-json\/wp\/v2\/product\/80409","targetHints":{"allow":["GET"]}}],"collection":[{"href":"https:\/\/www.meine-ernte.de\/shop\/wp-json\/wp\/v2\/product"}],"about":[{"href":"https:\/\/www.meine-ernte.de\/shop\/wp-json\/wp\/v2\/types\/product"}],"replies":[{"embeddable":true,"href":"https:\/\/www.meine-ernte.de\/shop\/wp-json\/wp\/v2\/comments?post=80409"}],"wp:featuredmedia":[{"embeddable":true,"href":"https:\/\/www.meine-ernte.de\/shop\/wp-json\/wp\/v2\/media\/123631"}],"wp:attachment":[{"href":"https:\/\/www.meine-ernte.de\/shop\/wp-json\/wp\/v2\/media?parent=80409"}],"wp:term":[{"taxonomy":"product_brand","embeddable":true,"href":"https:\/\/www.meine-ernte.de\/shop\/wp-json\/wp\/v2\/product_brand?post=80409"},{"taxonomy":"product_cat","embeddable":true,"href":"https:\/\/www.meine-ernte.de\/shop\/wp-json\/wp\/v2\/product_cat?post=80409"},{"taxonomy":"product_tag","embeddable":true,"href":"https:\/\/www.meine-ernte.de\/shop\/wp-json\/wp\/v2\/product_tag?post=80409"}],"curies":[{"name":"wp","href":"https:\/\/api.w.org\/{rel}","templated":true}]}}