{"id":76169,"date":"2021-09-10T11:09:05","date_gmt":"2021-09-10T09:09:05","guid":{"rendered":"https:\/\/www.meine-ernte.de\/shop\/?post_type=product&#038;p=76169"},"modified":"2025-07-24T10:27:51","modified_gmt":"2025-07-24T08:27:51","slug":"tomaten-erfolgreich-anbauen-ebook-von-meine-ernte","status":"publish","type":"product","link":"https:\/\/www.meine-ernte.de\/shop\/tomaten-erfolgreich-anbauen-ebook-von-meine-ernte\/","title":{"rendered":"Digitales Buch \u201eTomaten erfolgreich anbauen\u201c 39 Seiten zum Download"},"content":{"rendered":"\n\t<section class=\"section\" id=\"section_1447690436\">\n\t\t<div class=\"section-bg fill\" >\n\t\t\t\t\t\t\t\t\t\n\t\t\t\n\n\t\t<\/div>\n\n\t\t\n\n\t\t<div class=\"section-content relative\">\n\t\t\t\n<div class=\"row align-center\"  id=\"row-1703138800\">\n\n\t<div id=\"col-1170507594\" class=\"col medium-5 small-10 large-5\"  >\n\t\t\t\t<div class=\"col-inner text-left\"  >\n\t\t\t\n\t\t\t\n<div class=\"container section-title-container\" ><h3 class=\"section-title section-title-center\"><b aria-hidden=\"true\"><\/b><span class=\"section-title-main\" >Produktinformationen<\/span><b aria-hidden=\"true\"><\/b><\/h3><\/div>\n<h4>Leckere sonnengereifte Tomaten ernten<\/h4>\n<p>Mit diesem Tomaten eBook kannst du im n\u00e4chsten Sommer deine eigenen frischen und gesunden Tomaten vom Strauch ernten! Egal ob du Anf\u00e4nger bist oder Gartenprofi und bisher Probleme mit dem Anbau von Tomaten hattest \u2013 in diesem eBook findest du praktische Tipps und einfache Schritt f\u00fcr Schritt Anleitungen.<\/p>\n\t<div class=\"img has-hover x md-x lg-x y md-y lg-y\" id=\"image_2054350938\">\n\t\t\t\t\t\t\t\t<div class=\"img-inner dark\" >\n\t\t\t<img decoding=\"async\" width=\"800\" height=\"533\" src=\"https:\/\/www.meine-ernte.de\/shop\/wp-content\/uploads\/Tomaten-ernten-meine-ernte-6.jpg\" class=\"attachment-large size-large\" alt=\"\" srcset=\"https:\/\/www.meine-ernte.de\/shop\/wp-content\/uploads\/Tomaten-ernten-meine-ernte-6.jpg 800w, https:\/\/www.meine-ernte.de\/shop\/wp-content\/uploads\/Tomaten-ernten-meine-ernte-6-600x400.jpg 600w, https:\/\/www.meine-ernte.de\/shop\/wp-content\/uploads\/Tomaten-ernten-meine-ernte-6-768x512.jpg 768w, https:\/\/www.meine-ernte.de\/shop\/wp-content\/uploads\/Tomaten-ernten-meine-ernte-6-100x67.jpg 100w\" sizes=\"(max-width: 800px) 100vw, 800px\" \/>\t\t\t\t\t\t\n\t\t\t\t\t<\/div>\n\t\t\t\t\t\t\t\t\n<style>\n#image_2054350938 {\n  width: 100%;\n}\n<\/style>\n\t<\/div>\n\t\n<h4>Gesunde Vielfalt aus dem Beet<\/h4>\n<p>Kleine Cocktailtomaten, saftige Fleischtomaten oder kompakte Buschtomaten \u2013 sie alle schmecken am besten aus dem eigenen Garten oder Balkon. Die Tomatenvielfalt ist riesig und macht den Tomatenanbau zu einem ganz besonderen Erlebnis.<\/p>\n<p>Tomaten sind nicht nur geschmacklich, sondern auch botanisch eine Besonderheit im Garten. Mit den richtigen Tricks ist die Anzucht und Pflege einfach und erfolgsversprechend. Um auch dich zu ermutigen, Tomaten anzubauen, haben wir unsere Erfahrungen zusammengeschrieben und dieses sch\u00f6ne eBook kreiert.<\/p>\n<h4>Krankheiten und Mangelerscheinungen vermeiden<\/h4>\n\t<div class=\"img has-hover x md-x lg-x y md-y lg-y\" id=\"image_236819813\">\n\t\t\t\t\t\t\t\t<div class=\"img-inner dark\" >\n\t\t\t<img decoding=\"async\" width=\"800\" height=\"450\" src=\"https:\/\/www.meine-ernte.de\/shop\/wp-content\/uploads\/Kraut-und-Braunfaeule-klein.jpg\" class=\"attachment-large size-large\" alt=\"\" srcset=\"https:\/\/www.meine-ernte.de\/shop\/wp-content\/uploads\/Kraut-und-Braunfaeule-klein.jpg 800w, https:\/\/www.meine-ernte.de\/shop\/wp-content\/uploads\/Kraut-und-Braunfaeule-klein-711x400.jpg 711w, https:\/\/www.meine-ernte.de\/shop\/wp-content\/uploads\/Kraut-und-Braunfaeule-klein-768x432.jpg 768w, https:\/\/www.meine-ernte.de\/shop\/wp-content\/uploads\/Kraut-und-Braunfaeule-klein-600x338.jpg 600w, https:\/\/www.meine-ernte.de\/shop\/wp-content\/uploads\/Kraut-und-Braunfaeule-klein-100x56.jpg 100w\" sizes=\"(max-width: 800px) 100vw, 800px\" \/>\t\t\t\t\t\t\n\t\t\t\t\t<\/div>\n\t\t\t\t\t\t\t\t\n<style>\n#image_236819813 {\n  width: 100%;\n}\n<\/style>\n\t<\/div>\n\t\n<p>Nie wieder Braunf\u00e4ule<\/p>\n\t<div class=\"img has-hover x md-x lg-x y md-y lg-y\" id=\"image_2081400034\">\n\t\t\t\t\t\t\t\t<div class=\"img-inner dark\" >\n\t\t\t<img decoding=\"async\" width=\"800\" height=\"533\" src=\"https:\/\/www.meine-ernte.de\/shop\/wp-content\/uploads\/meine-ernte-Tomaten-richtig-duengen-1-bluetenendfaeule.jpg\" class=\"attachment-large size-large\" alt=\"\" srcset=\"https:\/\/www.meine-ernte.de\/shop\/wp-content\/uploads\/meine-ernte-Tomaten-richtig-duengen-1-bluetenendfaeule.jpg 800w, https:\/\/www.meine-ernte.de\/shop\/wp-content\/uploads\/meine-ernte-Tomaten-richtig-duengen-1-bluetenendfaeule-600x400.jpg 600w, https:\/\/www.meine-ernte.de\/shop\/wp-content\/uploads\/meine-ernte-Tomaten-richtig-duengen-1-bluetenendfaeule-768x512.jpg 768w, https:\/\/www.meine-ernte.de\/shop\/wp-content\/uploads\/meine-ernte-Tomaten-richtig-duengen-1-bluetenendfaeule-100x67.jpg 100w\" sizes=\"(max-width: 800px) 100vw, 800px\" \/>\t\t\t\t\t\t\n\t\t\t\t\t<\/div>\n\t\t\t\t\t\t\t\t\n<style>\n#image_2081400034 {\n  width: 100%;\n}\n<\/style>\n\t<\/div>\n\t\n<p>Nie wieder Calziummangel<\/p>\n<p>Verfaulte Fr\u00fcchte und gelbliche, schwache Pflanzen sind mit diesem Hintergrund-Wissen Geschichte!<\/p>\n\t\t<\/div>\n\t\t\t\t\t<\/div>\n\n\t\n\n\t<div id=\"col-1249838484\" class=\"col medium-1 small-12 large-1\"  >\n\t\t\t\t<div class=\"col-inner\"  >\n\t\t\t\n\t\t\t\n\t\t<\/div>\n\t\t\t\t\t<\/div>\n\n\t\n\n\t<div id=\"col-540452976\" class=\"col medium-5 small-12 large-5\"  >\n\t\t\t\t<div class=\"col-inner\"  >\n\t\t\t\n\t\t\t\n<h4>Das bekommst du:<\/h4>\n<ul>\n<li>39 Seiten geballtes Garten- und Tomatenwissen vom <em>meine ernte<\/em> Team<\/li>\n<li>Schritt f\u00fcr Schritt Anleitung zur Anzucht<\/li>\n<li>Sortentipps f\u00fcr Balkon, Garten und Freiland<\/li>\n<li>Tipps f\u00fcr die ideale Mischkultur<\/li>\n<li>Tipps, um Braunf\u00e4ule vorzubeugen<\/li>\n<li>Tipps gegen typische Krankheiten und Mangelerscheinungen<\/li>\n<\/ul>\n<p>Direkt nach dem Kauf bekommst du dein eBook zugeschickt, du kannst es herunterladen und dein Tomatenwissen aufpeppen. Bitte beachte, dass bei unseren digitalen Produkten kein R\u00fcckgaberecht besteht.<\/p>\n<h4>Tipp f\u00fcr <em>meine ernte<\/em> Mietg\u00e4rtner<\/h4>\n<p>In deinem Mietgarten sind keine Tomaten vorgepflanzt, doch in deinem Wunschbeet ist ausreichend Platz f\u00fcr 3-6 Tomatenpflanzen. Mit unserem eBook und den richtigen Freiland-Tomatensorten wie der Wildtomate \u201eRote Ribisel\u201c und der Cocktailtomate \u201eYellow Pear\u201c kannst du dir auch im Freiland eine reiche Tomatenernte sichern.<\/p>\n<h4>Passende Produkte zum Tomatenanbau<\/h4>\n<p>Deine Tomaten sind Starkzehrer und brauchen eine ausreichende Versorgung durch D\u00fcnger im Laufe der Saison. Au\u00dferdem werden sie durch Rankhilfe nach oben geleitet.<\/p>\n<p>&nbsp;<\/p>\n<p style=\"text-align: center\"><strong>Eure Meinung:<\/strong><\/p>\n<p style=\"margin-bottom: 0px;text-align: center\"><em>&#8222;N\u00fctzliche Information! Top&#8220;<\/em><\/p>\n<p style=\"margin-top: 0px;text-align: center\">(Andrea)<\/p>\n<p style=\"margin-bottom: 0px;text-align: center\"><em>&#8222;Der digitale Beetplan ist perfekt f\u00fcr Anf\u00e4nger wie mich, alles ist \u00fcbersichtlich und leicht verst\u00e4ndlich, sodass die Tomatenpflege richtig Spa\u00df macht!&#8220;<\/em><\/p>\n<p style=\"margin-top: 0px;text-align: center\">(Max)<\/p>\n\t\t<\/div>\n\t\t\t\t\t<\/div>\n\n\t\n<\/div>\n<div class=\"container section-title-container\" ><h3 class=\"section-title section-title-center\"><b aria-hidden=\"true\"><\/b><span class=\"section-title-main\" >Noch Fragen? - Wir hacken das!<\/span><b aria-hidden=\"true\"><\/b><\/h3><\/div>\n<p>Du hast Fragen zum Tomaten eBook? Dann schick uns eine Email an <a href=\"mailto:info@meine-ernte.de\">info@meine-ernte.de<\/a> mit dem Betreff \u201eTomaten eBook\u201c. Gemeinsam hacken wir das!<\/p>\n<p>Wir w\u00fcnschen dir viel Erfolg und Spa\u00df beim Anbau deiner eigenen Tomaten!<\/p>\n\t<div class=\"img has-hover x md-x lg-x y md-y lg-y\" id=\"image_937745949\">\n\t\t\t\t\t\t\t\t<div class=\"img-inner dark\" >\n\t\t\t<img decoding=\"async\" width=\"800\" height=\"451\" src=\"https:\/\/www.meine-ernte.de\/shop\/wp-content\/uploads\/Ina-Steffi.jpg\" class=\"attachment-large size-large\" alt=\"\" srcset=\"https:\/\/www.meine-ernte.de\/shop\/wp-content\/uploads\/Ina-Steffi.jpg 800w, https:\/\/www.meine-ernte.de\/shop\/wp-content\/uploads\/Ina-Steffi-710x400.jpg 710w, https:\/\/www.meine-ernte.de\/shop\/wp-content\/uploads\/Ina-Steffi-768x433.jpg 768w, https:\/\/www.meine-ernte.de\/shop\/wp-content\/uploads\/Ina-Steffi-600x338.jpg 600w\" sizes=\"(max-width: 800px) 100vw, 800px\" \/>\t\t\t\t\t\t\n\t\t\t\t\t<\/div>\n\t\t\t\t\t\t\t\t\n<style>\n#image_937745949 {\n  width: 56%;\n}\n<\/style>\n\t<\/div>\n\t\n\t\t<\/div>\n\n\t\t\n<style>\n#section_1447690436 {\n  padding-top: 30px;\n  padding-bottom: 30px;\n}\n<\/style>\n\t<\/section>\n\t\n<div class=\"container section-title-container\" ><h3 class=\"section-title section-title-normal\"><b aria-hidden=\"true\"><\/b><span class=\"section-title-main\" >Noch mehr Gartenwissen<\/span><b aria-hidden=\"true\"><\/b><\/h3><\/div>\n\t\n  \n    <div class=\"row large-columns-4 medium-columns-3 small-columns-2 row-small slider row-slider slider-nav-reveal slider-nav-push\"  data-flickity-options='{&quot;imagesLoaded&quot;: true, &quot;groupCells&quot;: &quot;100%&quot;, &quot;dragThreshold&quot; : 5, &quot;cellAlign&quot;: &quot;left&quot;,&quot;wrapAround&quot;: true,&quot;prevNextButtons&quot;: true,&quot;percentPosition&quot;: true,&quot;pageDots&quot;: false, &quot;rightToLeft&quot;: false, &quot;autoPlay&quot; : false}' >\n\n  \n\t     <div class=\"product-small col has-hover product type-product post-96241 status-publish first instock product_cat-buecher-meine-ernte-produkte product_cat-meine-ernte-produkte product_tag-mindestbestellwert product_tag-brand product_tag-buch has-post-thumbnail taxable shipping-taxable purchasable product-type-simple\">\n\t<div class=\"col-inner\">\n\t\n<div class=\"badge-container absolute left top z-1\">\n\n<div class=\"badge callout badge-circle\"><div class=\"badge-inner callout-new-bg is-small new-bubble\">Bestseller<\/div><\/div><\/div>\n\t<div class=\"product-small box \">\n\t\t<div class=\"box-image\">\n\t\t\t<div class=\"image-fade_in_back\">\n\t\t\t\t<a href=\"https:\/\/www.meine-ernte.de\/shop\/365-tage-selbstversorgung-natalie-kirchbaumer-wanda-ganders-buch-hardcover-meine-ernte\/\">\n\t\t\t\t\t<img decoding=\"async\" width=\"300\" height=\"300\" src=\"https:\/\/www.meine-ernte.de\/shop\/wp-content\/uploads\/365-Tage-Selbstversorgung_web-300x300.gif\" class=\"attachment-woocommerce_thumbnail size-woocommerce_thumbnail\" alt=\"365 TAGE SELBSTVERSORGUNG - Das Beste aus 12 Jahren Selbstversorgerwissen von meine ernte\" srcset=\"https:\/\/www.meine-ernte.de\/shop\/wp-content\/uploads\/365-Tage-Selbstversorgung_web-300x300.gif 300w, https:\/\/www.meine-ernte.de\/shop\/wp-content\/uploads\/365-Tage-Selbstversorgung_web-400x400.gif 400w, https:\/\/www.meine-ernte.de\/shop\/wp-content\/uploads\/365-Tage-Selbstversorgung_web-800x800.gif 800w, https:\/\/www.meine-ernte.de\/shop\/wp-content\/uploads\/365-Tage-Selbstversorgung_web-280x280.gif 280w, https:\/\/www.meine-ernte.de\/shop\/wp-content\/uploads\/365-Tage-Selbstversorgung_web-768x768.gif 768w, https:\/\/www.meine-ernte.de\/shop\/wp-content\/uploads\/365-Tage-Selbstversorgung_web-600x600.gif 600w, https:\/\/www.meine-ernte.de\/shop\/wp-content\/uploads\/365-Tage-Selbstversorgung_web-100x100.gif 100w\" sizes=\"(max-width: 300px) 100vw, 300px\" \/><img decoding=\"async\" width=\"300\" height=\"300\" src=\"https:\/\/www.meine-ernte.de\/shop\/wp-content\/uploads\/365-Tage-Selbstversorgung_1-300x300.jpg\" class=\"show-on-hover absolute fill hide-for-small back-image\" alt=\"Alternative view of 365 TAGE SELBSTVERSORGUNG - Das Beste aus 12 Jahren Selbstversorgerwissen von meine ernte\" aria-hidden=\"true\" srcset=\"https:\/\/www.meine-ernte.de\/shop\/wp-content\/uploads\/365-Tage-Selbstversorgung_1-300x300.jpg 300w, https:\/\/www.meine-ernte.de\/shop\/wp-content\/uploads\/365-Tage-Selbstversorgung_1-280x280.jpg 280w, https:\/\/www.meine-ernte.de\/shop\/wp-content\/uploads\/365-Tage-Selbstversorgung_1-100x100.jpg 100w\" sizes=\"(max-width: 300px) 100vw, 300px\" \/>\t\t\t\t<\/a>\n\t\t\t<\/div>\n\t\t\t<div class=\"image-tools is-small top right show-on-hover\">\n\t\t\t\t\t\t\t<\/div>\n\t\t\t<div class=\"image-tools is-small hide-for-small bottom left show-on-hover\">\n\t\t\t\t\t\t\t<\/div>\n\t\t\t<div class=\"image-tools grid-tools text-center hide-for-small bottom hover-slide-in show-on-hover\">\n\t\t\t\t<a href=\"#quick-view\" class=\"quick-view\" role=\"button\" data-prod=\"96241\" aria-haspopup=\"dialog\" aria-expanded=\"false\" data-flatsome-role-button>Schnellansicht<\/a>\t\t\t<\/div>\n\t\t\t\t\t<\/div>\n\n\t\t<div class=\"box-text box-text-products\">\n\t\t\t<div class=\"title-wrapper\"><p class=\"name product-title woocommerce-loop-product__title\"><a href=\"https:\/\/www.meine-ernte.de\/shop\/365-tage-selbstversorgung-natalie-kirchbaumer-wanda-ganders-buch-hardcover-meine-ernte\/\" class=\"woocommerce-LoopProduct-link woocommerce-loop-product__link\">365 TAGE SELBSTVERSORGUNG &#8211; Das Beste aus 12 Jahren Selbstversorgerwissen von meine ernte<\/a><\/p><\/div><div class=\"price-wrapper\"><div class=\"star-rating star-rating--inline\" role=\"img\" aria-label=\"Bewertet mit 4.67 von 5\"><span style=\"width:93.4%\">Bewertet mit <strong class=\"rating\">4.67<\/strong> von 5<\/span><\/div><p class=\"wc-gzd-additional-info wc-gzd-additional-info-loop wc-gzd-rating-authenticity-status is-verified\">\n\tGepr\u00fcfte Gesamtbewertung. <a href=\"https:\/\/www.meine-ernte.de\/shop\/echtheit-von-bewertungen\/\" target=\"_blank\">Mehr Infos<\/a><\/p>\n\n\t<span class=\"price\">\t\t<span class=\"tiered-pricing-dynamic-price-wrapper\"\n\t\t\t  data-display-context=\"shop-loop\"\n\t\t\t  data-price-type=\"no-rules\"\n\t\t\t  data-product-id=\"96241\"\n\t\t\t  data-parent-id=\"96241\">\n\t\t\t<span class=\"woocommerce-Price-amount amount\"><bdi>22,00&nbsp;<span class=\"woocommerce-Price-currencySymbol\">&euro;<\/span><\/bdi><\/span><\/span><\/span>\n\n\n\n<\/div>\t\t<\/div>\n\t<\/div>\n\t\n\t<p class=\"wc-gzd-additional-info wc-gzd-additional-info-loop tax-info\">inkl. 7 % MwSt.<\/p>\n\n\t<p class=\"wc-gzd-additional-info wc-gzd-additional-info-loop shipping-costs-info\">zzgl. <a href=\"https:\/\/www.meine-ernte.de\/shop\/versandarten\/\" target=\"_blank\">Versandkosten<\/a><\/p>\n\n\t<p class=\"wc-gzd-additional-info delivery-time-info wc-gzd-additional-info-loop\"><span class=\"delivery-time-inner delivery-time-3-5-werktage\">Lieferzeit: <span class=\"delivery-time-data\">3-5 Werktage<\/span><\/span><\/p>\n\n\t<\/div>\n<\/div><div class=\"product-small col has-hover product type-product post-108510 status-publish instock product_cat-buecher-meine-ernte-produkte product_cat-meine-ernte-produkte product_tag-mindestbestellwert product_tag-brand product_tag-buch has-post-thumbnail taxable shipping-taxable purchasable product-type-simple\">\n\t<div class=\"col-inner\">\n\t\n<div class=\"badge-container absolute left top z-1\">\n\n<\/div>\n\t<div class=\"product-small box \">\n\t\t<div class=\"box-image\">\n\t\t\t<div class=\"image-fade_in_back\">\n\t\t\t\t<a href=\"https:\/\/www.meine-ernte.de\/shop\/buch-quickfinder-hochbeet-und-gemuesegarten\/\">\n\t\t\t\t\t<img decoding=\"async\" width=\"300\" height=\"300\" src=\"https:\/\/www.meine-ernte.de\/shop\/wp-content\/uploads\/Quickfinder-Hochbeet-und-Gemuesegarten-Cover-2023-300x300.jpg\" class=\"attachment-woocommerce_thumbnail size-woocommerce_thumbnail\" alt=\"Buch &quot;Quickfinder Hochbeet und Gem\u00fcsegarten&quot;\" srcset=\"https:\/\/www.meine-ernte.de\/shop\/wp-content\/uploads\/Quickfinder-Hochbeet-und-Gemuesegarten-Cover-2023-300x300.jpg 300w, https:\/\/www.meine-ernte.de\/shop\/wp-content\/uploads\/Quickfinder-Hochbeet-und-Gemuesegarten-Cover-2023-280x280.jpg 280w, https:\/\/www.meine-ernte.de\/shop\/wp-content\/uploads\/Quickfinder-Hochbeet-und-Gemuesegarten-Cover-2023-100x100.jpg 100w\" sizes=\"(max-width: 300px) 100vw, 300px\" \/><img decoding=\"async\" width=\"300\" height=\"300\" src=\"https:\/\/www.meine-ernte.de\/shop\/wp-content\/uploads\/Quickfinder-Hochbeet-meine-ernte-Leseproben-1-300x300.jpg\" class=\"show-on-hover absolute fill hide-for-small back-image\" alt=\"Alternative view of Buch &quot;Quickfinder Hochbeet und Gem\u00fcsegarten&quot;\" aria-hidden=\"true\" srcset=\"https:\/\/www.meine-ernte.de\/shop\/wp-content\/uploads\/Quickfinder-Hochbeet-meine-ernte-Leseproben-1-300x300.jpg 300w, https:\/\/www.meine-ernte.de\/shop\/wp-content\/uploads\/Quickfinder-Hochbeet-meine-ernte-Leseproben-1-400x400.jpg 400w, https:\/\/www.meine-ernte.de\/shop\/wp-content\/uploads\/Quickfinder-Hochbeet-meine-ernte-Leseproben-1-280x280.jpg 280w, https:\/\/www.meine-ernte.de\/shop\/wp-content\/uploads\/Quickfinder-Hochbeet-meine-ernte-Leseproben-1-100x100.jpg 100w, https:\/\/www.meine-ernte.de\/shop\/wp-content\/uploads\/Quickfinder-Hochbeet-meine-ernte-Leseproben-1-64x64.jpg 64w, https:\/\/www.meine-ernte.de\/shop\/wp-content\/uploads\/Quickfinder-Hochbeet-meine-ernte-Leseproben-1-80x80.jpg 80w, https:\/\/www.meine-ernte.de\/shop\/wp-content\/uploads\/Quickfinder-Hochbeet-meine-ernte-Leseproben-1.jpg 600w\" sizes=\"(max-width: 300px) 100vw, 300px\" \/>\t\t\t\t<\/a>\n\t\t\t<\/div>\n\t\t\t<div class=\"image-tools is-small top right show-on-hover\">\n\t\t\t\t\t\t\t<\/div>\n\t\t\t<div class=\"image-tools is-small hide-for-small bottom left show-on-hover\">\n\t\t\t\t\t\t\t<\/div>\n\t\t\t<div class=\"image-tools grid-tools text-center hide-for-small bottom hover-slide-in show-on-hover\">\n\t\t\t\t<a href=\"#quick-view\" class=\"quick-view\" role=\"button\" data-prod=\"108510\" aria-haspopup=\"dialog\" aria-expanded=\"false\" data-flatsome-role-button>Schnellansicht<\/a>\t\t\t<\/div>\n\t\t\t\t\t<\/div>\n\n\t\t<div class=\"box-text box-text-products\">\n\t\t\t<div class=\"title-wrapper\"><p class=\"name product-title woocommerce-loop-product__title\"><a href=\"https:\/\/www.meine-ernte.de\/shop\/buch-quickfinder-hochbeet-und-gemuesegarten\/\" class=\"woocommerce-LoopProduct-link woocommerce-loop-product__link\">Buch &#8222;Quickfinder Hochbeet und Gem\u00fcsegarten&#8220;<\/a><\/p><\/div><div class=\"price-wrapper\"><div class=\"star-rating star-rating--inline\" role=\"img\" aria-label=\"Bewertet mit 5 von 5\"><span style=\"width:100%\">Bewertet mit <strong class=\"rating\">5<\/strong> von 5<\/span><\/div><p class=\"wc-gzd-additional-info wc-gzd-additional-info-loop wc-gzd-rating-authenticity-status is-verified\">\n\tGepr\u00fcfte Gesamtbewertung. <a href=\"https:\/\/www.meine-ernte.de\/shop\/echtheit-von-bewertungen\/\" target=\"_blank\">Mehr Infos<\/a><\/p>\n\n\t<span class=\"price\">\t\t<span class=\"tiered-pricing-dynamic-price-wrapper\"\n\t\t\t  data-display-context=\"shop-loop\"\n\t\t\t  data-price-type=\"no-rules\"\n\t\t\t  data-product-id=\"108510\"\n\t\t\t  data-parent-id=\"108510\">\n\t\t\t<span class=\"woocommerce-Price-amount amount\"><bdi>22,00&nbsp;<span class=\"woocommerce-Price-currencySymbol\">&euro;<\/span><\/bdi><\/span><\/span><\/span>\n\n\n\n<\/div>\t\t<\/div>\n\t<\/div>\n\t\n\t<p class=\"wc-gzd-additional-info wc-gzd-additional-info-loop tax-info\">inkl. 7 % MwSt.<\/p>\n\n\t<p class=\"wc-gzd-additional-info wc-gzd-additional-info-loop shipping-costs-info\">zzgl. <a href=\"https:\/\/www.meine-ernte.de\/shop\/versandarten\/\" target=\"_blank\">Versandkosten<\/a><\/p>\n\n\t<p class=\"wc-gzd-additional-info delivery-time-info wc-gzd-additional-info-loop\"><span class=\"delivery-time-inner delivery-time-3-5-werktage\">Lieferzeit: <span class=\"delivery-time-data\">3-5 Werktage<\/span><\/span><\/p>\n\n\t<\/div>\n<\/div><\/div>\n","protected":false},"excerpt":{"rendered":"<ul>\n<li>Umfassendes Wissen rund um den Tomatenanbau<\/li>\n<li>39 Seiten Tipps von erfahrenen G\u00e4rtnerinnen aus dem <em>meine ernte <\/em>Team<\/li>\n<li>Schritt f\u00fcr Schritt Anleitungen<\/li>\n<li>Starte direkt nach dem Kauf mit dem Lesen<\/li>\n<li>Geballtes Gartenwissen aus \u00fcber 12 Jahren<\/li>\n<li>Dieses ebook kann auf allen Ger\u00e4ten gelesen werden, die pdf-Dateien anzeigen k\u00f6nnen.<\/li>\n<\/ul>\n","protected":false},"featured_media":76320,"comment_status":"open","ping_status":"closed","template":"","meta":{"_acf_changed":false},"product_brand":[],"product_cat":[678,679,668,289],"product_tag":[],"class_list":{"0":"post-76169","1":"product","2":"type-product","3":"status-publish","4":"has-post-thumbnail","6":"product_cat-beetplaene-meine-ernte-produkte","7":"product_cat-buecher-meine-ernte-produkte","8":"product_cat-meine-ernte-produkte","9":"product_cat-tomaten","11":"","12":"instock","13":"downloadable","14":"taxable","15":"shipping-taxable","16":"purchasable","17":"product-type-simple"},"acf":[],"tiered_pricing_type":"fixed","tiered_pricing_fixed_rules":[],"tiered_pricing_product_settings":{"layout":"default","base_unit_name":{"singular":null,"plural":null},"default_variation":null},"tiered_pricing_minimum_quantity":null,"tiered_pricing_roles_data":[],"tiered_pricing_percentage_rules":[],"_links":{"self":[{"href":"https:\/\/www.meine-ernte.de\/shop\/wp-json\/wp\/v2\/product\/76169","targetHints":{"allow":["GET"]}}],"collection":[{"href":"https:\/\/www.meine-ernte.de\/shop\/wp-json\/wp\/v2\/product"}],"about":[{"href":"https:\/\/www.meine-ernte.de\/shop\/wp-json\/wp\/v2\/types\/product"}],"replies":[{"embeddable":true,"href":"https:\/\/www.meine-ernte.de\/shop\/wp-json\/wp\/v2\/comments?post=76169"}],"wp:featuredmedia":[{"embeddable":true,"href":"https:\/\/www.meine-ernte.de\/shop\/wp-json\/wp\/v2\/media\/76320"}],"wp:attachment":[{"href":"https:\/\/www.meine-ernte.de\/shop\/wp-json\/wp\/v2\/media?parent=76169"}],"wp:term":[{"taxonomy":"product_brand","embeddable":true,"href":"https:\/\/www.meine-ernte.de\/shop\/wp-json\/wp\/v2\/product_brand?post=76169"},{"taxonomy":"product_cat","embeddable":true,"href":"https:\/\/www.meine-ernte.de\/shop\/wp-json\/wp\/v2\/product_cat?post=76169"},{"taxonomy":"product_tag","embeddable":true,"href":"https:\/\/www.meine-ernte.de\/shop\/wp-json\/wp\/v2\/product_tag?post=76169"}],"curies":[{"name":"wp","href":"https:\/\/api.w.org\/{rel}","templated":true}]}}