{"id":70302,"date":"2021-03-26T14:17:10","date_gmt":"2021-03-26T13:17:10","guid":{"rendered":"https:\/\/www.meine-ernte.de\/shop\/?post_type=product&#038;p=70302"},"modified":"2025-06-11T19:15:26","modified_gmt":"2025-06-11T17:15:26","slug":"extra-breites-balkon-hochbeet-auf-rollen","status":"publish","type":"product","link":"https:\/\/www.meine-ernte.de\/shop\/extra-breites-balkon-hochbeet-auf-rollen\/","title":{"rendered":"Extra breites Balkon-Hochbeet Robinienholz auf Rollen, versch. Ma\u00dfe"},"content":{"rendered":"<div class=\"row\"  id=\"row-1651523876\">\n\n\t<div id=\"col-184079242\" class=\"col medium-6 small-12 large-6\"  >\n\t\t\t\t<div class=\"col-inner\"  >\n\t\t\t\n\t\t\t\n<div class=\"container section-title-container\" ><h3 class=\"section-title section-title-center\"><b aria-hidden=\"true\"><\/b><span class=\"section-title-main\" >Von Kopf bis Fu\u00df durchdacht: Zeitloses Design trifft auf hochwertige Materialien<\/span><b aria-hidden=\"true\"><\/b><\/h3><\/div>\n<p>Mit diesem schicken Blickfang im unkomplizierten Design kannst du dich voll auf das konzentrieren, was dir am meisten Spa\u00df macht: Auf das S\u00e4en, Gie\u00dfen, Pflegen, Wachsensehen und Ernten von leckerem Gem\u00fcse und Kr\u00e4utern. Und das in r\u00fcckenschonender Arbeitsh\u00f6he. Zwei individuell w\u00e4hlbare H\u00f6henma\u00dfe kommen dir dabei entgegen.<\/p>\n<p>F\u00fcr diese Hochbeete wurde Robinienholz aus nachhaltiger Waldwirtschaft verarbeitet. Robinienholz ist das langlebigste Holz, das in Europa erh\u00e4ltlich ist\u2013 denn es h\u00e4lt auch im Au\u00dfenbereich viele Jahre ohne den Einsatz von Holzschutzmitteln. Robinienholz ist z\u00e4h, biegsam, elastisch und in vielen technischen Eigenschaften selbst dem Eichenholz \u00fcberlegen. Auch der sonstige Materialeinsatz ist bei diesem Hochbeet durchdacht: Die Verschraubungen sind aus Edelstahl, so dass kein Rost entstehen kann. Eine dauerhafte Tiefenfirnis erfolgt mit Lein\u00f6l.<\/p>\n<p>Geliefert wird dein Hochbeet fertig montiert, so dass du direkt mit der Bepflanzung von Gem\u00fcse, Kr\u00e4utern, Erdbeeren oder Blumen loslegen kannst.<\/p>\n<div class=\"container section-title-container\" ><h3 class=\"section-title section-title-center\"><b aria-hidden=\"true\"><\/b><span class=\"section-title-main\" >Vorteile im \u00dcberblick<\/span><b aria-hidden=\"true\"><\/b><\/h3><\/div>\n<ul>\n<li>R\u00fcckenschonend G\u00e4rtnern auf dem Balkon<\/li>\n<li>Mit Stauraum unter dem Hochbeet f\u00fcr T\u00f6pfe, Erde, Gie\u00dfkanne und Co.<\/li>\n<li>Hochwertige, jeweils mit Feststellbremse ausgestattete Rollen zum bequemen Verschieben<\/li>\n<li>Holz aus europ\u00e4ischer, nachhaltiger Forstwirtschaft (Aufforstung)<\/li>\n<li>Edelstahlverschraubungen rostfrei<\/li>\n<li>Fertig montiert geliefert! Sofort Loslegen ohne ein l\u00e4stiges Zusammenbauen!<\/li>\n<\/ul>\n<div class=\"container section-title-container\" ><h3 class=\"section-title section-title-center\"><b aria-hidden=\"true\"><\/b><span class=\"section-title-main\" >Auf der Suche nach dem st\u00e4rksten Holz Europas<\/span><b aria-hidden=\"true\"><\/b><\/h3><\/div>\n<p>Hochbeete sind -gerade wenn sie ohne \u00dcberdachung stehen- Wind und Wetter ausgesetzt. Viele H\u00f6lzer vergrauen und verwittern schon nach kurzer Zeit. Wenn du den Anspruch hast, \u00f6kologisch zu g\u00e4rtnern, nicht mit umweltsch\u00e4dlichen Lacken und Anstrichen arbeiten oder auf die witterungsbest\u00e4ndigen Tropenh\u00f6lzer ausweichen m\u00f6chtest, dann bist du mit Robinienholz hervorragend beraten.<\/p>\n<p>Die Robinie ist in Sachen Nachhaltigkeit konkurrenzlos \u2013 das witterungsbest\u00e4ndigste Holz Europas (nach <strong>DIN 68 364 = EN 350\/2)<\/strong>, ist mit einem Lebenszyklus von bis zu 80 Jahren sogar noch deutlich vor Eichenholz anzusiedeln und wird in Punkto Festigkeit nur noch von Tropenh\u00f6lzern geschlagen. Mit diesem Robinienholz sch\u00fctzt du die Regenw\u00e4lder, denn es wird In Europa, unter den idealen klimatischen Bedingungen und in nachhaltiger Forstwirtschaft angebaut.<\/p>\n<h3>Nachhaltige Waldwirtschaft<\/h3>\n<p>Das Besondere ist hier, dass f\u00fcr den Anbau des Robinienholzes f\u00fcr diese Hochbeete Freifl\u00e4chen aufgeforstet werden, statt wertvolle W\u00e4lder dauerhaft zu zerst\u00f6ren. W\u00e4hrend heimische H\u00f6lzer wie Fichte, Kiefer und Douglasie nur wenige Jahre nutzbar sind, hast du mit diesen hochwertigen und lang haltbaren Robinienholzhochbeeten \u00f6kologisch vertretbare Begleiter f\u00fcr deinen Lieblingsgartenort.<\/p>\n<div class=\"container section-title-container\" ><h3 class=\"section-title section-title-center\"><b aria-hidden=\"true\"><\/b><span class=\"section-title-main\" >Nie wieder Staun\u00e4sse<\/span><b aria-hidden=\"true\"><\/b><\/h3><\/div>\n<p>Keine Pflanze, ob Blume oder Gem\u00fcse, mag Staun\u00e4sse. Diese Hochbeetserie geht geschickt und bequem f\u00fcr dich mit dem Staun\u00e4sseproblem um. Durch im Hochbeet integrierte Edelstahl-Eins\u00e4tze kann das \u00fcbersch\u00fcssige Wasser direkt abtropfen. Unter dem Hochbeet ist eine Dachrinne montiert, die das Tropfwasser auff\u00e4ngt. Du kannst die Rinne ganz entspannt abnehmen und das Wasser zum Gie\u00dfen anderer Topfpflanzen verwenden.<\/p>\n\t<div class=\"img has-hover x md-x lg-x y md-y lg-y\" id=\"image_2062528145\">\n\t\t\t\t\t\t\t\t<div class=\"img-inner dark\" >\n\t\t\t<img decoding=\"async\" width=\"800\" height=\"600\" src=\"https:\/\/www.meine-ernte.de\/shop\/wp-content\/uploads\/balkon-hochbeete-robinie-detail-3-1.jpg\" class=\"attachment-large size-large\" alt=\"\" srcset=\"https:\/\/www.meine-ernte.de\/shop\/wp-content\/uploads\/balkon-hochbeete-robinie-detail-3-1.jpg 800w, https:\/\/www.meine-ernte.de\/shop\/wp-content\/uploads\/balkon-hochbeete-robinie-detail-3-1-533x400.jpg 533w, https:\/\/www.meine-ernte.de\/shop\/wp-content\/uploads\/balkon-hochbeete-robinie-detail-3-1-768x576.jpg 768w, https:\/\/www.meine-ernte.de\/shop\/wp-content\/uploads\/balkon-hochbeete-robinie-detail-3-1-600x450.jpg 600w\" sizes=\"(max-width: 800px) 100vw, 800px\" \/>\t\t\t\t\t\t\n\t\t\t\t\t<\/div>\n\t\t\t\t\t\t\t\t\n<style>\n#image_2062528145 {\n  width: 100%;\n}\n<\/style>\n\t<\/div>\n\t\n\t\t<\/div>\n\t\t\t\t\t<\/div>\n\n\t\n\n\t<div id=\"col-1387467808\" class=\"col medium-6 small-12 large-6\"  >\n\t\t\t\t<div class=\"col-inner\"  >\n\t\t\t\n\t\t\t\n<div class=\"container section-title-container\" ><h3 class=\"section-title section-title-center\"><b aria-hidden=\"true\"><\/b><span class=\"section-title-main\" >Abmessungen<\/span><b aria-hidden=\"true\"><\/b><\/h3><\/div>\n<p>Dein extra-breites Balkon-Hochbeet mit Rollen ist immer <strong>60 cm breit. <\/strong><\/p>\n<p>Der Pflanzkasten f\u00fcr die Erde ist 27 cm tief.<\/p>\n<p>W\u00e4hle die H\u00f6he und L\u00e4nge des Balkon-Hochbeets in dem Auswahlmen\u00fc oben nach deinen Bed\u00fcrfnisse aus!<\/p>\n<table>\n<tbody>\n<tr>\n<td width=\"94\"><strong>H\u00f6he<\/strong><\/td>\n<td width=\"123\"><strong>L\u00e4nge<\/strong><\/td>\n<\/tr>\n<tr>\n<td width=\"94\">81 cm<\/td>\n<td width=\"123\">87 cm<\/td>\n<\/tr>\n<tr>\n<td width=\"94\">81 cm<\/td>\n<td width=\"123\">123 cm<\/td>\n<\/tr>\n<tr>\n<td width=\"94\">90 cm<\/td>\n<td width=\"123\">123 cm<\/td>\n<\/tr>\n<\/tbody>\n<\/table>\n<div class=\"container section-title-container\" ><h3 class=\"section-title section-title-center\"><b aria-hidden=\"true\"><\/b><span class=\"section-title-main\" >Lieferumfang<\/span><b aria-hidden=\"true\"><\/b><\/h3><\/div>\n<p><span style=\"color: #ed1c24\">Es handelt sich um eine Speditionslieferung. Bitte beachte unsere <a href=\"https:\/\/www.meine-ernte.de\/shop\/wp-content\/uploads\/Wichtige-Informationen-zu-deiner-Speditionslieferung.pdf\" target=\"_blank\" rel=\"noopener\">wichtigen Informationen zu deiner Lieferung<\/a>.<\/span><\/p>\n<p>Bitte teile uns bei einer Bestellung in jedem Fall deine <strong>Telefonnummer<\/strong> mit.<\/p>\n<p>Das Balkon-Hochbeet wird zusammengebaut geliefert!<\/p>\n<div class=\"container section-title-container\" ><h3 class=\"section-title section-title-center\"><b aria-hidden=\"true\"><\/b><span class=\"section-title-main\" >Gestaltungstipps f\u00fcr dein Hochbeet auf dem Balkon und der Terrasse<\/span><b aria-hidden=\"true\"><\/b><\/h3><\/div>\n<p>Nutze dein Hochbeet, um deinen Balkon gr\u00fcn zu gestalten. Im Hochbeet f\u00fchlen sich fast alle Pflanzen wohl. Sehr gut eignen sich zum Beispiel Fr\u00fchlingszwiebeln, Kohlrabi und Rote Bete. Auch Radieschen, Tomaten und Bohnen gedeihen gut im Hochbeet. Passende Rankgitter und Netze erweitern deinen pers\u00f6nlichen Garten(t)raum zus\u00e4tzlich in die H\u00f6he, damit du Stangenbohnen und kleine K\u00fcrbisse, sowie Zucchini oder Hopfen wachsen lassen kannst.<\/p>\n<p>Zu diesem Produkt gibt es passende <a href=\"https:\/\/www.meine-ernte.de\/shop\/pflanzkaesten-und-pflanzkuebel\/\">Pflanzk\u00e4sten<\/a>, <a href=\"https:\/\/www.meine-ernte.de\/shop\/rankgitter-und-rankhilfen\/\">Rankgitter und Rankhilfen<\/a>.<\/p>\n\t<div class=\"img has-hover x md-x lg-x y md-y lg-y\" id=\"image_1894410628\">\n\t\t\t\t\t\t\t\t<div class=\"img-inner dark\" >\n\t\t\t<img decoding=\"async\" width=\"800\" height=\"600\" src=\"https:\/\/www.meine-ernte.de\/shop\/wp-content\/uploads\/balkon-hochbeete-robinie-detail-2-1.jpg\" class=\"attachment-large size-large\" alt=\"\" srcset=\"https:\/\/www.meine-ernte.de\/shop\/wp-content\/uploads\/balkon-hochbeete-robinie-detail-2-1.jpg 800w, https:\/\/www.meine-ernte.de\/shop\/wp-content\/uploads\/balkon-hochbeete-robinie-detail-2-1-533x400.jpg 533w, https:\/\/www.meine-ernte.de\/shop\/wp-content\/uploads\/balkon-hochbeete-robinie-detail-2-1-768x576.jpg 768w, https:\/\/www.meine-ernte.de\/shop\/wp-content\/uploads\/balkon-hochbeete-robinie-detail-2-1-600x450.jpg 600w\" sizes=\"(max-width: 800px) 100vw, 800px\" \/>\t\t\t\t\t\t\n\t\t\t\t\t<\/div>\n\t\t\t\t\t\t\t\t\n<style>\n#image_1894410628 {\n  width: 100%;\n}\n<\/style>\n\t<\/div>\n\t\n\t\t<\/div>\n\t\t\t\t\t<\/div>\n\n\t\n<\/div>\n\n\t<section class=\"section\" id=\"section_898557961\">\n\t\t<div class=\"section-bg fill\" >\n\t\t\t\t\t\t\t\t\t<div class=\"section-bg-overlay absolute fill\"><\/div>\n\t\t\t\n\n\t\t<\/div>\n\n\t\t\n\n\t\t<div class=\"section-content relative\">\n\t\t\t\n<div class=\"row row-large align-middle\"  id=\"row-1574322503\">\n\n\t<div id=\"col-1908121403\" class=\"col medium-3 small-12 large-3\"  >\n\t\t\t\t<div class=\"col-inner text-right\"  >\n\t\t\t\n\t\t\t\n\t<div class=\"img has-hover x md-x lg-x y md-y lg-y\" id=\"image_1240278269\">\n\t\t\t\t\t\t\t\t<div class=\"img-inner dark\" >\n\t\t\t<img decoding=\"async\" width=\"330\" height=\"330\" src=\"https:\/\/www.meine-ernte.de\/shop\/wp-content\/uploads\/Natalie-rund-transparent.png\" class=\"attachment-large size-large\" alt=\"\" srcset=\"https:\/\/www.meine-ernte.de\/shop\/wp-content\/uploads\/Natalie-rund-transparent.png 330w, https:\/\/www.meine-ernte.de\/shop\/wp-content\/uploads\/Natalie-rund-transparent-280x280.png 280w, https:\/\/www.meine-ernte.de\/shop\/wp-content\/uploads\/Natalie-rund-transparent-300x300.png 300w, https:\/\/www.meine-ernte.de\/shop\/wp-content\/uploads\/Natalie-rund-transparent-100x100.png 100w\" sizes=\"(max-width: 330px) 100vw, 330px\" \/>\t\t\t\t\t\t\n\t\t\t\t\t<\/div>\n\t\t\t\t\t\t\t\t\n<style>\n#image_1240278269 {\n  width: 100%;\n}\n<\/style>\n\t<\/div>\n\t\n\t\t<\/div>\n\t\t\t\t\t<\/div>\n\n\t\n\n\t<div id=\"col-234487836\" class=\"col medium-9 small-12 large-9\"  >\n\t\t\t\t<div class=\"col-inner text-left\"  >\n\t\t\t\n\t\t\t\n<h1>Deshalb mag Natalie dieses Produkt<\/h1>\n<p>Ich bin ein gro\u00dfer Hochbeete-Fan. Bei uns im Garten stehen mehrere Hochbeete als lockere Grenze zu den Nachbarn und werden je nach Jahreszeit mit Gr\u00fcnkohl, Knoblauch, Salaten und Rote Bete bepflanzt.<br \/>\nIch finde Holzhochbeete machen optisch jede Terrasse sch\u00f6ner. Umso besser, wenn man diese Deko auch noch aufessen kann. Und wenn man gar keinen Platz mehr hat &#8211; ein kleines Kr\u00e4uterhochbeet passt \u00fcberall hin.<\/p>\n<p><a href=\"https:\/\/www.meine-ernte.de\/shop\/natalie-kirchbaumer\/\">Lerne Natalies Selbstversorger-Projekte kennen<\/a><\/p>\n\t\t<\/div>\n\t\t\t\t\t<\/div>\n\n\t\n<\/div>\n\t\t<\/div>\n\n\t\t\n<style>\n#section_898557961 {\n  padding-top: 60px;\n  padding-bottom: 60px;\n  background-color: rgb(193, 193, 193);\n}\n#section_898557961 .section-bg-overlay {\n  background-color: rgba(255, 255, 255, 0.85);\n}\n<\/style>\n\t<\/section>\n\t\n","protected":false},"excerpt":{"rendered":"<ul>\n<li>Langlebig und nachhaltig durch Robinienholz und Edelstahl<\/li>\n<li>Integrierte Ablaufrinne gegen Staun\u00e4sse, verzinkt<\/li>\n<li>In verschiedenen Ma\u00dfen erh\u00e4ltlich<\/li>\n<li>Wird fertig montiert inklusive Rollen geliefert<\/li>\n<\/ul>\n<div>\u00a0<\/div>\n<span style=\"color: #ed1c24\">Wichtig: Speditionslieferung \u2013 Bitte beachte unsere wichtigen <a href=\"https:\/\/www.meine-ernte.de\/shop\/wp-content\/uploads\/Wichtige-Informationen-zu-deiner-Speditionslieferung.pdf\" target=\"_blank\" rel=\"noopener\">Informationen zu deiner Speditionslieferung<\/a><\/span><br \/>\n<strong>Lieferzeit: 4 Wochen<\/strong><\/p>\n","protected":false},"featured_media":70290,"comment_status":"open","ping_status":"closed","template":"","meta":{"_acf_changed":false},"product_brand":[],"product_cat":[327],"product_tag":[665],"class_list":{"0":"post-70302","1":"product","2":"type-product","3":"status-publish","4":"has-post-thumbnail","6":"product_cat-mietgaerten","7":"product_tag-mindestbestellwert","9":"first","10":"outofstock","11":"taxable","12":"shipping-taxable","13":"purchasable","14":"product-type-variable"},"acf":[],"tiered_pricing_type":"fixed","tiered_pricing_fixed_rules":[],"tiered_pricing_product_settings":{"layout":"default","base_unit_name":{"singular":null,"plural":null},"default_variation":null},"tiered_pricing_minimum_quantity":null,"tiered_pricing_roles_data":[],"tiered_pricing_percentage_rules":[],"_links":{"self":[{"href":"https:\/\/www.meine-ernte.de\/shop\/wp-json\/wp\/v2\/product\/70302","targetHints":{"allow":["GET"]}}],"collection":[{"href":"https:\/\/www.meine-ernte.de\/shop\/wp-json\/wp\/v2\/product"}],"about":[{"href":"https:\/\/www.meine-ernte.de\/shop\/wp-json\/wp\/v2\/types\/product"}],"replies":[{"embeddable":true,"href":"https:\/\/www.meine-ernte.de\/shop\/wp-json\/wp\/v2\/comments?post=70302"}],"wp:featuredmedia":[{"embeddable":true,"href":"https:\/\/www.meine-ernte.de\/shop\/wp-json\/wp\/v2\/media\/70290"}],"wp:attachment":[{"href":"https:\/\/www.meine-ernte.de\/shop\/wp-json\/wp\/v2\/media?parent=70302"}],"wp:term":[{"taxonomy":"product_brand","embeddable":true,"href":"https:\/\/www.meine-ernte.de\/shop\/wp-json\/wp\/v2\/product_brand?post=70302"},{"taxonomy":"product_cat","embeddable":true,"href":"https:\/\/www.meine-ernte.de\/shop\/wp-json\/wp\/v2\/product_cat?post=70302"},{"taxonomy":"product_tag","embeddable":true,"href":"https:\/\/www.meine-ernte.de\/shop\/wp-json\/wp\/v2\/product_tag?post=70302"}],"curies":[{"name":"wp","href":"https:\/\/api.w.org\/{rel}","templated":true}]}}