{"id":67579,"date":"2021-02-25T16:49:15","date_gmt":"2021-02-25T15:49:15","guid":{"rendered":"https:\/\/www.meine-ernte.de\/shop\/?post_type=product&#038;p=67579"},"modified":"2025-08-18T09:14:31","modified_gmt":"2025-08-18T07:14:31","slug":"beetplan-das-nachwachsende-beet","status":"publish","type":"product","link":"https:\/\/www.meine-ernte.de\/shop\/beetplan-das-nachwachsende-beet\/","title":{"rendered":"Digitaler Beetplan \u201eDas Nachwachsende Beet\u201c zum Download"},"content":{"rendered":"\n\t<section class=\"section\" id=\"section_2139135482\">\n\t\t<div class=\"section-bg fill\" >\n\t\t\t\t\t\t\t\t\t\n\t\t\t\n\n\t\t<\/div>\n\n\t\t\n\n\t\t<div class=\"section-content relative\">\n\t\t\t\n<div class=\"row\"  id=\"row-1904784268\">\n\n\t<div id=\"col-1832180920\" class=\"col medium-5 small-10 large-5\"  >\n\t\t\t\t<div class=\"col-inner text-left\"  >\n\t\t\t\n\t\t\t\n<div class=\"container section-title-container\" ><h3 class=\"section-title section-title-center\"><b aria-hidden=\"true\"><\/b><span class=\"section-title-main\" >Produktinformation<\/span><b aria-hidden=\"true\"><\/b><\/h3><\/div>\n<p>Mit diesem Beetplan sicherst du dir eine reiche Ernte das ganze Jahr \u00fcber \u2013 egal, ob du gerade erst mit dem G\u00e4rtnern beginnst oder neue Inspiration suchst.<\/p>\n<p><strong>Was erwartet dich?<\/strong><\/p>\n<ul>\n<li><strong>Vielfalt auf kleinem Raum<\/strong><br \/>Dein Beet wird auf 1,2 m x 6 m optimal genutzt: 17 verschiedene Gem\u00fcsesorten, erg\u00e4nzt durch Blumen und Gr\u00fcnd\u00fcngung, sorgen f\u00fcr eine reiche Ernte und eine gesunde Bodenstruktur.<\/li>\n<li><strong>Ganzj\u00e4hrige Anleitung<\/strong><br \/>Von den ersten Vorbereitungen im M\u00e4rz\/April bis zur Ernte im n\u00e4chsten Jahr \u2013 der Plan f\u00fchrt dich durch die gesamte Saison. Falls du sp\u00e4ter startest, kannst du die Fr\u00fchjahrsbepflanzung im folgenden Jahr einfach nachholen.<\/li>\n<li><strong>\u00dcbersichtliche Beetpl\u00e4ne<\/strong><br \/>F\u00fcnf detaillierte, ma\u00dfstabsgetreue Darstellungen zeigen dir genau, wo du welche Pflanzen setzen solltest. So wird die Umsetzung ganz einfach<\/li>\n<\/ul>\n\t\t<\/div>\n\t\t\t\t\t<\/div>\n\n\t\n\n\t<div id=\"col-533731601\" class=\"col medium-6 small-12 large-6\"  >\n\t\t\t\t<div class=\"col-inner\"  >\n\t\t\t\n\t\t\t\n<div class=\"container section-title-container\" ><h3 class=\"section-title section-title-center\"><b aria-hidden=\"true\"><\/b><span class=\"section-title-main\" >Das bekommst du<\/span><b aria-hidden=\"true\"><\/b><\/h3><\/div>\n<ul>\n<li>5 Beetpl\u00e4ne mit ma\u00dfstabsgetreuer Aufteilung des Gartenbeets<\/li>\n<li>20 Seiten geballtes Garten- und Beetplanungswissen<\/li>\n<li>Tipps zur Beet- und Bodenvorbereitung<\/li>\n<li>Tipps zum Gem\u00fcse Vorziehen, Auss\u00e4en und Auspflanzen<\/li>\n<li>Tipps zum Pflegen und D\u00fcngen<\/li>\n<li>Eine \u00dcbersicht der Erntezeitr\u00e4ume und Tipps f\u00fcr eine doppelte Ernte einiger Kulturen<\/li>\n<li>Tipps f\u00fcr Pflanz-Alternativen<\/li>\n<li>Tipps f\u00fcr die Beipflanzung von Kr\u00e4utern<\/li>\n<li>Ernte bis in den M\u00e4rz des Folgejahres \/ Winterharte Kulturen<\/li>\n<\/ul>\n<p><strong>\u00a0<\/strong><\/p>\n<p>Dein Beetplan ist mehr als nur eine Anbauanleitung. Er basiert auf bew\u00e4hrten Anbaukonzepten und hilft dir, deinen Garten effizient zu nutzen. Du profitierst von einer abwechslungsreichen Ernte, verbesserst die Bodenqualit\u00e4t durch clevere Fruchtfolge und erlebst die Freude am eigenen Gem\u00fcseanbau<\/p>\n<div class=\"container section-title-container\" ><h3 class=\"section-title section-title-center\"><b aria-hidden=\"true\"><\/b><span class=\"section-title-main\" >Deine Vorteile<\/span><b aria-hidden=\"true\"><\/b><\/h3><\/div>\n<ul>\n<li><strong>Sofortiger Zugriff<\/strong><br \/>Nach dem Kauf steht dir der Beetplan sofort als Download zur Verf\u00fcgung. Du kannst direkt mit der Planung und Umsetzung beginnen.<\/li>\n<li><strong>Flexibel nutzbar<\/strong><br \/>\u00d6ffne die Datei auf Smartphone, Tablet oder PC \u2013 so hast du deine Gartenplanung immer griffbereit.<\/li>\n<li><strong>Umweltfreundlich &amp; platzsparend<\/strong><br \/>Als digitales Produkt verzichtest du auf Papier und tr\u00e4gst aktiv zum Umweltschutz bei.<\/li>\n<\/ul>\n<p>Hol dir jetzt deinen digitalen Beetplan und genie\u00dfe das ganze Jahr \u00fcber frisches Gem\u00fcse aus deinem eigenen Garten! \ud83c\udf31<\/p>\n\t\t<\/div>\n\t\t\t\t\t<\/div>\n\n\t\n<\/div>\n\t\t<\/div>\n\n\t\t\n<style>\n#section_2139135482 {\n  padding-top: 30px;\n  padding-bottom: 30px;\n}\n<\/style>\n\t<\/section>\n\t\n<div class=\"row\"  id=\"row-2031999040\">\n\n\t<div id=\"col-1570377498\" class=\"col medium-4 small-12 large-4\"  >\n\t\t\t\t<div class=\"col-inner\"  >\n\t\t\t\n\t\t\t\n\t<div class=\"img has-hover x md-x lg-x y md-y lg-y\" id=\"image_935350044\">\n\t\t\t\t\t\t\t\t<div class=\"img-inner dark\" >\n\t\t\t<img decoding=\"async\" width=\"700\" height=\"467\" src=\"https:\/\/www.meine-ernte.de\/shop\/wp-content\/uploads\/Natalie-und-Wanda-7_web-1.jpg\" class=\"attachment-large size-large\" alt=\"\" srcset=\"https:\/\/www.meine-ernte.de\/shop\/wp-content\/uploads\/Natalie-und-Wanda-7_web-1.jpg 700w, https:\/\/www.meine-ernte.de\/shop\/wp-content\/uploads\/Natalie-und-Wanda-7_web-1-600x400.jpg 600w, https:\/\/www.meine-ernte.de\/shop\/wp-content\/uploads\/Natalie-und-Wanda-7_web-1-100x67.jpg 100w, https:\/\/www.meine-ernte.de\/shop\/wp-content\/uploads\/Natalie-und-Wanda-7_web-1-80x53.jpg 80w\" sizes=\"(max-width: 700px) 100vw, 700px\" \/>\t\t\t\t\t\t\n\t\t\t\t\t<\/div>\n\t\t\t\t\t\t\t\t\n<style>\n#image_935350044 {\n  width: 100%;\n}\n<\/style>\n\t<\/div>\n\t\n\t\t<\/div>\n\t\t\t\t\t<\/div>\n\n\t\n\n\t<div id=\"col-450631626\" class=\"col medium-7 small-12 large-7\"  >\n\t\t\t\t<div class=\"col-inner\"  >\n\t\t\t\n\t\t\t\n<h2><strong>\u00dcber 10.000 zufriedene Kunden<\/strong><\/h2>\n<p><strong class=\"woocommerce-review__author\">Christiane Ag\u00fceras G\u00e4ng: <\/strong>&#8222;Sehr \u00fcbersichtlich und vielseitig, tolle Tipps&#8220;<\/p>\n<p><strong class=\"woocommerce-review__author\">Gaby W.: <\/strong>&#8222;Tolle Anleitung das ganze Jahr hindurch kann man Ernten \ud83d\udc4d&#8220;<\/p>\n<a href=\"#top\" class=\"button primary expand\" style=\"border-radius:99px;\">\n\t\t<span>Jetzt Beetplan bestellen<\/span>\n\t<\/a>\n\n\t\t<\/div>\n\t\t\t\t\t<\/div>\n\n\t\n<\/div>\n\n\t<section class=\"section\" id=\"section_1788940950\">\n\t\t<div class=\"section-bg fill\" >\n\t\t\t\t\t\t\t\t\t\n\t\t\t\n\n\t\t<\/div>\n\n\t\t\n\n\t\t<div class=\"section-content relative\">\n\t\t\t\n<div class=\"container section-title-container\" ><h3 class=\"section-title section-title-normal\"><b aria-hidden=\"true\"><\/b><span class=\"section-title-main\" >Alle Beetpl\u00e4ne und E-Books<\/span><b aria-hidden=\"true\"><\/b><\/h3><\/div>\n\t\n  \n    <div class=\"row large-columns-4 medium-columns-3 small-columns-2 row-small slider row-slider slider-nav-reveal slider-nav-push\"  data-flickity-options='{&quot;imagesLoaded&quot;: true, &quot;groupCells&quot;: &quot;100%&quot;, &quot;dragThreshold&quot; : 5, &quot;cellAlign&quot;: &quot;left&quot;,&quot;wrapAround&quot;: true,&quot;prevNextButtons&quot;: true,&quot;percentPosition&quot;: true,&quot;pageDots&quot;: false, &quot;rightToLeft&quot;: false, &quot;autoPlay&quot; : false}' >\n\n  \n\t     <div class=\"col\" >\n\t\t\t\t\t\t<div class=\"col-inner\">\n\t\t\t\t\t\t\n<div class=\"badge-container absolute left top z-1\">\n\n<\/div>\n\t\t\t\t\t\t<div class=\"product-small box has-hover box-normal box-text-bottom\">\n\t\t\t\t\t\t\t<div class=\"box-image\" >\n\t\t\t\t\t\t\t\t<div class=\"\" >\n\t\t\t\t\t\t\t\t\t<a href=\"https:\/\/www.meine-ernte.de\/shop\/digitaler-beetplan-hochbeet-zum-download\/\" aria-label=\"Digitaler Beetplan \u201eHochbeet\u201c zum Download\">\n\t\t\t\t\t\t\t\t\t\t<img decoding=\"async\" width=\"300\" height=\"300\" src=\"https:\/\/www.meine-ernte.de\/shop\/wp-content\/uploads\/Folie1-300x300.png\" class=\"show-on-hover absolute fill hide-for-small back-image\" alt=\"Alternative view of Digitaler Beetplan \u201eHochbeet\u201c zum Download\" aria-hidden=\"true\" srcset=\"https:\/\/www.meine-ernte.de\/shop\/wp-content\/uploads\/Folie1-300x300.png 300w, https:\/\/www.meine-ernte.de\/shop\/wp-content\/uploads\/Folie1-400x400.png 400w, https:\/\/www.meine-ernte.de\/shop\/wp-content\/uploads\/Folie1-800x800.png 800w, https:\/\/www.meine-ernte.de\/shop\/wp-content\/uploads\/Folie1-280x280.png 280w, https:\/\/www.meine-ernte.de\/shop\/wp-content\/uploads\/Folie1-768x768.png 768w, https:\/\/www.meine-ernte.de\/shop\/wp-content\/uploads\/Folie1-600x600.png 600w, https:\/\/www.meine-ernte.de\/shop\/wp-content\/uploads\/Folie1-100x100.png 100w, https:\/\/www.meine-ernte.de\/shop\/wp-content\/uploads\/Folie1-80x80.png 80w, https:\/\/www.meine-ernte.de\/shop\/wp-content\/uploads\/Folie1.png 945w\" sizes=\"(max-width: 300px) 100vw, 300px\" \/><img decoding=\"async\" width=\"300\" height=\"300\" src=\"https:\/\/www.meine-ernte.de\/shop\/wp-content\/uploads\/Kopie-von-Shoploop-Mobil-1-1-300x300.png\" class=\"attachment-woocommerce_thumbnail size-woocommerce_thumbnail\" alt=\"Digitaler Beetplan \u201eHochbeet\u201c zum Download\" srcset=\"https:\/\/www.meine-ernte.de\/shop\/wp-content\/uploads\/Kopie-von-Shoploop-Mobil-1-1-300x300.png 300w, https:\/\/www.meine-ernte.de\/shop\/wp-content\/uploads\/Kopie-von-Shoploop-Mobil-1-1-400x400.png 400w, https:\/\/www.meine-ernte.de\/shop\/wp-content\/uploads\/Kopie-von-Shoploop-Mobil-1-1-280x280.png 280w, https:\/\/www.meine-ernte.de\/shop\/wp-content\/uploads\/Kopie-von-Shoploop-Mobil-1-1-100x100.png 100w, https:\/\/www.meine-ernte.de\/shop\/wp-content\/uploads\/Kopie-von-Shoploop-Mobil-1-1-80x80.png 80w, https:\/\/www.meine-ernte.de\/shop\/wp-content\/uploads\/Kopie-von-Shoploop-Mobil-1-1.png 590w\" sizes=\"(max-width: 300px) 100vw, 300px\" \/>\t\t\t\t\t\t\t\t\t<\/a>\n\t\t\t\t\t\t\t\t\t\t\t\t\t\t\t\t\t\t \t\t\t\t\t\t\t\t<\/div>\n\t\t\t\t\t\t\t\t<div class=\"image-tools top right show-on-hover\">\n\t\t\t\t\t\t\t\t\t\t\t\t\t\t\t\t\t<\/div>\n\t\t\t\t\t\t\t\t\t\t\t\t\t\t\t\t\t<div class=\"image-tools grid-tools text-center hide-for-small bottom hover-slide-in show-on-hover\">\n\t\t\t\t\t\t\t\t\t\t<a href=\"#quick-view\" class=\"quick-view\" role=\"button\" data-prod=\"101002\" aria-haspopup=\"dialog\" aria-expanded=\"false\" data-flatsome-role-button>Schnellansicht<\/a>\t\t\t\t\t\t\t\t\t<\/div>\n\t\t\t\t\t\t\t\t\t\t\t\t\t\t\t\t\t\t\t\t\t\t\t<\/div>\n\n\t\t\t\t\t\t\t<div class=\"box-text text-center\" >\n\t\t\t\t\t\t\t\t<div class=\"title-wrapper\"><p class=\"name product-title woocommerce-loop-product__title\"><a href=\"https:\/\/www.meine-ernte.de\/shop\/digitaler-beetplan-hochbeet-zum-download\/\" class=\"woocommerce-LoopProduct-link woocommerce-loop-product__link\">Digitaler Beetplan \u201eHochbeet\u201c zum Download<\/a><\/p><\/div><div class=\"price-wrapper\"><div class=\"star-rating star-rating--inline\" role=\"img\" aria-label=\"Bewertet mit 4.83 von 5\"><span style=\"width:96.6%\">Bewertet mit <strong class=\"rating\">4.83<\/strong> von 5<\/span><\/div><p class=\"wc-gzd-additional-info wc-gzd-additional-info-loop wc-gzd-rating-authenticity-status is-verified\">\n\tGepr\u00fcfte Gesamtbewertung. <a href=\"https:\/\/www.meine-ernte.de\/shop\/echtheit-von-bewertungen\/\" target=\"_blank\">Mehr Infos<\/a><\/p>\n\n\t<span class=\"price\">\t\t<span class=\"tiered-pricing-dynamic-price-wrapper\"\n\t\t\t  data-display-context=\"shop-loop\"\n\t\t\t  data-price-type=\"no-rules\"\n\t\t\t  data-product-id=\"101002\"\n\t\t\t  data-parent-id=\"101002\">\n\t\t\t<span class=\"woocommerce-Price-amount amount\"><bdi>5,90&nbsp;<span class=\"woocommerce-Price-currencySymbol\">&euro;<\/span><\/bdi><\/span><\/span><\/span>\n\n\n\n<\/div>\t\t\t\t\t\t\t<\/div>\n\t\t\t\t\t\t<\/div>\n\t\t\t\t\t\t<\/div>\n\t\t\t\t\t<\/div><div class=\"col\" >\n\t\t\t\t\t\t<div class=\"col-inner\">\n\t\t\t\t\t\t\n<div class=\"badge-container absolute left top z-1\">\n\n<\/div>\n\t\t\t\t\t\t<div class=\"product-small box has-hover box-normal box-text-bottom\">\n\t\t\t\t\t\t\t<div class=\"box-image\" >\n\t\t\t\t\t\t\t\t<div class=\"\" >\n\t\t\t\t\t\t\t\t\t<a href=\"https:\/\/www.meine-ernte.de\/shop\/tomaten-erfolgreich-anbauen-ebook-von-meine-ernte\/\" aria-label=\"Digitales Buch \u201eTomaten erfolgreich anbauen\u201c 39 Seiten zum Download\">\n\t\t\t\t\t\t\t\t\t\t<img decoding=\"async\" width=\"300\" height=\"300\" src=\"https:\/\/www.meine-ernte.de\/shop\/wp-content\/uploads\/meine-ernte_Tomaten-23-300x300.jpg\" class=\"show-on-hover absolute fill hide-for-small back-image\" alt=\"Alternative view of Digitales Buch \u201eTomaten erfolgreich anbauen\u201c 39 Seiten zum Download\" aria-hidden=\"true\" srcset=\"https:\/\/www.meine-ernte.de\/shop\/wp-content\/uploads\/meine-ernte_Tomaten-23-300x300.jpg 300w, https:\/\/www.meine-ernte.de\/shop\/wp-content\/uploads\/meine-ernte_Tomaten-23-280x280.jpg 280w, https:\/\/www.meine-ernte.de\/shop\/wp-content\/uploads\/meine-ernte_Tomaten-23-100x100.jpg 100w\" sizes=\"(max-width: 300px) 100vw, 300px\" \/><img decoding=\"async\" width=\"300\" height=\"300\" src=\"https:\/\/www.meine-ernte.de\/shop\/wp-content\/uploads\/meine-ernte-Tomaten-E-Book-Cover-grau_web-300x300.jpg\" class=\"attachment-woocommerce_thumbnail size-woocommerce_thumbnail\" alt=\"Tomaten erfolgreich anbauen \u2013 Ebook von meine ernte\" srcset=\"https:\/\/www.meine-ernte.de\/shop\/wp-content\/uploads\/meine-ernte-Tomaten-E-Book-Cover-grau_web-300x300.jpg 300w, https:\/\/www.meine-ernte.de\/shop\/wp-content\/uploads\/meine-ernte-Tomaten-E-Book-Cover-grau_web-401x400.jpg 401w, https:\/\/www.meine-ernte.de\/shop\/wp-content\/uploads\/meine-ernte-Tomaten-E-Book-Cover-grau_web-280x280.jpg 280w, https:\/\/www.meine-ernte.de\/shop\/wp-content\/uploads\/meine-ernte-Tomaten-E-Book-Cover-grau_web-768x767.jpg 768w, https:\/\/www.meine-ernte.de\/shop\/wp-content\/uploads\/meine-ernte-Tomaten-E-Book-Cover-grau_web-600x599.jpg 600w, https:\/\/www.meine-ernte.de\/shop\/wp-content\/uploads\/meine-ernte-Tomaten-E-Book-Cover-grau_web-100x100.jpg 100w, https:\/\/www.meine-ernte.de\/shop\/wp-content\/uploads\/meine-ernte-Tomaten-E-Book-Cover-grau_web.jpg 800w\" sizes=\"(max-width: 300px) 100vw, 300px\" \/>\t\t\t\t\t\t\t\t\t<\/a>\n\t\t\t\t\t\t\t\t\t\t\t\t\t\t\t\t\t\t \t\t\t\t\t\t\t\t<\/div>\n\t\t\t\t\t\t\t\t<div class=\"image-tools top right show-on-hover\">\n\t\t\t\t\t\t\t\t\t\t\t\t\t\t\t\t\t<\/div>\n\t\t\t\t\t\t\t\t\t\t\t\t\t\t\t\t\t<div class=\"image-tools grid-tools text-center hide-for-small bottom hover-slide-in show-on-hover\">\n\t\t\t\t\t\t\t\t\t\t<a href=\"#quick-view\" class=\"quick-view\" role=\"button\" data-prod=\"76169\" aria-haspopup=\"dialog\" aria-expanded=\"false\" data-flatsome-role-button>Schnellansicht<\/a>\t\t\t\t\t\t\t\t\t<\/div>\n\t\t\t\t\t\t\t\t\t\t\t\t\t\t\t\t\t\t\t\t\t\t\t<\/div>\n\n\t\t\t\t\t\t\t<div class=\"box-text text-center\" >\n\t\t\t\t\t\t\t\t<div class=\"title-wrapper\"><p class=\"name product-title woocommerce-loop-product__title\"><a href=\"https:\/\/www.meine-ernte.de\/shop\/tomaten-erfolgreich-anbauen-ebook-von-meine-ernte\/\" class=\"woocommerce-LoopProduct-link woocommerce-loop-product__link\">Digitales Buch \u201eTomaten erfolgreich anbauen\u201c 39 Seiten zum Download<\/a><\/p><\/div><div class=\"price-wrapper\"><div class=\"star-rating star-rating--inline\" role=\"img\" aria-label=\"Bewertet mit 4.5 von 5\"><span style=\"width:90%\">Bewertet mit <strong class=\"rating\">4.5<\/strong> von 5<\/span><\/div><p class=\"wc-gzd-additional-info wc-gzd-additional-info-loop wc-gzd-rating-authenticity-status is-verified\">\n\tGepr\u00fcfte Gesamtbewertung. <a href=\"https:\/\/www.meine-ernte.de\/shop\/echtheit-von-bewertungen\/\" target=\"_blank\">Mehr Infos<\/a><\/p>\n\n\t<span class=\"price\">\t\t<span class=\"tiered-pricing-dynamic-price-wrapper\"\n\t\t\t  data-display-context=\"shop-loop\"\n\t\t\t  data-price-type=\"no-rules\"\n\t\t\t  data-product-id=\"76169\"\n\t\t\t  data-parent-id=\"76169\">\n\t\t\t<span class=\"woocommerce-Price-amount amount\"><bdi>5,90&nbsp;<span class=\"woocommerce-Price-currencySymbol\">&euro;<\/span><\/bdi><\/span><\/span><\/span>\n\n\n\n<\/div>\t\t\t\t\t\t\t<\/div>\n\t\t\t\t\t\t<\/div>\n\t\t\t\t\t\t<\/div>\n\t\t\t\t\t<\/div><div class=\"col\" >\n\t\t\t\t\t\t<div class=\"col-inner\">\n\t\t\t\t\t\t\n<div class=\"badge-container absolute left top z-1\">\n\n<\/div>\n\t\t\t\t\t\t<div class=\"product-small box has-hover box-normal box-text-bottom\">\n\t\t\t\t\t\t\t<div class=\"box-image\" >\n\t\t\t\t\t\t\t\t<div class=\"\" >\n\t\t\t\t\t\t\t\t\t<a href=\"https:\/\/www.meine-ernte.de\/shop\/beetplan-das-nachwachsende-beet\/\" aria-label=\"Digitaler Beetplan \u201eDas Nachwachsende Beet\u201c zum Download\">\n\t\t\t\t\t\t\t\t\t\t<img decoding=\"async\" width=\"300\" height=\"300\" src=\"https:\/\/www.meine-ernte.de\/shop\/wp-content\/uploads\/Screenshot-Beispiel-Pflanz-und-Ernteplan-To-Dos-300x300.jpg\" class=\"show-on-hover absolute fill hide-for-small back-image\" alt=\"Alternative view of Digitaler Beetplan \u201eDas Nachwachsende Beet\u201c zum Download\" aria-hidden=\"true\" srcset=\"https:\/\/www.meine-ernte.de\/shop\/wp-content\/uploads\/Screenshot-Beispiel-Pflanz-und-Ernteplan-To-Dos-300x300.jpg 300w, https:\/\/www.meine-ernte.de\/shop\/wp-content\/uploads\/Screenshot-Beispiel-Pflanz-und-Ernteplan-To-Dos-280x280.jpg 280w, https:\/\/www.meine-ernte.de\/shop\/wp-content\/uploads\/Screenshot-Beispiel-Pflanz-und-Ernteplan-To-Dos-100x100.jpg 100w\" sizes=\"(max-width: 300px) 100vw, 300px\" \/><img decoding=\"async\" width=\"300\" height=\"300\" src=\"https:\/\/www.meine-ernte.de\/shop\/wp-content\/uploads\/Beetplan-von-meine-ernte_Nachwachsendes-Beet-300x300.png\" class=\"attachment-woocommerce_thumbnail size-woocommerce_thumbnail\" alt=\"Digitaler Beetplan \u201eDas Nachwachsende Beet\u201c zum Download\" srcset=\"https:\/\/www.meine-ernte.de\/shop\/wp-content\/uploads\/Beetplan-von-meine-ernte_Nachwachsendes-Beet-300x300.png 300w, https:\/\/www.meine-ernte.de\/shop\/wp-content\/uploads\/Beetplan-von-meine-ernte_Nachwachsendes-Beet-280x280.png 280w, https:\/\/www.meine-ernte.de\/shop\/wp-content\/uploads\/Beetplan-von-meine-ernte_Nachwachsendes-Beet-100x100.png 100w\" sizes=\"(max-width: 300px) 100vw, 300px\" \/>\t\t\t\t\t\t\t\t\t<\/a>\n\t\t\t\t\t\t\t\t\t\t\t\t\t\t\t\t\t\t \t\t\t\t\t\t\t\t<\/div>\n\t\t\t\t\t\t\t\t<div class=\"image-tools top right show-on-hover\">\n\t\t\t\t\t\t\t\t\t\t\t\t\t\t\t\t\t<\/div>\n\t\t\t\t\t\t\t\t\t\t\t\t\t\t\t\t\t<div class=\"image-tools grid-tools text-center hide-for-small bottom hover-slide-in show-on-hover\">\n\t\t\t\t\t\t\t\t\t\t<a href=\"#quick-view\" class=\"quick-view\" role=\"button\" data-prod=\"67579\" aria-haspopup=\"dialog\" aria-expanded=\"false\" data-flatsome-role-button>Schnellansicht<\/a>\t\t\t\t\t\t\t\t\t<\/div>\n\t\t\t\t\t\t\t\t\t\t\t\t\t\t\t\t\t\t\t\t\t\t\t<\/div>\n\n\t\t\t\t\t\t\t<div class=\"box-text text-center\" >\n\t\t\t\t\t\t\t\t<div class=\"title-wrapper\"><p class=\"name product-title woocommerce-loop-product__title\"><a href=\"https:\/\/www.meine-ernte.de\/shop\/beetplan-das-nachwachsende-beet\/\" class=\"woocommerce-LoopProduct-link woocommerce-loop-product__link\">Digitaler Beetplan \u201eDas Nachwachsende Beet\u201c zum Download<\/a><\/p><\/div><div class=\"price-wrapper\"><div class=\"star-rating star-rating--inline\" role=\"img\" aria-label=\"Bewertet mit 4.7 von 5\"><span style=\"width:94%\">Bewertet mit <strong class=\"rating\">4.7<\/strong> von 5<\/span><\/div><p class=\"wc-gzd-additional-info wc-gzd-additional-info-loop wc-gzd-rating-authenticity-status is-verified\">\n\tGepr\u00fcfte Gesamtbewertung. <a href=\"https:\/\/www.meine-ernte.de\/shop\/echtheit-von-bewertungen\/\" target=\"_blank\">Mehr Infos<\/a><\/p>\n\n\t<span class=\"price\">\t\t<span class=\"tiered-pricing-dynamic-price-wrapper\"\n\t\t\t  data-display-context=\"shop-loop\"\n\t\t\t  data-price-type=\"no-rules\"\n\t\t\t  data-product-id=\"67579\"\n\t\t\t  data-parent-id=\"67579\">\n\t\t\t<span class=\"woocommerce-Price-amount amount\"><bdi>5,90&nbsp;<span class=\"woocommerce-Price-currencySymbol\">&euro;<\/span><\/bdi><\/span><\/span><\/span>\n\n\n\n<\/div>\t\t\t\t\t\t\t<\/div>\n\t\t\t\t\t\t<\/div>\n\t\t\t\t\t\t<\/div>\n\t\t\t\t\t<\/div><\/div>\n\t\t<\/div>\n\n\t\t\n<style>\n#section_1788940950 {\n  padding-top: 30px;\n  padding-bottom: 30px;\n}\n<\/style>\n\t<\/section>\n\t\n","protected":false},"excerpt":{"rendered":"<ul>\n<li><strong>F\u00fcnf detaillierte Beetpl\u00e4ne:<\/strong> Einfache Umsetzung dank ma\u00dfstabsgetreuer Darstellungen<\/li>\n<li><strong>17 Gem\u00fcsesorten auf 1,2 m x 6 m:<\/strong> Maximaler Ertrag auf kleiner Fl\u00e4che<\/li>\n<li><strong>Ganzj\u00e4hrige Anleitung:<\/strong> Begleitung von M\u00e4rz bis ins Folgejahr<\/li>\n<li><strong>Digital und umweltfreundlich:<\/strong> Flexibel auf allen Ger\u00e4ten nutzbar, ohne Papierverbrauch<\/li>\n<li><strong>Sofortiger Download:<\/strong> Starte direkt nach dem Kauf mit der Planung<\/li>\n<\/ul>\n","protected":false},"featured_media":119562,"comment_status":"open","ping_status":"closed","template":"","meta":{"_acf_changed":false},"product_brand":[],"product_cat":[678,679,668],"product_tag":[],"class_list":{"0":"post-67579","1":"product","2":"type-product","3":"status-publish","4":"has-post-thumbnail","6":"product_cat-beetplaene-meine-ernte-produkte","7":"product_cat-buecher-meine-ernte-produkte","8":"product_cat-meine-ernte-produkte","10":"first","11":"instock","12":"downloadable","13":"taxable","14":"shipping-taxable","15":"purchasable","16":"product-type-simple"},"acf":[],"tiered_pricing_type":"fixed","tiered_pricing_fixed_rules":[],"tiered_pricing_product_settings":{"layout":"default","base_unit_name":{"singular":null,"plural":null},"default_variation":null},"tiered_pricing_minimum_quantity":null,"tiered_pricing_roles_data":[],"tiered_pricing_percentage_rules":[],"_links":{"self":[{"href":"https:\/\/www.meine-ernte.de\/shop\/wp-json\/wp\/v2\/product\/67579","targetHints":{"allow":["GET"]}}],"collection":[{"href":"https:\/\/www.meine-ernte.de\/shop\/wp-json\/wp\/v2\/product"}],"about":[{"href":"https:\/\/www.meine-ernte.de\/shop\/wp-json\/wp\/v2\/types\/product"}],"replies":[{"embeddable":true,"href":"https:\/\/www.meine-ernte.de\/shop\/wp-json\/wp\/v2\/comments?post=67579"}],"wp:featuredmedia":[{"embeddable":true,"href":"https:\/\/www.meine-ernte.de\/shop\/wp-json\/wp\/v2\/media\/119562"}],"wp:attachment":[{"href":"https:\/\/www.meine-ernte.de\/shop\/wp-json\/wp\/v2\/media?parent=67579"}],"wp:term":[{"taxonomy":"product_brand","embeddable":true,"href":"https:\/\/www.meine-ernte.de\/shop\/wp-json\/wp\/v2\/product_brand?post=67579"},{"taxonomy":"product_cat","embeddable":true,"href":"https:\/\/www.meine-ernte.de\/shop\/wp-json\/wp\/v2\/product_cat?post=67579"},{"taxonomy":"product_tag","embeddable":true,"href":"https:\/\/www.meine-ernte.de\/shop\/wp-json\/wp\/v2\/product_tag?post=67579"}],"curies":[{"name":"wp","href":"https:\/\/api.w.org\/{rel}","templated":true}]}}