{"id":57405,"date":"2021-01-18T15:58:01","date_gmt":"2021-01-18T14:58:01","guid":{"rendered":"https:\/\/www.meine-ernte.de\/shop\/?post_type=product&#038;p=57405"},"modified":"2025-07-24T12:32:47","modified_gmt":"2025-07-24T10:32:47","slug":"e27-pflanzenlampe-winter-7w-120-18w-140","status":"publish","type":"product","link":"https:\/\/www.meine-ernte.de\/shop\/e27-pflanzenlampe-winter-7w-120-18w-140\/","title":{"rendered":"E27 Pflanzenlampe &#8222;Winter&#8220; 7W 120\u00b0\/18W 140\u00b0"},"content":{"rendered":"<div class=\"row\"  id=\"row-1466158761\">\n\n\t<div id=\"col-395797945\" class=\"col medium-6 small-12 large-6\"  >\n\t\t\t\t<div class=\"col-inner\"  >\n\t\t\t\n\t\t\t\n<div class=\"container section-title-container\" ><h3 class=\"section-title section-title-center\"><b aria-hidden=\"true\"><\/b><span class=\"section-title-main\" >PRODUKTINFORMATIONEN<\/span><b aria-hidden=\"true\"><\/b><\/h3><\/div>\n<p>Mit der E27-Pflanzenlampe \u201eWinter\u201c kannst du mediterrane Balkon- und Terrassenpflanzen, wie Zitrus oder Sukkulenten \u00fcberwintern. Durch die integrierten wei\u00dfen und blauen LEDs ergeben sich zahlreiche Vorteile:<\/p>\n<ul>\n<li>F\u00f6rderung und Erhalt des Wurzelsystem in der k\u00fchlen Jahreszeit<\/li>\n<li>Erhalt der Bl\u00e4tter<\/li>\n<li>Keine Beeinflussung der Temperatur durch LED-Technologie (nur max. 30-40\u00b0C direkt am Geh\u00e4use)<\/li>\n<\/ul>\n<p>Durch die Verwendung der Pflanzenlampe \u201eWinter\u201c, \u00fcber einen Zeitraum von 8-10 Stunden am Tag, schaffst du optimale Bedingungen f\u00fcr den Zeitraum der Vegetationsruhe.<\/p>\n<h3>Weitere Vorteile der E27-Pflanzenlampe \u201eCultura\u201c:<\/h3>\n<ul>\n<li><strong>einfache Anwendung<\/strong><\/li>\n<li><strong>geringer Stromverbrauch<\/strong><\/li>\n<li><strong>2 Jahre Garantie<\/strong><\/li>\n<\/ul>\n\t<div class=\"img has-hover x md-x lg-x y md-y lg-y\" id=\"image_673183058\">\n\t\t\t\t\t\t\t\t<div class=\"img-inner dark\" >\n\t\t\t\t\t\t\t\t\t\n\t\t\t\t\t<\/div>\n\t\t\t\t\t\t\t\t\n<style>\n#image_673183058 {\n  width: 64%;\n}\n<\/style>\n\t<\/div>\n\t\n\t\t<\/div>\n\t\t\t\t\t<\/div>\n\n\t\n\n\t<div id=\"col-1573333269\" class=\"col medium-6 small-12 large-6\"  >\n\t\t\t\t<div class=\"col-inner\"  >\n\t\t\t\n\t\t\t\n<div class=\"container section-title-container\" ><h3 class=\"section-title section-title-center\"><b aria-hidden=\"true\"><\/b><span class=\"section-title-main\" >ANWENDUNG<\/span><b aria-hidden=\"true\"><\/b><\/h3><\/div>\n<p>Diese Pflanzenlampe kannst du in jede E27-Fassung einschrauben. Stelle unbedingt sicher, dass die Lampe nicht zu eng verbaut ist und ausreichend Bel\u00fcftung bekommt. Der ideale Abstand zur Pflanze betr\u00e4gt ca. 20-50cm. Die beste Wirksamkeit wird erreicht, wenn die Lampe eine m\u00f6glichst gro\u00dfe Blattfl\u00e4che beleuchtet.<\/p>\n<h4>Wann setze ich eine 7 Watt und wann eine 18 Watt Lampe ein?<\/h4>\n<p>7 Watt:<\/p>\n<ul>\n<li>Zur \u00dcberwinterung von einzelnen oder kleineren Pflanzen geeignet<\/li>\n<li>Beleuchtet im Abstand von 50cm eine Fl\u00e4che von 0,6 m\u00b2<\/li>\n<\/ul>\n<p>18 Watt:<\/p>\n<ul>\n<li>Zur \u00dcberwinterung von mehreren oder gr\u00f6\u00dferen Pflanzen geeignet<\/li>\n<li>Beleuchtet im Abstand von 1m eine Fl\u00e4che von 1,4 m\u00b2<\/li>\n<\/ul>\n<p>Bitte beachten: Dieses Produkt ist ausschlie\u00dflich zur Pflanzenbeleuchtung gedacht.<\/p>\n<div class=\"row align-center\"  id=\"row-2073184501\">\n\n\t<div id=\"col-1927996194\" class=\"col medium-8 small-12 large-8\"  >\n\t\t\t\t<div class=\"col-inner\"  >\n\t\t\t\n\t\t\t\n\t<div class=\"img has-hover x md-x lg-x y md-y lg-y\" id=\"image_1657262296\">\n\t\t\t\t\t\t\t\t<div class=\"img-inner dark\" >\n\t\t\t\t\t\t\t\t\t\n\t\t\t\t\t<\/div>\n\t\t\t\t\t\t\t\t\n<style>\n#image_1657262296 {\n  width: 100%;\n}\n<\/style>\n\t<\/div>\n\t\n\t\t<\/div>\n\t\t\t\t\t<\/div>\n\n\t\n<\/div>\n\t\t<\/div>\n\t\t\t\t\t<\/div>\n\n\t\n<\/div>\n<blockquote>\n<h2>Tipp<\/h2>\n<p><span style=\"font-size: 85%;\">F\u00fcr die Verwendung der Pflanzenlampe &#8222;Winter&#8220; empfehlen wir die schlichte <a href=\"https:\/\/www.meine-ernte.de\/shop\/anzucht-pflege\/e27-lampenhalterung-mit-4m-kabel\/\">Lampenhalterung<\/a> f\u00fcr den Gebrauch im Keller oder Gartenhaus und den h\u00fcbschen <a href=\"https:\/\/www.meine-ernte.de\/shop\/anzucht-pflege\/e27-saga-lampenschirm\/\">Saga Lampenschirm<\/a> zur Verwendung der Pflanzenlampe in deinen Wohnr\u00e4umen.<\/span><\/p><\/blockquote>\n<div class=\"container section-title-container\" ><h3 class=\"section-title section-title-center\"><b aria-hidden=\"true\"><\/b><span class=\"section-title-main\" >Technische Eigenschaften<\/span><b aria-hidden=\"true\"><\/b><\/h3><\/div>\n<div class=\"row\"  id=\"row-1354406552\">\n\n\t<div id=\"col-576552528\" class=\"col medium-6 small-12 large-6\"  >\n\t\t\t\t<div class=\"col-inner\"  >\n\t\t\t\n\t\t\t\n<table border=\"0\">\n<tbody>\n<tr>\n<td style=\"width: 100px;\"><strong>Leistung:<\/strong><\/td>\n<td><strong>7 Watt<\/strong><\/td>\n<\/tr>\n<tr>\n<td><\/td>\n<td><\/td>\n<\/tr>\n<tr>\n<td>Gewicht:<\/td>\n<td>0,13kg<\/td>\n<\/tr>\n<tr>\n<td>Abmessungen:<\/td>\n<td>\u00d8 59,5 mm (B) \u00d7 89,5 mm (H)<\/td>\n<\/tr>\n<tr>\n<td>Sicherheitsklasse<\/td>\n<td>CE, EMC<\/td>\n<\/tr>\n<tr>\n<td>Betriebsspannung:<\/td>\n<td>90~245 VAC, 50~60 Hz<\/td>\n<\/tr>\n<tr>\n<td>Garantie:<\/td>\n<td>2 Jahre<\/td>\n<\/tr>\n<tr>\n<td>Geh\u00e4usematerial:<\/td>\n<td>Aluminium<\/td>\n<\/tr>\n<tr>\n<td>Anzahl LEDs:<\/td>\n<td>6x Hi-Power LED-Chips<\/td>\n<\/tr>\n<tr>\n<td>Beleuchtungswinkel:<\/td>\n<td>120\u00b0<\/td>\n<\/tr>\n<tr>\n<td>Belichtungsfl\u00e4che:<\/td>\n<td>ca. 0,5 m\u00b2(abh\u00e4ngig von der Belichtungsh\u00f6he)<\/td>\n<\/tr>\n<tr>\n<td>Wellenl\u00e4ngenverh\u00e4ltnis:<\/td>\n<td>Blau: 3; Vollspektrum (Wei\u00df): 3<\/td>\n<\/tr>\n<tr>\n<td>Wellenl\u00e4ngenbereiche:<\/td>\n<td>Blau: 430-450 nm, Vollspektrum (Wei\u00df): 400-700 nm<\/td>\n<\/tr>\n<tr>\n<td>PPFD:<\/td>\n<td>243 \u00b5mol \u00d7 m<sup>-2<\/sup>\u00a0\u00d7 s<sup>-1<\/sup>, bei 30 cm Abstand<\/td>\n<\/tr>\n<tr>\n<td>Lebensdauer:<\/td>\n<td>&gt;30.000 Stunden<\/td>\n<\/tr>\n<tr>\n<td>IP-Schutzklasse:<\/td>\n<td>IP55<\/td>\n<\/tr>\n<\/tbody>\n<\/table>\n\t\t<\/div>\n\t\t\t\t\t<\/div>\n\n\t\n\n\t<div id=\"col-2142516275\" class=\"col medium-6 small-12 large-6\"  >\n\t\t\t\t<div class=\"col-inner\"  >\n\t\t\t\n\t\t\t\n<table border=\"0\">\n<tbody>\n<tr>\n<td style=\"width: 100px;\"><strong>Leistung:<\/strong><\/td>\n<td><strong>18 Watt<\/strong><\/td>\n<\/tr>\n<tr>\n<td><\/td>\n<td><\/td>\n<\/tr>\n<tr>\n<td>Gewicht:<\/td>\n<td>0,26kg<\/td>\n<\/tr>\n<tr>\n<td>Abmessungen:<\/td>\n<td>\u00d8 120mm (B) \u00d7 136mm (H)<\/td>\n<\/tr>\n<tr>\n<td>Sicherheitsklasse<\/td>\n<td>CE, EMC<\/td>\n<\/tr>\n<tr>\n<td>Betriebsspannung:<\/td>\n<td>90~245 VAC, 50~60 Hz<\/td>\n<\/tr>\n<tr>\n<td>Garantie:<\/td>\n<td>2 Jahre<\/td>\n<\/tr>\n<tr>\n<td>Geh\u00e4usematerial:<\/td>\n<td>Aluminium<\/td>\n<\/tr>\n<tr>\n<td>Anzahl LEDs:<\/td>\n<td>9x Hi-Power LED-Chips<\/td>\n<\/tr>\n<tr>\n<td>Beleuchtungswinkel:<\/td>\n<td>140\u00b0<\/td>\n<\/tr>\n<tr>\n<td>Belichtungsfl\u00e4che:<\/td>\n<td>ca. 1-2 m\u00b2 (abh\u00e4ngig von der Belichtungsh\u00f6he)<\/td>\n<\/tr>\n<tr>\n<td>Wellenl\u00e4ngenverh\u00e4ltnis:<\/td>\n<td>Blau: 4; Vollspektrum (Wei\u00df): 5<\/td>\n<\/tr>\n<tr>\n<td>Wellenl\u00e4ngenbereiche:<\/td>\n<td>Blau: 430-450 nm; Vollspektrum (Wei\u00df): 400-700 nm<\/td>\n<\/tr>\n<tr>\n<td>PPFD:<\/td>\n<td>151 \u00b5mol \u00d7 m<sup>-2<\/sup>\u00a0\u00d7 s<sup>-1<\/sup>, bei 30 cm Abstand<\/td>\n<\/tr>\n<tr>\n<td>Lebensdauer:<\/td>\n<td>&gt;30.000 Stunden<\/td>\n<\/tr>\n<tr>\n<td>IP-Schutzklasse:<\/td>\n<td>IP52<\/td>\n<\/tr>\n<\/tbody>\n<\/table>\n\t\t<\/div>\n\t\t\t\t\t<\/div>\n\n\t\n<\/div>\n","protected":false},"excerpt":{"rendered":"<ul>\n<li>Zum \u00dcberwintern<\/li>\n<li>F\u00fcr Balkon- und Terrassenpflanzen<\/li>\n<li>F\u00fcr optimale Lichtverh\u00e4ltnisse w\u00e4hrend der Vegetationsruhe<\/li>\n<\/ul>\n","protected":false},"featured_media":96981,"comment_status":"open","ping_status":"closed","template":"","meta":{"_acf_changed":false},"product_brand":[],"product_cat":[327],"product_tag":[665],"class_list":{"0":"post-57405","1":"product","2":"type-product","3":"status-publish","4":"has-post-thumbnail","6":"product_cat-mietgaerten","7":"product_tag-mindestbestellwert","8":"product_shipping_class-venso","10":"first","11":"instock","12":"taxable","13":"shipping-taxable","14":"purchasable","15":"product-type-variable","16":"has-default-attributes"},"acf":[],"tiered_pricing_type":"fixed","tiered_pricing_fixed_rules":[],"tiered_pricing_product_settings":{"layout":"default","base_unit_name":{"singular":null,"plural":null},"default_variation":null},"tiered_pricing_minimum_quantity":null,"tiered_pricing_roles_data":[],"tiered_pricing_percentage_rules":[],"_links":{"self":[{"href":"https:\/\/www.meine-ernte.de\/shop\/wp-json\/wp\/v2\/product\/57405","targetHints":{"allow":["GET"]}}],"collection":[{"href":"https:\/\/www.meine-ernte.de\/shop\/wp-json\/wp\/v2\/product"}],"about":[{"href":"https:\/\/www.meine-ernte.de\/shop\/wp-json\/wp\/v2\/types\/product"}],"replies":[{"embeddable":true,"href":"https:\/\/www.meine-ernte.de\/shop\/wp-json\/wp\/v2\/comments?post=57405"}],"wp:featuredmedia":[{"embeddable":true,"href":"https:\/\/www.meine-ernte.de\/shop\/wp-json\/wp\/v2\/media\/96981"}],"wp:attachment":[{"href":"https:\/\/www.meine-ernte.de\/shop\/wp-json\/wp\/v2\/media?parent=57405"}],"wp:term":[{"taxonomy":"product_brand","embeddable":true,"href":"https:\/\/www.meine-ernte.de\/shop\/wp-json\/wp\/v2\/product_brand?post=57405"},{"taxonomy":"product_cat","embeddable":true,"href":"https:\/\/www.meine-ernte.de\/shop\/wp-json\/wp\/v2\/product_cat?post=57405"},{"taxonomy":"product_tag","embeddable":true,"href":"https:\/\/www.meine-ernte.de\/shop\/wp-json\/wp\/v2\/product_tag?post=57405"}],"curies":[{"name":"wp","href":"https:\/\/api.w.org\/{rel}","templated":true}]}}