{"id":41148,"date":"2020-11-03T13:03:34","date_gmt":"2020-11-03T12:03:34","guid":{"rendered":"https:\/\/www.meine-ernte.de\/shop\/?post_type=product&#038;p=41148"},"modified":"2026-02-12T16:15:04","modified_gmt":"2026-02-12T15:15:04","slug":"geschenkgutschein-meine-ernte-shop-50e","status":"publish","type":"product","link":"https:\/\/www.meine-ernte.de\/shop\/geschenkgutschein-meine-ernte-shop-50e\/","title":{"rendered":"Geschenkgutschein meine ernte Shop 50\u20ac"},"content":{"rendered":"<div class=\"row align-center\"  id=\"row-1156392787\">\n\n\t<div id=\"col-1648184632\" class=\"col medium-5 small-12 large-5\"  >\n\t\t\t\t<div class=\"col-inner\"  >\n\t\t\t\n\t\t\t\n<h2>Schenke gr\u00fcne Lebensfreude<\/h2>\n<p>Wir alle kennen es: Der verschwitzte Geburtstag oder das Weihnachtsfest, das viel zu schnell vor der T\u00fcr steht\u2026 Schieb Panik-K\u00e4ufen einen Riegel vor und schenke etwas Sinnvolles, denn ein Gutschein aus dem\u00a0<em>meine ernte Shop<\/em>\u00a0ist nicht irgendein Geschenk: Unser gesamtes Angebot dreht sich darum \u201eNahrung zu erleben\u201c.<\/p>\n<p>Unsere Produkte sind mit Bedacht ausgew\u00e4hlt und tragen auf vielf\u00e4ltige Art dazu bei, dass Menschen auf einfache Weise eine echte Verbindung zu ihren Lebensmitteln bekommen k\u00f6nnen.<\/p>\n<p>Egal ob Gr\u00fcner Daumen oder nicht \u2013 der oder die Beschenkte soll Spa\u00df am Entdecken der Selbstversorgung haben, kann aus einem stetig wachsenden Sortiment wertiger Qualit\u00e4tsprodukte ausw\u00e4hlen und sich somit wichtige Bausteine und Helfer f\u00fcr Garten, Balkon oder K\u00fcche bequem nach Hause liefern lassen.<\/p>\n<p>Essen ist wertvoll. Und was gibt es Besseres, als sein Essen beim Wachsen anzufeuern oder es auf besondere Weise zu verarbeiten?<\/p>\n\t\t<\/div>\n\t\t\t\t\t<\/div>\n\n\t\n\n\t<div id=\"col-971131387\" class=\"col medium-1 small-12 large-1\"  >\n\t\t\t\t<div class=\"col-inner\"  >\n\t\t\t\n\t\t\t\n\t\t<\/div>\n\t\t\t\t\t<\/div>\n\n\t\n\n\t<div id=\"col-487676324\" class=\"col medium-5 small-12 large-5\"  >\n\t\t\t\t<div class=\"col-inner text-left\"  >\n\t\t\t\n\t\t\t\n\t<div class=\"img has-hover x md-x lg-x y md-y lg-y\" id=\"image_2008849793\">\n\t\t<a class=\"image-lightbox lightbox-gallery\" title=\"\" href=\"https:\/\/www.meine-ernte.de\/shop\/wp-content\/uploads\/Gutschein-50-EUR-1.jpg\">\t\t\t\t\t\t<div class=\"img-inner dark\" >\n\t\t\t<img decoding=\"async\" width=\"1020\" height=\"477\" src=\"https:\/\/www.meine-ernte.de\/shop\/wp-content\/uploads\/Gutschein-50-EUR-1.jpg\" class=\"attachment-large size-large\" alt=\"\" srcset=\"https:\/\/www.meine-ernte.de\/shop\/wp-content\/uploads\/Gutschein-50-EUR-1.jpg 1128w, https:\/\/www.meine-ernte.de\/shop\/wp-content\/uploads\/Gutschein-50-EUR-1-800x374.jpg 800w, https:\/\/www.meine-ernte.de\/shop\/wp-content\/uploads\/Gutschein-50-EUR-1-768x359.jpg 768w, https:\/\/www.meine-ernte.de\/shop\/wp-content\/uploads\/Gutschein-50-EUR-1-600x281.jpg 600w\" sizes=\"(max-width: 1020px) 100vw, 1020px\" \/>\t\t\t\t\t\t\n\t\t\t\t\t<\/div>\n\t\t\t\t\t\t<\/a>\t\t\n<style>\n#image_2008849793 {\n  width: 80%;\n}\n<\/style>\n\t<\/div>\n\t\n\t<div class=\"img has-hover x md-x lg-x y md-y lg-y\" id=\"image_2009460191\">\n\t\t<a class=\"image-lightbox lightbox-gallery\" title=\"\" href=\"https:\/\/www.meine-ernte.de\/shop\/wp-content\/uploads\/Gutschein-Rueckseite-neu.jpg\">\t\t\t\t\t\t<div class=\"img-inner dark\" >\n\t\t\t<img decoding=\"async\" width=\"1020\" height=\"484\" src=\"https:\/\/www.meine-ernte.de\/shop\/wp-content\/uploads\/Gutschein-Rueckseite-neu.jpg\" class=\"attachment-large size-large\" alt=\"\" srcset=\"https:\/\/www.meine-ernte.de\/shop\/wp-content\/uploads\/Gutschein-Rueckseite-neu.jpg 1126w, https:\/\/www.meine-ernte.de\/shop\/wp-content\/uploads\/Gutschein-Rueckseite-neu-800x379.jpg 800w, https:\/\/www.meine-ernte.de\/shop\/wp-content\/uploads\/Gutschein-Rueckseite-neu-768x364.jpg 768w, https:\/\/www.meine-ernte.de\/shop\/wp-content\/uploads\/Gutschein-Rueckseite-neu-600x285.jpg 600w\" sizes=\"(max-width: 1020px) 100vw, 1020px\" \/>\t\t\t\t\t\t\n\t\t\t\t\t<\/div>\n\t\t\t\t\t\t<\/a>\t\t\n<style>\n#image_2009460191 {\n  width: 80%;\n}\n<\/style>\n\t<\/div>\n\t\n<h2>Ablauf<\/h2>\n<p>Nach der Bestellung erh\u00e4ltst du deinen Geschenkgutschein mit Code als PDF-Datei per E-Mail zugesendet. Du kannst den Gutschein dann ausdrucken und verschenken oder per E-Mail weiterleiten.<\/p>\n<p>Der Gutschein ist innerhalb von drei Jahren ab Kaufdatum einzul\u00f6sen.<\/p>\n\t\t<\/div>\n\t\t\t\t\t<\/div>\n\n\t\n<\/div>\n","protected":false},"excerpt":{"rendered":"<ul>\n<li>Personalisierbar<\/li>\n<li>Gilt auf das gesamte Sortiment<\/li>\n<li>Gro\u00dfe Auswahl zum Thema G\u00e4rtnern, Verarbeitung und Selbstversorgung<\/li>\n<li>Schenken mit Sinn!<\/li>\n<li>W\u00e4hle aus verschiedenen Motiven<\/li>\n<\/ul>\n","protected":false},"featured_media":91979,"comment_status":"open","ping_status":"closed","template":"","meta":{"_acf_changed":false},"product_brand":[],"product_cat":[672,337],"product_tag":[665],"class_list":{"0":"post-41148","1":"product","2":"type-product","3":"status-publish","4":"has-post-thumbnail","6":"product_cat-geschenkgutscheine-meine-ernte","7":"product_cat-geschenke","8":"product_tag-mindestbestellwert","9":"product_shipping_class-versand-durch-meine-ernte-versandkostenfrei","11":"first","12":"instock","13":"virtual","14":"sold-individually","15":"purchasable","16":"product-type-simple"},"acf":[],"tiered_pricing_type":"fixed","tiered_pricing_fixed_rules":[],"tiered_pricing_product_settings":{"layout":"default","base_unit_name":{"singular":null,"plural":null},"default_variation":null},"tiered_pricing_minimum_quantity":null,"tiered_pricing_roles_data":[],"tiered_pricing_percentage_rules":[],"_links":{"self":[{"href":"https:\/\/www.meine-ernte.de\/shop\/wp-json\/wp\/v2\/product\/41148","targetHints":{"allow":["GET"]}}],"collection":[{"href":"https:\/\/www.meine-ernte.de\/shop\/wp-json\/wp\/v2\/product"}],"about":[{"href":"https:\/\/www.meine-ernte.de\/shop\/wp-json\/wp\/v2\/types\/product"}],"replies":[{"embeddable":true,"href":"https:\/\/www.meine-ernte.de\/shop\/wp-json\/wp\/v2\/comments?post=41148"}],"wp:featuredmedia":[{"embeddable":true,"href":"https:\/\/www.meine-ernte.de\/shop\/wp-json\/wp\/v2\/media\/91979"}],"wp:attachment":[{"href":"https:\/\/www.meine-ernte.de\/shop\/wp-json\/wp\/v2\/media?parent=41148"}],"wp:term":[{"taxonomy":"product_brand","embeddable":true,"href":"https:\/\/www.meine-ernte.de\/shop\/wp-json\/wp\/v2\/product_brand?post=41148"},{"taxonomy":"product_cat","embeddable":true,"href":"https:\/\/www.meine-ernte.de\/shop\/wp-json\/wp\/v2\/product_cat?post=41148"},{"taxonomy":"product_tag","embeddable":true,"href":"https:\/\/www.meine-ernte.de\/shop\/wp-json\/wp\/v2\/product_tag?post=41148"}],"curies":[{"name":"wp","href":"https:\/\/api.w.org\/{rel}","templated":true}]}}