{"id":29917,"date":"2020-09-16T09:23:59","date_gmt":"2020-09-16T07:23:59","guid":{"rendered":"https:\/\/www.meine-ernte.de\/shop\/?post_type=product&#038;p=29917"},"modified":"2025-07-24T10:17:17","modified_gmt":"2025-07-24T08:17:17","slug":"bio-edelpilz-mix-fertigkultur-gross","status":"publish","type":"product","link":"https:\/\/www.meine-ernte.de\/shop\/bio-edelpilz-mix-fertigkultur-gross\/","title":{"rendered":"Bio Edelpilz-Mix Fertigkultur gro\u00df"},"content":{"rendered":"\n\t<section class=\"section\" id=\"section_467598095\">\n\t\t<div class=\"section-bg fill\" >\n\t\t\t\t\t\t\t\t\t\n\t\t\t\n\n\t\t<\/div>\n\n\t\t\n\n\t\t<div class=\"section-content relative\">\n\t\t\t\n<div class=\"row align-center\"  id=\"row-1943475071\">\n\n\t<div id=\"col-489211400\" class=\"col medium-5 small-10 large-5\"  >\n\t\t\t\t<div class=\"col-inner text-left\"  >\n\t\t\t\n\t\t\t\n<div class=\"container section-title-container\" ><h3 class=\"section-title section-title-center\"><b aria-hidden=\"true\"><\/b><span class=\"section-title-main\" >Produktinformationen<\/span><b aria-hidden=\"true\"><\/b><\/h3><\/div>\n<p>Pilze leisten einen wichtigen und vor allem leckeren Beitrag zu einer gesunden Ern\u00e4hrung. Nicht nur wer sich fleischlos oder ganz ohne tierische Produkte ern\u00e4hrt, profitiert von einem Plus an Eiwei\u00df auf dem Teller. Pilze enthalten n\u00e4mlich auch wertvolle B-Vitamine, Kalzium und Mineralstoffe in hoher Dichte. Auch mit Selen, Mangan und Zink k\u00f6nnen Pilze aufwarten und einige von ihnen enthalten sogar Vitamin D, das wir sonst nur durch Sonnenlicht bilden k\u00f6nnen. Pilzanzuchtsets sind dankbar in der Handhabung und liefern dir oft mehrfach im Jahr leckere Pilze, die deinen Speiseplan bereichern und dich der Selbstversorgung ein St\u00fcck n\u00e4her bringen.<\/p>\n<p>Diese Bio-Edelpilz-Mix Fertigkultur enth\u00e4lt zwei verschiedene, leckere und gesunde Pilzkulturen:<\/p>\n<ul>\n<li>1 gro\u00dfe Kr\u00e4uterseitling-Kultur (ca. 2,5 kg &#8211; 3 kg)<\/li>\n<li>1 gro\u00dfe Shiitake-Kultur (ca. 2,5 kg &#8211; 3 kg)<\/li>\n<\/ul>\n<p>Mit unserem Set z\u00fcchtest du damit gleich zwei leckere Pilzsorten gleichzeitig.<\/p>\n<p><em><strong>Zwei Hinweise<\/strong>: <\/em><\/p>\n<p><em>Das Pilzwachstum wird beim <strong>Shiitake<\/strong> unter anderem durch Ersch\u00fctterung aktiviert. Aus diesem Grund kommt die Kultur meist schon mit Pilzen auf der Kultur bei dir an an. Aktiviere deshalb die Shiitake-Kultur direkt nach Erhalt.\u00a0<\/em><\/p>\n<p><em>Aktiviere die <strong>Kr\u00e4uterseitlingkultur<\/strong> maximal eine Woche nach Erhalt oder bewahre sie ca. drei bis vier Wochen bei +2\u00b0C bis +10\u00b0C auf.<\/em><\/p>\n<div class=\"video video-fit mb\" style=\"padding-top:56.25%;\">\n<div class=\"brlbs-cmpnt-container brlbs-cmpnt-content-blocker brlbs-cmpnt-with-individual-styles\" data-borlabs-cookie-content-blocker-id=\"youtube-content-blocker\" data-borlabs-cookie-content=\"PGlmcmFtZSB0aXRsZT0iQW5iYXUgZWluZXIgRmVydGlna3VsdHVyIFNoaWl0YWtlLCBLcsOkdXRlcnNlaXRsaW5nLCBIZXJpY2l1bSBvZGVyIFRvc2thbmEiIHdpZHRoPSIxMDIwIiBoZWlnaHQ9IjU3NCIgc3JjPSJodHRwczovL3d3dy55b3V0dWJlLW5vY29va2llLmNvbS9lbWJlZC9wWkVDRkhmT0wtYz9mZWF0dXJlPW9lbWJlZCIgZnJhbWVib3JkZXI9IjAiIGFsbG93PSJhY2NlbGVyb21ldGVyOyBhdXRvcGxheTsgY2xpcGJvYXJkLXdyaXRlOyBlbmNyeXB0ZWQtbWVkaWE7IGd5cm9zY29wZTsgcGljdHVyZS1pbi1waWN0dXJlIiBhbGxvd2Z1bGxzY3JlZW4+PC9pZnJhbWU+\">\n<div class=\"brlbs-cmpnt-cb-preset-c brlbs-cmpnt-cb-youtube\">\n<div class=\"brlbs-cmpnt-cb-thumbnail\" style=\"background-image: url('https:\/\/www.meine-ernte.de\/shop\/wp-content\/uploads\/borlabs-cookie\/1\/yt_pZECFHfOL-c_hqdefault.jpg')\"><\/div>\n<div class=\"brlbs-cmpnt-cb-main\">\n<div class=\"brlbs-cmpnt-cb-play-button\"><\/div>\n<div class=\"brlbs-cmpnt-cb-content\">\n<p class=\"brlbs-cmpnt-cb-description\">Sie sehen gerade einen Platzhalterinhalt von <strong>YouTube<\/strong>. Um auf den eigentlichen Inhalt zuzugreifen, klicken Sie auf die Schaltfl\u00e4che unten. Bitte beachten Sie, dass dabei Daten an Drittanbieter weitergegeben werden.<\/p>\n<p> <a class=\"brlbs-cmpnt-cb-provider-toggle\" href=\"#\" data-borlabs-cookie-show-provider-information role=\"button\">Mehr Informationen<\/a> <\/div>\n<div class=\"brlbs-cmpnt-cb-buttons\"> <a class=\"brlbs-cmpnt-cb-btn\" href=\"#\" data-borlabs-cookie-unblock role=\"button\">Inhalt entsperren<\/a> <a class=\"brlbs-cmpnt-cb-btn\" href=\"#\" data-borlabs-cookie-accept-service role=\"button\" style=\"display: inherit\">Erforderlichen Service akzeptieren und Inhalte entsperren<\/a> <\/div>\n<\/p><\/div>\n<\/p><\/div>\n<\/div>\n<\/div>\n\t<div class=\"img has-hover x md-x lg-x y md-y lg-y\" id=\"image_801008896\">\n\t\t\t\t\t\t\t\t<div class=\"img-inner dark\" >\n\t\t\t<img decoding=\"async\" width=\"578\" height=\"680\" src=\"https:\/\/www.meine-ernte.de\/shop\/wp-content\/uploads\/bio-edel-pilz-mix.jpg\" class=\"attachment-large size-large\" alt=\"\" srcset=\"https:\/\/www.meine-ernte.de\/shop\/wp-content\/uploads\/bio-edel-pilz-mix.jpg 578w, https:\/\/www.meine-ernte.de\/shop\/wp-content\/uploads\/bio-edel-pilz-mix-340x400.jpg 340w\" sizes=\"(max-width: 578px) 100vw, 578px\" \/>\t\t\t\t\t\t\n\t\t\t\t\t<\/div>\n\t\t\t\t\t\t\t\t\n<style>\n#image_801008896 {\n  width: 100%;\n}\n<\/style>\n\t<\/div>\n\t\n\t<div class=\"img has-hover x md-x lg-x y md-y lg-y\" id=\"image_955976485\">\n\t\t\t\t\t\t\t\t<div class=\"img-inner dark\" >\n\t\t\t<img decoding=\"async\" width=\"578\" height=\"680\" src=\"https:\/\/www.meine-ernte.de\/shop\/wp-content\/uploads\/bio-edel-pilz-mix-gross_2.jpg\" class=\"attachment-large size-large\" alt=\"\" srcset=\"https:\/\/www.meine-ernte.de\/shop\/wp-content\/uploads\/bio-edel-pilz-mix-gross_2.jpg 578w, https:\/\/www.meine-ernte.de\/shop\/wp-content\/uploads\/bio-edel-pilz-mix-gross_2-340x400.jpg 340w\" sizes=\"(max-width: 578px) 100vw, 578px\" \/>\t\t\t\t\t\t\n\t\t\t\t\t<\/div>\n\t\t\t\t\t\t\t\t\n<style>\n#image_955976485 {\n  width: 100%;\n}\n<\/style>\n\t<\/div>\n\t\n\t\t<\/div>\n\t\t\t\t\t<\/div>\n\n\t\n\n\t<div id=\"col-643233198\" class=\"col medium-1 small-12 large-1\"  >\n\t\t\t\t<div class=\"col-inner\"  >\n\t\t\t\n\t\t\t\n\t\t<\/div>\n\t\t\t\t\t<\/div>\n\n\t\n\n\t<div id=\"col-1330682650\" class=\"col medium-5 small-12 large-5\"  >\n\t\t\t\t<div class=\"col-inner\"  >\n\t\t\t\n\t\t\t\n<div class=\"container section-title-container\" ><h3 class=\"section-title section-title-center\"><b aria-hidden=\"true\"><\/b><span class=\"section-title-main\" >Anbauhinweise<\/span><b aria-hidden=\"true\"><\/b><\/h3><\/div>\n<h3>Kr\u00e4uterseitling<\/h3>\n<p>Kr\u00e4uterseitlinge sind \u00fcberaus gesund. Sie enthalten viel Eiwei\u00df, B-Vitamine, Spurenelemente und Mineralstoffe, aber kein Fett oder Cholesterin. Seinen Namen hat der wundervoll delikate Pilz, weil er neben des dezenten Pilzaromas ein feines Kr\u00e4uteraroma mitbringt.<\/p>\n<p>Eine ausf\u00fchrliche Anleitung liegt der Pilzkultur bei.<\/p>\n<p><strong>Kurzanleitung<\/strong><\/p>\n<ol>\n<li>Die Kultur aus dem Karton nehmen, Folie entfernen<\/li>\n<li>Beiliegende Folienhaube \u00fcber die Kultur st\u00fclpen<\/li>\n<li>Kultur t\u00e4glich l\u00fcften und feucht halten.<\/li>\n<li>Nach 4 &#8211; 6 Wochen bilden sich die ersten Pilze.<\/li>\n<\/ol>\n<p>Der ideale Temperaturbereich zur Fruchtk\u00f6rperbildung liegt zwischen +10\u00b0C und +18\u00b0C.<br \/>\nKr\u00e4uterseitlinge lieben schattige, windgesch\u00fctzte, feuchte Pl\u00e4tze. Unter B\u00fcschen und Str\u00e4uchern wachsen sie am besten. Auch ins Folienhaus oder Gew\u00e4chshaus kannst du sie pflanzen, wenn eine ausreichende Bel\u00fcftung m\u00f6glich ist.<\/p>\n<p>Eine Kultur kann in 4 Monaten 2 &#8211; 4 Erntewellen bringen, bevor sie ersch\u00f6pft ist. Zwischendurch kann es mehrmals zu Erntepausen von 2 &#8211; 4 Wochen kommen. Diese Erntepausen sind normal. Nach vier Monaten kommen keine oder nur noch vereinzelt Pilze. Das Pilzsubstrat kann anschlie\u00dfend als hochwertiger D\u00fcnger genutzt werden.<\/p>\n<h3>Shiitake<\/h3>\n<p>Der Pilz leistet einen sehr hohen Beitrag zu einer ausgewogenen Ern\u00e4hrung. Besonders reich ist er an Vitaminen der B-Gruppe sowie Mineralstoffen wie Kalzium, Kalium, Eisen, Natrium, Kupfer und Zink. Auch Eiwei\u00df und die Vitamine A, D und C sind enthalten.<\/p>\n<p>Die optimale Temperatur f\u00fcr Shiitake liegt bei +14\u00b0C bis +22\u00b0C.<br \/>\nShiitakepilze sind sehr gesund und leisten einen guten Beitrag zu einer ausgewogenen Ern\u00e4hrung. Der Pilz ist besonders reich an B-Vitaminen, an Mineralstoffen, an Kalzium, Kalium, Eisen, Kupfer und Zink. Besonders Vegetarier und Veganer profitieren vom Hohen Gehalt an Eiwei\u00df.<br \/>\nDer grobe Ablauf zum erfolgreichen Anbau von Shiitake sieht wie folgt aus. Eine ausf\u00fchrliche Anleitung liegt der Pilzkultur nat\u00fcrlich bei.<\/p>\n<ol>\n<li>Die Kultur aus dem Karton nehmen, Folie nicht entfernen<\/li>\n<li>Unter der Folie bilden sich nach einiger Zeit die ersten Fruchtk\u00f6rper.<\/li>\n<li>Folie wird entfernte und durch die Folienhaube ersetzt.<\/li>\n<li>Die Kultur sollte mehrmals t\u00e4glich befeuchtet werden, um ein optimales Ergebnis zu erzielen.<\/li>\n<\/ol>\n<div class=\"container section-title-container\" ><h3 class=\"section-title section-title-center\"><b aria-hidden=\"true\"><\/b><span class=\"section-title-main\" >Anleitung<\/span><b aria-hidden=\"true\"><\/b><\/h3><\/div>\n<p><a href=\"https:\/\/www.meine-ernte.de\/shop\/wp-content\/uploads\/Anleitung_Fertigpilzkultur.pdf\">Bio Edelpilz-Mix Fertigkultur herunterladen (248 kb)<\/a><\/p>\n\t\t<\/div>\n\t\t\t\t\t<\/div>\n\n\t\n<\/div>\n\t\t<\/div>\n\n\t\t\n<style>\n#section_467598095 {\n  padding-top: 30px;\n  padding-bottom: 30px;\n}\n<\/style>\n\t<\/section>\n\t\n","protected":false},"excerpt":{"rendered":"<ul>\n<li>Ein delikates Duo aus Kr\u00e4uterseitling und Shiitake<\/li>\n<li>Mehrere Ernten pro Jahr m\u00f6glich!<\/li>\n<li>Nach der Nutzung kann die Kultur als hochwertiger Kompost verwendet werden<\/li>\n<\/ul>\n","protected":false},"featured_media":29928,"comment_status":"open","ping_status":"closed","template":"","meta":{"_acf_changed":false},"product_brand":[],"product_cat":[674,565,566,72,164,570,512,516,322],"product_tag":[665],"class_list":{"0":"post-29917","1":"product","2":"type-product","3":"status-publish","4":"has-post-thumbnail","6":"product_cat-indoor-selbstversorgung","7":"product_cat-anzucht-im-garten","8":"product_cat-kraeuterseitlinge","9":"product_cat-saatgut-und-pflanzen","10":"product_cat-pilzzuchtsets","11":"product_cat-shiitake","12":"product_cat-saeen-und-pflanzen-im-november","13":"product_cat-saeen-und-pflanzen-im-dezember","14":"product_cat-winteranbau","15":"product_tag-mindestbestellwert","16":"product_shipping_class-hawlik","18":"first","19":"instock","20":"taxable","21":"shipping-taxable","22":"purchasable","23":"product-type-simple"},"acf":[],"tiered_pricing_type":"fixed","tiered_pricing_fixed_rules":[],"tiered_pricing_product_settings":{"layout":"default","base_unit_name":{"singular":null,"plural":null},"default_variation":null},"tiered_pricing_minimum_quantity":null,"tiered_pricing_roles_data":[],"tiered_pricing_percentage_rules":[],"_links":{"self":[{"href":"https:\/\/www.meine-ernte.de\/shop\/wp-json\/wp\/v2\/product\/29917","targetHints":{"allow":["GET"]}}],"collection":[{"href":"https:\/\/www.meine-ernte.de\/shop\/wp-json\/wp\/v2\/product"}],"about":[{"href":"https:\/\/www.meine-ernte.de\/shop\/wp-json\/wp\/v2\/types\/product"}],"replies":[{"embeddable":true,"href":"https:\/\/www.meine-ernte.de\/shop\/wp-json\/wp\/v2\/comments?post=29917"}],"wp:featuredmedia":[{"embeddable":true,"href":"https:\/\/www.meine-ernte.de\/shop\/wp-json\/wp\/v2\/media\/29928"}],"wp:attachment":[{"href":"https:\/\/www.meine-ernte.de\/shop\/wp-json\/wp\/v2\/media?parent=29917"}],"wp:term":[{"taxonomy":"product_brand","embeddable":true,"href":"https:\/\/www.meine-ernte.de\/shop\/wp-json\/wp\/v2\/product_brand?post=29917"},{"taxonomy":"product_cat","embeddable":true,"href":"https:\/\/www.meine-ernte.de\/shop\/wp-json\/wp\/v2\/product_cat?post=29917"},{"taxonomy":"product_tag","embeddable":true,"href":"https:\/\/www.meine-ernte.de\/shop\/wp-json\/wp\/v2\/product_tag?post=29917"}],"curies":[{"name":"wp","href":"https:\/\/api.w.org\/{rel}","templated":true}]}}