{"id":20647,"date":"2020-05-27T10:22:58","date_gmt":"2020-05-27T08:22:58","guid":{"rendered":"https:\/\/www.meine-ernte.de\/shop\/?post_type=product&#038;p=20647"},"modified":"2025-08-18T09:17:44","modified_gmt":"2025-08-18T07:17:44","slug":"kulturschutznetz","status":"publish","type":"product","link":"https:\/\/www.meine-ernte.de\/shop\/kulturschutznetz\/","title":{"rendered":"Kulturschutznetz 2,8&#215;5,0 m meine ernte"},"content":{"rendered":"<div id=\"c5810\" class=\"csc-default csc-space-after-30\">\n<p>Schadinsekten, Wind und Wetter k\u00f6nnen deinen Kulturen nichts mehr anhaben, wenn du sie mit diesem extra feinmaschigen Kulturschutznetz sch\u00fctzt. Das Netz wird locker \u00fcber die Beetreihen gelegt und an den R\u00e4ndern befestigt. Auch Obstb\u00e4ume und Str\u00e4ucher sind unter dem Netz bestens gesch\u00fctzt. So haben Kohlmotten, Erdfl\u00f6he und Kirschessigfliegen keine Chance.<\/p>\n<p>Und weil wir beim Kulturschutz keine Kompromisse f\u00fcr die Umwelt eingehen, haben wir uns f\u00fcr einen Klassiker aus der \u00f6kologischen Landwirtschaft entschieden. Dieses Schutznetz in Profiqualit\u00e4t wird dort fl\u00e4chendeckend zum Schutz vor Sch\u00e4dlingen und Unwetter eingesetzt. Es ist extra rei\u00dffest, durchl\u00e4ssig f\u00fcr Regen und Licht und h\u00e4lt sogar leichte Fr\u00f6ste ab. Unter dem Kulturschutznetz bildet sich ein g\u00fcnstiges Mikroklima, in dem deine Pflanzen noch besser wachsen und gedeihen. Besonders praktisch finden wir, dass das Netz bei 30\u00b0 maschinenwaschbar ist.<\/p>\n<p>Der Umwelt zuliebe liefern wir das Netz ohne Umverpackung!<\/p>\n<\/div>\n\t<div id=\"text-4193981739\" class=\"text hidden\">\n\t\t\n<p><span style=\"color: #ed1c24;\">Du hast einen Mietgarten bei uns gebucht und m\u00f6chtest dein Netz zur Saisoner\u00f6ffnung vor Ort vorfinden? Dann bestelle dein Netz im Kundenlogin. So k\u00f6nnen wir es direkt zu deiner Gartenbuchung zuordnen und dir am Tag der Saisoner\u00f6ffnung vor Ort hinterlegen und du sparst sogar noch Versandkosten.<\/span><br \/>\n\t\t\t<\/div>\n\t\n\t<div id=\"gap-697070600\" class=\"gap-element clearfix\" style=\"display:block; height:auto;\">\n\t\t\n<style>\n#gap-697070600 {\n  padding-top: 30px;\n}\n<\/style>\n\t<\/div>\n\t\n<div class=\"row\"  id=\"row-555394836\">\n\n\t<div id=\"col-749335639\" class=\"col medium-6 small-12 large-6\"  >\n\t\t\t\t<div class=\"col-inner\"  >\n\t\t\t\n\t\t\t\n<div class=\"container section-title-container\" ><h2 class=\"section-title section-title-center\"><b aria-hidden=\"true\"><\/b><span class=\"section-title-main\" >Kulturschutz in Profiqualit\u00e4t<\/span><b aria-hidden=\"true\"><\/b><\/h2><\/div>\n<ul>\n<li>Maschenweite von 0,8 x 0,8mm<\/li>\n<li>Materialgewicht: 65gr\/m\u00b2<\/li>\n<li>Ma\u00dfe\/Fl\u00e4che: 2,80 x 5,00m (ca. 14m\u00b2)<\/li>\n<li>Material: HDPE (Hart-Polyethylen)<\/li>\n<li>Maschinenwaschbar bei 30\u00b0C<\/li>\n<li>UV-stabilisiert<\/li>\n<\/ul>\n\t\t<\/div>\n\t\t\t\t\t<\/div>\n\n\t\n\n\t<div id=\"col-1136242799\" class=\"col medium-6 small-12 large-6\"  >\n\t\t\t\t<div class=\"col-inner\"  >\n\t\t\t\n\t\t\t\n<div class=\"container section-title-container\" ><h2 class=\"section-title section-title-center\"><b aria-hidden=\"true\"><\/b><span class=\"section-title-main\" >Besondere Vorteile<\/span><b aria-hidden=\"true\"><\/b><\/h2><\/div>\n<ul>\n<li>Die extrem enge Maschendichte bietet sogar Schutz vor Erdfl\u00f6hen, Kirschessigfliege, Kohlmottenschildlaus uvm.<\/li>\n<li>Rei\u00dffest mit h\u00f6chster Langlebigkeit (Regeleinsatzzeit: 12 Jahre)<\/li>\n<li>Sch\u00fctzt vor Starkregen, Hagel und leichtem Frost<\/li>\n<li>Hohe Durchl\u00e4ssigkeit f\u00fcr Licht, Luft und Regenwasser<\/li>\n<li>L\u00e4sst wachstumsf\u00f6rderndes Mikroklima entstehen<\/li>\n<\/ul>\n\t\t<\/div>\n\t\t\t\t\t<\/div>\n\n\t\n<\/div>\n<p>Bei uns bekommst du ein ideales Netz, welches ungebetene G\u00e4ste fernh\u00e4lt, vor Unwetter sch\u00fctzt und sogar das Wachstum deiner Pflanzen f\u00f6rdert.<br \/>\nWir finden: Ein robuster Allesk\u00f6nner, der in jeden Garten geh\u00f6rt!<\/p>\n\t<div id=\"gap-719527863\" class=\"gap-element clearfix\" style=\"display:block; height:auto;\">\n\t\t\n<style>\n#gap-719527863 {\n  padding-top: 30px;\n}\n<\/style>\n\t<\/div>\n\t\n<div class=\"container section-title-container\" ><h3 class=\"section-title section-title-center\"><b aria-hidden=\"true\"><\/b><span class=\"section-title-main\" >Befestigungsm\u00f6glichkeiten und Nutzen<\/span><b aria-hidden=\"true\"><\/b><\/h3><\/div>\n<div class=\"row\"  id=\"row-906708381\">\n\n\t<div id=\"col-385560455\" class=\"col medium-6 small-12 large-6\"  >\n\t\t\t\t<div class=\"col-inner\"  >\n\t\t\t\n\t\t\t\n<h4 style=\"text-align: center;\">Nutzen gegen Erdfl\u00f6he &#8211; das Netz in der Praxis<\/h4>\n<div class=\"video video-fit mb\" style=\"padding-top:56.25%;\"><p>https:\/\/www.youtube.com\/watch?v=CZMstpdlC0E&#038;feature=emb_logo<\/p>\n<\/div>\n<div class=\"video video-fit mb\" style=\"padding-top:56.25%;\">\n<div class=\"brlbs-cmpnt-container brlbs-cmpnt-content-blocker brlbs-cmpnt-with-individual-styles\" data-borlabs-cookie-content-blocker-id=\"youtube-content-blocker\" data-borlabs-cookie-content=\"PGlmcmFtZSB0aXRsZT0iU2NodXR6IHZvciBkZW0gS29obHdlacOfbGluZyAtIFNjaMOkZGxpbmdlIGltIEtvaGwgdmVybWVpZGVuIC0gS3VsdHVyc2NodXR6bmV0emUgc2ljaGVybiBkZWluZSBFcm50ZSEiIHdpZHRoPSIxMDIwIiBoZWlnaHQ9IjU3NCIgc3JjPSJodHRwczovL3d3dy55b3V0dWJlLW5vY29va2llLmNvbS9lbWJlZC91a2RQVUNDX3BXOD9mZWF0dXJlPW9lbWJlZCIgZnJhbWVib3JkZXI9IjAiIGFsbG93PSJhY2NlbGVyb21ldGVyOyBhdXRvcGxheTsgY2xpcGJvYXJkLXdyaXRlOyBlbmNyeXB0ZWQtbWVkaWE7IGd5cm9zY29wZTsgcGljdHVyZS1pbi1waWN0dXJlIiBhbGxvd2Z1bGxzY3JlZW4+PC9pZnJhbWU+\">\n<div class=\"brlbs-cmpnt-cb-preset-c brlbs-cmpnt-cb-youtube\">\n<div class=\"brlbs-cmpnt-cb-thumbnail\" style=\"background-image: url('https:\/\/www.meine-ernte.de\/shop\/wp-content\/uploads\/borlabs-cookie\/1\/yt_ukdPUCC_pW8_hqdefault.jpg')\"><\/div>\n<div class=\"brlbs-cmpnt-cb-main\">\n<div class=\"brlbs-cmpnt-cb-play-button\"><\/div>\n<div class=\"brlbs-cmpnt-cb-content\">\n<p class=\"brlbs-cmpnt-cb-description\">Sie sehen gerade einen Platzhalterinhalt von <strong>YouTube<\/strong>. Um auf den eigentlichen Inhalt zuzugreifen, klicken Sie auf die Schaltfl\u00e4che unten. Bitte beachten Sie, dass dabei Daten an Drittanbieter weitergegeben werden.<\/p>\n<p> <a class=\"brlbs-cmpnt-cb-provider-toggle\" href=\"#\" data-borlabs-cookie-show-provider-information role=\"button\">Mehr Informationen<\/a> <\/div>\n<div class=\"brlbs-cmpnt-cb-buttons\"> <a class=\"brlbs-cmpnt-cb-btn\" href=\"#\" data-borlabs-cookie-unblock role=\"button\">Inhalt entsperren<\/a> <a class=\"brlbs-cmpnt-cb-btn\" href=\"#\" data-borlabs-cookie-accept-service role=\"button\" style=\"display: inherit\">Erforderlichen Service akzeptieren und Inhalte entsperren<\/a> <\/div>\n<\/p><\/div>\n<\/p><\/div>\n<\/div>\n<\/div>\n\t\t<\/div>\n\t\t\t\t\t<\/div>\n\n\t\n\n\t<div id=\"col-1659294107\" class=\"col medium-6 small-12 large-6\"  >\n\t\t\t\t<div class=\"col-inner text-center\"  >\n\t\t\t\n\t\t\t\n<h4 style=\"text-align: center;\">Besseres Wachstum durch Kulturschutznetz<\/h4>\n\t<div class=\"img has-hover x md-x lg-x y md-y lg-y\" id=\"image_680755946\">\n\t\t\t\t\t\t\t\t<div class=\"img-inner dark\" >\n\t\t\t<img decoding=\"async\" width=\"534\" height=\"800\" src=\"https:\/\/www.meine-ernte.de\/shop\/wp-content\/uploads\/Kulturschutznetz_Ergebnis-beschriftet.jpg\" class=\"attachment-large size-large\" alt=\"Ergebnis des Einsatzes eines Kulturschutznetzes\" srcset=\"https:\/\/www.meine-ernte.de\/shop\/wp-content\/uploads\/Kulturschutznetz_Ergebnis-beschriftet.jpg 534w, https:\/\/www.meine-ernte.de\/shop\/wp-content\/uploads\/Kulturschutznetz_Ergebnis-beschriftet-267x400.jpg 267w\" sizes=\"(max-width: 534px) 100vw, 534px\" \/>\t\t\t\t\t\t\n\t\t\t\t\t<\/div>\n\t\t\t\t\t\t\t\t\n<style>\n#image_680755946 {\n  width: 81%;\n}\n<\/style>\n\t<\/div>\n\t\n<p>Deutliches Ergebnis: Die Pflanzen unter dem Kulturschutznetz sind deutlich gr\u00f6\u00dfer und st\u00e4rker.<\/p>\n\t<div id=\"gap-957197085\" class=\"gap-element clearfix\" style=\"display:block; height:auto;\">\n\t\t\n<style>\n#gap-957197085 {\n  padding-top: 30px;\n}\n<\/style>\n\t<\/div>\n\t\n<h4 style=\"text-align: center;\"><a href=\"https:\/\/www.meine-ernte.de\/shop\/wp-content\/uploads\/2019\/12\/Befestigungsanleitung_Kulturschutznetz_mit-Steinen-und-Erde.pdf\">Umweltvertr\u00e4gliche Befestigungsanleitung<br \/>\nzum Download<\/a><\/h4>\n\n\t<a class=\"plain\" href=\"https:\/\/www.meine-ernte.de\/shop\/wp-content\/uploads\/2019\/12\/Befestigungsanleitung_Kulturschutznetz_mit-Steinen-und-Erde.pdf\" >\t<div class=\"icon-box featured-box icon-box-center text-center\"  >\n\t\t\t\t\t<div class=\"icon-box-img\" style=\"width: 258px\">\n\t\t\t\t<div class=\"icon\">\n\t\t\t\t\t<div class=\"icon-inner\" >\n\t\t\t\t\t\t<img decoding=\"async\" width=\"280\" height=\"394\" src=\"https:\/\/www.meine-ernte.de\/shop\/wp-content\/uploads\/2019\/12\/kulturschutznetz_Anleitung_meine-ernte.de_.jpg\" class=\"attachment-medium size-medium\" alt=\"Befestigungsanleitung Kulturschutznetz mit Steinen und Erde\" \/>\t\t\t\t\t<\/div>\n\t\t\t\t<\/div>\n\t\t\t<\/div>\n\t\t\t\t<div class=\"icon-box-text last-reset\">\n\t\t\t\t\t\t\t\t\t\n\t\t<\/div>\n\t<\/div>\n\t<\/a>\n\t\n\t\t<\/div>\n\t\t\t\t\t<\/div>\n\n\t\n<\/div>\n","protected":false},"excerpt":{"rendered":"<ul>\n<li>Zuverl\u00e4ssiger Schutz vor Hagel, Starkregen und leichte Fr\u00f6ste<\/li>\n<li>Extra feine Maschenweite \u2013 Schutz auch gegen kleine\u00a0Insekten<\/li>\n<li>Schnelleres Wachstum durch Mikroklima<\/li>\n<li>Profi Qualit\u00e4t \u2013 besonders rei\u00dffest<\/li>\n<li>Maschinenwaschbar bei 30\u00b0C<\/li>\n<li>Bereits \u00fcber 15.000 mal verkauft!<\/li>\n<\/ul>\n","protected":false},"featured_media":108697,"comment_status":"open","ping_status":"closed","template":"","meta":{"_acf_changed":false},"product_brand":[],"product_cat":[327],"product_tag":[665,689],"class_list":{"0":"post-20647","1":"product","2":"type-product","3":"status-publish","4":"has-post-thumbnail","6":"product_cat-mietgaerten","7":"product_tag-mindestbestellwert","8":"product_tag-brand","9":"product_shipping_class-versand-durch-meine-ernte-paket","11":"first","12":"outofstock","13":"taxable","14":"shipping-taxable","15":"purchasable","16":"product-type-simple"},"acf":[],"tiered_pricing_type":"fixed","tiered_pricing_fixed_rules":[],"tiered_pricing_product_settings":{"layout":"default","base_unit_name":{"singular":null,"plural":null},"default_variation":null},"tiered_pricing_minimum_quantity":null,"tiered_pricing_roles_data":[],"tiered_pricing_percentage_rules":[],"_links":{"self":[{"href":"https:\/\/www.meine-ernte.de\/shop\/wp-json\/wp\/v2\/product\/20647","targetHints":{"allow":["GET"]}}],"collection":[{"href":"https:\/\/www.meine-ernte.de\/shop\/wp-json\/wp\/v2\/product"}],"about":[{"href":"https:\/\/www.meine-ernte.de\/shop\/wp-json\/wp\/v2\/types\/product"}],"replies":[{"embeddable":true,"href":"https:\/\/www.meine-ernte.de\/shop\/wp-json\/wp\/v2\/comments?post=20647"}],"wp:featuredmedia":[{"embeddable":true,"href":"https:\/\/www.meine-ernte.de\/shop\/wp-json\/wp\/v2\/media\/108697"}],"wp:attachment":[{"href":"https:\/\/www.meine-ernte.de\/shop\/wp-json\/wp\/v2\/media?parent=20647"}],"wp:term":[{"taxonomy":"product_brand","embeddable":true,"href":"https:\/\/www.meine-ernte.de\/shop\/wp-json\/wp\/v2\/product_brand?post=20647"},{"taxonomy":"product_cat","embeddable":true,"href":"https:\/\/www.meine-ernte.de\/shop\/wp-json\/wp\/v2\/product_cat?post=20647"},{"taxonomy":"product_tag","embeddable":true,"href":"https:\/\/www.meine-ernte.de\/shop\/wp-json\/wp\/v2\/product_tag?post=20647"}],"curies":[{"name":"wp","href":"https:\/\/api.w.org\/{rel}","templated":true}]}}