{"id":19102,"date":"2020-05-15T11:27:37","date_gmt":"2020-05-15T09:27:37","guid":{"rendered":"https:\/\/www.meine-ernte.de\/shop\/?post_type=product&#038;p=19102"},"modified":"2025-07-24T12:33:08","modified_gmt":"2025-07-24T10:33:08","slug":"pflanzenpyramiden-klein","status":"publish","type":"product","link":"https:\/\/www.meine-ernte.de\/shop\/pflanzenpyramiden-klein\/","title":{"rendered":"Pflanzenpyramide, Stahl Edelrost 80&#215;45 cm"},"content":{"rendered":"<div class=\"row\"  id=\"row-2033934271\">\n\n\t<div id=\"col-769152233\" class=\"col medium-6 small-12 large-6\"  >\n\t\t\t\t<div class=\"col-inner\"  >\n\t\t\t\n\t\t\t\n<div class=\"container section-title-container\" ><h3 class=\"section-title section-title-center\"><b aria-hidden=\"true\"><\/b><span class=\"section-title-main\" >PRODUKTINFORMATIONEN<\/span><b aria-hidden=\"true\"><\/b><\/h3><\/div>\n<p>Raffiniert kommt diese Pflanzpyramide aus drei separaten, edelverrosteten Metallringen daher. Die Ringe haben verschiedene Gr\u00f6\u00dfen und lassen sich pyramidenf\u00f6rmig \u00fcbereinander, versetzt oder auch einzeln aufstellen. So ist die Pyramide mal Hochbeet, mal Kr\u00e4uterschnecke, mal h\u00fcbsch bepflanzter Baumring oder&#8230; oder&#8230; oder. Du kannst damit ganz unkompliziert im Garten kreativ werden und die Pyramide als Gestaltungselement vielf\u00e4ltig und jede Saison nach Lust und Laune umnutzen. Und weil wir sehr auf Nachhaltigkeit &amp; Nat\u00fcrlichkeit achten, wird die effektvolle Rostpatina ausschlie\u00dflich mit Essig und Salz erzeugt und ist somit unbedenklich in der Herstellung und im Kontakt mit Mensch, Tier &amp; Nahrungsmitteln.<\/p>\n<div class=\"container section-title-container\" ><h3 class=\"section-title section-title-center\"><b aria-hidden=\"true\"><\/b><span class=\"section-title-main\" >LIEFERUMFANG<\/span><b aria-hidden=\"true\"><\/b><\/h3><\/div>\n<ul>\n<li>3 unterschiedlich gro\u00dfe separat aufstellbare Metallringe<\/li>\n<li>Schrauben und Muttern<\/li>\n<li>Leicht verst\u00e4ndliche Aufbauanleitung<\/li>\n<\/ul>\n<p>Dank der mitgelieferten Aufbauanleitung ist deine Pflanzenpyramide ruckzuck aufgebaut. Du musst nur noch dein Lieblingspl\u00e4tzchen und ein Arrangement finden, das dir gef\u00e4llt, passende Erde einf\u00fcllen und kannst mit dem Pflanzen loslegen!<\/p>\n<p>Pflanzenpyramide mit Durchmesser 80 cm (gr\u00f6\u00dfter Ring)<br \/>\nH\u00f6he: 45 cm (je 15 cm pro Ring)<br \/>\nDurchmesser der einzelnen Ringe: 20\/50\/80cm<br \/>\nMaterial: 1,5 mm Stahlblech mit nat\u00fcrlicher Edelrost-Oberfl\u00e4che<br \/>\nStandort: fester Untergrund, Gartenboden oder Rasen<\/p>\n\t<div class=\"img has-hover x md-x lg-x y md-y lg-y\" id=\"image_1191475978\">\n\t\t\t\t\t\t\t\t<div class=\"img-inner dark\" >\n\t\t\t<img decoding=\"async\" width=\"500\" height=\"500\" src=\"https:\/\/www.meine-ernte.de\/shop\/wp-content\/uploads\/Pflanzenpyramide_klein1_wei\u00dfer_Hintergrund.jpg\" class=\"attachment-large size-large\" alt=\"\" srcset=\"https:\/\/www.meine-ernte.de\/shop\/wp-content\/uploads\/Pflanzenpyramide_klein1_wei\u00dfer_Hintergrund.jpg 500w, https:\/\/www.meine-ernte.de\/shop\/wp-content\/uploads\/Pflanzenpyramide_klein1_wei\u00dfer_Hintergrund-400x400.jpg 400w, https:\/\/www.meine-ernte.de\/shop\/wp-content\/uploads\/Pflanzenpyramide_klein1_wei\u00dfer_Hintergrund-280x280.jpg 280w, https:\/\/www.meine-ernte.de\/shop\/wp-content\/uploads\/Pflanzenpyramide_klein1_wei\u00dfer_Hintergrund-300x300.jpg 300w, https:\/\/www.meine-ernte.de\/shop\/wp-content\/uploads\/Pflanzenpyramide_klein1_wei\u00dfer_Hintergrund-100x100.jpg 100w\" sizes=\"(max-width: 500px) 100vw, 500px\" \/>\t\t\t\t\t\t\n\t\t\t\t\t<\/div>\n\t\t\t\t\t\t\t\t\n<style>\n#image_1191475978 {\n  width: 50%;\n}\n<\/style>\n\t<\/div>\n\t\n\t\t<\/div>\n\t\t\t\t\t<\/div>\n\n\t\n<\/div>\n<div class=\"row\"  id=\"row-1368845373\">\n\n\t<div id=\"col-1106327385\" class=\"col small-12 large-12\"  >\n\t\t\t\t<div class=\"col-inner\"  >\n\t\t\t\n\t\t\t\n<div class=\"row\"  id=\"row-193086484\">\n\n\t<div id=\"col-196085875\" class=\"col medium-6 small-12 large-6\"  >\n\t\t\t\t<div class=\"col-inner\"  >\n\t\t\t\n\t\t\t\n<div class=\"col medium-8 small-12 large-8\"><\/div>\n\t\t<\/div>\n\t\t\t\t\t<\/div>\n\n\t\n\n\t<div id=\"col-662382027\" class=\"col medium-6 small-12 large-6\"  >\n\t\t\t\t<div class=\"col-inner\"  >\n\t\t\t\n\t\t\t\n\t\t<\/div>\n\t\t\t\t\t<\/div>\n\n\t\n<\/div>\n\t\t<\/div>\n\t\t\t\t\t<\/div>\n\n\t\n<\/div>\n","protected":false},"excerpt":{"rendered":"<ul>\n<li>Kreative Gartengestaltung leicht gemacht<\/li>\n<li>Ruckzuck aufgestellt und sofort pflanzbereit<\/li>\n<li>Hochwertiges und zeitloses Design in Edelrost<\/li>\n<li>Drei bepflanzbare Metallringe, variabel aufstellbar<\/li>\n<\/ul>\n<div>\u00a0<\/div>\n<strong>versandkostenfrei!<\/strong><\/p>\n","protected":false},"featured_media":19771,"comment_status":"open","ping_status":"closed","template":"","meta":{"_acf_changed":false},"product_brand":[],"product_cat":[327],"product_tag":[665],"class_list":{"0":"post-19102","1":"product","2":"type-product","3":"status-publish","4":"has-post-thumbnail","6":"product_cat-mietgaerten","7":"product_tag-mindestbestellwert","8":"product_shipping_class-prima-terra","10":"first","11":"instock","12":"taxable","13":"shipping-taxable","14":"purchasable","15":"product-type-variable","16":"has-default-attributes"},"acf":[],"tiered_pricing_type":"fixed","tiered_pricing_fixed_rules":[],"tiered_pricing_product_settings":{"layout":"default","base_unit_name":{"singular":null,"plural":null},"default_variation":null},"tiered_pricing_minimum_quantity":null,"tiered_pricing_roles_data":[],"tiered_pricing_percentage_rules":[],"_links":{"self":[{"href":"https:\/\/www.meine-ernte.de\/shop\/wp-json\/wp\/v2\/product\/19102","targetHints":{"allow":["GET"]}}],"collection":[{"href":"https:\/\/www.meine-ernte.de\/shop\/wp-json\/wp\/v2\/product"}],"about":[{"href":"https:\/\/www.meine-ernte.de\/shop\/wp-json\/wp\/v2\/types\/product"}],"replies":[{"embeddable":true,"href":"https:\/\/www.meine-ernte.de\/shop\/wp-json\/wp\/v2\/comments?post=19102"}],"wp:featuredmedia":[{"embeddable":true,"href":"https:\/\/www.meine-ernte.de\/shop\/wp-json\/wp\/v2\/media\/19771"}],"wp:attachment":[{"href":"https:\/\/www.meine-ernte.de\/shop\/wp-json\/wp\/v2\/media?parent=19102"}],"wp:term":[{"taxonomy":"product_brand","embeddable":true,"href":"https:\/\/www.meine-ernte.de\/shop\/wp-json\/wp\/v2\/product_brand?post=19102"},{"taxonomy":"product_cat","embeddable":true,"href":"https:\/\/www.meine-ernte.de\/shop\/wp-json\/wp\/v2\/product_cat?post=19102"},{"taxonomy":"product_tag","embeddable":true,"href":"https:\/\/www.meine-ernte.de\/shop\/wp-json\/wp\/v2\/product_tag?post=19102"}],"curies":[{"name":"wp","href":"https:\/\/api.w.org\/{rel}","templated":true}]}}