{"id":19099,"date":"2020-05-15T11:24:42","date_gmt":"2020-05-15T09:24:42","guid":{"rendered":"https:\/\/www.meine-ernte.de\/shop\/?post_type=product&#038;p=19099"},"modified":"2025-06-11T19:16:27","modified_gmt":"2025-06-11T17:16:27","slug":"kraeuterschnecke-eckig","status":"publish","type":"product","link":"https:\/\/www.meine-ernte.de\/shop\/kraeuterschnecke-eckig\/","title":{"rendered":"Kr\u00e4uterschnecke eckig Stahl Edelrost, 78x78x60cm"},"content":{"rendered":"<div class=\"row\"  id=\"row-246314401\">\n\n\t<div id=\"col-325759179\" class=\"col medium-6 small-12 large-6\"  >\n\t\t\t\t<div class=\"col-inner\"  >\n\t\t\t\n\t\t\t\n<div class=\"container section-title-container\" ><h3 class=\"section-title section-title-center\"><b aria-hidden=\"true\"><\/b><span class=\"section-title-main\" >PRODUKTINFORMATIONEN<\/span><b aria-hidden=\"true\"><\/b><\/h3><\/div>\n<p>Ein ganzer Kr\u00e4utergarten auf kleinstem Raum vereint in unterschiedlichen Klimazonen. Das alles bietet das Prinzip Kr\u00e4uterspirale. Mit unserer Kr\u00e4uterschnecke aus Stahl mit Edelrostfinish holst du dir das Raumwunder unkompliziert und dekorativ mit ganz wenig Aufwand in den eigenen Garten. Das eckige Design in Kombination mit dem rustikalen Edelrost bildet einen effektvollen Hingucker in deinem Garten.<\/p>\n<div class=\"container section-title-container\" ><h3 class=\"section-title section-title-center\"><b aria-hidden=\"true\"><\/b><span class=\"section-title-main\" >LIEFERUMFANG<\/span><b aria-hidden=\"true\"><\/b><\/h3><\/div>\n<ul>\n<li>9 Seitenteile<\/li>\n<li>Schrauben und Muttern<\/li>\n<li>Aufbauanleitung<\/li>\n<\/ul>\n\t\t<\/div>\n\t\t\t\t\t<\/div>\n\n\t\n\n\t<div id=\"col-1312833793\" class=\"col medium-6 small-12 large-6\"  >\n\t\t\t\t<div class=\"col-inner\"  >\n\t\t\t\n\t\t\t\n<div class=\"container section-title-container\" ><h3 class=\"section-title section-title-center\"><b aria-hidden=\"true\"><\/b><span class=\"section-title-main\" >DETAILS<\/span><b aria-hidden=\"true\"><\/b><\/h3><\/div>\n<p>Auf kleinem Raum bietet die eckige Kr\u00e4uterschnecke ideale Voraussetzungen an W\u00e4rme, Wasser, Licht und N\u00e4hrstoffen f\u00fcr die Kultur vieler unterschiedlicher Kr\u00e4uter. W\u00e4hrend sich oben in durchl\u00e4ssigem Boden Sonnenliebhaber unter den Kr\u00e4utern, wie Rosmarin, Thymian, Salbei oder Bohnenkraut\u00a0 wohlf\u00fchlen, gedeihen ganz unten Pflanzen, die Feuchtigkeit und humose Erde brauchen, wie B\u00e4rlauch oder Minze. So kannst du dir die ganze Vielfalt der Heil-und K\u00fcchenkr\u00e4uter in deinen Garten holen.<\/p>\n<p>Dank der mitgelieferten Aufbauanleitung ist deine eckige Kr\u00e4uterschnecke ganz schnell aufgebaut und muss nur noch im Garten aufgestellt und mit passender Erde bef\u00fcllt werden. W\u00e4hle f\u00fcr die eckige Kr\u00e4uterspirale einen vollsonnigen Platz mit S\u00fcdausrichtung in deinem Garten, denn die meisten Kr\u00e4uter brauchen viel Licht und W\u00e4rme.<\/p>\n<p>Ma\u00dfe: 78x78cm<br \/>\nH\u00f6he: 60cm<br \/>\nMaterial: 1,5mm Stahlblech mit Edelrost-Oberfl\u00e4che<\/p>\n\t<div class=\"img has-hover x md-x lg-x y md-y lg-y\" id=\"image_718624115\">\n\t\t\t\t\t\t\t\t<div class=\"img-inner dark\" >\n\t\t\t<img decoding=\"async\" width=\"500\" height=\"500\" src=\"https:\/\/www.meine-ernte.de\/shop\/wp-content\/uploads\/Kreuterschnecke_Eckig_Detail.jpg\" class=\"attachment-large size-large\" alt=\"\" srcset=\"https:\/\/www.meine-ernte.de\/shop\/wp-content\/uploads\/Kreuterschnecke_Eckig_Detail.jpg 500w, https:\/\/www.meine-ernte.de\/shop\/wp-content\/uploads\/Kreuterschnecke_Eckig_Detail-400x400.jpg 400w, https:\/\/www.meine-ernte.de\/shop\/wp-content\/uploads\/Kreuterschnecke_Eckig_Detail-280x280.jpg 280w, https:\/\/www.meine-ernte.de\/shop\/wp-content\/uploads\/Kreuterschnecke_Eckig_Detail-300x300.jpg 300w, https:\/\/www.meine-ernte.de\/shop\/wp-content\/uploads\/Kreuterschnecke_Eckig_Detail-100x100.jpg 100w\" sizes=\"(max-width: 500px) 100vw, 500px\" \/>\t\t\t\t\t\t\n\t\t\t\t\t<\/div>\n\t\t\t\t\t\t\t\t\n<style>\n#image_718624115 {\n  width: 50%;\n}\n<\/style>\n\t<\/div>\n\t\n\t\t<\/div>\n\t\t\t\t\t<\/div>\n\n\t\n<\/div>\n<div class=\"row\"  id=\"row-457374488\">\n\n\t<div id=\"col-1869114386\" class=\"col small-12 large-12\"  >\n\t\t\t\t<div class=\"col-inner\"  >\n\t\t\t\n\t\t\t\n<div class=\"row\"  id=\"row-619836926\">\n\n\t<div id=\"col-486576643\" class=\"col medium-6 small-12 large-6\"  >\n\t\t\t\t<div class=\"col-inner\"  >\n\t\t\t\n\t\t\t\n<h3>Optional erh\u00e4ltlich mit passendem W\u00fchlmausgitter<\/h3>\n<p>Mit dem passenden W\u00fchlmausgitter sch\u00fctzt du dein Hochbeet vor gefr\u00e4\u00dfigen Nagetieren. Aufgrund der sehr geringen Maschenweite wird das Eindringen unerw\u00fcnschter Nager aus dem Boden verhindert.<\/p>\n<ul>\n<li>verzinktes Stahlgitter<\/li>\n<li>Maschenweite 0,8 x 0,8cm<\/li>\n<li>sehr einfache Anbringung<\/li>\n<\/ul>\n<div class=\"col medium-8 small-12 large-8\"><\/div>\n\t\t<\/div>\n\t\t\t\t\t<\/div>\n\n\t\n\n\t<div id=\"col-1889476415\" class=\"col medium-6 small-12 large-6\"  >\n\t\t\t\t<div class=\"col-inner\"  >\n\t\t\t\n\t\t\t\n\n  \n    <div class=\"row large-columns-2 medium-columns- small-columns-\" >\n  <div class=\"gallery-col col\" >\n          <div class=\"col-inner\">\n            <a class=\"image-lightbox lightbox-gallery\" href=\"https:\/\/www.meine-ernte.de\/shop\/wp-content\/uploads\/Nagetiergitter_Warnung.jpg\" title=\"\">            <div class=\"box has-hover gallery-box box-overlay dark\">\n              <div class=\"box-image\" >\n                <img decoding=\"async\" width=\"400\" height=\"400\" src=\"https:\/\/www.meine-ernte.de\/shop\/wp-content\/uploads\/Nagetiergitter_Warnung-400x400.jpg\" class=\"attachment-medium size-medium\" alt=\"\" ids=\"19727,19726,19725,19724\" columns=\"2\" srcset=\"https:\/\/www.meine-ernte.de\/shop\/wp-content\/uploads\/Nagetiergitter_Warnung-400x400.jpg 400w, https:\/\/www.meine-ernte.de\/shop\/wp-content\/uploads\/Nagetiergitter_Warnung-280x280.jpg 280w, https:\/\/www.meine-ernte.de\/shop\/wp-content\/uploads\/Nagetiergitter_Warnung-300x300.jpg 300w, https:\/\/www.meine-ernte.de\/shop\/wp-content\/uploads\/Nagetiergitter_Warnung-100x100.jpg 100w, https:\/\/www.meine-ernte.de\/shop\/wp-content\/uploads\/Nagetiergitter_Warnung.jpg 500w\" sizes=\"(max-width: 400px) 100vw, 400px\" \/>                                  <div class=\"overlay fill\"\n                      style=\"background-color: rgba(0,0,0,.15)\">\n                  <\/div>\n                                                              <\/div>\n              <div class=\"box-text text-left\" >\n                 <p><\/p>\n              <\/div>\n            <\/div>\n            <\/a>          <\/div>\n         <\/div><div class=\"gallery-col col\" >\n          <div class=\"col-inner\">\n            <a class=\"image-lightbox lightbox-gallery\" href=\"https:\/\/www.meine-ernte.de\/shop\/wp-content\/uploads\/Nagetiergitter_in_Hochbeet_Edelrost_2.jpg\" title=\"\">            <div class=\"box has-hover gallery-box box-overlay dark\">\n              <div class=\"box-image\" >\n                <img decoding=\"async\" width=\"400\" height=\"400\" src=\"https:\/\/www.meine-ernte.de\/shop\/wp-content\/uploads\/Nagetiergitter_in_Hochbeet_Edelrost_2-400x400.jpg\" class=\"attachment-medium size-medium\" alt=\"\" ids=\"19727,19726,19725,19724\" columns=\"2\" srcset=\"https:\/\/www.meine-ernte.de\/shop\/wp-content\/uploads\/Nagetiergitter_in_Hochbeet_Edelrost_2-400x400.jpg 400w, https:\/\/www.meine-ernte.de\/shop\/wp-content\/uploads\/Nagetiergitter_in_Hochbeet_Edelrost_2-280x280.jpg 280w, https:\/\/www.meine-ernte.de\/shop\/wp-content\/uploads\/Nagetiergitter_in_Hochbeet_Edelrost_2-300x300.jpg 300w, https:\/\/www.meine-ernte.de\/shop\/wp-content\/uploads\/Nagetiergitter_in_Hochbeet_Edelrost_2-100x100.jpg 100w, https:\/\/www.meine-ernte.de\/shop\/wp-content\/uploads\/Nagetiergitter_in_Hochbeet_Edelrost_2.jpg 500w\" sizes=\"(max-width: 400px) 100vw, 400px\" \/>                                  <div class=\"overlay fill\"\n                      style=\"background-color: rgba(0,0,0,.15)\">\n                  <\/div>\n                                                              <\/div>\n              <div class=\"box-text text-left\" >\n                 <p><\/p>\n              <\/div>\n            <\/div>\n            <\/a>          <\/div>\n         <\/div><div class=\"gallery-col col\" >\n          <div class=\"col-inner\">\n            <a class=\"image-lightbox lightbox-gallery\" href=\"https:\/\/www.meine-ernte.de\/shop\/wp-content\/uploads\/Nagetiergitter_in_Hochbeet_Edelrost.jpg\" title=\"\">            <div class=\"box has-hover gallery-box box-overlay dark\">\n              <div class=\"box-image\" >\n                <img decoding=\"async\" width=\"400\" height=\"400\" src=\"https:\/\/www.meine-ernte.de\/shop\/wp-content\/uploads\/Nagetiergitter_in_Hochbeet_Edelrost-400x400.jpg\" class=\"attachment-medium size-medium\" alt=\"\" ids=\"19727,19726,19725,19724\" columns=\"2\" srcset=\"https:\/\/www.meine-ernte.de\/shop\/wp-content\/uploads\/Nagetiergitter_in_Hochbeet_Edelrost-400x400.jpg 400w, https:\/\/www.meine-ernte.de\/shop\/wp-content\/uploads\/Nagetiergitter_in_Hochbeet_Edelrost-280x280.jpg 280w, https:\/\/www.meine-ernte.de\/shop\/wp-content\/uploads\/Nagetiergitter_in_Hochbeet_Edelrost-300x300.jpg 300w, https:\/\/www.meine-ernte.de\/shop\/wp-content\/uploads\/Nagetiergitter_in_Hochbeet_Edelrost-100x100.jpg 100w, https:\/\/www.meine-ernte.de\/shop\/wp-content\/uploads\/Nagetiergitter_in_Hochbeet_Edelrost.jpg 500w\" sizes=\"(max-width: 400px) 100vw, 400px\" \/>                                  <div class=\"overlay fill\"\n                      style=\"background-color: rgba(0,0,0,.15)\">\n                  <\/div>\n                                                              <\/div>\n              <div class=\"box-text text-left\" >\n                 <p><\/p>\n              <\/div>\n            <\/div>\n            <\/a>          <\/div>\n         <\/div><div class=\"gallery-col col\" >\n          <div class=\"col-inner\">\n            <a class=\"image-lightbox lightbox-gallery\" href=\"https:\/\/www.meine-ernte.de\/shop\/wp-content\/uploads\/Nagetiergitter_auf_Wiese.jpg\" title=\"\">            <div class=\"box has-hover gallery-box box-overlay dark\">\n              <div class=\"box-image\" >\n                <img decoding=\"async\" width=\"400\" height=\"400\" src=\"https:\/\/www.meine-ernte.de\/shop\/wp-content\/uploads\/Nagetiergitter_auf_Wiese-400x400.jpg\" class=\"attachment-medium size-medium\" alt=\"\" ids=\"19727,19726,19725,19724\" columns=\"2\" srcset=\"https:\/\/www.meine-ernte.de\/shop\/wp-content\/uploads\/Nagetiergitter_auf_Wiese-400x400.jpg 400w, https:\/\/www.meine-ernte.de\/shop\/wp-content\/uploads\/Nagetiergitter_auf_Wiese-280x280.jpg 280w, https:\/\/www.meine-ernte.de\/shop\/wp-content\/uploads\/Nagetiergitter_auf_Wiese-300x300.jpg 300w, https:\/\/www.meine-ernte.de\/shop\/wp-content\/uploads\/Nagetiergitter_auf_Wiese-100x100.jpg 100w, https:\/\/www.meine-ernte.de\/shop\/wp-content\/uploads\/Nagetiergitter_auf_Wiese.jpg 500w\" sizes=\"(max-width: 400px) 100vw, 400px\" \/>                                  <div class=\"overlay fill\"\n                      style=\"background-color: rgba(0,0,0,.15)\">\n                  <\/div>\n                                                              <\/div>\n              <div class=\"box-text text-left\" >\n                 <p><\/p>\n              <\/div>\n            <\/div>\n            <\/a>          <\/div>\n         <\/div><\/div>\n\t\t<\/div>\n\t\t\t\t\t<\/div>\n\n\t\n<\/div>\n\t\t<\/div>\n\t\t\t\t\t<\/div>\n\n\t\n<\/div>\n","protected":false},"excerpt":{"rendered":"<ul>\n<li>Heil-und K\u00fcchenkr\u00e4uter effektvoll und nach ihren jeweiligen Bed\u00fcrfnissen zusammen pflanzen<\/li>\n<li>Ruckzuck aufgebaut, ohne Trockenmauern und Co.<\/li>\n<li>Nachhaltig in Herstellung und Anwendung<\/li>\n<\/ul>\n<div>\u00a0<\/div>\n<strong>versandkostenfrei<\/strong><\/p>\n","protected":false},"featured_media":19735,"comment_status":"open","ping_status":"closed","template":"","meta":{"_acf_changed":false},"product_brand":[],"product_cat":[327],"product_tag":[665],"class_list":{"0":"post-19099","1":"product","2":"type-product","3":"status-publish","4":"has-post-thumbnail","6":"product_cat-mietgaerten","7":"product_tag-mindestbestellwert","8":"product_shipping_class-prima-terra","10":"first","11":"outofstock","12":"taxable","13":"shipping-taxable","14":"purchasable","15":"product-type-variable","16":"has-default-attributes"},"acf":[],"tiered_pricing_type":"fixed","tiered_pricing_fixed_rules":[],"tiered_pricing_product_settings":{"layout":"default","base_unit_name":{"singular":null,"plural":null},"default_variation":null},"tiered_pricing_minimum_quantity":null,"tiered_pricing_roles_data":[],"tiered_pricing_percentage_rules":[],"_links":{"self":[{"href":"https:\/\/www.meine-ernte.de\/shop\/wp-json\/wp\/v2\/product\/19099","targetHints":{"allow":["GET"]}}],"collection":[{"href":"https:\/\/www.meine-ernte.de\/shop\/wp-json\/wp\/v2\/product"}],"about":[{"href":"https:\/\/www.meine-ernte.de\/shop\/wp-json\/wp\/v2\/types\/product"}],"replies":[{"embeddable":true,"href":"https:\/\/www.meine-ernte.de\/shop\/wp-json\/wp\/v2\/comments?post=19099"}],"wp:featuredmedia":[{"embeddable":true,"href":"https:\/\/www.meine-ernte.de\/shop\/wp-json\/wp\/v2\/media\/19735"}],"wp:attachment":[{"href":"https:\/\/www.meine-ernte.de\/shop\/wp-json\/wp\/v2\/media?parent=19099"}],"wp:term":[{"taxonomy":"product_brand","embeddable":true,"href":"https:\/\/www.meine-ernte.de\/shop\/wp-json\/wp\/v2\/product_brand?post=19099"},{"taxonomy":"product_cat","embeddable":true,"href":"https:\/\/www.meine-ernte.de\/shop\/wp-json\/wp\/v2\/product_cat?post=19099"},{"taxonomy":"product_tag","embeddable":true,"href":"https:\/\/www.meine-ernte.de\/shop\/wp-json\/wp\/v2\/product_tag?post=19099"}],"curies":[{"name":"wp","href":"https:\/\/api.w.org\/{rel}","templated":true}]}}