{"id":19095,"date":"2020-05-15T11:10:50","date_gmt":"2020-05-15T09:10:50","guid":{"rendered":"https:\/\/www.meine-ernte.de\/shop\/?post_type=product&#038;p=19095"},"modified":"2025-07-24T12:33:41","modified_gmt":"2025-07-24T10:33:41","slug":"hochbeet-edelrost-planus-158x78","status":"publish","type":"product","link":"https:\/\/www.meine-ernte.de\/shop\/hochbeet-edelrost-planus-158x78\/","title":{"rendered":"Hochbeet Stahl Edelrost Planus 158x78x35cm"},"content":{"rendered":"<div class=\"row\"  id=\"row-1968570310\">\n\n\t<div id=\"col-980249770\" class=\"col medium-6 small-12 large-6\"  >\n\t\t\t\t<div class=\"col-inner\"  >\n\t\t\t\n\t\t\t\n<div class=\"container section-title-container\" ><h3 class=\"section-title section-title-center\"><b aria-hidden=\"true\"><\/b><span class=\"section-title-main\" >PRODUKTINFORMATIONEN<\/span><b aria-hidden=\"true\"><\/b><\/h3><\/div>\n<p>Du m\u00f6chtest deinen Garten individuell gestalten und deine Lieblingspflanzen richtig toll in Szene setzen? Dann plane deinen Garten mit dem stylishen Hochbeet PLANUS von prima terra. In Kombination mit der wundersch\u00f6nen Rostpatina und deinen Pflanzen erzeugst du wirkungsvolle Kontraste in deiner Wohlf\u00fchloase.<\/p>\n<ul>\n<li>schneller &amp; einfacher Aufbau<\/li>\n<li>lange Lebensdauer<\/li>\n<li>pflegefrei<\/li>\n<li>nat\u00fcrlicher Schneckenschutz (die gefr\u00e4\u00dfigen Tiere m\u00f6gen keinen Rost)<\/li>\n<li>tolle Gestaltungsm\u00f6glichkeiten<\/li>\n<\/ul>\n<div class=\"container section-title-container\" ><h3 class=\"section-title section-title-center\"><b aria-hidden=\"true\"><\/b><span class=\"section-title-main\" >LIEFERUMFANG<\/span><b aria-hidden=\"true\"><\/b><\/h3><\/div>\n<ul>\n<li>Seitenteile<\/li>\n<li>Eckwinkel und Schrauben<\/li>\n<li>Zusammenbauanleitung<\/li>\n<\/ul>\n\t\t<\/div>\n\t\t\t\t\t<\/div>\n\n\t\n\n\t<div id=\"col-1351694428\" class=\"col medium-6 small-12 large-6\"  >\n\t\t\t\t<div class=\"col-inner\"  >\n\t\t\t\n\t\t\t\n<div class=\"container section-title-container\" ><h3 class=\"section-title section-title-center\"><b aria-hidden=\"true\"><\/b><span class=\"section-title-main\" >DETAILS<\/span><b aria-hidden=\"true\"><\/b><\/h3><\/div>\n<p>Die Hochbeete PLANUS von prima terra mit einer H\u00f6he von 35 cm eignen sich ideal zum individuellen Gestalten deines Gartens dank der wundersch\u00f6nen &amp; nat\u00fcrlich hergestellen Edelrostoberfl\u00e4che. Im Handumdrehen hast du dein praktisches Niederbeet von prima terra aufgebaut und kannst es anschlie\u00dfend sofort mit Erde bef\u00fcllen und deine Lieblingspflanzen einsetzen.<\/p>\n<p>H\u00f6he: 35 cm<br \/>\nMaterial: 1,5 mm Stahlblech mit Edelrost-Oberfl\u00e4che<br \/>\nStandort: fester Untergrund, Gartenboden oder Rasen<\/p>\n\t<div class=\"img has-hover x md-x lg-x y md-y lg-y\" id=\"image_1860418488\">\n\t\t\t\t\t\t\t\t<div class=\"img-inner dark\" >\n\t\t\t<img decoding=\"async\" width=\"500\" height=\"500\" src=\"https:\/\/www.meine-ernte.de\/shop\/wp-content\/uploads\/prima_terra_Hochbeet_Detail_H35cm_1.jpg\" class=\"attachment-large size-large\" alt=\"\" srcset=\"https:\/\/www.meine-ernte.de\/shop\/wp-content\/uploads\/prima_terra_Hochbeet_Detail_H35cm_1.jpg 500w, https:\/\/www.meine-ernte.de\/shop\/wp-content\/uploads\/prima_terra_Hochbeet_Detail_H35cm_1-400x400.jpg 400w, https:\/\/www.meine-ernte.de\/shop\/wp-content\/uploads\/prima_terra_Hochbeet_Detail_H35cm_1-280x280.jpg 280w, https:\/\/www.meine-ernte.de\/shop\/wp-content\/uploads\/prima_terra_Hochbeet_Detail_H35cm_1-300x300.jpg 300w, https:\/\/www.meine-ernte.de\/shop\/wp-content\/uploads\/prima_terra_Hochbeet_Detail_H35cm_1-100x100.jpg 100w\" sizes=\"(max-width: 500px) 100vw, 500px\" \/>\t\t\t\t\t\t\n\t\t\t\t\t<\/div>\n\t\t\t\t\t\t\t\t\n<style>\n#image_1860418488 {\n  width: 50%;\n}\n<\/style>\n\t<\/div>\n\t\n\t\t<\/div>\n\t\t\t\t\t<\/div>\n\n\t\n<\/div>\n<div class=\"row\"  id=\"row-286536918\">\n\n\t<div id=\"col-1247032627\" class=\"col small-12 large-12\"  >\n\t\t\t\t<div class=\"col-inner\"  >\n\t\t\t\n\t\t\t\n<div class=\"row\"  id=\"row-1922730563\">\n\n\t<div id=\"col-1429951333\" class=\"col medium-6 small-12 large-6\"  >\n\t\t\t\t<div class=\"col-inner\"  >\n\t\t\t\n\t\t\t\n<div class=\"col medium-8 small-12 large-8\"><\/div>\n\t\t<\/div>\n\t\t\t\t\t<\/div>\n\n\t\n\n\t<div id=\"col-1792970425\" class=\"col medium-6 small-12 large-6\"  >\n\t\t\t\t<div class=\"col-inner\"  >\n\t\t\t\n\t\t\t\n\t\t<\/div>\n\t\t\t\t\t<\/div>\n\n\t\n<\/div>\n\t\t<\/div>\n\t\t\t\t\t<\/div>\n\n\t\n<\/div>\n","protected":false},"excerpt":{"rendered":"<ul>\n<li>158x78xH35cm<\/li>\n<li>pflegefrei<\/li>\n<li>optimaler Schneckenschutz<\/li>\n<\/ul>\n<div>\u00a0<\/div>\n<strong>versandkostenfrei<\/strong><\/p>\n","protected":false},"featured_media":19887,"comment_status":"open","ping_status":"closed","template":"","meta":{"_acf_changed":false},"product_brand":[],"product_cat":[327],"product_tag":[665],"class_list":{"0":"post-19095","1":"product","2":"type-product","3":"status-publish","4":"has-post-thumbnail","6":"product_cat-mietgaerten","7":"product_tag-mindestbestellwert","8":"product_shipping_class-prima-terra","10":"first","11":"instock","12":"taxable","13":"shipping-taxable","14":"purchasable","15":"product-type-simple"},"acf":[],"tiered_pricing_type":"fixed","tiered_pricing_fixed_rules":[],"tiered_pricing_product_settings":{"layout":"default","base_unit_name":{"singular":null,"plural":null},"default_variation":null},"tiered_pricing_minimum_quantity":null,"tiered_pricing_roles_data":[],"tiered_pricing_percentage_rules":[],"_links":{"self":[{"href":"https:\/\/www.meine-ernte.de\/shop\/wp-json\/wp\/v2\/product\/19095","targetHints":{"allow":["GET"]}}],"collection":[{"href":"https:\/\/www.meine-ernte.de\/shop\/wp-json\/wp\/v2\/product"}],"about":[{"href":"https:\/\/www.meine-ernte.de\/shop\/wp-json\/wp\/v2\/types\/product"}],"replies":[{"embeddable":true,"href":"https:\/\/www.meine-ernte.de\/shop\/wp-json\/wp\/v2\/comments?post=19095"}],"wp:featuredmedia":[{"embeddable":true,"href":"https:\/\/www.meine-ernte.de\/shop\/wp-json\/wp\/v2\/media\/19887"}],"wp:attachment":[{"href":"https:\/\/www.meine-ernte.de\/shop\/wp-json\/wp\/v2\/media?parent=19095"}],"wp:term":[{"taxonomy":"product_brand","embeddable":true,"href":"https:\/\/www.meine-ernte.de\/shop\/wp-json\/wp\/v2\/product_brand?post=19095"},{"taxonomy":"product_cat","embeddable":true,"href":"https:\/\/www.meine-ernte.de\/shop\/wp-json\/wp\/v2\/product_cat?post=19095"},{"taxonomy":"product_tag","embeddable":true,"href":"https:\/\/www.meine-ernte.de\/shop\/wp-json\/wp\/v2\/product_tag?post=19095"}],"curies":[{"name":"wp","href":"https:\/\/api.w.org\/{rel}","templated":true}]}}