{"id":19093,"date":"2020-05-15T11:08:46","date_gmt":"2020-05-15T09:08:46","guid":{"rendered":"https:\/\/www.meine-ernte.de\/shop\/?post_type=product&#038;p=19093"},"modified":"2025-07-24T12:33:51","modified_gmt":"2025-07-24T10:33:51","slug":"hochbeet-edelrost-planus-158x118","status":"publish","type":"product","link":"https:\/\/www.meine-ernte.de\/shop\/hochbeet-edelrost-planus-158x118\/","title":{"rendered":"Hochbeet Stahl Edelrost Planus 158x118x35cm"},"content":{"rendered":"<div class=\"row\"  id=\"row-170841115\">\n\n\t<div id=\"col-931965315\" class=\"col medium-6 small-12 large-6\"  >\n\t\t\t\t<div class=\"col-inner\"  >\n\t\t\t\n\t\t\t\n<div class=\"container section-title-container\" ><h3 class=\"section-title section-title-center\"><b aria-hidden=\"true\"><\/b><span class=\"section-title-main\" >PRODUKTINFORMATIONEN<\/span><b aria-hidden=\"true\"><\/b><\/h3><\/div>\n<p>Auf gro\u00dfz\u00fcgigen 158&#215;118 cm bei einer H\u00f6he von 35cm g\u00e4rtnerst du mit diesem Hochbeet stilvoll und gleichzeitig r\u00fcckenfreundlich. Das handgearbeitete Edelrostfinish in Kombination mit deinen bl\u00fchenden Kr\u00e4utern, zartgr\u00fcnen Salaten, \u00fcppigen Gem\u00fcsepflanzen, farbenfrohen Blumen oder saftigen Erdbeeren erzeugt in deiner Gartenoase wirkungsvolle Kontraste. Alleine oder in Kombination mit weiteren Hochbeeten ist dieses gro\u00dfe Hochbeet nicht nur die ideale Heimat f\u00fcr dein Gr\u00fcnfutter, sondern auch ein sch\u00f6nes Gestaltungselement, das Gartenr\u00e4ume optisch trennen oder verbinden kann. Wir finden, dass es mit seinem modernen vintage Charme wunderbar zu jedem Gartenstil passt.<\/p>\n<p>\u00dcbrigens: Der Edelrost wirkt als nat\u00fcrliche Schneckenbremse!<\/p>\n<div class=\"container section-title-container\" ><h3 class=\"section-title section-title-center\"><b aria-hidden=\"true\"><\/b><span class=\"section-title-main\" >LIEFERUMFANG<\/span><b aria-hidden=\"true\"><\/b><\/h3><\/div>\n<p>Dein neues Hochbeet kommt in vier Einzelteilen und ist schneller aufgebaut als ein Umzugskarton!<\/p>\n<ul>\n<li>Seitenteile<\/li>\n<li>Eckwinkel und Schrauben<\/li>\n<li>Aufbauanleitung<\/li>\n<\/ul>\n\t\t<\/div>\n\t\t\t\t\t<\/div>\n\n\t\n\n\t<div id=\"col-1145273586\" class=\"col medium-6 small-12 large-6\"  >\n\t\t\t\t<div class=\"col-inner\"  >\n\t\t\t\n\t\t\t\n<div class=\"container section-title-container\" ><h3 class=\"section-title section-title-center\"><b aria-hidden=\"true\"><\/b><span class=\"section-title-main\" >DETAILS<\/span><b aria-hidden=\"true\"><\/b><\/h3><\/div>\n<h3>Wer rastet der rostet &#8211; Pflegeleicht dank Edelrost<\/h3>\n<p>Edelrost-Produkte sind absolut pflegeleicht. Weil Rost einfach immer sch\u00f6n ist &#8211; ganz ohne Streichen, \u00d6len oder Pflegen. So kannst du dich ganz auf das Wachsen und Gedeihen deiner Pflanzen konzentrieren. Die r\u00f6tliche Patina bringt immer einen ganz eigenen und nat\u00fcrlichen Charme mit sich. Im Feng Shui steht das Element Metall f\u00fcr Ruhe, Erdung und W\u00e4rme. Was k\u00f6nnte passender sein f\u00fcr dein Hochbeet?<\/p>\n<p>Und weil wir sehr auf Nachhaltigkeit &amp; Nat\u00fcrlichkeit achten, wird die effektvolle Edelrostoberfl\u00e4che ausschlie\u00dflich mit Essig und Salz erzeugt und ist somit unbedenklich in der Herstellung und im Kontakt mit Mensch, Tier &amp; Nahrungsmitteln.<\/p>\n<p>H\u00f6he: 35 cm<br \/>\nMaterial: 1,5 mm Stahlblech mit Edelrost-Oberfl\u00e4che<br \/>\nStandort: fester Untergrund, Gartenboden oder Rasen<\/p>\n\t<div class=\"img has-hover x md-x lg-x y md-y lg-y\" id=\"image_2064626227\">\n\t\t\t\t\t\t\t\t<div class=\"img-inner dark\" >\n\t\t\t<img decoding=\"async\" width=\"500\" height=\"500\" src=\"https:\/\/www.meine-ernte.de\/shop\/wp-content\/uploads\/prima_terra_Hochbeet_Detail_H35cm_1.jpg\" class=\"attachment-large size-large\" alt=\"\" srcset=\"https:\/\/www.meine-ernte.de\/shop\/wp-content\/uploads\/prima_terra_Hochbeet_Detail_H35cm_1.jpg 500w, https:\/\/www.meine-ernte.de\/shop\/wp-content\/uploads\/prima_terra_Hochbeet_Detail_H35cm_1-400x400.jpg 400w, https:\/\/www.meine-ernte.de\/shop\/wp-content\/uploads\/prima_terra_Hochbeet_Detail_H35cm_1-280x280.jpg 280w, https:\/\/www.meine-ernte.de\/shop\/wp-content\/uploads\/prima_terra_Hochbeet_Detail_H35cm_1-300x300.jpg 300w, https:\/\/www.meine-ernte.de\/shop\/wp-content\/uploads\/prima_terra_Hochbeet_Detail_H35cm_1-100x100.jpg 100w\" sizes=\"(max-width: 500px) 100vw, 500px\" \/>\t\t\t\t\t\t\n\t\t\t\t\t<\/div>\n\t\t\t\t\t\t\t\t\n<style>\n#image_2064626227 {\n  width: 50%;\n}\n<\/style>\n\t<\/div>\n\t\n\t\t<\/div>\n\t\t\t\t\t<\/div>\n\n\t\n<\/div>\n<div class=\"row\"  id=\"row-1844145957\">\n\n\t<div id=\"col-1980324907\" class=\"col small-12 large-12\"  >\n\t\t\t\t<div class=\"col-inner\"  >\n\t\t\t\n\t\t\t\n<div class=\"row\"  id=\"row-976554096\">\n\n\t<div id=\"col-2145623830\" class=\"col medium-6 small-12 large-6\"  >\n\t\t\t\t<div class=\"col-inner\"  >\n\t\t\t\n\t\t\t\n<div class=\"col medium-8 small-12 large-8\"><\/div>\n\t\t<\/div>\n\t\t\t\t\t<\/div>\n\n\t\n\n\t<div id=\"col-933594827\" class=\"col medium-6 small-12 large-6\"  >\n\t\t\t\t<div class=\"col-inner\"  >\n\t\t\t\n\t\t\t\n\t\t<\/div>\n\t\t\t\t\t<\/div>\n\n\t\n<\/div>\n\t\t<\/div>\n\t\t\t\t\t<\/div>\n\n\t\n<\/div>\n","protected":false},"excerpt":{"rendered":"<ul>\n<li>Dein Hochbeet als kreatives Gestaltungselement<\/li>\n<li>Nachhaltig in Herstellung und Verwendung<\/li>\n<li>Kinderleichter Aufbau<\/li>\n<\/ul>\n<div>\u00a0<\/div>\n<strong>versandkostenfrei<\/strong><\/p>\n","protected":false},"featured_media":19887,"comment_status":"open","ping_status":"closed","template":"","meta":{"_acf_changed":false},"product_brand":[],"product_cat":[327],"product_tag":[665],"class_list":{"0":"post-19093","1":"product","2":"type-product","3":"status-publish","4":"has-post-thumbnail","6":"product_cat-mietgaerten","7":"product_tag-mindestbestellwert","8":"product_shipping_class-prima-terra","10":"first","11":"instock","12":"taxable","13":"shipping-taxable","14":"purchasable","15":"product-type-simple"},"acf":[],"tiered_pricing_type":"fixed","tiered_pricing_fixed_rules":[],"tiered_pricing_product_settings":{"layout":"default","base_unit_name":{"singular":null,"plural":null},"default_variation":null},"tiered_pricing_minimum_quantity":null,"tiered_pricing_roles_data":[],"tiered_pricing_percentage_rules":[],"_links":{"self":[{"href":"https:\/\/www.meine-ernte.de\/shop\/wp-json\/wp\/v2\/product\/19093","targetHints":{"allow":["GET"]}}],"collection":[{"href":"https:\/\/www.meine-ernte.de\/shop\/wp-json\/wp\/v2\/product"}],"about":[{"href":"https:\/\/www.meine-ernte.de\/shop\/wp-json\/wp\/v2\/types\/product"}],"replies":[{"embeddable":true,"href":"https:\/\/www.meine-ernte.de\/shop\/wp-json\/wp\/v2\/comments?post=19093"}],"wp:featuredmedia":[{"embeddable":true,"href":"https:\/\/www.meine-ernte.de\/shop\/wp-json\/wp\/v2\/media\/19887"}],"wp:attachment":[{"href":"https:\/\/www.meine-ernte.de\/shop\/wp-json\/wp\/v2\/media?parent=19093"}],"wp:term":[{"taxonomy":"product_brand","embeddable":true,"href":"https:\/\/www.meine-ernte.de\/shop\/wp-json\/wp\/v2\/product_brand?post=19093"},{"taxonomy":"product_cat","embeddable":true,"href":"https:\/\/www.meine-ernte.de\/shop\/wp-json\/wp\/v2\/product_cat?post=19093"},{"taxonomy":"product_tag","embeddable":true,"href":"https:\/\/www.meine-ernte.de\/shop\/wp-json\/wp\/v2\/product_tag?post=19093"}],"curies":[{"name":"wp","href":"https:\/\/api.w.org\/{rel}","templated":true}]}}