{"id":14776,"date":"2020-04-23T11:26:30","date_gmt":"2020-04-23T09:26:30","guid":{"rendered":"https:\/\/www.meine-ernte.de\/shop\/?post_type=product&#038;p=14776"},"modified":"2026-04-13T18:44:32","modified_gmt":"2026-04-13T16:44:32","slug":"steinchampignonkultur","status":"publish","type":"product","link":"https:\/\/www.meine-ernte.de\/shop\/steinchampignonkultur\/","title":{"rendered":"Steinchampignonkultur, ca. 4kg oder 8kg"},"content":{"rendered":"\n\t<section class=\"section\" id=\"section_439178954\">\n\t\t<div class=\"section-bg fill\" >\n\t\t\t\t\t\t\t\t\t\n\t\t\t\n\n\t\t<\/div>\n\n\t\t\n\n\t\t<div class=\"section-content relative\">\n\t\t\t\n<div class=\"row align-center\"  id=\"row-353890777\">\n\n\t<div id=\"col-857827907\" class=\"col medium-5 small-10 large-5\"  >\n\t\t\t\t<div class=\"col-inner text-left\"  >\n\t\t\t\n\t\t\t\n<div class=\"container section-title-container\" ><h3 class=\"section-title section-title-center\"><b aria-hidden=\"true\"><\/b><span class=\"section-title-main\" >Produktinformationen<\/span><b aria-hidden=\"true\"><\/b><\/h3><\/div>\n<p>Pilze leisten einen wichtigen und vor allem leckeren Beitrag zu einer gesunden Ern\u00e4hrung. Nicht nur wer sich fleischlos oder ohne tierische Produkte ern\u00e4hrt, profitiert von einem Plus an Eiwei\u00df auf dem Teller. Pilze enthalten n\u00e4mlich auch wertvolle B-Vitamine, Kalzium und Mineralstoffe in hoher Dichte. Auch mit Selen, Mangan und Zink k\u00f6nnen Pilze aufwarten und einige von ihnen enthalten sogar Vitamin D, das wir sonst nur durch Sonnenlicht bilden k\u00f6nnen.<\/p>\n<p>Pilzanzuchtsets sind dankbar in der Handhabung und liefern dir oft mehrfach im Jahr leckere Pilze, die deinen Speiseplan bereichern und dich der Selbstversorgung ein St\u00fcck n\u00e4her bringen.<\/p>\n<p>Zum Ernten in den Keller gehen, aber ganz bestimmt mit einem l\u00e4chelnden Gesicht wieder nach oben kommen! Diese Pilz-Fertigkultur enth\u00e4lt das Mycel f\u00fcr knackige hell karamellfarbige <strong>Steinchampignons<\/strong>. Die Kultur gedeiht optimal bei 15 bis 19 Grad und ist nicht auf Licht angewiesen. Eine Anzucht im ungeheizten Keller ist von daher empfehlenswert.<\/p>\n<p>Die mittelgro\u00dfen, aromatischen Pilze haben einen knackig-festen Fruchtk\u00f6rper. Sie gelten zurecht als die schmackhaftesten aller Champignons. Sie sind \u00fcberaus gesund und enthalten die Vitamine D, B2, Biotin und Niacin sowie die Mineralstoffe Kalium, Eisen, Kupfer, Selen und Phosphor in hoher Dichte.<\/p>\n<div class=\"video video-fit mb\" style=\"padding-top:56.25%;\">\n<div class=\"brlbs-cmpnt-container brlbs-cmpnt-content-blocker brlbs-cmpnt-with-individual-styles\" data-borlabs-cookie-content-blocker-id=\"youtube-content-blocker\" data-borlabs-cookie-content=\"PGlmcmFtZSB0aXRsZT0iQW5sZWl0dW5nIHp1bSBBbmJhdSB2b24gQ2hhbXBpZ25vbnMgYnp3LiBTdGVpbmNoYW1waWdub25zIiB3aWR0aD0iMTAyMCIgaGVpZ2h0PSI1NzQiIHNyYz0iaHR0cHM6Ly93d3cueW91dHViZS1ub2Nvb2tpZS5jb20vZW1iZWQvN3NiQUVOelNCLTA\/ZmVhdHVyZT1vZW1iZWQiIGZyYW1lYm9yZGVyPSIwIiBhbGxvdz0iYWNjZWxlcm9tZXRlcjsgYXV0b3BsYXk7IGNsaXBib2FyZC13cml0ZTsgZW5jcnlwdGVkLW1lZGlhOyBneXJvc2NvcGU7IHBpY3R1cmUtaW4tcGljdHVyZSIgYWxsb3dmdWxsc2NyZWVuPjwvaWZyYW1lPg==\">\n<div class=\"brlbs-cmpnt-cb-preset-c brlbs-cmpnt-cb-youtube\">\n<div class=\"brlbs-cmpnt-cb-thumbnail\" style=\"background-image: url('https:\/\/www.meine-ernte.de\/shop\/wp-content\/uploads\/borlabs-cookie\/1\/yt_7sbAENzSB-0_hqdefault.jpg')\"><\/div>\n<div class=\"brlbs-cmpnt-cb-main\">\n<div class=\"brlbs-cmpnt-cb-play-button\"><\/div>\n<div class=\"brlbs-cmpnt-cb-content\">\n<p class=\"brlbs-cmpnt-cb-description\">Sie sehen gerade einen Platzhalterinhalt von <strong>YouTube<\/strong>. Um auf den eigentlichen Inhalt zuzugreifen, klicken Sie auf die Schaltfl\u00e4che unten. Bitte beachten Sie, dass dabei Daten an Drittanbieter weitergegeben werden.<\/p>\n<p> <a class=\"brlbs-cmpnt-cb-provider-toggle\" href=\"#\" data-borlabs-cookie-show-provider-information role=\"button\">Mehr Informationen<\/a> <\/div>\n<div class=\"brlbs-cmpnt-cb-buttons\"> <a class=\"brlbs-cmpnt-cb-btn\" href=\"#\" data-borlabs-cookie-unblock role=\"button\">Inhalt entsperren<\/a> <a class=\"brlbs-cmpnt-cb-btn\" href=\"#\" data-borlabs-cookie-accept-service role=\"button\" style=\"display: inherit\">Erforderlichen Service akzeptieren und Inhalte entsperren<\/a> <\/div>\n<\/p><\/div>\n<\/p><\/div>\n<\/div>\n<\/div>\n\t<div class=\"img has-hover x md-x lg-x y md-y lg-y\" id=\"image_707976765\">\n\t\t\t\t\t\t\t\t<div class=\"img-inner dark\" >\n\t\t\t<img decoding=\"async\" width=\"578\" height=\"680\" src=\"https:\/\/www.meine-ernte.de\/shop\/wp-content\/uploads\/steinchampignon-klein.jpg\" class=\"attachment-large size-large\" alt=\"Steinchampignons\" srcset=\"https:\/\/www.meine-ernte.de\/shop\/wp-content\/uploads\/steinchampignon-klein.jpg 578w, https:\/\/www.meine-ernte.de\/shop\/wp-content\/uploads\/steinchampignon-klein-340x400.jpg 340w\" sizes=\"(max-width: 578px) 100vw, 578px\" \/>\t\t\t\t\t\t\n\t\t\t\t\t<\/div>\n\t\t\t\t\t\t\t\t\n<style>\n#image_707976765 {\n  width: 100%;\n}\n<\/style>\n\t<\/div>\n\t\n\t\t<\/div>\n\t\t\t\t\t<\/div>\n\n\t\n\n\t<div id=\"col-1286953644\" class=\"col medium-1 small-12 large-1\"  >\n\t\t\t\t<div class=\"col-inner\"  >\n\t\t\t\n\t\t\t\n\t\t<\/div>\n\t\t\t\t\t<\/div>\n\n\t\n\n\t<div id=\"col-1815155802\" class=\"col medium-5 small-12 large-5\"  >\n\t\t\t\t<div class=\"col-inner\"  >\n\t\t\t\n\t\t\t\n<div class=\"container section-title-container\" ><h3 class=\"section-title section-title-center\"><b aria-hidden=\"true\"><\/b><span class=\"section-title-main\" >Anbauhinweise<\/span><b aria-hidden=\"true\"><\/b><\/h3><\/div>\n<p>Steinchampignons wachsen bei Temperaturen von\u00a0 + 12\u00b0C bis + 18\u00b0C. Optimale Ergebnisse erh\u00e4lt man bei + 15\u00b0C. Temperaturen \u00fcber + 19\u00b0C sollte vermieden werden.<br \/>\nDas Wachstum dieser Champignons ist unabh\u00e4ngig vom Licht, so dass diese Kultur auch in dunklen Kellerr\u00e4umen stehen kann.<\/p>\n<p>Die erste Ernte erfolgt bereits nach ca. 20 &#8211; 30 Tagen. In einem Zeitraum von 3 \u2013 4 Monaten solltest du 3 \u2013 5 Erntewellen haben, mit kleinen Pausen dazwischen von 1 \u2013 2 Wochen, in denen sich die Pilze bilden.<\/p>\n<p><em><strong>Achtung!<\/strong> Aktiviere die Kultur maximal eine Woche nach Erhalt oder bewahren sie ca. drei bis vier Wochen bei +2\u00b0C bis +10\u00b0C auf.<\/em><\/p>\n<p>Unsere Steinchampignonkultur erh\u00e4ltst du in zwei Gr\u00f6\u00dfen:<\/p>\n<ul>\n<li>Gro\u00df: mit ca. 7 &#8211; 8 kg Substrat und bis zu 3 kg Ertrag<\/li>\n<li>Klein: mit ca. 3 &#8211; 4 kg Substrat und ca. 1,5 bis 2 kg Ertrag<\/li>\n<\/ul>\n<p>W\u00e4hle im Menu die Variante, die zu deinem individuellen Pilzhunger passt.<\/p>\n<div class=\"container section-title-container\" ><h3 class=\"section-title section-title-center\"><b aria-hidden=\"true\"><\/b><span class=\"section-title-main\" >Anleitung<\/span><b aria-hidden=\"true\"><\/b><\/h3><\/div>\n<p><u><a href=\"https:\/\/www.meine-ernte.de\/shop\/wp-content\/uploads\/Anleitung_Champignons.pdf\">Anleitung herunterladen (253 kb)<\/a><\/u><\/p>\n\t\t<\/div>\n\t\t\t\t\t<\/div>\n\n\t\n<\/div>\n\t\t<\/div>\n\n\t\t\n<style>\n#section_439178954 {\n  padding-top: 30px;\n  padding-bottom: 30px;\n}\n<\/style>\n\t<\/section>\n\t\n","protected":false},"excerpt":{"rendered":"<p>&nbsp;<\/p>\n<ul>\n<li>Hoher Ertrag an leckeren Steinchampignons! Bis zu 5 Mal ernten!<\/li>\n<li>Lieferbar in zwei Gr\u00f6\u00dfen<\/li>\n<li>Bis zu 3 kg unbelastete Pilze ernten!<\/li>\n<\/ul>\n","protected":false},"featured_media":118252,"comment_status":"open","ping_status":"closed","template":"","meta":{"_acf_changed":false},"product_brand":[],"product_cat":[674,564,164,568,512,516,322],"product_tag":[665],"class_list":{"0":"post-14776","1":"product","2":"type-product","3":"status-publish","4":"has-post-thumbnail","6":"product_cat-indoor-selbstversorgung","7":"product_cat-anzucht-im-haus","8":"product_cat-pilzzuchtsets","9":"product_cat-champignons","10":"product_cat-saeen-und-pflanzen-im-november","11":"product_cat-saeen-und-pflanzen-im-dezember","12":"product_cat-winteranbau","13":"product_tag-mindestbestellwert","14":"product_shipping_class-hawlik","16":"first","17":"instock","18":"taxable","19":"shipping-taxable","20":"purchasable","21":"product-type-variable","22":"has-default-attributes"},"acf":[],"tiered_pricing_type":"fixed","tiered_pricing_fixed_rules":[],"tiered_pricing_product_settings":{"layout":"default","base_unit_name":{"singular":null,"plural":null},"default_variation":null},"tiered_pricing_minimum_quantity":null,"tiered_pricing_roles_data":[],"tiered_pricing_percentage_rules":[],"_links":{"self":[{"href":"https:\/\/www.meine-ernte.de\/shop\/wp-json\/wp\/v2\/product\/14776","targetHints":{"allow":["GET"]}}],"collection":[{"href":"https:\/\/www.meine-ernte.de\/shop\/wp-json\/wp\/v2\/product"}],"about":[{"href":"https:\/\/www.meine-ernte.de\/shop\/wp-json\/wp\/v2\/types\/product"}],"replies":[{"embeddable":true,"href":"https:\/\/www.meine-ernte.de\/shop\/wp-json\/wp\/v2\/comments?post=14776"}],"wp:featuredmedia":[{"embeddable":true,"href":"https:\/\/www.meine-ernte.de\/shop\/wp-json\/wp\/v2\/media\/118252"}],"wp:attachment":[{"href":"https:\/\/www.meine-ernte.de\/shop\/wp-json\/wp\/v2\/media?parent=14776"}],"wp:term":[{"taxonomy":"product_brand","embeddable":true,"href":"https:\/\/www.meine-ernte.de\/shop\/wp-json\/wp\/v2\/product_brand?post=14776"},{"taxonomy":"product_cat","embeddable":true,"href":"https:\/\/www.meine-ernte.de\/shop\/wp-json\/wp\/v2\/product_cat?post=14776"},{"taxonomy":"product_tag","embeddable":true,"href":"https:\/\/www.meine-ernte.de\/shop\/wp-json\/wp\/v2\/product_tag?post=14776"}],"curies":[{"name":"wp","href":"https:\/\/api.w.org\/{rel}","templated":true}]}}