{"id":14763,"date":"2020-04-23T10:13:31","date_gmt":"2020-04-23T08:13:31","guid":{"rendered":"https:\/\/www.meine-ernte.de\/shop\/?post_type=product&#038;p=14763"},"modified":"2025-07-24T10:29:02","modified_gmt":"2025-07-24T08:29:02","slug":"limonenpilze-waldgartenpilzkultur","status":"publish","type":"product","link":"https:\/\/www.meine-ernte.de\/shop\/limonenpilze-waldgartenpilzkultur\/","title":{"rendered":"Limonenpilze Pilzbeet-Set"},"content":{"rendered":"\n\t<section class=\"section\" id=\"section_766782930\">\n\t\t<div class=\"section-bg fill\" >\n\t\t\t\t\t\t\t\t\t\n\t\t\t\n\n\t\t<\/div>\n\n\t\t\n\n\t\t<div class=\"section-content relative\">\n\t\t\t\n<div class=\"row align-center\"  id=\"row-1833433447\">\n\n\t<div id=\"col-1998222797\" class=\"col medium-5 small-10 large-5\"  >\n\t\t\t\t<div class=\"col-inner text-left\"  >\n\t\t\t\n\t\t\t\n<div class=\"container section-title-container\" ><h3 class=\"section-title section-title-center\"><b aria-hidden=\"true\"><\/b><span class=\"section-title-main\" >Produktinformationen<\/span><b aria-hidden=\"true\"><\/b><\/h3><\/div>\nPilze leisten einen wichtigen und vor allem leckeren Beitrag zu einer gesunden Ern\u00e4hrung. Nicht nur wer sich fleischlos oder ohne tierische Produkte ern\u00e4hrt, profitiert von einem Plus an Eiwei\u00df auf dem Teller. Pilze enthalten n\u00e4mlich auch wertvolle B-Vitamine, Kalzium und Mineralstoffe in hoher Dichte. Auch mit Selen, Mangan und Zink k\u00f6nnen Pilze aufwarten und einige von ihnen enthalten sogar Vitamin D, das wir sonst nur durch Sonnenlicht bilden k\u00f6nnen. Pilzanzuchtsets sind dankbar in der Handhabung und liefern dir oft mehrfach im Jahr leckere Pilze, die deinen Speiseplan bereichern und dich der Selbstversorgung ein St\u00fcck n\u00e4her bringen.<\/p>\n<p>Der niedliche <strong>Limonenpilz<\/strong> ist wegen seines zitronengelben, trichterf\u00f6rmigen Hutes ein echter Hingucker in deinem Garten. Seinen Namen verdankt er -wie k\u00f6nnte es anders sein- seiner gelben Farbe. Aber auch im Geschmack und Geruch erinnert der besonders bek\u00f6mmliche Speisepilz an Zitrusfr\u00fcchte. Seine Spitznamen sind auch \u201eZitronen-Seitling\u201c oder \u201eLimonen-Seitling\u201c.<\/p>\n<p>Der b\u00fcschelig in dichten Trauben seitlich (Name!) am Substrat wachsende Schwamm ist vor allem in Asien ein gefragter Speisepilz. Darum macht er sich besonders gut in asiatischen Salaten oder Wokgerichten. Man sollte dem besonders feinen Aroma bei der Zubereitung etwas Platz lassen, zu kr\u00e4ftige Gew\u00fcrze erschlagen den zarten Pilz. Nicht erschrecken \u2013 unter Erhitzen verliert der Pilz seine helle Farbe und wird braun, bleibt aber genauso schmackhaft.<\/p>\n<p>Diese Waldpilzgartenkultur f\u00fcgt sich wundersch\u00f6n harmonisch in deinen Garten ein. Sie wird einfach in die Erde eingegraben und treibt bis zu zwei Jahre lang immer wieder aus.<\/p>\n<div class=\"video video-fit mb\" style=\"padding-top:56.25%;\">\n<div class=\"brlbs-cmpnt-container brlbs-cmpnt-content-blocker brlbs-cmpnt-with-individual-styles\" data-borlabs-cookie-content-blocker-id=\"youtube-content-blocker\" data-borlabs-cookie-content=\"PGlmcmFtZSB0aXRsZT0iV2FsZGdhcnRlbnBpbHprdWx0dXJlbiBXQUdBIiB3aWR0aD0iMTAyMCIgaGVpZ2h0PSI1NzQiIHNyYz0iaHR0cHM6Ly93d3cueW91dHViZS1ub2Nvb2tpZS5jb20vZW1iZWQvT3A2czFza1p5Mmc\/ZmVhdHVyZT1vZW1iZWQiIGZyYW1lYm9yZGVyPSIwIiBhbGxvdz0iYWNjZWxlcm9tZXRlcjsgYXV0b3BsYXk7IGNsaXBib2FyZC13cml0ZTsgZW5jcnlwdGVkLW1lZGlhOyBneXJvc2NvcGU7IHBpY3R1cmUtaW4tcGljdHVyZSIgYWxsb3dmdWxsc2NyZWVuPjwvaWZyYW1lPg==\">\n<div class=\"brlbs-cmpnt-cb-preset-c brlbs-cmpnt-cb-youtube\">\n<div class=\"brlbs-cmpnt-cb-thumbnail\" style=\"background-image: url('https:\/\/www.meine-ernte.de\/shop\/wp-content\/uploads\/borlabs-cookie\/1\/yt_Op6s1skZy2g_hqdefault.jpg')\"><\/div>\n<div class=\"brlbs-cmpnt-cb-main\">\n<div class=\"brlbs-cmpnt-cb-play-button\"><\/div>\n<div class=\"brlbs-cmpnt-cb-content\">\n<p class=\"brlbs-cmpnt-cb-description\">Sie sehen gerade einen Platzhalterinhalt von <strong>YouTube<\/strong>. Um auf den eigentlichen Inhalt zuzugreifen, klicken Sie auf die Schaltfl\u00e4che unten. Bitte beachten Sie, dass dabei Daten an Drittanbieter weitergegeben werden.<\/p>\n<p> <a class=\"brlbs-cmpnt-cb-provider-toggle\" href=\"#\" data-borlabs-cookie-show-provider-information role=\"button\">Mehr Informationen<\/a> <\/div>\n<div class=\"brlbs-cmpnt-cb-buttons\"> <a class=\"brlbs-cmpnt-cb-btn\" href=\"#\" data-borlabs-cookie-unblock role=\"button\">Inhalt entsperren<\/a> <a class=\"brlbs-cmpnt-cb-btn\" href=\"#\" data-borlabs-cookie-accept-service role=\"button\" style=\"display: inherit\">Erforderlichen Service akzeptieren und Inhalte entsperren<\/a> <\/div>\n<\/p><\/div>\n<\/p><\/div>\n<\/div>\n<\/div>\n\t<div class=\"img has-hover x md-x lg-x y md-y lg-y\" id=\"image_12256645\">\n\t\t\t\t\t\t\t\t<div class=\"img-inner dark\" >\n\t\t\t<img decoding=\"async\" width=\"578\" height=\"680\" src=\"https:\/\/www.meine-ernte.de\/shop\/wp-content\/uploads\/limonenpilz-waldgartenpilzkultur.jpg\" class=\"attachment-large size-large\" alt=\"Limonenpilze Waldgartenpilzkultur\" srcset=\"https:\/\/www.meine-ernte.de\/shop\/wp-content\/uploads\/limonenpilz-waldgartenpilzkultur.jpg 578w, https:\/\/www.meine-ernte.de\/shop\/wp-content\/uploads\/limonenpilz-waldgartenpilzkultur-340x400.jpg 340w\" sizes=\"(max-width: 578px) 100vw, 578px\" \/>\t\t\t\t\t\t\n\t\t\t\t\t<\/div>\n\t\t\t\t\t\t\t\t\n<style>\n#image_12256645 {\n  width: 100%;\n}\n<\/style>\n\t<\/div>\n\t\n\t\t<\/div>\n\t\t\t\t\t<\/div>\n\n\t\n\n\t<div id=\"col-987050353\" class=\"col medium-1 small-12 large-1\"  >\n\t\t\t\t<div class=\"col-inner\"  >\n\t\t\t\n\t\t\t\n\t\t<\/div>\n\t\t\t\t\t<\/div>\n\n\t\n\n\t<div id=\"col-1960441399\" class=\"col medium-5 small-12 large-5\"  >\n\t\t\t\t<div class=\"col-inner\"  >\n\t\t\t\n\t\t\t\n<div class=\"container section-title-container\" ><h3 class=\"section-title section-title-center\"><b aria-hidden=\"true\"><\/b><span class=\"section-title-main\" >Anbauhinweise<\/span><b aria-hidden=\"true\"><\/b><\/h3><\/div>\n<p>Die Zitronen-Seitlinge wachsen bei Temperaturen zwischen + 10\u00b0C und +25\u00b0C. Nach ca. 6 &#8211; 12 Wochen kann die erste Ernte erfolgen.<\/p>\n<p>Bei einem vollschattigen, windgesch\u00fctzten Standort mit hoher Luftfeuchtigkeit kann von dieser Kultur bis zu 2 Jahre lang immer wieder, haupts\u00e4chlich Fr\u00fchjahr und Herbst, geerntet werden. Dabei kann der Gesamtertrag bis zu 4 kg betragen.<\/p>\n<p><strong>Tipp:<\/strong><br \/>\nEine mit mind. 30 cm Abstand angebrachte Folienhaube erh\u00f6ht die Luftfeuchtigkeit und sorgt f\u00fcr noch sch\u00f6nere Limonenpilze. Hierzu sollte der Standort aber im Vollschatten liegen, um zu gro\u00dfe W\u00e4rme zu verhindern.<\/p>\n<div class=\"container section-title-container\" ><h3 class=\"section-title section-title-center\"><b aria-hidden=\"true\"><\/b><span class=\"section-title-main\" >Anleitung<\/span><b aria-hidden=\"true\"><\/b><\/h3><\/div>\n<p><a href=\"https:\/\/www.meine-ernte.de\/fileadmin\/fieldupload\/Download\/Anleitung_fuer_Waldpilzkultur.pdf\" target=\"_blank\" rel=\"noopener noreferrer\"><u>Anleitung f\u00fcr Deine Waldgartenpilzkultur herunterladen (372 kb)<\/u><\/a><\/p>\n\t\t<\/div>\n\t\t\t\t\t<\/div>\n\n\t\n<\/div>\n\t\t<\/div>\n\n\t\t\n<style>\n#section_766782930 {\n  padding-top: 30px;\n  padding-bottom: 30px;\n}\n<\/style>\n\t<\/section>\n\t\n","protected":false},"excerpt":{"rendered":"<ul>\n<li>Langzeit-Pilzkultur f\u00fcr den Garten<\/li>\n<li>Mehrere Ernten pro Jahr m\u00f6glich!<\/li>\n<li>Insgesamt bis zu 4kg Pilze ernten<\/li>\n<li>100 % nat\u00fcrlich gepresstes Substrat + Pilzbrut<\/li>\n<\/ul>\n","protected":false},"featured_media":118246,"comment_status":"open","ping_status":"closed","template":"","meta":{"_acf_changed":false},"product_brand":[],"product_cat":[565,164,569,407,322],"product_tag":[665],"class_list":{"0":"post-14763","1":"product","2":"type-product","3":"status-publish","4":"has-post-thumbnail","6":"product_cat-anzucht-im-garten","7":"product_cat-pilzzuchtsets","8":"product_cat-limonenpilze","9":"product_cat-waldgartenpilzkulturen","10":"product_cat-winteranbau","11":"product_tag-mindestbestellwert","12":"product_shipping_class-hawlik","14":"first","15":"instock","16":"taxable","17":"shipping-taxable","18":"purchasable","19":"product-type-simple"},"acf":[],"tiered_pricing_type":"fixed","tiered_pricing_fixed_rules":[],"tiered_pricing_product_settings":{"layout":"default","base_unit_name":{"singular":null,"plural":null},"default_variation":null},"tiered_pricing_minimum_quantity":null,"tiered_pricing_roles_data":[],"tiered_pricing_percentage_rules":[],"_links":{"self":[{"href":"https:\/\/www.meine-ernte.de\/shop\/wp-json\/wp\/v2\/product\/14763","targetHints":{"allow":["GET"]}}],"collection":[{"href":"https:\/\/www.meine-ernte.de\/shop\/wp-json\/wp\/v2\/product"}],"about":[{"href":"https:\/\/www.meine-ernte.de\/shop\/wp-json\/wp\/v2\/types\/product"}],"replies":[{"embeddable":true,"href":"https:\/\/www.meine-ernte.de\/shop\/wp-json\/wp\/v2\/comments?post=14763"}],"wp:featuredmedia":[{"embeddable":true,"href":"https:\/\/www.meine-ernte.de\/shop\/wp-json\/wp\/v2\/media\/118246"}],"wp:attachment":[{"href":"https:\/\/www.meine-ernte.de\/shop\/wp-json\/wp\/v2\/media?parent=14763"}],"wp:term":[{"taxonomy":"product_brand","embeddable":true,"href":"https:\/\/www.meine-ernte.de\/shop\/wp-json\/wp\/v2\/product_brand?post=14763"},{"taxonomy":"product_cat","embeddable":true,"href":"https:\/\/www.meine-ernte.de\/shop\/wp-json\/wp\/v2\/product_cat?post=14763"},{"taxonomy":"product_tag","embeddable":true,"href":"https:\/\/www.meine-ernte.de\/shop\/wp-json\/wp\/v2\/product_tag?post=14763"}],"curies":[{"name":"wp","href":"https:\/\/api.w.org\/{rel}","templated":true}]}}