{"id":14676,"date":"2020-04-22T15:12:36","date_gmt":"2020-04-22T13:12:36","guid":{"rendered":"https:\/\/www.meine-ernte.de\/shop\/?post_type=product&#038;p=14676"},"modified":"2025-07-24T10:25:16","modified_gmt":"2025-07-24T08:25:16","slug":"kraeuterseitlingkultur","status":"publish","type":"product","link":"https:\/\/www.meine-ernte.de\/shop\/kraeuterseitlingkultur\/","title":{"rendered":"Bio Kr\u00e4uterseitlingkultur ca.3 kg"},"content":{"rendered":"\n\t<section class=\"section\" id=\"section_1860306722\">\n\t\t<div class=\"section-bg fill\" >\n\t\t\t\t\t\t\t\t\t\n\t\t\t\n\n\t\t<\/div>\n\n\t\t\n\n\t\t<div class=\"section-content relative\">\n\t\t\t\n<div class=\"row align-center\"  id=\"row-1228478726\">\n\n\t<div id=\"col-52624671\" class=\"col medium-5 small-10 large-5\"  >\n\t\t\t\t<div class=\"col-inner text-left\"  >\n\t\t\t\n\t\t\t\n<div class=\"container section-title-container\" ><h3 class=\"section-title section-title-center\"><b aria-hidden=\"true\"><\/b><span class=\"section-title-main\" >Produktinformationen<\/span><b aria-hidden=\"true\"><\/b><\/h3><\/div>\n<p>Pilze leisten einen wichtigen und vor allem leckeren Beitrag zu einer gesunden Ern\u00e4hrung. Nicht nur wer sich fleischlos oder ganz ohne tierische Produkte ern\u00e4hrt, profitiert von einem Plus an Eiwei\u00df auf dem Teller. Pilze enthalten n\u00e4mlich zus\u00e4tzlich auch wertvolle B-Vitamine, Kalzium und Mineralstoffe in hoher Dichte. Auch mit Selen, Mangan und Zink k\u00f6nnen Pilze aufwarten und einige von ihnen enthalten sogar Vitamin D, das wir sonst nur durch Sonnenlicht bilden k\u00f6nnen. Pilzanzuchtsets sind dankbar in der Handhabung und liefern dir oft mehrfach im Jahr leckere Pilze, die deinen Speiseplan bereichern und dich der Selbstversorgung ein weiteres St\u00fcck n\u00e4her bringen.<\/p>\n<p><strong>Kr\u00e4uterseitlinge<\/strong> sind \u00fcberaus gesund. Sie enthalten viel Eiwei\u00df, B-Vitamine, Spurenelemente und Mineralstoffe, aber kein Fett oder Cholesterin. Seinen Namen hat der wundervoll delikate Pilz, weil er neben des dezenten Pilzaromas ein feines Kr\u00e4uteraroma mitbringt.<\/p>\n<p>Diese Kr\u00e4uterseitlingkultur ist fachm\u00e4nnisch vorgezogen und liefert bei Befolgung der Anleitung meist schon innerhalb von 8 &#8211; 14 Tage nach der Lieferung fertige Pilze. Anschlie\u00dfend kannst du noch bis zu drei Monate lang ein bis zwei weitere Erntewellen erwarten.<\/p>\n<div class=\"video video-fit mb\" style=\"padding-top:56.25%;\">\n<div class=\"brlbs-cmpnt-container brlbs-cmpnt-content-blocker brlbs-cmpnt-with-individual-styles\" data-borlabs-cookie-content-blocker-id=\"youtube-content-blocker\" data-borlabs-cookie-content=\"PGlmcmFtZSB0aXRsZT0iQW5iYXUgZWluZXIgRmVydGlna3VsdHVyIFNoaWl0YWtlLCBLcsOkdXRlcnNlaXRsaW5nLCBIZXJpY2l1bSBvZGVyIFRvc2thbmEiIHdpZHRoPSIxMDIwIiBoZWlnaHQ9IjU3NCIgc3JjPSJodHRwczovL3d3dy55b3V0dWJlLW5vY29va2llLmNvbS9lbWJlZC9wWkVDRkhmT0wtYz9mZWF0dXJlPW9lbWJlZCIgZnJhbWVib3JkZXI9IjAiIGFsbG93PSJhY2NlbGVyb21ldGVyOyBhdXRvcGxheTsgY2xpcGJvYXJkLXdyaXRlOyBlbmNyeXB0ZWQtbWVkaWE7IGd5cm9zY29wZTsgcGljdHVyZS1pbi1waWN0dXJlIiBhbGxvd2Z1bGxzY3JlZW4+PC9pZnJhbWU+\">\n<div class=\"brlbs-cmpnt-cb-preset-c brlbs-cmpnt-cb-youtube\">\n<div class=\"brlbs-cmpnt-cb-thumbnail\" style=\"background-image: url('https:\/\/www.meine-ernte.de\/shop\/wp-content\/uploads\/borlabs-cookie\/1\/yt_pZECFHfOL-c_hqdefault.jpg')\"><\/div>\n<div class=\"brlbs-cmpnt-cb-main\">\n<div class=\"brlbs-cmpnt-cb-play-button\"><\/div>\n<div class=\"brlbs-cmpnt-cb-content\">\n<p class=\"brlbs-cmpnt-cb-description\">Sie sehen gerade einen Platzhalterinhalt von <strong>YouTube<\/strong>. Um auf den eigentlichen Inhalt zuzugreifen, klicken Sie auf die Schaltfl\u00e4che unten. Bitte beachten Sie, dass dabei Daten an Drittanbieter weitergegeben werden.<\/p>\n<p> <a class=\"brlbs-cmpnt-cb-provider-toggle\" href=\"#\" data-borlabs-cookie-show-provider-information role=\"button\">Mehr Informationen<\/a> <\/div>\n<div class=\"brlbs-cmpnt-cb-buttons\"> <a class=\"brlbs-cmpnt-cb-btn\" href=\"#\" data-borlabs-cookie-unblock role=\"button\">Inhalt entsperren<\/a> <a class=\"brlbs-cmpnt-cb-btn\" href=\"#\" data-borlabs-cookie-accept-service role=\"button\" style=\"display: inherit\">Erforderlichen Service akzeptieren und Inhalte entsperren<\/a> <\/div>\n<\/p><\/div>\n<\/p><\/div>\n<\/div>\n<\/div>\n\t<div class=\"img has-hover x md-x lg-x y md-y lg-y\" id=\"image_1371593245\">\n\t\t\t\t\t\t\t\t<div class=\"img-inner dark\" >\n\t\t\t<img decoding=\"async\" width=\"578\" height=\"680\" src=\"https:\/\/www.meine-ernte.de\/shop\/wp-content\/uploads\/kraeuterseitlingkultur.jpg\" class=\"attachment-large size-large\" alt=\"Kr\u00e4uterseitlingkultur\" srcset=\"https:\/\/www.meine-ernte.de\/shop\/wp-content\/uploads\/kraeuterseitlingkultur.jpg 578w, https:\/\/www.meine-ernte.de\/shop\/wp-content\/uploads\/kraeuterseitlingkultur-340x400.jpg 340w\" sizes=\"(max-width: 578px) 100vw, 578px\" \/>\t\t\t\t\t\t\n\t\t\t\t\t<\/div>\n\t\t\t\t\t\t\t\t\n<style>\n#image_1371593245 {\n  width: 100%;\n}\n<\/style>\n\t<\/div>\n\t\n\t\t<\/div>\n\t\t\t\t\t<\/div>\n\n\t\n\n\t<div id=\"col-456702675\" class=\"col medium-1 small-12 large-1\"  >\n\t\t\t\t<div class=\"col-inner\"  >\n\t\t\t\n\t\t\t\n\t\t<\/div>\n\t\t\t\t\t<\/div>\n\n\t\n\n\t<div id=\"col-1565051017\" class=\"col medium-5 small-12 large-5\"  >\n\t\t\t\t<div class=\"col-inner\"  >\n\t\t\t\n\t\t\t\n<div class=\"container section-title-container\" ><h3 class=\"section-title section-title-center\"><b aria-hidden=\"true\"><\/b><span class=\"section-title-main\" >Anbauhinweise<\/span><b aria-hidden=\"true\"><\/b><\/h3><\/div>\n<p>Der optimale Standort f\u00fcr diese Kultur hat eine Temperatur von + 10\u00b0C bis max. + 18\u00b0C. Da die Bio-Kr\u00e4uterseitlingkultur viel Licht ben\u00f6tigt, sollte sie an einen hellen Platz im Haus, am Kellerfenster oder auf der Terrasse gestellt werden. Zudem ist eine hohe Luftfeuchtigkeit von bis zu 90% f\u00fcr den Kr\u00e4uterseitling ideal.<\/p>\n<p>Wird es w\u00e4rmer als 20\u00b0 C, stellen die Pilze ihr Wachstum ein, bis es wieder k\u00fchler wird.<\/p>\n<div class=\"container section-title-container\" ><h3 class=\"section-title section-title-center\"><b aria-hidden=\"true\"><\/b><span class=\"section-title-main\" >Anleitung<\/span><b aria-hidden=\"true\"><\/b><\/h3><\/div>\n<p><a href=\"https:\/\/www.meine-ernte.de\/shop\/wp-content\/uploads\/Anleitung_Fertigpilzkultur.pdf\">Anleitung Kr\u00e4uterseitling herunterladen (248 kb)<\/a><\/p>\n\t\t<\/div>\n\t\t\t\t\t<\/div>\n\n\t\n<\/div>\n\t\t<\/div>\n\n\t\t\n<style>\n#section_1860306722 {\n  padding-top: 30px;\n  padding-bottom: 30px;\n}\n<\/style>\n\t<\/section>\n\t\n","protected":false},"excerpt":{"rendered":"<ul>\n<li>Schmackhafter Edelpilz mit besonders feinem Aroma<\/li>\n<li>Bis zu 1,5kg Pilze ernten!<\/li>\n<li>Mehrere Ernten m\u00f6glich!<\/li>\n<\/ul>\n","protected":false},"featured_media":118232,"comment_status":"open","ping_status":"closed","template":"","meta":{"_acf_changed":false},"product_brand":[],"product_cat":[674,564,566,164,512,516,322],"product_tag":[665],"class_list":{"0":"post-14676","1":"product","2":"type-product","3":"status-publish","4":"has-post-thumbnail","6":"product_cat-indoor-selbstversorgung","7":"product_cat-anzucht-im-haus","8":"product_cat-kraeuterseitlinge","9":"product_cat-pilzzuchtsets","10":"product_cat-saeen-und-pflanzen-im-november","11":"product_cat-saeen-und-pflanzen-im-dezember","12":"product_cat-winteranbau","13":"product_tag-mindestbestellwert","14":"product_shipping_class-hawlik","16":"first","17":"instock","18":"taxable","19":"shipping-taxable","20":"purchasable","21":"product-type-simple"},"acf":[],"tiered_pricing_type":"fixed","tiered_pricing_fixed_rules":[],"tiered_pricing_product_settings":{"layout":"default","base_unit_name":{"singular":null,"plural":null},"default_variation":null},"tiered_pricing_minimum_quantity":null,"tiered_pricing_roles_data":[],"tiered_pricing_percentage_rules":[],"_links":{"self":[{"href":"https:\/\/www.meine-ernte.de\/shop\/wp-json\/wp\/v2\/product\/14676","targetHints":{"allow":["GET"]}}],"collection":[{"href":"https:\/\/www.meine-ernte.de\/shop\/wp-json\/wp\/v2\/product"}],"about":[{"href":"https:\/\/www.meine-ernte.de\/shop\/wp-json\/wp\/v2\/types\/product"}],"replies":[{"embeddable":true,"href":"https:\/\/www.meine-ernte.de\/shop\/wp-json\/wp\/v2\/comments?post=14676"}],"wp:featuredmedia":[{"embeddable":true,"href":"https:\/\/www.meine-ernte.de\/shop\/wp-json\/wp\/v2\/media\/118232"}],"wp:attachment":[{"href":"https:\/\/www.meine-ernte.de\/shop\/wp-json\/wp\/v2\/media?parent=14676"}],"wp:term":[{"taxonomy":"product_brand","embeddable":true,"href":"https:\/\/www.meine-ernte.de\/shop\/wp-json\/wp\/v2\/product_brand?post=14676"},{"taxonomy":"product_cat","embeddable":true,"href":"https:\/\/www.meine-ernte.de\/shop\/wp-json\/wp\/v2\/product_cat?post=14676"},{"taxonomy":"product_tag","embeddable":true,"href":"https:\/\/www.meine-ernte.de\/shop\/wp-json\/wp\/v2\/product_tag?post=14676"}],"curies":[{"name":"wp","href":"https:\/\/api.w.org\/{rel}","templated":true}]}}