{"id":14665,"date":"2020-04-22T14:24:20","date_gmt":"2020-04-22T12:24:20","guid":{"rendered":"https:\/\/www.meine-ernte.de\/shop\/?post_type=product&#038;p=14665"},"modified":"2025-12-08T11:15:31","modified_gmt":"2025-12-08T10:15:31","slug":"austernpilzkultur","status":"publish","type":"product","link":"https:\/\/www.meine-ernte.de\/shop\/austernpilzkultur\/","title":{"rendered":"Austernpilzkultur, ca. 2-3kg oder 6-7kg"},"content":{"rendered":"\n\t<section class=\"section\" id=\"section_488230986\">\n\t\t<div class=\"section-bg fill\" >\n\t\t\t\t\t\t\t\t\t\n\t\t\t\n\n\t\t<\/div>\n\n\t\t\n\n\t\t<div class=\"section-content relative\">\n\t\t\t\n<div class=\"row align-center\"  id=\"row-267830100\">\n\n\t<div id=\"col-849413665\" class=\"col medium-5 small-10 large-5\"  >\n\t\t\t\t<div class=\"col-inner text-left\"  >\n\t\t\t\n\t\t\t\n<div class=\"container section-title-container\" ><h3 class=\"section-title section-title-center\"><b aria-hidden=\"true\"><\/b><span class=\"section-title-main\" >Produktinformationen<\/span><b aria-hidden=\"true\"><\/b><\/h3><\/div>\n<p>Pilze leisten einen wichtigen und vor allem leckeren Beitrag zu einer gesunden Ern\u00e4hrung. Nicht nur wer sich fleischlos oder ganz ohne tierische Produkte ern\u00e4hrt, profitiert von einem Plus an Eiwei\u00df auf dem Teller. Pilze enthalten n\u00e4mlich zus\u00e4tzlich wertvolle B-Vitamine, Kalzium und Mineralstoffe in hoher Dichte. Auch mit Selen, Mangan und Zink k\u00f6nnen Pilze aufwarten und einige von ihnen enthalten sogar Vitamin D, das wir sonst nur durch Sonnenlicht bilden k\u00f6nnen. Pilzanzuchtsets sind dankbar in der Handhabung und liefern dir oft mehrfach im Jahr leckere Pilze, die deinen Speiseplan bereichern und dich der Selbstversorgung ein St\u00fcck n\u00e4her bringen.<\/p>\n<p><strong>Austernpilze<\/strong> stammen urspr\u00fcnglich aus S\u00fcdostasien, wo sie wild an Baumst\u00e4mmen sprie\u00dfen. Hier bei uns in Deutschland werden sie meist auf einem Substrat aus geh\u00e4ckseltem Stroh gez\u00fcchtet. Auch der Heimanbau von Austernpilzen klappt prima und macht Spa\u00df!\u00a0 Austernpilze, die zur Familie der Seitlinge geh\u00f6ren, liefern unter anderem B-Vitamine wie B1, B2 und Fols\u00e4ure. Der Pilz ist sehr kalorienarm und wasserreich. Der Pilz punktet besonders mit den Mineralstoffen Kalium und Phosphor. Sein hoher Gehalt an Ballaststoffen f\u00f6rdert eine gute Verdauung und s\u00e4ttigt nachhaltig.<\/p>\n<p>Hier erh\u00e4ltst eine fachm\u00e4nnisch vorbereitete Austernpilzkultur, die je nach Reifegrad innerhalb kurzer Zeit die erste Ernte bringen wird.<\/p>\n<div class=\"video video-fit mb\" style=\"padding-top:56.25%;\">\n<div class=\"brlbs-cmpnt-container brlbs-cmpnt-content-blocker brlbs-cmpnt-with-individual-styles\" data-borlabs-cookie-content-blocker-id=\"youtube-content-blocker\" data-borlabs-cookie-content=\"PGlmcmFtZSB0aXRsZT0iQW5iYXUgRmVydGlna3VsdHVyIEF1c3Rlcm5waWx6ZSBiencuICBMaW1vbmVucGlsemUiIHdpZHRoPSIxMDIwIiBoZWlnaHQ9IjU3NCIgc3JjPSJodHRwczovL3d3dy55b3V0dWJlLW5vY29va2llLmNvbS9lbWJlZC9IdWYyYVYzZ0pRdz9mZWF0dXJlPW9lbWJlZCIgZnJhbWVib3JkZXI9IjAiIGFsbG93PSJhY2NlbGVyb21ldGVyOyBhdXRvcGxheTsgY2xpcGJvYXJkLXdyaXRlOyBlbmNyeXB0ZWQtbWVkaWE7IGd5cm9zY29wZTsgcGljdHVyZS1pbi1waWN0dXJlIiBhbGxvd2Z1bGxzY3JlZW4+PC9pZnJhbWU+\">\n<div class=\"brlbs-cmpnt-cb-preset-c brlbs-cmpnt-cb-youtube\">\n<div class=\"brlbs-cmpnt-cb-thumbnail\" style=\"background-image: url('https:\/\/www.meine-ernte.de\/shop\/wp-content\/uploads\/borlabs-cookie\/1\/yt_Huf2aV3gJQw_hqdefault.jpg')\"><\/div>\n<div class=\"brlbs-cmpnt-cb-main\">\n<div class=\"brlbs-cmpnt-cb-play-button\"><\/div>\n<div class=\"brlbs-cmpnt-cb-content\">\n<p class=\"brlbs-cmpnt-cb-description\">Sie sehen gerade einen Platzhalterinhalt von <strong>YouTube<\/strong>. Um auf den eigentlichen Inhalt zuzugreifen, klicken Sie auf die Schaltfl\u00e4che unten. Bitte beachten Sie, dass dabei Daten an Drittanbieter weitergegeben werden.<\/p>\n<p> <a class=\"brlbs-cmpnt-cb-provider-toggle\" href=\"#\" data-borlabs-cookie-show-provider-information role=\"button\">Mehr Informationen<\/a> <\/div>\n<div class=\"brlbs-cmpnt-cb-buttons\"> <a class=\"brlbs-cmpnt-cb-btn\" href=\"#\" data-borlabs-cookie-unblock role=\"button\">Inhalt entsperren<\/a> <a class=\"brlbs-cmpnt-cb-btn\" href=\"#\" data-borlabs-cookie-accept-service role=\"button\" style=\"display: inherit\">Erforderlichen Service akzeptieren und Inhalte entsperren<\/a> <\/div>\n<\/p><\/div>\n<\/p><\/div>\n<\/div>\n<\/div>\n\t\t<\/div>\n\t\t\t\t\t<\/div>\n\n\t\n\n\t<div id=\"col-321711204\" class=\"col medium-1 small-12 large-1\"  >\n\t\t\t\t<div class=\"col-inner\"  >\n\t\t\t\n\t\t\t\n\t\t<\/div>\n\t\t\t\t\t<\/div>\n\n\t\n\n\t<div id=\"col-1818715996\" class=\"col medium-5 small-12 large-5\"  >\n\t\t\t\t<div class=\"col-inner\"  >\n\t\t\t\n\t\t\t\n<div class=\"container section-title-container\" ><h3 class=\"section-title section-title-center\"><b aria-hidden=\"true\"><\/b><span class=\"section-title-main\" >Anbauhinweise<\/span><b aria-hidden=\"true\"><\/b><\/h3><\/div>\n<p>Austernpilze wachsen bei ca. + 16\u00b0C bis + 24\u00b0C. Geerntet werden kann von Februar bis Ende November.<\/p>\n<p><em><strong>Hinweis<\/strong>: Aktiviere die Kultur maximal eine Woche nach Erhalt oder bewahre sie\u00a0 ca. drei bis vier Wochen bei +2\u00b0C bis +10\u00b0C auf.<\/em><\/p>\n<p>Bei milder Witterung oder wenn die Kultur in einem Folienhaus \/ Fr\u00fchbeet steht, ist auch eine ganzj\u00e4hrige Ernte m\u00f6glich. Dabei kommt es h\u00e4ufig zu Pausen von 1 &#8211; 3 Wochen in denen die Pilze eine Wachstumspause einlegen. Diese Pausen sind normal und kein Grund zur Besorgnis.<\/p>\n<p>Die Austernpilzkultur kannst du auch im Haus platzieren. Sie sollten aber nicht im Wohnbereich stehen, da hier die trockenen klimatischen Bedingungen nicht geeignet sind. Ein guter Standort ist ein feuchter, unbeheizter Kellerraum mit einer konstanten Temperatur von 10-15 Grad.<\/p>\n<p>Auch im Winter k\u00f6nnen Austernpilzkulturen im Garten bleiben, da sie Frost gut vertragen und die Pilze wieder wachsen, wenn es w\u00e4rmer wird. Um zu wachsen ben\u00f6tigen die Pilze ca. acht Wochen frostfreien Boden.<br \/>\nAls Standort eignet sich ein schattiger, feuchter und m\u00f6glichst windgesch\u00fctzter Platz, zum Beispiel unter einem Laubbusch\/Laubbaum oder im Fr\u00fchbeet\/Folienhaus. <strong>Nadelb\u00e4ume solltest du beim Anbau meiden.<\/strong> F\u00fcr die Ernte deiner leckeren Austernpilze aus dem Garten brauchst nur neben der Pilzkultur nur noch eine Grube von ca. 40x40cm und 15cm Tiefe.<\/p>\n<p>Nach der Ernte halten sich Pilze im K\u00fchlschrank bis zu 5 Tage frisch. Ist der Ertrag sehr hoch, lassen sich Pilze auch prima einfrieren.<\/p>\n<p>Unsere Austernpilzkultur erh\u00e4ltst du in zwei Gr\u00f6\u00dfen:<\/p>\n<ul>\n<li>Gro\u00df: mit ca. 6 \u2013 7 kg Substrat<\/li>\n<li>Klein: mit ca. 2 \u2013 3 kg Substrat<\/li>\n<\/ul>\n<p>Oben kannst du Ausw\u00e4hlen, welche Gr\u00f6\u00dfe du haben m\u00f6chtest.<\/p>\n\t<div class=\"img has-hover x md-x lg-x y md-y lg-y\" id=\"image_804643409\">\n\t\t\t\t\t\t\t\t<div class=\"img-inner dark\" >\n\t\t\t<img decoding=\"async\" width=\"578\" height=\"680\" src=\"https:\/\/www.meine-ernte.de\/shop\/wp-content\/uploads\/austernpilzkultur_2.jpg\" class=\"attachment-large size-large\" alt=\"\" srcset=\"https:\/\/www.meine-ernte.de\/shop\/wp-content\/uploads\/austernpilzkultur_2.jpg 578w, https:\/\/www.meine-ernte.de\/shop\/wp-content\/uploads\/austernpilzkultur_2-340x400.jpg 340w\" sizes=\"(max-width: 578px) 100vw, 578px\" \/>\t\t\t\t\t\t\n\t\t\t\t\t<\/div>\n\t\t\t\t\t\t\t\t\n<style>\n#image_804643409 {\n  width: 100%;\n}\n<\/style>\n\t<\/div>\n\t\n<div class=\"container section-title-container\" ><h3 class=\"section-title section-title-center\"><b aria-hidden=\"true\"><\/b><span class=\"section-title-main\" >Anleitung<\/span><b aria-hidden=\"true\"><\/b><\/h3><\/div>\n<p><a href=\"https:\/\/www.meine-ernte.de\/shop\/wp-content\/uploads\/Anleitung_Austern-Limonenpilze.pdf\">Anleitung herunterladen (254 kb)<\/a><\/p>\n\t\t<\/div>\n\t\t\t\t\t<\/div>\n\n\t\n<\/div>\n\t\t<\/div>\n\n\t\t\n<style>\n#section_488230986 {\n  padding-top: 30px;\n  padding-bottom: 30px;\n}\n<\/style>\n\t<\/section>\n\t\n","protected":false},"excerpt":{"rendered":"<ul>\n<li>Ballaststoffreicher Edelpilz, der mit Kalium und Phosphor punktet<\/li>\n<li>Idealer Fleischersatz f\u00fcr Vegetarier und Veganer<\/li>\n<li>Bis zu 3 \u2013 4 kg Pilze ernten!<\/li>\n<\/ul>\n","protected":false},"featured_media":118228,"comment_status":"open","ping_status":"closed","template":"","meta":{"_acf_changed":false},"product_brand":[],"product_cat":[674,564,567,164,512,516,322],"product_tag":[665],"class_list":{"0":"post-14665","1":"product","2":"type-product","3":"status-publish","4":"has-post-thumbnail","6":"product_cat-indoor-selbstversorgung","7":"product_cat-anzucht-im-haus","8":"product_cat-austernpilze","9":"product_cat-pilzzuchtsets","10":"product_cat-saeen-und-pflanzen-im-november","11":"product_cat-saeen-und-pflanzen-im-dezember","12":"product_cat-winteranbau","13":"product_tag-mindestbestellwert","14":"product_shipping_class-hawlik","16":"first","17":"instock","18":"taxable","19":"shipping-taxable","20":"purchasable","21":"product-type-variable","22":"has-default-attributes"},"acf":[],"tiered_pricing_type":"fixed","tiered_pricing_fixed_rules":[],"tiered_pricing_product_settings":{"layout":"default","base_unit_name":{"singular":null,"plural":null},"default_variation":null},"tiered_pricing_minimum_quantity":null,"tiered_pricing_roles_data":[],"tiered_pricing_percentage_rules":[],"_links":{"self":[{"href":"https:\/\/www.meine-ernte.de\/shop\/wp-json\/wp\/v2\/product\/14665","targetHints":{"allow":["GET"]}}],"collection":[{"href":"https:\/\/www.meine-ernte.de\/shop\/wp-json\/wp\/v2\/product"}],"about":[{"href":"https:\/\/www.meine-ernte.de\/shop\/wp-json\/wp\/v2\/types\/product"}],"replies":[{"embeddable":true,"href":"https:\/\/www.meine-ernte.de\/shop\/wp-json\/wp\/v2\/comments?post=14665"}],"wp:featuredmedia":[{"embeddable":true,"href":"https:\/\/www.meine-ernte.de\/shop\/wp-json\/wp\/v2\/media\/118228"}],"wp:attachment":[{"href":"https:\/\/www.meine-ernte.de\/shop\/wp-json\/wp\/v2\/media?parent=14665"}],"wp:term":[{"taxonomy":"product_brand","embeddable":true,"href":"https:\/\/www.meine-ernte.de\/shop\/wp-json\/wp\/v2\/product_brand?post=14665"},{"taxonomy":"product_cat","embeddable":true,"href":"https:\/\/www.meine-ernte.de\/shop\/wp-json\/wp\/v2\/product_cat?post=14665"},{"taxonomy":"product_tag","embeddable":true,"href":"https:\/\/www.meine-ernte.de\/shop\/wp-json\/wp\/v2\/product_tag?post=14665"}],"curies":[{"name":"wp","href":"https:\/\/api.w.org\/{rel}","templated":true}]}}