{"id":12453,"date":"2020-04-09T10:57:11","date_gmt":"2020-04-09T08:57:11","guid":{"rendered":"https:\/\/www.meine-ernte.de\/shop\/?post_type=product&#038;p=12453"},"modified":"2023-10-11T11:28:43","modified_gmt":"2023-10-11T09:28:43","slug":"keimsprossen-bockshornklee","status":"publish","type":"product","link":"https:\/\/www.meine-ernte.de\/shop\/keimsprossen-bockshornklee\/","title":{"rendered":"Keimsprossen Bockshornklee A"},"content":{"rendered":"\n\t<section class=\"section\" id=\"section_1302332932\">\n\t\t<div class=\"section-bg fill\" >\n\t\t\t\t\t\t\t\t\t\n\t\t\t\n\n\t\t<\/div>\n\n\t\t\n\n\t\t<div class=\"section-content relative\">\n\t\t\t\n<div class=\"row align-center\"  id=\"row-560225671\">\n\n\t<div id=\"col-1563862192\" class=\"col medium-5 small-10 large-5\"  >\n\t\t\t\t<div class=\"col-inner text-left\"  >\n\t\t\t\n\t\t\t\n<div class=\"container section-title-container\" ><h3 class=\"section-title section-title-center\"><b aria-hidden=\"true\"><\/b><span class=\"section-title-main\" >Produktinformationen<\/span><b aria-hidden=\"true\"><\/b><\/h3><\/div>\n<p>Hast du gewusst, dass Sprossen kalorienarm,\u00a0vitalisierend\u00a0und sehr\u00a0vitaminreich sind und damit eine bewusste\u00a0Ern\u00e4hrung sehr gut unterst\u00fctzen?<\/p>\n<p>Keimsprossen Bockshornklee haben einen curryartigen, herben Geschmack, sind leicht verdaulich und wirken appetitanregend. Bestens f\u00fcr Salate, Gem\u00fcsebeilagen oder zum Verfeinern von Speisen geeignet. Vitalisierend, f\u00fcr eine ausgewogene Ern\u00e4hrung.<\/p>\n<p>Unsere Tipps:<\/p>\n<ul>\n<li>Bitte sp\u00fcle vor der Aussaat deine Samen mit klarem Wasser gr\u00fcndlich ab.<\/li>\n<li>Wenn du es nicht erwarten kannst, dann weiche zur schnelleren Keimung dein Saatgut 10 Stunden vor der Aussaat ein.<\/li>\n<\/ul>\n<p>Pssst &#8211; die Keimsprossent\u00fcten sind \u00fcbrigens aus umweltfreundlichem\u00a0Graspapier hergestellt.<\/p>\n\t\t<\/div>\n\t\t\t\t\t<\/div>\n\n\t\n\n\t<div id=\"col-770407941\" class=\"col medium-1 small-12 large-1\"  >\n\t\t\t\t<div class=\"col-inner\"  >\n\t\t\t\n\t\t\t\n\t\t<\/div>\n\t\t\t\t\t<\/div>\n\n\t\n\n\t<div id=\"col-1921372646\" class=\"col medium-5 small-12 large-5\"  >\n\t\t\t\t<div class=\"col-inner\"  >\n\t\t\t\n\t\t\t\n<div class=\"container section-title-container\" ><h3 class=\"section-title section-title-center\"><b aria-hidden=\"true\"><\/b><span class=\"section-title-main\" >Artikeleigenschaften<\/span><b aria-hidden=\"true\"><\/b><\/h3><\/div>\n<table class=\"tg\">\n<tbody>\n<tr>\n<td class=\"tg-0pky\">Portionsinhalt<\/td>\n<td class=\"tg-0pky\">75\u00a0g<\/td>\n<\/tr>\n<\/tbody>\n<\/table>\n\t<div id=\"gap-1810708796\" class=\"gap-element clearfix\" style=\"display:block; height:auto;\">\n\t\t\n<style>\n#gap-1810708796 {\n  padding-top: 30px;\n}\n<\/style>\n\t<\/div>\n\t\n<div class=\"container section-title-container\" ><h3 class=\"section-title section-title-center\"><b aria-hidden=\"true\"><\/b><span class=\"section-title-main\" >Weitere Informationen<\/span><b aria-hidden=\"true\"><\/b><\/h3><\/div>\n\t<div id=\"text-869036668\" class=\"text\">\n\t\t\n<p><u><a href=\"https:\/\/www.meine-ernte.de\/besserleben\/bunt-und-gesund\/sprossen-selber-ziehen\/\" target=\"_blank\" rel=\"noopener noreferrer\">Weitere Informationen findest du in unseren Gartentipps<\/a><\/u><\/p>\n\t\t\n<style>\n#text-869036668 {\n  text-align: center;\n}\n<\/style>\n\t<\/div>\n\t\n\t<div id=\"gap-2096321816\" class=\"gap-element clearfix\" style=\"display:block; height:auto;\">\n\t\t\n<style>\n#gap-2096321816 {\n  padding-top: 30px;\n}\n<\/style>\n\t<\/div>\n\t\n<div class=\"container section-title-container\" ><h3 class=\"section-title section-title-center\"><b aria-hidden=\"true\"><\/b><span class=\"section-title-main\" >Unser Tipp<\/span><b aria-hidden=\"true\"><\/b><\/h3><\/div>\n\t<div class=\"box has-hover   has-hover box-text-bottom\" >\n\n\t\t<div class=\"box-image\" >\n\t\t\t<a href=\"https:\/\/www.meine-ernte.de\/shop\/sprossenglas\/\" >\t\t\t<div class=\"\" >\n\t\t\t\t<img decoding=\"async\" width=\"300\" height=\"302\" src=\"https:\/\/www.meine-ernte.de\/shop\/wp-content\/uploads\/2019\/12\/sprossenglas.jpg\" class=\"attachment- size-\" alt=\"\" srcset=\"https:\/\/www.meine-ernte.de\/shop\/wp-content\/uploads\/2019\/12\/sprossenglas.jpg 300w, https:\/\/www.meine-ernte.de\/shop\/wp-content\/uploads\/2019\/12\/sprossenglas-100x100.jpg 100w\" sizes=\"(max-width: 300px) 100vw, 300px\" \/>\t\t\t\t\t\t\t\t\t\t\t<\/div>\n\t\t\t<\/a>\t\t<\/div>\n\n\t\t<div class=\"box-text text-center\" >\n\t\t\t<div class=\"box-text-inner\">\n\t\t\t\t\n<h4><a href=\"https:\/\/www.meine-ernte.de\/shop\/sprossenglas\/\">Sprossenglas<\/a><\/h4>\n<p>F\u00fcr knackfrische Sprossen<\/p>\n\t\t\t<\/div>\n\t\t<\/div>\n\t<\/div>\n\t\n\t\t<\/div>\n\t\t\t\t\t<\/div>\n\n\t\n[\/col]\n<\/div>\n\t\t<\/div>\n\n\t\t\n<style>\n#section_1302332932 {\n  padding-top: 30px;\n  padding-bottom: 30px;\n}\n<\/style>\n\t<\/section>\n\t\n","protected":false},"excerpt":{"rendered":"<p><img decoding=\"async\" src=\"https:\/\/www.meine-ernte.de\/shop\/wp-content\/uploads\/2019\/12\/bio9580.png\" \/><\/p>\n<ul>\n<li>Aussaat: Ganzj\u00e4hrig m\u00f6glich.<\/li>\n<li>Keimung: Bei einer Temperatur von 18 \u2013 22\u00b0C nach 1 \u2013 2 Tagen.<\/li>\n<li>Standort: Heller Standort f\u00f6rdert die Keimung und das Wachstum.<\/li>\n<\/ul>\n","protected":false},"featured_media":12457,"comment_status":"open","ping_status":"closed","template":"","meta":{"_acf_changed":false},"product_brand":[],"product_cat":[674,682,371,505,72,337,338,153,512,516,322],"product_tag":[689,665],"class_list":{"0":"post-12453","1":"product","2":"type-product","3":"status-publish","4":"has-post-thumbnail","6":"product_cat-indoor-selbstversorgung","7":"product_cat-bio-sprossen","8":"product_cat-vorziehen-im-januar","9":"product_cat-bis-20-euro","10":"product_cat-saatgut-und-pflanzen","11":"product_cat-geschenke","12":"product_cat-kuechengarten","13":"product_cat-sprossen","14":"product_cat-saeen-und-pflanzen-im-november","15":"product_cat-saeen-und-pflanzen-im-dezember","16":"product_cat-winteranbau","17":"product_tag-brand","18":"product_tag-mindestbestellwert","19":"product_shipping_class-versand-durch-meine-ernte","21":"first","22":"outofstock","23":"sale","24":"taxable","25":"shipping-taxable","26":"purchasable","27":"product-type-simple"},"acf":[],"tiered_pricing_type":"fixed","tiered_pricing_fixed_rules":[],"tiered_pricing_product_settings":{"layout":"default","base_unit_name":{"singular":null,"plural":null},"default_variation":null},"tiered_pricing_minimum_quantity":null,"tiered_pricing_roles_data":[],"tiered_pricing_percentage_rules":[],"_links":{"self":[{"href":"https:\/\/www.meine-ernte.de\/shop\/wp-json\/wp\/v2\/product\/12453","targetHints":{"allow":["GET"]}}],"collection":[{"href":"https:\/\/www.meine-ernte.de\/shop\/wp-json\/wp\/v2\/product"}],"about":[{"href":"https:\/\/www.meine-ernte.de\/shop\/wp-json\/wp\/v2\/types\/product"}],"replies":[{"embeddable":true,"href":"https:\/\/www.meine-ernte.de\/shop\/wp-json\/wp\/v2\/comments?post=12453"}],"wp:featuredmedia":[{"embeddable":true,"href":"https:\/\/www.meine-ernte.de\/shop\/wp-json\/wp\/v2\/media\/12457"}],"wp:attachment":[{"href":"https:\/\/www.meine-ernte.de\/shop\/wp-json\/wp\/v2\/media?parent=12453"}],"wp:term":[{"taxonomy":"product_brand","embeddable":true,"href":"https:\/\/www.meine-ernte.de\/shop\/wp-json\/wp\/v2\/product_brand?post=12453"},{"taxonomy":"product_cat","embeddable":true,"href":"https:\/\/www.meine-ernte.de\/shop\/wp-json\/wp\/v2\/product_cat?post=12453"},{"taxonomy":"product_tag","embeddable":true,"href":"https:\/\/www.meine-ernte.de\/shop\/wp-json\/wp\/v2\/product_tag?post=12453"}],"curies":[{"name":"wp","href":"https:\/\/api.w.org\/{rel}","templated":true}]}}