{"id":123569,"date":"2025-10-22T10:02:28","date_gmt":"2025-10-22T08:02:28","guid":{"rendered":"https:\/\/www.meine-ernte.de\/shop\/?post_type=product&#038;p=123569"},"modified":"2025-12-22T08:58:13","modified_gmt":"2025-12-22T07:58:13","slug":"olla-wasserspeicher-pflanzenbewaesserung-aus-terrakotta-15-liter-vol","status":"publish","type":"product","link":"https:\/\/www.meine-ernte.de\/shop\/olla-wasserspeicher-pflanzenbewaesserung-aus-terrakotta-15-liter-vol\/","title":{"rendered":"Olla, Wasserspeicher, Pflanzenbew\u00e4sserung aus Terrakotta, 1,5 Liter Vol."},"content":{"rendered":"<div class=\"row\"  id=\"row-1746864952\">\n\n\t<div id=\"col-1329554155\" class=\"col medium-6 small-12 large-6\"  >\n\t\t\t\t<div class=\"col-inner\"  >\n\t\t\t\n\t\t\t\n<div class=\"container section-title-container\" ><h3 class=\"section-title section-title-center\"><b aria-hidden=\"true\"><\/b><span class=\"section-title-main\" >PRODUKTINFORMATIONEN<\/span><b aria-hidden=\"true\"><\/b><\/h3><\/div>\n\n\t<section class=\"section\" id=\"section_2082878130\">\n\t\t<div class=\"section-bg fill\" >\n\t\t\t\t\t\t\t\t\t\n\t\t\t\n\n\t\t<\/div>\n\n\t\t\n\n\t\t<div class=\"section-content relative\">\n\t\t\t\n<p><span style=\"color: #000000;\"><strong>Ma\u00dfe<\/strong> H x D: ca. 20 x 15 cm<\/span><br \/>\n<span style=\"color: #000000;\"><strong>Bew\u00e4sserungsbereich<\/strong>: ca. 60 cm<\/span><br \/>\n<span style=\"color: #000000;\"><strong>Volumen<\/strong>: je ca. 1,5 l<\/span><br \/>\n<span style=\"color: #000000;\"><strong>Gewicht<\/strong>: je ca. 0,6 kg<\/span><br \/>\n<span style=\"color: #000000;\"><strong>Material<\/strong>: Keramik<\/span><br \/>\n<span style=\"color: #000000;\"><strong>Farbe<\/strong>: Terrakotta<\/span><\/p>\n\t\t<\/div>\n\n\t\t\n<style>\n#section_2082878130 {\n  padding-top: 30px;\n  padding-bottom: 30px;\n  background-color: #c5c8cb;\n}\n<\/style>\n\t<\/section>\n\t\n\t<div id=\"gap-1622182939\" class=\"gap-element clearfix\" style=\"display:block; height:auto;\">\n\t\t\n<style>\n#gap-1622182939 {\n  padding-top: 30px;\n}\n<\/style>\n\t<\/div>\n\t\n<p><strong>Einzigartige Vorteile<\/strong><\/p>\n<p>Wenn Du weniger gie\u00dfen und gleichzeitig gesunde, kr\u00e4ftige Pflanzen im Garten oder auf dem Balkon haben m\u00f6chtest, ist die Olla genau das Richtige f\u00fcr Dich. Mit diesem traditionellen Terrakottagef\u00e4\u00df <strong>bew\u00e4sserst Du Deine Pflanzen direkt an der Wurzel<\/strong> \u2013 zuverl\u00e4ssig, wassersparend und ganz ohne Technik. Die Olla wird mit Wasser bef\u00fcllt und gibt die Feuchtigkeit nach und nach durch ihre por\u00f6se Oberfl\u00e4che an den umgebenden Boden ab \u2013 immer nur dann, wenn Deine Pflanzen sie wirklich brauchen.<\/p>\n<p>So entsteht eine <strong>gleichm\u00e4\u00dfige Bodenfeuchtigkeit<\/strong>, die Deinen Pflanzen dauerhaft zugutekommt. Ihre<strong> Wurzeln wachsen gezielt zur Olla<\/strong> hin und <strong>versorgen sich kontinuierlich selbst<\/strong>. Das <strong>spart<\/strong> nicht nur bis zu 70\u202f% <strong>Gie\u00dfwasser<\/strong>, sondern <strong>reduziert<\/strong> auch Deinen <strong>Pflegeaufwand<\/strong> deutlich \u2013 ideal in hei\u00dfen Sommern oder wenn Du mal im Urlaub bist.<\/p>\n<p>Die Olla besteht aus unglasiertem Ton und ist besonders <strong>langlebig<\/strong>. Sie bew\u00e4ssert in einem Umkreis von ca. 50 cm und eignet sich f\u00fcr Beete, Hochbeete, K\u00fcbel, Balkonk\u00e4sten und Gew\u00e4chsh\u00e4user. Dank des mitgelieferten Deckels <strong>verdunstet<\/strong> <strong>kaum<\/strong> <strong>Wasser<\/strong>, und <strong>M\u00fccken<\/strong> sowie <strong>Schmutz<\/strong> <strong>bleiben<\/strong> <strong>drau\u00dfen<\/strong>. Die Olla kommt in einer liebevoll gestalteten Verpackung mit Anleitung \u2013 perfekt auch als Geschenk f\u00fcr Gartenfreund:innen.<\/p>\n\t<div class=\"img has-hover x md-x lg-x y md-y lg-y\" id=\"image_1519987179\">\n\t\t\t\t\t\t\t\t<div class=\"img-inner dark\" >\n\t\t\t<img decoding=\"async\" width=\"1020\" height=\"776\" src=\"https:\/\/www.meine-ernte.de\/shop\/wp-content\/uploads\/Gaertnern_im_Klimawandel-1051x800.png\" class=\"attachment-large size-large\" alt=\"\" srcset=\"https:\/\/www.meine-ernte.de\/shop\/wp-content\/uploads\/Gaertnern_im_Klimawandel-1051x800.png 1051w, https:\/\/www.meine-ernte.de\/shop\/wp-content\/uploads\/Gaertnern_im_Klimawandel-526x400.png 526w, https:\/\/www.meine-ernte.de\/shop\/wp-content\/uploads\/Gaertnern_im_Klimawandel-768x584.png 768w, https:\/\/www.meine-ernte.de\/shop\/wp-content\/uploads\/Gaertnern_im_Klimawandel-1536x1169.png 1536w, https:\/\/www.meine-ernte.de\/shop\/wp-content\/uploads\/Gaertnern_im_Klimawandel-2048x1559.png 2048w, https:\/\/www.meine-ernte.de\/shop\/wp-content\/uploads\/Gaertnern_im_Klimawandel-600x457.png 600w, https:\/\/www.meine-ernte.de\/shop\/wp-content\/uploads\/Gaertnern_im_Klimawandel-100x76.png 100w, https:\/\/www.meine-ernte.de\/shop\/wp-content\/uploads\/Gaertnern_im_Klimawandel-80x61.png 80w\" sizes=\"(max-width: 1020px) 100vw, 1020px\" \/>\t\t\t\t\t\t\n\t\t\t\t\t<\/div>\n\t\t\t\t\t\t\t\t\n<style>\n#image_1519987179 {\n  width: 37%;\n}\n<\/style>\n\t<\/div>\n\t\n\t\t<\/div>\n\t\t\t\t\t<\/div>\n\n\t\n\n\t<div id=\"col-1538082207\" class=\"col medium-6 small-12 large-6\"  >\n\t\t\t\t<div class=\"col-inner\"  >\n\t\t\t\n\t\t\t\n<div class=\"container section-title-container\" ><h3 class=\"section-title section-title-center\"><b aria-hidden=\"true\"><\/b><span class=\"section-title-main\" >ANWENDUNG<\/span><b aria-hidden=\"true\"><\/b><\/h3><\/div>\n<p>Die Anwendung ist ganz einfach \u2013 auch f\u00fcr Gartenneulinge:<\/p>\n<ol>\n<li><strong>Standort w\u00e4hlen<\/strong>: W\u00e4hle eine zentrale Stelle zwischen deinen Pflanzen.<\/li>\n<li><strong>Einsetzen<\/strong>: Grabe die Olla bis zum Hals in die Erde ein, sodass nur die \u00d6ffnung herausschaut.<\/li>\n<li><strong>Wasser einf\u00fcllen<\/strong>: F\u00fclle die Olla vollst\u00e4ndig mit Wasser.<\/li>\n<li><strong>Deckel aufsetzen<\/strong>: Schlie\u00dfe die Olla mit dem beiliegenden Deckel.<\/li>\n<li><strong>Nachf\u00fcllen<\/strong>: Je nach Witterung alle paar Tage kontrollieren und bei Bedarf nachf\u00fcllen.<\/li>\n<\/ol>\n<p>Tipp: Wenn Du gr\u00f6\u00dfere Fl\u00e4chen bew\u00e4ssern m\u00f6chtest, setze mehrere Ollas gleichm\u00e4\u00dfig verteilt ein. Besonders in Kombination mit einer Mulchschicht kann die Feuchtigkeit noch besser im Boden gehalten werden.<\/p>\n<p>Die Olla ist ein wertvoller Helfer f\u00fcr alle, die ihren Garten klimafreundlich und ressourcenschonend gestalten m\u00f6chten \u2013 f\u00fcr weniger Gie\u00dfarbeit und mehr Ertrag!<\/p>\n<p>Hinweis: F\u00fcr eine l\u00e4ngere Haltbarkeit empfehlen wir dir, die Olla zum Winter aus dem Beet zu nehmen. So kann sie nicht durch Bodenfrost besch\u00e4digt werden. Und zur n\u00e4chsten Gartensaison kannst du sie einfach wieder an der richtigen Stelle neu eingraben und mit frischem Wasser bef\u00fcllen.<\/p>\n\t\t<\/div>\n\t\t\t\t\t<\/div>\n\n\t\n<\/div>\n","protected":false},"excerpt":{"rendered":"<ul>\n<li class=\"EinfAbs\"><span style=\"font-family: 'PT Sans',sans-serif;\">Spart bis zu 70<\/span><span style=\"font-family: 'Arial',sans-serif;\">\u202f<\/span><span style=\"font-family: 'PT Sans',sans-serif;\">% Gie\u00dfwasser<\/span><\/li>\n<li class=\"EinfAbs\"><span style=\"font-family: 'PT Sans',sans-serif;\">Funktioniert ganz ohne Strom oder Technik<\/span><\/li>\n<li class=\"EinfAbs\"><span style=\"font-family: 'PT Sans',sans-serif;\">Sorgt f\u00fcr gleichm\u00e4\u00dfige Bodenfeuchte im Umkreis von 50 cm<\/span><\/li>\n<li class=\"EinfAbs\"><span style=\"font-family: 'PT Sans',sans-serif;\">Ideal f\u00fcr Beete, Hochbeete, Balkonk\u00e4sten &amp; Gew\u00e4chsh\u00e4user<\/span><\/li>\n<\/ul>\n","protected":false},"featured_media":123570,"comment_status":"open","ping_status":"closed","template":"","meta":{"_acf_changed":false},"product_brand":[],"product_cat":[668,101],"product_tag":[],"class_list":{"0":"post-123569","1":"product","2":"type-product","3":"status-publish","4":"has-post-thumbnail","6":"product_cat-meine-ernte-produkte","7":"product_cat-gartenausstattung-zubehoer","9":"first","10":"instock","11":"taxable","12":"shipping-taxable","13":"purchasable","14":"product-type-simple"},"acf":[],"tiered_pricing_type":"fixed","tiered_pricing_fixed_rules":[],"tiered_pricing_product_settings":{"layout":"default","base_unit_name":{"singular":null,"plural":null},"default_variation":null},"tiered_pricing_minimum_quantity":null,"tiered_pricing_roles_data":[],"tiered_pricing_percentage_rules":[],"_links":{"self":[{"href":"https:\/\/www.meine-ernte.de\/shop\/wp-json\/wp\/v2\/product\/123569","targetHints":{"allow":["GET"]}}],"collection":[{"href":"https:\/\/www.meine-ernte.de\/shop\/wp-json\/wp\/v2\/product"}],"about":[{"href":"https:\/\/www.meine-ernte.de\/shop\/wp-json\/wp\/v2\/types\/product"}],"replies":[{"embeddable":true,"href":"https:\/\/www.meine-ernte.de\/shop\/wp-json\/wp\/v2\/comments?post=123569"}],"wp:featuredmedia":[{"embeddable":true,"href":"https:\/\/www.meine-ernte.de\/shop\/wp-json\/wp\/v2\/media\/123570"}],"wp:attachment":[{"href":"https:\/\/www.meine-ernte.de\/shop\/wp-json\/wp\/v2\/media?parent=123569"}],"wp:term":[{"taxonomy":"product_brand","embeddable":true,"href":"https:\/\/www.meine-ernte.de\/shop\/wp-json\/wp\/v2\/product_brand?post=123569"},{"taxonomy":"product_cat","embeddable":true,"href":"https:\/\/www.meine-ernte.de\/shop\/wp-json\/wp\/v2\/product_cat?post=123569"},{"taxonomy":"product_tag","embeddable":true,"href":"https:\/\/www.meine-ernte.de\/shop\/wp-json\/wp\/v2\/product_tag?post=123569"}],"curies":[{"name":"wp","href":"https:\/\/api.w.org\/{rel}","templated":true}]}}