{"id":111047,"date":"2024-03-14T17:34:14","date_gmt":"2024-03-14T16:34:14","guid":{"rendered":"https:\/\/www.meine-ernte.de\/shop\/?post_type=product&#038;p=111047"},"modified":"2026-04-04T09:56:33","modified_gmt":"2026-04-04T07:56:33","slug":"jungpflanzen-bio-premium-set-snack-gemuese","status":"publish","type":"product","link":"https:\/\/www.meine-ernte.de\/shop\/jungpflanzen-bio-premium-set-snack-gemuese\/","title":{"rendered":"Bio-Premium-Set Snack-Gem\u00fcse"},"content":{"rendered":"\n<p>Dieses Premium-Set ist perfekt f\u00fcr gesunde Naschereien! Freu dich auf saftige Snackgurken, s\u00fc\u00dfe Spitzpaprika, aromatische Erdbeeren, exotische Physalis und zwei fruchtige Cherrytomaten-Sorten. Ob f\u00fcr Balkon, Terrasse oder Garten \u2013 diese Minis kannst du an vielen Orten anbauen, solange sie vorwiegend sonnig sind. Ernte direkt vom Strauch und g\u00f6nn dir frischen, knackigen Snack-Genuss.<\/p>\n<h2>Im Set sind folgende Kulturen enthalten:<\/h2>\n<p>Dieses Set enth\u00e4lt eine Jungpflanze pro Sorte, insgesamt 6 Pflanzen.<\/p>\n<div class=\"row\"  id=\"row-680875720\">\n\n\t<div id=\"col-1864542816\" class=\"col medium-4 small-12 large-4\"  >\n\t\t\t\t<div class=\"col-inner\"  >\n\t\t\t\n\t\t\t\n<h3><strong>Bio Snackgurke \u201ePicolino\u201c veredelt<br \/>\n12 cm Pflanztopf, gest\u00e4bt<\/strong><\/h3>\n<p>Die \u201ePicolino\u201c ist eine knackige Bio-Gurke im Snackformat. Ihre 12 bis 14 cm langen Fr\u00fcchte sind \u00fcberaus saftig und aromatisch \u2013 perfekt zum Naschen und Dekorieren. Die hochwertige Veredelung dieser auch \u201eBalkongurke\u201c genannten Kultur verspricht eine besonders reiche Ernte.<\/p>\n\t\t<\/div>\n\t\t\t\t\t<\/div>\n\n\t\n\n\t<div id=\"col-1052168279\" class=\"col medium-4 small-12 large-4\"  >\n\t\t\t\t<div class=\"col-inner\"  >\n\t\t\t\n\t\t\t\n\n  <div class=\"banner has-hover\" id=\"banner-1009086937\">\n          <div class=\"banner-inner fill\">\n        <div class=\"banner-bg fill\" >\n                                                \n                    <\/div>\n\t\t\n        <div class=\"banner-layers container\">\n            <div class=\"fill banner-link\"><\/div>            \n   <div id=\"text-box-1920901738\" class=\"text-box banner-layer x50 md-x50 lg-x50 y50 md-y50 lg-y50 res-text\">\n                                <div class=\"text-box-content text dark\">\n              \n              <div class=\"text-inner text-center\">\n                  \n\t<div id=\"text-1837908612\" class=\"text\">\n\t\t\n<p><strong>Farbe<\/strong>: gr\u00fcn<\/p>\n<p><strong>Standort<\/strong>: sonnig<\/p>\n<p><strong>Lebensdauer<\/strong>: einj\u00e4hrig<\/p>\n<p><strong>Pflanzzeit<\/strong>: April \u2013 Mai<\/p>\n<p><strong>Erntezeit<\/strong>: Juni-September<\/p>\n<p><strong>Pflanzabstand<\/strong>: 45-100 cm<\/p>\n<p><strong>Wuchsh\u00f6he\/-l\u00e4nge<\/strong>: 150-200 cm<\/p>\n<p><strong>Verpackung:<\/strong> 12-cm-Topf, gest\u00e4bt<\/p>\n<div><\/div>\n\t\t\n<style>\n#text-1837908612 {\n  font-size: 1rem;\n  line-height: 1;\n  text-align: left;\n}\n<\/style>\n\t<\/div>\n\t\n              <\/div>\n           <\/div>\n                            \n<style>\n#text-box-1920901738 {\n  width: 84%;\n}\n#text-box-1920901738 .text-box-content {\n  font-size: 100%;\n}\n<\/style>\n    <\/div>\n \n        <\/div>\n      <\/div>\n\n            \n<style>\n#banner-1009086937 {\n  padding-top: 300px;\n}\n<\/style>\n  <\/div>\n\n\n\t\t<\/div>\n\t\t\t\t\t<\/div>\n\n\t\n\n\t<div id=\"col-1589361850\" class=\"col medium-4 small-12 large-4\"  >\n\t\t\t\t<div class=\"col-inner\"  >\n\t\t\t\n\t\t\t\n\t<div class=\"img has-hover x md-x lg-x y md-y lg-y\" id=\"image_56587196\">\n\t\t\t\t\t\t\t\t<div class=\"img-inner image-cover dark\" style=\"padding-top:100%;\">\n\t\t\t<img decoding=\"async\" width=\"800\" height=\"800\" src=\"https:\/\/www.meine-ernte.de\/shop\/wp-content\/uploads\/Snack-Gurke_Picolino-800x800.jpg\" class=\"attachment-large size-large\" alt=\"\" srcset=\"https:\/\/www.meine-ernte.de\/shop\/wp-content\/uploads\/Snack-Gurke_Picolino-800x800.jpg 800w, https:\/\/www.meine-ernte.de\/shop\/wp-content\/uploads\/Snack-Gurke_Picolino-400x400.jpg 400w, https:\/\/www.meine-ernte.de\/shop\/wp-content\/uploads\/Snack-Gurke_Picolino-280x280.jpg 280w, https:\/\/www.meine-ernte.de\/shop\/wp-content\/uploads\/Snack-Gurke_Picolino-768x768.jpg 768w, https:\/\/www.meine-ernte.de\/shop\/wp-content\/uploads\/Snack-Gurke_Picolino-1536x1536.jpg 1536w, https:\/\/www.meine-ernte.de\/shop\/wp-content\/uploads\/Snack-Gurke_Picolino-2048x2048.jpg 2048w, https:\/\/www.meine-ernte.de\/shop\/wp-content\/uploads\/Snack-Gurke_Picolino-300x300.jpg 300w, https:\/\/www.meine-ernte.de\/shop\/wp-content\/uploads\/Snack-Gurke_Picolino-600x600.jpg 600w, https:\/\/www.meine-ernte.de\/shop\/wp-content\/uploads\/Snack-Gurke_Picolino-100x100.jpg 100w, https:\/\/www.meine-ernte.de\/shop\/wp-content\/uploads\/Snack-Gurke_Picolino-80x80.jpg 80w\" sizes=\"(max-width: 800px) 100vw, 800px\" \/>\t\t\t\t\t\t\n\t\t\t\t\t<\/div>\n\t\t\t\t\t\t\t\t\n<style>\n#image_56587196 {\n  width: 83%;\n}\n<\/style>\n\t<\/div>\n\t\n\t\t<\/div>\n\t\t\t\t\t<\/div>\n\n\t\n<\/div>\n<div class=\"row\"  id=\"row-943866540\">\n\n\t<div id=\"col-968163953\" class=\"col medium-4 small-12 large-4\"  >\n\t\t\t\t<div class=\"col-inner\"  >\n\t\t\t\n\t\t\t\n<h3><strong>Bio Spitzpaprika \u201eAtris\u201c<br \/>\n12 cm Pflanztopf<\/strong><\/h3>\n<p>Die robuste Bio-Paprikapflanze \u201eAtris\u201c gedeiht besonders gut an gesch\u00fctzten, sonnigen Stellen. Ihre glatten, dickwandigen Fr\u00fcchte k\u00f6nnen bis zu 22 cm L\u00e4nge erreichen und wechseln schnell von Gr\u00fcn zu einem leuchtenden Rot. Typisch f\u00fcr diese Sorte sind die l\u00e4nglichen, leicht gebogenen Fr\u00fcchte mit einem milden, aromatischen Geschmack.<\/p>\n\t\t<\/div>\n\t\t\t\t\t<\/div>\n\n\t\n\n\t<div id=\"col-422311027\" class=\"col medium-4 small-12 large-4\"  >\n\t\t\t\t<div class=\"col-inner\"  >\n\t\t\t\n\t\t\t\n\n  <div class=\"banner has-hover\" id=\"banner-41739570\">\n          <div class=\"banner-inner fill\">\n        <div class=\"banner-bg fill\" >\n                                                \n                    <\/div>\n\t\t\n        <div class=\"banner-layers container\">\n            <div class=\"fill banner-link\"><\/div>            \n   <div id=\"text-box-2085774316\" class=\"text-box banner-layer x50 md-x50 lg-x50 y50 md-y50 lg-y50 res-text\">\n                                <div class=\"text-box-content text dark\">\n              \n              <div class=\"text-inner text-center\">\n                  \n\t<div id=\"text-3615353169\" class=\"text\">\n\t\t\n<p><strong>Farbe<\/strong>: rot<\/p>\n<p><strong>Standort<\/strong>: sonnig<\/p>\n<p><strong>Lebensdauer<\/strong>: einj\u00e4hrig<\/p>\n<p><strong>Pflanzzeit<\/strong>: April \u2013 Mai<\/p>\n<p><strong>Erntezeit<\/strong>: August-Oktober<\/p>\n<p><strong>Pflanzabstand<\/strong>: 40\u201350 cm<\/p>\n<p><strong>Wuchsh\u00f6he\/-l\u00e4nge<\/strong>: 60\u201390 cm<\/p>\n<p><strong>Verpackung:<\/strong> 12-cm-Topf<\/p>\n<div><\/div>\n\t\t\n<style>\n#text-3615353169 {\n  font-size: 1rem;\n  line-height: 1;\n  text-align: left;\n}\n<\/style>\n\t<\/div>\n\t\n              <\/div>\n           <\/div>\n                            \n<style>\n#text-box-2085774316 {\n  width: 84%;\n}\n#text-box-2085774316 .text-box-content {\n  font-size: 100%;\n}\n<\/style>\n    <\/div>\n \n        <\/div>\n      <\/div>\n\n            \n<style>\n#banner-41739570 {\n  padding-top: 300px;\n}\n<\/style>\n  <\/div>\n\n\n\t\t<\/div>\n\t\t\t\t\t<\/div>\n\n\t\n\n\t<div id=\"col-225267913\" class=\"col medium-4 small-12 large-4\"  >\n\t\t\t\t<div class=\"col-inner\"  >\n\t\t\t\n\t\t\t\n\t<div class=\"img has-hover x md-x lg-x y md-y lg-y\" id=\"image_1876187552\">\n\t\t\t\t\t\t\t\t<div class=\"img-inner image-cover dark\" style=\"padding-top:100%;\">\n\t\t\t<img decoding=\"async\" width=\"590\" height=\"590\" src=\"https:\/\/www.meine-ernte.de\/shop\/wp-content\/uploads\/Spitzpaprika-Atris-1.jpg\" class=\"attachment-large size-large\" alt=\"\" srcset=\"https:\/\/www.meine-ernte.de\/shop\/wp-content\/uploads\/Spitzpaprika-Atris-1.jpg 590w, https:\/\/www.meine-ernte.de\/shop\/wp-content\/uploads\/Spitzpaprika-Atris-1-400x400.jpg 400w, https:\/\/www.meine-ernte.de\/shop\/wp-content\/uploads\/Spitzpaprika-Atris-1-280x280.jpg 280w, https:\/\/www.meine-ernte.de\/shop\/wp-content\/uploads\/Spitzpaprika-Atris-1-300x300.jpg 300w, https:\/\/www.meine-ernte.de\/shop\/wp-content\/uploads\/Spitzpaprika-Atris-1-100x100.jpg 100w, https:\/\/www.meine-ernte.de\/shop\/wp-content\/uploads\/Spitzpaprika-Atris-1-80x80.jpg 80w\" sizes=\"(max-width: 590px) 100vw, 590px\" \/>\t\t\t\t\t\t\n\t\t\t\t\t<\/div>\n\t\t\t\t\t\t\t\t\n<style>\n#image_1876187552 {\n  width: 83%;\n}\n<\/style>\n\t<\/div>\n\t\n\t\t<\/div>\n\t\t\t\t\t<\/div>\n\n\t\n<\/div>\n<div class=\"row\"  id=\"row-118207673\">\n\n\t<div id=\"col-1221612\" class=\"col medium-4 small-12 large-4\"  >\n\t\t\t\t<div class=\"col-inner\"  >\n\t\t\t\n\t\t\t\n<h3><strong>Bio Erdbeere \u201eKorona\u201c<br \/>\n12 cm Pflanztopf<\/strong><\/h3>\n<p>Unsere Bio-Erdbeere \u00fcberzeugt mit ihrem k\u00f6stlichen Geschmack und beschert dir reichlich hochwertige Fr\u00fcchte. Die gro\u00dfen, gl\u00e4nzenden Beeren sind ideal zum Naschen direkt vom Strauch oder zum Verarbeiten zu Marmelade. Dank ihres aufrechten Wuchses wird auch das Pfl\u00fccken zum Kinderspiel.<\/p>\n\t\t<\/div>\n\t\t\t\t\t<\/div>\n\n\t\n\n\t<div id=\"col-504974557\" class=\"col medium-4 small-12 large-4\"  >\n\t\t\t\t<div class=\"col-inner\"  >\n\t\t\t\n\t\t\t\n\n  <div class=\"banner has-hover\" id=\"banner-1852317640\">\n          <div class=\"banner-inner fill\">\n        <div class=\"banner-bg fill\" >\n                                                \n                    <\/div>\n\t\t\n        <div class=\"banner-layers container\">\n            <div class=\"fill banner-link\"><\/div>            \n   <div id=\"text-box-710938027\" class=\"text-box banner-layer x50 md-x50 lg-x50 y50 md-y50 lg-y50 res-text\">\n                                <div class=\"text-box-content text dark\">\n              \n              <div class=\"text-inner text-center\">\n                  \n\t<div id=\"text-2188584910\" class=\"text\">\n\t\t\n<p><strong>Farbe<\/strong>: rot<\/p>\n<p><strong>Standort<\/strong>: sonnig, halbschattig<\/p>\n<p><strong>Lebensdauer<\/strong>: mehrj\u00e4hrig<\/p>\n<p><strong>Pflanzzeit<\/strong>: April \u2013 Mai<\/p>\n<p><strong>Erntezeit<\/strong>: Juni-August<\/p>\n<p><strong>Pflanzabstand<\/strong>: 20-30 cm<\/p>\n<p><strong>Wuchsh\u00f6he\/-l\u00e4nge<\/strong>: 30-40 cm<\/p>\n<p><strong>Verpackung:<\/strong> 12-cm-Topf<\/p>\n<div><\/div>\n\t\t\n<style>\n#text-2188584910 {\n  font-size: 1rem;\n  line-height: 1;\n  text-align: left;\n}\n<\/style>\n\t<\/div>\n\t\n              <\/div>\n           <\/div>\n                            \n<style>\n#text-box-710938027 {\n  width: 84%;\n}\n#text-box-710938027 .text-box-content {\n  font-size: 100%;\n}\n<\/style>\n    <\/div>\n \n        <\/div>\n      <\/div>\n\n            \n<style>\n#banner-1852317640 {\n  padding-top: 300px;\n}\n<\/style>\n  <\/div>\n\n\n\t\t<\/div>\n\t\t\t\t\t<\/div>\n\n\t\n\n\t<div id=\"col-279611994\" class=\"col medium-4 small-12 large-4\"  >\n\t\t\t\t<div class=\"col-inner\"  >\n\t\t\t\n\t\t\t\n\t<div class=\"img has-hover x md-x lg-x y md-y lg-y\" id=\"image_150429518\">\n\t\t\t\t\t\t\t\t<div class=\"img-inner image-cover dark\" style=\"padding-top:100%;\">\n\t\t\t<img decoding=\"async\" width=\"590\" height=\"590\" src=\"https:\/\/www.meine-ernte.de\/shop\/wp-content\/uploads\/Erdbeere-Korona-Bio.jpg\" class=\"attachment-large size-large\" alt=\"\" srcset=\"https:\/\/www.meine-ernte.de\/shop\/wp-content\/uploads\/Erdbeere-Korona-Bio.jpg 590w, https:\/\/www.meine-ernte.de\/shop\/wp-content\/uploads\/Erdbeere-Korona-Bio-400x400.jpg 400w, https:\/\/www.meine-ernte.de\/shop\/wp-content\/uploads\/Erdbeere-Korona-Bio-280x280.jpg 280w, https:\/\/www.meine-ernte.de\/shop\/wp-content\/uploads\/Erdbeere-Korona-Bio-300x300.jpg 300w, https:\/\/www.meine-ernte.de\/shop\/wp-content\/uploads\/Erdbeere-Korona-Bio-100x100.jpg 100w, https:\/\/www.meine-ernte.de\/shop\/wp-content\/uploads\/Erdbeere-Korona-Bio-80x80.jpg 80w\" sizes=\"(max-width: 590px) 100vw, 590px\" \/>\t\t\t\t\t\t\n\t\t\t\t\t<\/div>\n\t\t\t\t\t\t\t\t\n<style>\n#image_150429518 {\n  width: 83%;\n}\n<\/style>\n\t<\/div>\n\t\n\t\t<\/div>\n\t\t\t\t\t<\/div>\n\n\t\n<\/div>\n<div class=\"row\"  id=\"row-736805023\">\n\n\t<div id=\"col-1510976839\" class=\"col medium-4 small-12 large-4\"  >\n\t\t\t\t<div class=\"col-inner\"  >\n\t\t\t\n\t\t\t\n<h3><strong>Bio Physalis \u201eAndenbeere\u201c<br \/>\n12 cm Pflanztopf<\/strong><\/h3>\n<p>Unsere Bio-Physalis, auch Andenbeere genannt, hat einen\u00a0s\u00fc\u00dflich herben Geschmack. Die Fr\u00fcchte sind reich an Provitamin A, Vitamin B und Vitamin C und wachsen in Lampions \u00e4hnlichen H\u00fcllen.\u00a0Sie k\u00f6nnen zum Beispiel im M\u00fcsli, als Kuchenbeilage oder auch in Desserts verwendet werden.<\/p>\n\t\t<\/div>\n\t\t\t\t\t<\/div>\n\n\t\n\n\t<div id=\"col-2129822347\" class=\"col medium-4 small-12 large-4\"  >\n\t\t\t\t<div class=\"col-inner\"  >\n\t\t\t\n\t\t\t\n\n  <div class=\"banner has-hover\" id=\"banner-464415602\">\n          <div class=\"banner-inner fill\">\n        <div class=\"banner-bg fill\" >\n                                                \n                    <\/div>\n\t\t\n        <div class=\"banner-layers container\">\n            <div class=\"fill banner-link\"><\/div>            \n   <div id=\"text-box-2026189164\" class=\"text-box banner-layer x50 md-x50 lg-x50 y50 md-y50 lg-y50 res-text\">\n                                <div class=\"text-box-content text dark\">\n              \n              <div class=\"text-inner text-center\">\n                  \n\t<div id=\"text-555884052\" class=\"text\">\n\t\t\n<p><strong>Farbe<\/strong>: orange<\/p>\n<p><strong>Standort<\/strong>: sonnig, hlalbschattig<\/p>\n<p><strong>Lebensdauer<\/strong>: mehrj\u00e4hrig<\/p>\n<p><strong>Pflanzzeit<\/strong>: April \u2013 Juli<\/p>\n<p><strong>Erntezeit<\/strong>: Juli-Oktober<\/p>\n<p><strong>Pflanzabstand<\/strong>: 40\u201350 cm<\/p>\n<p><strong>Wuchsh\u00f6he\/-l\u00e4nge<\/strong>: 150-200 cm<\/p>\n<p><strong>Verpackung:<\/strong> 12-cm-Topf<\/p>\n<div><\/div>\n\t\t\n<style>\n#text-555884052 {\n  font-size: 1rem;\n  line-height: 1;\n  text-align: left;\n}\n<\/style>\n\t<\/div>\n\t\n              <\/div>\n           <\/div>\n                            \n<style>\n#text-box-2026189164 {\n  width: 84%;\n}\n#text-box-2026189164 .text-box-content {\n  font-size: 100%;\n}\n<\/style>\n    <\/div>\n \n        <\/div>\n      <\/div>\n\n            \n<style>\n#banner-464415602 {\n  padding-top: 300px;\n}\n<\/style>\n  <\/div>\n\n\n\t\t<\/div>\n\t\t\t\t\t<\/div>\n\n\t\n\n\t<div id=\"col-1817521686\" class=\"col medium-4 small-12 large-4\"  >\n\t\t\t\t<div class=\"col-inner\"  >\n\t\t\t\n\t\t\t\n\t<div class=\"img has-hover x md-x lg-x y md-y lg-y\" id=\"image_2054584832\">\n\t\t\t\t\t\t\t\t<div class=\"img-inner image-cover dark\" style=\"padding-top:100%;\">\n\t\t\t<img decoding=\"async\" width=\"590\" height=\"590\" src=\"https:\/\/www.meine-ernte.de\/shop\/wp-content\/uploads\/Andenbeere-Physalis-Schoenbrunner-Gold.jpg\" class=\"attachment-large size-large\" alt=\"\" srcset=\"https:\/\/www.meine-ernte.de\/shop\/wp-content\/uploads\/Andenbeere-Physalis-Schoenbrunner-Gold.jpg 590w, https:\/\/www.meine-ernte.de\/shop\/wp-content\/uploads\/Andenbeere-Physalis-Schoenbrunner-Gold-400x400.jpg 400w, https:\/\/www.meine-ernte.de\/shop\/wp-content\/uploads\/Andenbeere-Physalis-Schoenbrunner-Gold-280x280.jpg 280w, https:\/\/www.meine-ernte.de\/shop\/wp-content\/uploads\/Andenbeere-Physalis-Schoenbrunner-Gold-300x300.jpg 300w, https:\/\/www.meine-ernte.de\/shop\/wp-content\/uploads\/Andenbeere-Physalis-Schoenbrunner-Gold-100x100.jpg 100w, https:\/\/www.meine-ernte.de\/shop\/wp-content\/uploads\/Andenbeere-Physalis-Schoenbrunner-Gold-80x80.jpg 80w\" sizes=\"(max-width: 590px) 100vw, 590px\" \/>\t\t\t\t\t\t\n\t\t\t\t\t<\/div>\n\t\t\t\t\t\t\t\t\n<style>\n#image_2054584832 {\n  width: 83%;\n}\n<\/style>\n\t<\/div>\n\t\n\t\t<\/div>\n\t\t\t\t\t<\/div>\n\n\t\n<\/div>\n<div class=\"row\"  id=\"row-1939554544\">\n\n\t<div id=\"col-636608348\" class=\"col medium-4 small-12 large-4\"  >\n\t\t\t\t<div class=\"col-inner\"  >\n\t\t\t\n\t\t\t\n<h3><strong>Bio Tomate Cherry \u201eTrixi\u201c veredelt<br \/>\n12-cm-Topf, gest\u00e4bt<\/strong><\/h3>\n<p>Diese recht junge Cherrytomatensorte ist robust und durch die Veredelung besonders widerstandsf\u00e4hig gegen Krankheiten. Ihre aromatischen Fr\u00fcchte\u00a0\u00fcberzeugen mit purem Tomatengeschmack, ihre S\u00fc\u00dfe und ihre Gr\u00f6\u00dfe machen diese Bio-Tomate auch f\u00fcr Kinder ideal.<\/p>\n\t\t<\/div>\n\t\t\t\t\t<\/div>\n\n\t\n\n\t<div id=\"col-1530213111\" class=\"col medium-4 small-12 large-4\"  >\n\t\t\t\t<div class=\"col-inner\"  >\n\t\t\t\n\t\t\t\n\n  <div class=\"banner has-hover\" id=\"banner-80875636\">\n          <div class=\"banner-inner fill\">\n        <div class=\"banner-bg fill\" >\n                                                \n                    <\/div>\n\t\t\n        <div class=\"banner-layers container\">\n            <div class=\"fill banner-link\"><\/div>            \n   <div id=\"text-box-142419941\" class=\"text-box banner-layer x50 md-x50 lg-x50 y50 md-y50 lg-y50 res-text\">\n                                <div class=\"text-box-content text dark\">\n              \n              <div class=\"text-inner text-center\">\n                  \n\t<div id=\"text-3255599339\" class=\"text\">\n\t\t\n<p><strong>Farbe<\/strong>: rot<\/p>\n<p><strong>Standort<\/strong>: sonnig<\/p>\n<p><strong>Lebensdauer<\/strong>: einj\u00e4hrig<\/p>\n<p><strong>Pflanzzeit<\/strong>: April \u2013 Mai<\/p>\n<p><strong>Erntezeit<\/strong>: Juli-Oktober<\/p>\n<p><strong>Pflanzabstand<\/strong>: 50-80 cm<\/p>\n<p><strong>Wuchsh\u00f6he\/-l\u00e4nge<\/strong>: 150-200 cm<\/p>\n<p><strong>Verpackung:<\/strong> 12-cm-Topf, gest\u00e4bt<\/p>\n<div><\/div>\n\t\t\n<style>\n#text-3255599339 {\n  font-size: 1rem;\n  line-height: 1;\n  text-align: left;\n}\n<\/style>\n\t<\/div>\n\t\n              <\/div>\n           <\/div>\n                            \n<style>\n#text-box-142419941 {\n  width: 84%;\n}\n#text-box-142419941 .text-box-content {\n  font-size: 100%;\n}\n<\/style>\n    <\/div>\n \n        <\/div>\n      <\/div>\n\n            \n<style>\n#banner-80875636 {\n  padding-top: 300px;\n}\n<\/style>\n  <\/div>\n\n\n\t\t<\/div>\n\t\t\t\t\t<\/div>\n\n\t\n\n\t<div id=\"col-2058134726\" class=\"col medium-4 small-12 large-4\"  >\n\t\t\t\t<div class=\"col-inner\"  >\n\t\t\t\n\t\t\t\n\t<div class=\"img has-hover x md-x lg-x y md-y lg-y\" id=\"image_1922427553\">\n\t\t\t\t\t\t\t\t<div class=\"img-inner image-cover dark\" style=\"padding-top:100%;\">\n\t\t\t<img decoding=\"async\" width=\"590\" height=\"590\" src=\"https:\/\/www.meine-ernte.de\/shop\/wp-content\/uploads\/Tomate-Cherry-veredelt-Trixi-2.jpg\" class=\"attachment-large size-large\" alt=\"\" srcset=\"https:\/\/www.meine-ernte.de\/shop\/wp-content\/uploads\/Tomate-Cherry-veredelt-Trixi-2.jpg 590w, https:\/\/www.meine-ernte.de\/shop\/wp-content\/uploads\/Tomate-Cherry-veredelt-Trixi-2-400x400.jpg 400w, https:\/\/www.meine-ernte.de\/shop\/wp-content\/uploads\/Tomate-Cherry-veredelt-Trixi-2-280x280.jpg 280w, https:\/\/www.meine-ernte.de\/shop\/wp-content\/uploads\/Tomate-Cherry-veredelt-Trixi-2-300x300.jpg 300w, https:\/\/www.meine-ernte.de\/shop\/wp-content\/uploads\/Tomate-Cherry-veredelt-Trixi-2-100x100.jpg 100w, https:\/\/www.meine-ernte.de\/shop\/wp-content\/uploads\/Tomate-Cherry-veredelt-Trixi-2-80x80.jpg 80w\" sizes=\"(max-width: 590px) 100vw, 590px\" \/>\t\t\t\t\t\t\n\t\t\t\t\t<\/div>\n\t\t\t\t\t\t\t\t\n<style>\n#image_1922427553 {\n  width: 83%;\n}\n<\/style>\n\t<\/div>\n\t\n\t\t<\/div>\n\t\t\t\t\t<\/div>\n\n\t\n<\/div>\n<div class=\"row\"  id=\"row-1626119376\">\n\n\t<div id=\"col-1614156609\" class=\"col medium-4 small-12 large-4\"  >\n\t\t\t\t<div class=\"col-inner\"  >\n\t\t\t\n\t\t\t\n<h3><strong>Bio Pflaumen-Cherrytomaten \u201eBolstar\u201c<\/strong><br \/>\n<strong>7&#215;7-cm-Erdpresstopf<\/strong><\/h3>\n<p>Diese zu den Cherrytomaten z\u00e4hlende\u00a0Mini-Pflaumentomate begeistert mit ihren leuchtend roten, l\u00e4nglichen und kirschgro\u00dfen Fr\u00fcchten. Die w\u00fcchsige und ertragreiche Bio-Tomatenpflanze bringt leckere Fr\u00fcchte mit s\u00fc\u00dfem, angenehm fruchtigem Geschmack hervor, perfekt f\u00fcr Saucen, Bruschetta und Salate. Auch roh als Snack k\u00f6stlich.<\/p>\n\t\t<\/div>\n\t\t\t\t\t<\/div>\n\n\t\n\n\t<div id=\"col-1681928046\" class=\"col medium-4 small-12 large-4\"  >\n\t\t\t\t<div class=\"col-inner\"  >\n\t\t\t\n\t\t\t\n\n  <div class=\"banner has-hover\" id=\"banner-2067473396\">\n          <div class=\"banner-inner fill\">\n        <div class=\"banner-bg fill\" >\n                                                \n                    <\/div>\n\t\t\n        <div class=\"banner-layers container\">\n            <div class=\"fill banner-link\"><\/div>            \n   <div id=\"text-box-1145576041\" class=\"text-box banner-layer x50 md-x50 lg-x50 y50 md-y50 lg-y50 res-text\">\n                                <div class=\"text-box-content text dark\">\n              \n              <div class=\"text-inner text-center\">\n                  \n\t<div id=\"text-3746144368\" class=\"text\">\n\t\t\n<p><strong>Farbe<\/strong>: rot<\/p>\n<p><strong>Standort<\/strong>: sonnig<\/p>\n<p><strong>Lebensdauer<\/strong>: einj\u00e4hrig<\/p>\n<p><strong>Pflanzzeit<\/strong>: April \u2013 Mai<\/p>\n<p><strong>Erntezeit<\/strong>: Juli-Oktober<\/p>\n<p><strong>Pflanzabstand<\/strong>: 50-80 cm<\/p>\n<p><strong>Wuchsh\u00f6he\/-l\u00e4nge<\/strong>: 150-200 cm<\/p>\n<p><strong>Verpackung:<\/strong> 7&#215;7-cm-Erdpresstopf<\/p>\n<div><\/div>\n\t\t\n<style>\n#text-3746144368 {\n  font-size: 1rem;\n  line-height: 1;\n  text-align: left;\n}\n<\/style>\n\t<\/div>\n\t\n              <\/div>\n           <\/div>\n                            \n<style>\n#text-box-1145576041 {\n  width: 84%;\n}\n#text-box-1145576041 .text-box-content {\n  font-size: 100%;\n}\n<\/style>\n    <\/div>\n \n        <\/div>\n      <\/div>\n\n            \n<style>\n#banner-2067473396 {\n  padding-top: 300px;\n}\n<\/style>\n  <\/div>\n\n\n\t\t<\/div>\n\t\t\t\t\t<\/div>\n\n\t\n\n\t<div id=\"col-157810581\" class=\"col medium-4 small-12 large-4\"  >\n\t\t\t\t<div class=\"col-inner\"  >\n\t\t\t\n\t\t\t\n\t<div class=\"img has-hover x md-x lg-x y md-y lg-y\" id=\"image_172549724\">\n\t\t\t\t\t\t\t\t<div class=\"img-inner image-cover dark\" style=\"padding-top:100%;\">\n\t\t\t<img decoding=\"async\" width=\"800\" height=\"800\" src=\"https:\/\/www.meine-ernte.de\/shop\/wp-content\/uploads\/Cherrytomate_Bolstar-800x800.jpg\" class=\"attachment-large size-large\" alt=\"\" srcset=\"https:\/\/www.meine-ernte.de\/shop\/wp-content\/uploads\/Cherrytomate_Bolstar-800x800.jpg 800w, https:\/\/www.meine-ernte.de\/shop\/wp-content\/uploads\/Cherrytomate_Bolstar-400x400.jpg 400w, https:\/\/www.meine-ernte.de\/shop\/wp-content\/uploads\/Cherrytomate_Bolstar-280x280.jpg 280w, https:\/\/www.meine-ernte.de\/shop\/wp-content\/uploads\/Cherrytomate_Bolstar-768x768.jpg 768w, https:\/\/www.meine-ernte.de\/shop\/wp-content\/uploads\/Cherrytomate_Bolstar-300x300.jpg 300w, https:\/\/www.meine-ernte.de\/shop\/wp-content\/uploads\/Cherrytomate_Bolstar-600x600.jpg 600w, https:\/\/www.meine-ernte.de\/shop\/wp-content\/uploads\/Cherrytomate_Bolstar-100x100.jpg 100w, https:\/\/www.meine-ernte.de\/shop\/wp-content\/uploads\/Cherrytomate_Bolstar-80x80.jpg 80w, https:\/\/www.meine-ernte.de\/shop\/wp-content\/uploads\/Cherrytomate_Bolstar.jpg 862w\" sizes=\"(max-width: 800px) 100vw, 800px\" \/>\t\t\t\t\t\t\n\t\t\t\t\t<\/div>\n\t\t\t\t\t\t\t\t\n<style>\n#image_172549724 {\n  width: 83%;\n}\n<\/style>\n\t<\/div>\n\t\n\t\t<\/div>\n\t\t\t\t\t<\/div>\n\n\t\n<\/div>\n<p>Das Verpackungsmaterial deiner Jungpflanzen besteht zu 100% aus Recycling-Kunststoff und h\u00e4lt die Wurzeln auf dem Weg zu dir feucht. Mit deinem Set erh\u00e4ltst du zus\u00e4tzlich hilfreiche Pflegehinweise.<\/p>\n<p>\u00dcbrigens: Keine Sorge, wenn die Jungpflanzen bei der Ankunft die Bl\u00e4tter ein wenig h\u00e4ngen lassen. Eingesetzt und gut gew\u00e4ssert stehen sie bald wieder in voller Pracht. Und damit die Chancen besonders gutstehen, dass du deine Jungpflanzen direkt entgegennehmen kannst, <strong>versenden wir<\/strong> deine Sets <strong>standardm\u00e4\u00dfig am Donnerstag<\/strong>. So treffen sie in der Regel zum Wochenende bei dir ein. Bitte beachte, dass wir deine Bestellung immer bis sp\u00e4testens Dienstag um 12 Uhr erhalten m\u00fcssen, damit wir sie am darauffolgenden Mittwoch einpacken und am Donnerstag versenden k\u00f6nnen.<\/p>\n","protected":false},"excerpt":{"rendered":"<ul>\n<li>Sechs pflegeleichte und wuchsfreudig Pflanzen, zwei Sorten veredelt<\/li>\n<li>Snackgurke, Spitzpaprika, Erdbeere, Physalis und 2 Sorten Cherrytomate<\/li>\n<li>Perfekt zum direkten Naschen nach der Ernte<\/li>\n<li>Bio-Qualit\u00e4t aus deutscher Landwirtschaft<\/li>\n<li>Versand immer donnerstags (bei Bestelleingang bis 12 Uhr am vorherigen Dienstag)<\/li>\n<\/ul>\n<p><img decoding=\"async\" src=\"https:\/\/www.meine-ernte.de\/shop\/wp-content\/uploads\/EU-Bio-Siegel-Shop-600x600-px.jpg\" width=\"150px\" \/><br \/>\nDE-\u00d6KO-005<br \/>\nDeutsche Landwirtschaft<\/p>\n<h4><\/h4>\n","protected":false},"featured_media":123972,"comment_status":"open","ping_status":"closed","template":"","meta":{"_acf_changed":false},"product_brand":[],"product_cat":[748,668,72],"product_tag":[],"class_list":{"0":"post-111047","1":"product","2":"type-product","3":"status-publish","4":"has-post-thumbnail","6":"product_cat-bio-jungpflanzen","7":"product_cat-meine-ernte-produkte","8":"product_cat-saatgut-und-pflanzen","9":"product_shipping_class-wunderlich-2","11":"first","12":"instock","13":"taxable","14":"shipping-taxable","15":"purchasable","16":"product-type-simple"},"acf":[],"tiered_pricing_type":"fixed","tiered_pricing_fixed_rules":[],"tiered_pricing_product_settings":{"layout":"default","base_unit_name":{"singular":null,"plural":null},"default_variation":null},"tiered_pricing_minimum_quantity":null,"tiered_pricing_roles_data":[],"tiered_pricing_percentage_rules":[],"_links":{"self":[{"href":"https:\/\/www.meine-ernte.de\/shop\/wp-json\/wp\/v2\/product\/111047","targetHints":{"allow":["GET"]}}],"collection":[{"href":"https:\/\/www.meine-ernte.de\/shop\/wp-json\/wp\/v2\/product"}],"about":[{"href":"https:\/\/www.meine-ernte.de\/shop\/wp-json\/wp\/v2\/types\/product"}],"replies":[{"embeddable":true,"href":"https:\/\/www.meine-ernte.de\/shop\/wp-json\/wp\/v2\/comments?post=111047"}],"wp:featuredmedia":[{"embeddable":true,"href":"https:\/\/www.meine-ernte.de\/shop\/wp-json\/wp\/v2\/media\/123972"}],"wp:attachment":[{"href":"https:\/\/www.meine-ernte.de\/shop\/wp-json\/wp\/v2\/media?parent=111047"}],"wp:term":[{"taxonomy":"product_brand","embeddable":true,"href":"https:\/\/www.meine-ernte.de\/shop\/wp-json\/wp\/v2\/product_brand?post=111047"},{"taxonomy":"product_cat","embeddable":true,"href":"https:\/\/www.meine-ernte.de\/shop\/wp-json\/wp\/v2\/product_cat?post=111047"},{"taxonomy":"product_tag","embeddable":true,"href":"https:\/\/www.meine-ernte.de\/shop\/wp-json\/wp\/v2\/product_tag?post=111047"}],"curies":[{"name":"wp","href":"https:\/\/api.w.org\/{rel}","templated":true}]}}