{"id":111002,"date":"2024-03-13T15:50:44","date_gmt":"2024-03-13T14:50:44","guid":{"rendered":"https:\/\/www.meine-ernte.de\/shop\/?post_type=product&#038;p=111002"},"modified":"2026-04-28T19:36:17","modified_gmt":"2026-04-28T17:36:17","slug":"jungpflanzen-bio-10er-set-herbstgemuese-i","status":"publish","type":"product","link":"https:\/\/www.meine-ernte.de\/shop\/jungpflanzen-bio-10er-set-herbstgemuese-i\/","title":{"rendered":"Bio-10er-Set Herbstgem\u00fcse I"},"content":{"rendered":"<p>Mit unserem Jungpflanzen-Set \u201eHerbstgem\u00fcse I\u201c gelingt dir die perfekte Herbsternte! Gr\u00fcnkohl ist ein echtes Superfood, das mit seinen krausen Bl\u00e4ttern nicht nur dekorativ aussieht, sondern auch reich an Vitamin C und K ist \u2013 ideal f\u00fcr deftige Eint\u00f6pfe oder als knusprige Chips. Der Kohlrabi \u201eSuperschmelz\u201c liefert dir zarte, knackige Knollen, die sich roh als Snack oder gekocht vielseitig einsetzen lassen. Blumenkohl \u201eFlamenco\u201c bildet feste, wei\u00dfe K\u00f6pfe, die mild im Geschmack sind und in Suppen, Aufl\u00e4ufen oder als Gem\u00fcsebeilage begeistern. Der zarte Spitzkohl mit seinem lockeren Wuchs eignet sich perfekt f\u00fcr Salate oder geschmort als Beilage. Palmkohl, auch als italienischer Gr\u00fcnkohl bekannt, beeindruckt mit seinen tiefgr\u00fcnen, l\u00e4nglichen Bl\u00e4ttern und bringt Abwechslung in herzhafte Herbstgerichte. Genie\u00dfe die Vielfalt und ernte im Herbst frisches, vitaminreiches Gem\u00fcse direkt aus deinem Garten oder dem Hochbeet!<\/p>\n<h2>Im Set sind folgende Kulturen enthalten:<\/h2>\n<p><strong>Dieses Set enth\u00e4lt zwei Jungpflanze pro Kultur, insgesamt 10 Pflanzen.<\/strong><\/p>\n<div class=\"row\"  id=\"row-1907542630\">\n\n\t<div id=\"col-56376776\" class=\"col medium-4 small-12 large-4\"  >\n\t\t\t\t<div class=\"col-inner\"  >\n\t\t\t\n\t\t\t\n<h3><strong>2x Bio Gr\u00fcnkohl \u201eWinterbor\u201c<br \/>\n3,8 cm Erdpresstopf<\/strong><\/h3>\n<p>Gr\u00fcnkohl gilt l\u00e4ngst nicht mehr nur in den USA sondern auch bei uns als Superfood, denn die Pflanze hat sehr viele Vitamine und schmeckt in Smoothies genauso gut wie zu Kartoffeln oder\u00a0gebacken als Gr\u00fcnkohl Chips. Die Sorte Winterbor hat eine sch\u00f6ne tief dunkelgr\u00fcne Blattf\u00e4rbung, ist fein gekraust und hat einen stabilen Stand.<\/p>\n\t\t<\/div>\n\t\t\t\t\t<\/div>\n\n\t\n\n\t<div id=\"col-516905700\" class=\"col medium-4 small-12 large-4\"  >\n\t\t\t\t<div class=\"col-inner\"  >\n\t\t\t\n\t\t\t\n\n  <div class=\"banner has-hover\" id=\"banner-1473758921\">\n          <div class=\"banner-inner fill\">\n        <div class=\"banner-bg fill\" >\n                                                \n                    <\/div>\n\t\t\n        <div class=\"banner-layers container\">\n            <div class=\"fill banner-link\"><\/div>            \n   <div id=\"text-box-766187398\" class=\"text-box banner-layer x50 md-x50 lg-x50 y50 md-y50 lg-y50 res-text\">\n                                <div class=\"text-box-content text dark\">\n              \n              <div class=\"text-inner text-center\">\n                  \n\t<div id=\"text-2822048315\" class=\"text\">\n\t\t\n<p><strong>Farbe<\/strong>: gr\u00fcn<\/p>\n<p><strong>Standort<\/strong>: sonnig\/halbschattig<\/p>\n<p><strong>Lebensdauer<\/strong>: einj\u00e4hrig<\/p>\n<p><strong>Pflanzzeit<\/strong>: Mitte M\u00e4rz-Juli<\/p>\n<p><strong>Erntezeit<\/strong>: Juli-M\u00e4rz<\/p>\n<p><strong>Pflanzabstand<\/strong>: 50-60 cm<\/p>\n<p><strong>Wuchsh\u00f6he\/-l\u00e4nge<\/strong>: 40-60 cm<\/p>\n<p><strong>Verpackung:<\/strong> 3,8 x 3,8-cm-Erdpresstopf<\/p>\n<div><\/div>\n\t\t\n<style>\n#text-2822048315 {\n  font-size: 1rem;\n  line-height: 1;\n  text-align: left;\n}\n<\/style>\n\t<\/div>\n\t\n              <\/div>\n           <\/div>\n                            \n<style>\n#text-box-766187398 {\n  width: 84%;\n}\n#text-box-766187398 .text-box-content {\n  font-size: 100%;\n}\n<\/style>\n    <\/div>\n \n        <\/div>\n      <\/div>\n\n            \n<style>\n#banner-1473758921 {\n  padding-top: 300px;\n}\n<\/style>\n  <\/div>\n\n\n\t\t<\/div>\n\t\t\t\t\t<\/div>\n\n\t\n\n\t<div id=\"col-1372391750\" class=\"col medium-4 small-12 large-4\"  >\n\t\t\t\t<div class=\"col-inner\"  >\n\t\t\t\n\t\t\t\n\t<div class=\"img has-hover x md-x lg-x y md-y lg-y\" id=\"image_2100418915\">\n\t\t\t\t\t\t\t\t<div class=\"img-inner image-cover dark\" style=\"padding-top:100%;\">\n\t\t\t<img decoding=\"async\" width=\"590\" height=\"590\" src=\"https:\/\/www.meine-ernte.de\/shop\/wp-content\/uploads\/Gruenkohl-Winterbor.jpg\" class=\"attachment-large size-large\" alt=\"\" srcset=\"https:\/\/www.meine-ernte.de\/shop\/wp-content\/uploads\/Gruenkohl-Winterbor.jpg 590w, https:\/\/www.meine-ernte.de\/shop\/wp-content\/uploads\/Gruenkohl-Winterbor-400x400.jpg 400w, https:\/\/www.meine-ernte.de\/shop\/wp-content\/uploads\/Gruenkohl-Winterbor-280x280.jpg 280w, https:\/\/www.meine-ernte.de\/shop\/wp-content\/uploads\/Gruenkohl-Winterbor-300x300.jpg 300w, https:\/\/www.meine-ernte.de\/shop\/wp-content\/uploads\/Gruenkohl-Winterbor-100x100.jpg 100w, https:\/\/www.meine-ernte.de\/shop\/wp-content\/uploads\/Gruenkohl-Winterbor-80x80.jpg 80w\" sizes=\"(max-width: 590px) 100vw, 590px\" \/>\t\t\t\t\t\t\n\t\t\t\t\t<\/div>\n\t\t\t\t\t\t\t\t\n<style>\n#image_2100418915 {\n  width: 83%;\n}\n<\/style>\n\t<\/div>\n\t\n\t\t<\/div>\n\t\t\t\t\t<\/div>\n\n\t\n<\/div>\n<div class=\"row\"  id=\"row-1754694815\">\n\n\t<div id=\"col-1277457998\" class=\"col medium-4 small-12 large-4\"  >\n\t\t\t\t<div class=\"col-inner\"  >\n\t\t\t\n\t\t\t\n<h3><strong>2x Bio Kohlrabi \u201eSuperschmelz\u201c<br \/>\n3,8 cm Erdpresstopf<\/strong><\/h3>\n<p>Der Kohlrabi \u201eSuperschmelz\u201c ist eine schossfeste, besonders zarte Sorte mit wei\u00dfer bis hellgr\u00fcner Farbe. Er sollte geerntet werden, wenn die Knollen einen Durchmesser von etwa 20 cm erreicht haben. Diese Sorte ist speziell daf\u00fcr gez\u00fcchtet, besonders gro\u00df zu werden, ohne holzig oder fasrig zu werden und ist zudem sehr gut lagerf\u00e4hig. Und auch die Bl\u00e4tter der Kohlrabi k\u00f6nnen gekocht oder roh gegessen werden!<\/p>\n\t\t<\/div>\n\t\t\t\t\t<\/div>\n\n\t\n\n\t<div id=\"col-229964714\" class=\"col medium-4 small-12 large-4\"  >\n\t\t\t\t<div class=\"col-inner\"  >\n\t\t\t\n\t\t\t\n\n  <div class=\"banner has-hover\" id=\"banner-295277384\">\n          <div class=\"banner-inner fill\">\n        <div class=\"banner-bg fill\" >\n                                                \n                    <\/div>\n\t\t\n        <div class=\"banner-layers container\">\n            <div class=\"fill banner-link\"><\/div>            \n   <div id=\"text-box-139386261\" class=\"text-box banner-layer x50 md-x50 lg-x50 y50 md-y50 lg-y50 res-text\">\n                                <div class=\"text-box-content text dark\">\n              \n              <div class=\"text-inner text-center\">\n                  \n\t<div id=\"text-971538747\" class=\"text\">\n\t\t\n<p><strong>Farbe<\/strong>: gr\u00fcn, wei\u00df<\/p>\n<p><strong>Standort<\/strong>: sonnig\/halbschattig<\/p>\n<p><strong>Lebensdauer<\/strong>: einj\u00e4hrig<\/p>\n<p><strong>Pflanzzeit<\/strong>: Mitte M\u00e4rz-Juli<\/p>\n<p><strong>Erntezeit<\/strong>: Juni-Oktober<\/p>\n<p><strong>Pflanzabstand<\/strong>: 40\u201350 cm<\/p>\n<p><strong>Wuchsh\u00f6he\/-l\u00e4nge<\/strong>: 30-40 cm<\/p>\n<p><strong>Verpackung:<\/strong> 3,8 x 3,8-cm-Erdpresstopf<\/p>\n<div><\/div>\n\t\t\n<style>\n#text-971538747 {\n  font-size: 1rem;\n  line-height: 1;\n  text-align: left;\n}\n<\/style>\n\t<\/div>\n\t\n              <\/div>\n           <\/div>\n                            \n<style>\n#text-box-139386261 {\n  width: 84%;\n}\n#text-box-139386261 .text-box-content {\n  font-size: 100%;\n}\n<\/style>\n    <\/div>\n \n        <\/div>\n      <\/div>\n\n            \n<style>\n#banner-295277384 {\n  padding-top: 300px;\n}\n<\/style>\n  <\/div>\n\n\n\t\t<\/div>\n\t\t\t\t\t<\/div>\n\n\t\n\n\t<div id=\"col-250449993\" class=\"col medium-4 small-12 large-4\"  >\n\t\t\t\t<div class=\"col-inner\"  >\n\t\t\t\n\t\t\t\n\t<div class=\"img has-hover x md-x lg-x y md-y lg-y\" id=\"image_319556102\">\n\t\t\t\t\t\t\t\t<div class=\"img-inner image-cover dark\" style=\"padding-top:100%;\">\n\t\t\t<img decoding=\"async\" width=\"590\" height=\"590\" src=\"https:\/\/www.meine-ernte.de\/shop\/wp-content\/uploads\/Kohlrabi-Superschmelz-1.jpg\" class=\"attachment-large size-large\" alt=\"\" srcset=\"https:\/\/www.meine-ernte.de\/shop\/wp-content\/uploads\/Kohlrabi-Superschmelz-1.jpg 590w, https:\/\/www.meine-ernte.de\/shop\/wp-content\/uploads\/Kohlrabi-Superschmelz-1-400x400.jpg 400w, https:\/\/www.meine-ernte.de\/shop\/wp-content\/uploads\/Kohlrabi-Superschmelz-1-280x280.jpg 280w, https:\/\/www.meine-ernte.de\/shop\/wp-content\/uploads\/Kohlrabi-Superschmelz-1-300x300.jpg 300w, https:\/\/www.meine-ernte.de\/shop\/wp-content\/uploads\/Kohlrabi-Superschmelz-1-100x100.jpg 100w, https:\/\/www.meine-ernte.de\/shop\/wp-content\/uploads\/Kohlrabi-Superschmelz-1-80x80.jpg 80w\" sizes=\"(max-width: 590px) 100vw, 590px\" \/>\t\t\t\t\t\t\n\t\t\t\t\t<\/div>\n\t\t\t\t\t\t\t\t\n<style>\n#image_319556102 {\n  width: 83%;\n}\n<\/style>\n\t<\/div>\n\t\n\t\t<\/div>\n\t\t\t\t\t<\/div>\n\n\t\n<\/div>\n<div class=\"row\"  id=\"row-745804311\">\n\n\t<div id=\"col-256274860\" class=\"col medium-4 small-12 large-4\"  >\n\t\t\t\t<div class=\"col-inner\"  >\n\t\t\t\n\t\t\t\n<h3><strong>2x Bio Blumenkohl \u201eFlamenco\u201c<br \/>\n3,8 cm Erdpresstopf<\/strong><\/h3>\n<p>Der Blumenkohl \u201eFlamenco\u201c ist eine ertragreiche Sorte mit festen, wei\u00dfen K\u00f6pfen, die ein Gewicht von 700\u2013800 g erreichen. Umgeben von kr\u00e4ftigen, aufrechten Bl\u00e4ttern bleibt der Blumenkohl lange frisch und l\u00e4sst sich vielseitig verwenden. Blumenkohl ist reich an Vitamin C und wertvollen Mineralstoffen, was ihn zu einer gesunden Wahl f\u00fcr deine K\u00fcche macht.<\/p>\n\t\t<\/div>\n\t\t\t\t\t<\/div>\n\n\t\n\n\t<div id=\"col-1075259534\" class=\"col medium-4 small-12 large-4\"  >\n\t\t\t\t<div class=\"col-inner\"  >\n\t\t\t\n\t\t\t\n\n  <div class=\"banner has-hover\" id=\"banner-1981383614\">\n          <div class=\"banner-inner fill\">\n        <div class=\"banner-bg fill\" >\n                                                \n                    <\/div>\n\t\t\n        <div class=\"banner-layers container\">\n            <div class=\"fill banner-link\"><\/div>            \n   <div id=\"text-box-1358542271\" class=\"text-box banner-layer x50 md-x50 lg-x50 y50 md-y50 lg-y50 res-text\">\n                                <div class=\"text-box-content text dark\">\n              \n              <div class=\"text-inner text-center\">\n                  \n\t<div id=\"text-63974160\" class=\"text\">\n\t\t\n<p><strong>Farbe<\/strong>: gr\u00fcn, wei\u00df<\/p>\n<p><strong>Standort<\/strong>: sonnig\/halbschattig<\/p>\n<p><strong>Lebensdauer<\/strong>: einj\u00e4hrig<\/p>\n<p><strong>Pflanzzeit<\/strong>: Mitte M\u00e4rz-Juli<\/p>\n<p><strong>Erntezeit<\/strong>: Juli-Oktober<\/p>\n<p><strong>Pflanzabstand<\/strong>: 80-100 cm<\/p>\n<p><strong>Wuchsh\u00f6he\/-l\u00e4nge<\/strong>: 30-40 cm<\/p>\n<p><strong>Verpackung:<\/strong> 3,8 x 3,8-cm-Erdpresstopf<br \/>\n\t\t\n<style>\n#text-63974160 {\n  font-size: 1rem;\n  line-height: 1;\n  text-align: left;\n}\n<\/style>\n\t<\/div>\n\t\n              <\/div>\n           <\/div>\n                            \n<style>\n#text-box-1358542271 {\n  width: 84%;\n}\n#text-box-1358542271 .text-box-content {\n  font-size: 100%;\n}\n<\/style>\n    <\/div>\n \n        <\/div>\n      <\/div>\n\n            \n<style>\n#banner-1981383614 {\n  padding-top: 300px;\n}\n<\/style>\n  <\/div>\n\n\n\t\t<\/div>\n\t\t\t\t\t<\/div>\n\n\t\n\n\t<div id=\"col-127950921\" class=\"col medium-4 small-12 large-4\"  >\n\t\t\t\t<div class=\"col-inner\"  >\n\t\t\t\n\t\t\t\n\t<div class=\"img has-hover x md-x lg-x y md-y lg-y\" id=\"image_1080815234\">\n\t\t\t\t\t\t\t\t<div class=\"img-inner image-cover dark\" style=\"padding-top:100%;\">\n\t\t\t<img decoding=\"async\" width=\"590\" height=\"590\" src=\"https:\/\/www.meine-ernte.de\/shop\/wp-content\/uploads\/Blumenkohl-Flamenco.jpg\" class=\"attachment-large size-large\" alt=\"\" srcset=\"https:\/\/www.meine-ernte.de\/shop\/wp-content\/uploads\/Blumenkohl-Flamenco.jpg 590w, https:\/\/www.meine-ernte.de\/shop\/wp-content\/uploads\/Blumenkohl-Flamenco-400x400.jpg 400w, https:\/\/www.meine-ernte.de\/shop\/wp-content\/uploads\/Blumenkohl-Flamenco-280x280.jpg 280w, https:\/\/www.meine-ernte.de\/shop\/wp-content\/uploads\/Blumenkohl-Flamenco-300x300.jpg 300w, https:\/\/www.meine-ernte.de\/shop\/wp-content\/uploads\/Blumenkohl-Flamenco-100x100.jpg 100w, https:\/\/www.meine-ernte.de\/shop\/wp-content\/uploads\/Blumenkohl-Flamenco-80x80.jpg 80w\" sizes=\"(max-width: 590px) 100vw, 590px\" \/>\t\t\t\t\t\t\n\t\t\t\t\t<\/div>\n\t\t\t\t\t\t\t\t\n<style>\n#image_1080815234 {\n  width: 83%;\n}\n<\/style>\n\t<\/div>\n\t\n\t\t<\/div>\n\t\t\t\t\t<\/div>\n\n\t\n<\/div>\n<div class=\"row\"  id=\"row-71470960\">\n\n\t<div id=\"col-1318970133\" class=\"col medium-4 small-12 large-4\"  >\n\t\t\t\t<div class=\"col-inner\"  >\n\t\t\t\n\t\t\t\n<h3><strong>2x Bio Spitzkohl \u201eCaraflex\u201c<br \/>\n3,8 cm Erdpresstopf<\/strong><\/h3>\n<p>Der Spitzkohl \u201eCaraflex\u201c hat eine sch\u00f6ne Form und zeichnet sich durch einen sehr milden Geschmack aus. Die K\u00f6pfe sind mittelschlank, mit dem spitzkohltypischen Kegelwuchs. Seine zarten Bl\u00e4tter k\u00f6nnen als Salat oder im Wok verwendet werden. Und falls du noch ein Argument ben\u00f6tigst: Spitzkohl ist \u00fcbrigens eine der vitaminreichsten Kohlarten \u00fcberhaupt.<\/p>\n\t\t<\/div>\n\t\t\t\t\t<\/div>\n\n\t\n\n\t<div id=\"col-552368390\" class=\"col medium-4 small-12 large-4\"  >\n\t\t\t\t<div class=\"col-inner\"  >\n\t\t\t\n\t\t\t\n\n  <div class=\"banner has-hover\" id=\"banner-1153442964\">\n          <div class=\"banner-inner fill\">\n        <div class=\"banner-bg fill\" >\n                                                \n                    <\/div>\n\t\t\n        <div class=\"banner-layers container\">\n            <div class=\"fill banner-link\"><\/div>            \n   <div id=\"text-box-568117493\" class=\"text-box banner-layer x50 md-x50 lg-x50 y50 md-y50 lg-y50 res-text\">\n                                <div class=\"text-box-content text dark\">\n              \n              <div class=\"text-inner text-center\">\n                  \n\t<div id=\"text-366754490\" class=\"text\">\n\t\t\n<p><strong>Farbe<\/strong>: gr\u00fcn, wei\u00df<\/p>\n<p><strong>Standort<\/strong>: sonnig\/halbschattig<\/p>\n<p><strong>Lebensdauer<\/strong>: einj\u00e4hrig<\/p>\n<p><strong>Pflanzzeit<\/strong>: Mitte M\u00e4rz-Juli<\/p>\n<p><strong>Erntezeit<\/strong>: Juli-Oktober<\/p>\n<p><strong>Pflanzabstand<\/strong>: 40\u201350 cm<\/p>\n<p><strong>Wuchsh\u00f6he\/-l\u00e4nge<\/strong>: 20-30 cm<\/p>\n<p><strong>Verpackung:<\/strong> 3,8 x 3,8-cm-Erdpresstopf<\/p>\n<div><\/div>\n\t\t\n<style>\n#text-366754490 {\n  font-size: 1rem;\n  line-height: 1;\n  text-align: left;\n}\n<\/style>\n\t<\/div>\n\t\n              <\/div>\n           <\/div>\n                            \n<style>\n#text-box-568117493 {\n  width: 84%;\n}\n#text-box-568117493 .text-box-content {\n  font-size: 100%;\n}\n<\/style>\n    <\/div>\n \n        <\/div>\n      <\/div>\n\n            \n<style>\n#banner-1153442964 {\n  padding-top: 300px;\n}\n<\/style>\n  <\/div>\n\n\n\t\t<\/div>\n\t\t\t\t\t<\/div>\n\n\t\n\n\t<div id=\"col-1971305108\" class=\"col medium-4 small-12 large-4\"  >\n\t\t\t\t<div class=\"col-inner\"  >\n\t\t\t\n\t\t\t\n\t<div class=\"img has-hover x md-x lg-x y md-y lg-y\" id=\"image_393666944\">\n\t\t\t\t\t\t\t\t<div class=\"img-inner image-cover dark\" style=\"padding-top:100%;\">\n\t\t\t<img decoding=\"async\" width=\"590\" height=\"590\" src=\"https:\/\/www.meine-ernte.de\/shop\/wp-content\/uploads\/Spitzkohl-Caraflex.jpg\" class=\"attachment-large size-large\" alt=\"\" srcset=\"https:\/\/www.meine-ernte.de\/shop\/wp-content\/uploads\/Spitzkohl-Caraflex.jpg 590w, https:\/\/www.meine-ernte.de\/shop\/wp-content\/uploads\/Spitzkohl-Caraflex-400x400.jpg 400w, https:\/\/www.meine-ernte.de\/shop\/wp-content\/uploads\/Spitzkohl-Caraflex-280x280.jpg 280w, https:\/\/www.meine-ernte.de\/shop\/wp-content\/uploads\/Spitzkohl-Caraflex-300x300.jpg 300w, https:\/\/www.meine-ernte.de\/shop\/wp-content\/uploads\/Spitzkohl-Caraflex-100x100.jpg 100w, https:\/\/www.meine-ernte.de\/shop\/wp-content\/uploads\/Spitzkohl-Caraflex-80x80.jpg 80w\" sizes=\"(max-width: 590px) 100vw, 590px\" \/>\t\t\t\t\t\t\n\t\t\t\t\t<\/div>\n\t\t\t\t\t\t\t\t\n<style>\n#image_393666944 {\n  width: 83%;\n}\n<\/style>\n\t<\/div>\n\t\n\t\t<\/div>\n\t\t\t\t\t<\/div>\n\n\t\n<\/div>\n<div class=\"row\"  id=\"row-1759263540\">\n\n\t<div id=\"col-473259506\" class=\"col medium-4 small-12 large-4\"  >\n\t\t\t\t<div class=\"col-inner\"  >\n\t\t\t\n\t\t\t\n<h3><strong>2x Bio Palmkohl \u201eNero di Toscana\u201c<br \/>\n3,8cm Erdpresstopf<\/strong><\/h3>\n<p>Unser Bio Palmkohl \u201eNero di Toscana\u201c tr\u00e4gt seine Farbe bereits im Namen und wird deshalb auch Schwarzkohl genannt. Sein dekorativer, palmenartiger Wuchs macht auch optisch etwas her. Die Ernte sollte blattweise von unten erfolgen, so kannst du nach und nach bedarfsweise ernten. Geschmacklich erinnert die sehr vitaminreiche Sorte ein wenig an frischen Brokkoli.<\/p>\n\t\t<\/div>\n\t\t\t\t\t<\/div>\n\n\t\n\n\t<div id=\"col-1224286563\" class=\"col medium-4 small-12 large-4\"  >\n\t\t\t\t<div class=\"col-inner\"  >\n\t\t\t\n\t\t\t\n\n  <div class=\"banner has-hover\" id=\"banner-940766909\">\n          <div class=\"banner-inner fill\">\n        <div class=\"banner-bg fill\" >\n                                                \n                    <\/div>\n\t\t\n        <div class=\"banner-layers container\">\n            <div class=\"fill banner-link\"><\/div>            \n   <div id=\"text-box-1669882235\" class=\"text-box banner-layer x50 md-x50 lg-x50 y50 md-y50 lg-y50 res-text\">\n                                <div class=\"text-box-content text dark\">\n              \n              <div class=\"text-inner text-center\">\n                  \n\t<div id=\"text-1439393204\" class=\"text\">\n\t\t\n<p><strong>Farbe<\/strong>: dunkelgr\u00fcn<\/p>\n<p><strong>Standort<\/strong>: sonnig\/halbschattig<\/p>\n<p><strong>Lebensdauer<\/strong>: einj\u00e4hrig<\/p>\n<p><strong>Pflanzzeit<\/strong>: Mitte M\u00e4rz-Juli<\/p>\n<p><strong>Erntezeit<\/strong>: Juli-Oktober<\/p>\n<p><strong>Pflanzabstand<\/strong>: 50-60 cm<\/p>\n<p><strong>Wuchsh\u00f6he\/-l\u00e4nge<\/strong>: 40-60 cm<\/p>\n<p><strong>Verpackung:<\/strong> 3,8 x 3,8-cm-Erdpresstopf<\/p>\n<div><\/div>\n\t\t\n<style>\n#text-1439393204 {\n  font-size: 1rem;\n  line-height: 1;\n  text-align: left;\n}\n<\/style>\n\t<\/div>\n\t\n              <\/div>\n           <\/div>\n                            \n<style>\n#text-box-1669882235 {\n  width: 84%;\n}\n#text-box-1669882235 .text-box-content {\n  font-size: 100%;\n}\n<\/style>\n    <\/div>\n \n        <\/div>\n      <\/div>\n\n            \n<style>\n#banner-940766909 {\n  padding-top: 300px;\n}\n<\/style>\n  <\/div>\n\n\n\t\t<\/div>\n\t\t\t\t\t<\/div>\n\n\t\n\n\t<div id=\"col-1691704634\" class=\"col medium-4 small-12 large-4\"  >\n\t\t\t\t<div class=\"col-inner\"  >\n\t\t\t\n\t\t\t\n\t<div class=\"img has-hover x md-x lg-x y md-y lg-y\" id=\"image_1689730711\">\n\t\t\t\t\t\t\t\t<div class=\"img-inner image-cover dark\" style=\"padding-top:100%;\">\n\t\t\t<img decoding=\"async\" width=\"590\" height=\"590\" src=\"https:\/\/www.meine-ernte.de\/shop\/wp-content\/uploads\/Palmkohl-Nero-die-Toscana-1.jpg\" class=\"attachment-large size-large\" alt=\"\" srcset=\"https:\/\/www.meine-ernte.de\/shop\/wp-content\/uploads\/Palmkohl-Nero-die-Toscana-1.jpg 590w, https:\/\/www.meine-ernte.de\/shop\/wp-content\/uploads\/Palmkohl-Nero-die-Toscana-1-400x400.jpg 400w, https:\/\/www.meine-ernte.de\/shop\/wp-content\/uploads\/Palmkohl-Nero-die-Toscana-1-280x280.jpg 280w, https:\/\/www.meine-ernte.de\/shop\/wp-content\/uploads\/Palmkohl-Nero-die-Toscana-1-300x300.jpg 300w, https:\/\/www.meine-ernte.de\/shop\/wp-content\/uploads\/Palmkohl-Nero-die-Toscana-1-100x100.jpg 100w, https:\/\/www.meine-ernte.de\/shop\/wp-content\/uploads\/Palmkohl-Nero-die-Toscana-1-80x80.jpg 80w\" sizes=\"(max-width: 590px) 100vw, 590px\" \/>\t\t\t\t\t\t\n\t\t\t\t\t<\/div>\n\t\t\t\t\t\t\t\t\n<style>\n#image_1689730711 {\n  width: 83%;\n}\n<\/style>\n\t<\/div>\n\t\n\t\t<\/div>\n\t\t\t\t\t<\/div>\n\n\t\n<\/div>\n<p>Das Verpackungsmaterial deiner Jungpflanzen besteht zu 100% aus Recycling-Kunststoff und h\u00e4lt die Wurzeln auf dem Weg zu dir feucht. Mit deinem Set erh\u00e4ltst du zus\u00e4tzlich hilfreiche Pflegehinweise.<\/p>\n<p>\u00dcbrigens: Keine Sorge, wenn die Jungpflanzen bei der Ankunft die Bl\u00e4tter ein wenig h\u00e4ngen lassen. Eingesetzt und gut gew\u00e4ssert stehen sie bald wieder in voller Pracht. Und damit die Chancen besonders gutstehen, dass du deine Jungpflanzen direkt entgegennehmen kannst, <strong>versenden wir<\/strong> deine Sets <strong>standardm\u00e4\u00dfig am Donnerstag<\/strong>. So treffen sie in der Regel zum Wochenende bei dir ein. Bitte beachte, dass wir deine Bestellung immer bis sp\u00e4testens Dienstag um 12 Uhr erhalten m\u00fcssen, damit wir sie am darauffolgenden Mittwoch einpacken und am Donnerstag versenden k\u00f6nnen.<\/p>\n","protected":false},"excerpt":{"rendered":"<ul>\n<li>F\u00fcnf pflegeleichte und robuste Jungpflanzen \u00e0 zwei St\u00fcck<\/li>\n<li>Gr\u00fcnkohl, Kohlrabi, Blumenkohl, Spitzkohl und Palmkohl<\/li>\n<li>F\u00fcr die herbstliche Ernte aus Gem\u00fcsegarten und Hochbeet<\/li>\n<li>Bio-Qualit\u00e4t aus deutscher Landwirtschaft<\/li>\n<li>Versand immer donnerstags (bei Bestelleingang bis 12 Uhr am vorherigen Dienstag)<\/li>\n<\/ul>\n<p><img decoding=\"async\" src=\"https:\/\/www.meine-ernte.de\/shop\/wp-content\/uploads\/EU-Bio-Siegel-Shop-600x600-px.jpg\" width=\"150px\" \/><\/p>\n<p>DE-\u00d6KO-005<br \/>\nDeutsche Landwirtschaft<\/p>\n<h4><\/h4>\n","protected":false},"featured_media":118116,"comment_status":"open","ping_status":"closed","template":"","meta":{"_acf_changed":false},"product_brand":[],"product_cat":[748,668,72],"product_tag":[],"class_list":{"0":"post-111002","1":"product","2":"type-product","3":"status-publish","4":"has-post-thumbnail","6":"product_cat-bio-jungpflanzen","7":"product_cat-meine-ernte-produkte","8":"product_cat-saatgut-und-pflanzen","9":"product_shipping_class-wunderlich-1","11":"first","12":"instock","13":"taxable","14":"shipping-taxable","15":"purchasable","16":"product-type-simple"},"acf":[],"tiered_pricing_type":"fixed","tiered_pricing_fixed_rules":[],"tiered_pricing_product_settings":{"layout":"default","base_unit_name":{"singular":null,"plural":null},"default_variation":null},"tiered_pricing_minimum_quantity":null,"tiered_pricing_roles_data":[],"tiered_pricing_percentage_rules":[],"_links":{"self":[{"href":"https:\/\/www.meine-ernte.de\/shop\/wp-json\/wp\/v2\/product\/111002","targetHints":{"allow":["GET"]}}],"collection":[{"href":"https:\/\/www.meine-ernte.de\/shop\/wp-json\/wp\/v2\/product"}],"about":[{"href":"https:\/\/www.meine-ernte.de\/shop\/wp-json\/wp\/v2\/types\/product"}],"replies":[{"embeddable":true,"href":"https:\/\/www.meine-ernte.de\/shop\/wp-json\/wp\/v2\/comments?post=111002"}],"wp:featuredmedia":[{"embeddable":true,"href":"https:\/\/www.meine-ernte.de\/shop\/wp-json\/wp\/v2\/media\/118116"}],"wp:attachment":[{"href":"https:\/\/www.meine-ernte.de\/shop\/wp-json\/wp\/v2\/media?parent=111002"}],"wp:term":[{"taxonomy":"product_brand","embeddable":true,"href":"https:\/\/www.meine-ernte.de\/shop\/wp-json\/wp\/v2\/product_brand?post=111002"},{"taxonomy":"product_cat","embeddable":true,"href":"https:\/\/www.meine-ernte.de\/shop\/wp-json\/wp\/v2\/product_cat?post=111002"},{"taxonomy":"product_tag","embeddable":true,"href":"https:\/\/www.meine-ernte.de\/shop\/wp-json\/wp\/v2\/product_tag?post=111002"}],"curies":[{"name":"wp","href":"https:\/\/api.w.org\/{rel}","templated":true}]}}