{"id":108510,"date":"2024-01-04T12:05:48","date_gmt":"2024-01-04T11:05:48","guid":{"rendered":"https:\/\/www.meine-ernte.de\/shop\/?post_type=product&#038;p=108510"},"modified":"2025-08-20T09:49:18","modified_gmt":"2025-08-20T07:49:18","slug":"buch-quickfinder-hochbeet-und-gemuesegarten","status":"publish","type":"product","link":"https:\/\/www.meine-ernte.de\/shop\/buch-quickfinder-hochbeet-und-gemuesegarten\/","title":{"rendered":"Buch &#8222;Quickfinder Hochbeet und Gem\u00fcsegarten&#8220;"},"content":{"rendered":"\t<div id=\"gap-1855708735\" class=\"gap-element clearfix\" style=\"display:block; height:auto;\">\n\t\t\n<style>\n#gap-1855708735 {\n  padding-top: 30px;\n}\n<\/style>\n\t<\/div>\n\t\n<h2 class=\"element-headline-medium overlay-ueberschrift\">Beschreibung<\/h2>\n<p><strong>G\u00e4rtnern mit \u00dcberblick: Alles drin und schneller schlau!<\/strong><\/p>\n<p>Wann kann ich mit der ersten Aussaat von Spinat im Freien beginnen? Wie ziehe ich Tomaten richtig an? Und wie lange kann ich im Herbst Salate und Mangold aus dem Hochbeet ernten? Die Antwort f\u00e4llt je nach Witterung und Region jedes Jahr unterschiedlich aus. Hier setzt unser neues Nachschlagewerk nach dem Quickfinder-Prinzip an. Nach dem ph\u00e4nologischen Kalender gegliedert zeigen wir dir, wann S\u00e4en, Pflanzen, Vermehren und Ernten idealerweise ausgef\u00fchrt werden. Die Gartent\u00e4tigkeiten lassen sich dank praktischer Griffleiste und ausf\u00fchrlichem Stichwortverzeichnis blitzschnell finden. Ein Pflanzplan f\u00fcr das Hochbeet begleitet dich zus\u00e4tzlich Monat f\u00fcr Monat, sodass du immer wieder s\u00e4en, ernten und genie\u00dfen kannst.<\/p>\n<p>Dank richtigem Timing klappt es mit der Selbstversorgung!<\/p>\n<p><strong>Gesucht &#8211; gefunden:<\/strong> Schneller Zugriff auf alle wichtigen Informationen durch die praktischen Griffleisten und das ausf\u00fchrliche Stichwortverzeichnis.<\/p>\n<p><strong>Das Komplettpaket:<\/strong> Mit den passenden Zeitpunkten f\u00fcr alle Gartent\u00e4tigkeiten, praktischem fortlaufenden Pflanzplan f\u00fcr das Hochbeet und hilfreichen Akut-Tipps.<\/p>\n<p><strong>Klar und einfach<\/strong>: Mit umfangreichen Tabellen findest du ruckzuck die richtigen Beetpartner f\u00fcr dein Lieblingsgem\u00fcse, die passenden Sorten f\u00fcr das Hochbeet und die idealen Saatabst\u00e4nde f\u00fcr zahlreiche Sorten.<\/p>\n<p><strong><span style=\"font-size: 120%;\">Wir freuen uns auf unser gemeinsames Gartenabenteuer mit dir!<\/span><\/strong><\/p>\n<h3>Leseprobe<\/h3>\n<p><em>Neugierig? Dann wirf gern einen Blick in den <a href=\"https:\/\/www.meine-ernte.de\/shop\/wp-content\/uploads\/Vorschau-Leseprobe-QF-Hochbeet-und-Gemuesegarten_2-meine-ernte.pdf\" target=\"_blank\" rel=\"noopener\">Quickfinder Hochbeet und Garten (pdf)<\/a><\/em><\/p>\n<div class=\"row\"  id=\"row-916106009\">\n\n\t<div id=\"col-1735313596\" class=\"col medium-6 small-12 large-6\"  >\n\t\t\t\t<div class=\"col-inner\"  >\n\t\t\t\n\t\t\t\n\t<div class=\"img has-hover x md-x lg-x y md-y lg-y\" id=\"image_280747154\">\n\t\t<a class=\"\" href=\"https:\/\/www.meine-ernte.de\/shop\/wp-content\/uploads\/Vorschau-Leseprobe-QF-Hochbeet-und-Gemuesegarten_2-meine-ernte.pdf\" target=\"_blank\" rel=\"noopener\" >\t\t\t\t\t\t<div class=\"img-inner dark\" >\n\t\t\t<img decoding=\"async\" width=\"1020\" height=\"449\" src=\"https:\/\/www.meine-ernte.de\/shop\/wp-content\/uploads\/Leseprobe-Quickfinder-Hochbeet-meine-ernte-1.jpg\" class=\"attachment-large size-large\" alt=\"\" srcset=\"https:\/\/www.meine-ernte.de\/shop\/wp-content\/uploads\/Leseprobe-Quickfinder-Hochbeet-meine-ernte-1.jpg 1280w, https:\/\/www.meine-ernte.de\/shop\/wp-content\/uploads\/Leseprobe-Quickfinder-Hochbeet-meine-ernte-1-800x353.jpg 800w, https:\/\/www.meine-ernte.de\/shop\/wp-content\/uploads\/Leseprobe-Quickfinder-Hochbeet-meine-ernte-1-768x338.jpg 768w, https:\/\/www.meine-ernte.de\/shop\/wp-content\/uploads\/Leseprobe-Quickfinder-Hochbeet-meine-ernte-1-600x264.jpg 600w, https:\/\/www.meine-ernte.de\/shop\/wp-content\/uploads\/Leseprobe-Quickfinder-Hochbeet-meine-ernte-1-64x28.jpg 64w, https:\/\/www.meine-ernte.de\/shop\/wp-content\/uploads\/Leseprobe-Quickfinder-Hochbeet-meine-ernte-1-100x44.jpg 100w, https:\/\/www.meine-ernte.de\/shop\/wp-content\/uploads\/Leseprobe-Quickfinder-Hochbeet-meine-ernte-1-80x35.jpg 80w\" sizes=\"(max-width: 1020px) 100vw, 1020px\" \/>\t\t\t\t\t\t\n\t\t\t\t\t<\/div>\n\t\t\t\t\t\t<\/a>\t\t\n<style>\n#image_280747154 {\n  width: 100%;\n}\n<\/style>\n\t<\/div>\n\t\n\t<div class=\"img has-hover x md-x lg-x y md-y lg-y\" id=\"image_378249411\">\n\t\t<a class=\"\" href=\"https:\/\/www.meine-ernte.de\/shop\/wp-content\/uploads\/Vorschau-Leseprobe-QF-Hochbeet-und-Gemuesegarten_2-meine-ernte.pdf\" target=\"_blank\" rel=\"noopener\" >\t\t\t\t\t\t<div class=\"img-inner dark\" >\n\t\t\t<img decoding=\"async\" width=\"1020\" height=\"449\" src=\"https:\/\/www.meine-ernte.de\/shop\/wp-content\/uploads\/Leseprobe-Quickfinder-Hochbeet-meine-ernte-2.jpg\" class=\"attachment-large size-large\" alt=\"\" srcset=\"https:\/\/www.meine-ernte.de\/shop\/wp-content\/uploads\/Leseprobe-Quickfinder-Hochbeet-meine-ernte-2.jpg 1280w, https:\/\/www.meine-ernte.de\/shop\/wp-content\/uploads\/Leseprobe-Quickfinder-Hochbeet-meine-ernte-2-800x353.jpg 800w, https:\/\/www.meine-ernte.de\/shop\/wp-content\/uploads\/Leseprobe-Quickfinder-Hochbeet-meine-ernte-2-768x338.jpg 768w, https:\/\/www.meine-ernte.de\/shop\/wp-content\/uploads\/Leseprobe-Quickfinder-Hochbeet-meine-ernte-2-600x264.jpg 600w, https:\/\/www.meine-ernte.de\/shop\/wp-content\/uploads\/Leseprobe-Quickfinder-Hochbeet-meine-ernte-2-64x28.jpg 64w, https:\/\/www.meine-ernte.de\/shop\/wp-content\/uploads\/Leseprobe-Quickfinder-Hochbeet-meine-ernte-2-100x44.jpg 100w, https:\/\/www.meine-ernte.de\/shop\/wp-content\/uploads\/Leseprobe-Quickfinder-Hochbeet-meine-ernte-2-80x35.jpg 80w\" sizes=\"(max-width: 1020px) 100vw, 1020px\" \/>\t\t\t\t\t\t\n\t\t\t\t\t<\/div>\n\t\t\t\t\t\t<\/a>\t\t\n<style>\n#image_378249411 {\n  width: 100%;\n}\n<\/style>\n\t<\/div>\n\t\n\t\t<\/div>\n\t\t\t\t\t<\/div>\n\n\t\n\n\t<div id=\"col-987456046\" class=\"col medium-6 small-12 large-6\"  >\n\t\t\t\t<div class=\"col-inner\"  >\n\t\t\t\n\t\t\t\n\t<div class=\"img has-hover x md-x lg-x y md-y lg-y\" id=\"image_277221254\">\n\t\t<a class=\"\" href=\"https:\/\/www.meine-ernte.de\/shop\/wp-content\/uploads\/Vorschau-Leseprobe-QF-Hochbeet-und-Gemuesegarten_2-meine-ernte.pdf\" target=\"_blank\" rel=\"noopener\" >\t\t\t\t\t\t<div class=\"img-inner dark\" >\n\t\t\t<img decoding=\"async\" width=\"1020\" height=\"449\" src=\"https:\/\/www.meine-ernte.de\/shop\/wp-content\/uploads\/Leseprobe-Quickfinder-Hochbeet-meine-ernte-3.jpg\" class=\"attachment-large size-large\" alt=\"\" srcset=\"https:\/\/www.meine-ernte.de\/shop\/wp-content\/uploads\/Leseprobe-Quickfinder-Hochbeet-meine-ernte-3.jpg 1280w, https:\/\/www.meine-ernte.de\/shop\/wp-content\/uploads\/Leseprobe-Quickfinder-Hochbeet-meine-ernte-3-800x353.jpg 800w, https:\/\/www.meine-ernte.de\/shop\/wp-content\/uploads\/Leseprobe-Quickfinder-Hochbeet-meine-ernte-3-768x338.jpg 768w, https:\/\/www.meine-ernte.de\/shop\/wp-content\/uploads\/Leseprobe-Quickfinder-Hochbeet-meine-ernte-3-600x264.jpg 600w, https:\/\/www.meine-ernte.de\/shop\/wp-content\/uploads\/Leseprobe-Quickfinder-Hochbeet-meine-ernte-3-64x28.jpg 64w, https:\/\/www.meine-ernte.de\/shop\/wp-content\/uploads\/Leseprobe-Quickfinder-Hochbeet-meine-ernte-3-100x44.jpg 100w, https:\/\/www.meine-ernte.de\/shop\/wp-content\/uploads\/Leseprobe-Quickfinder-Hochbeet-meine-ernte-3-80x35.jpg 80w\" sizes=\"(max-width: 1020px) 100vw, 1020px\" \/>\t\t\t\t\t\t\n\t\t\t\t\t<\/div>\n\t\t\t\t\t\t<\/a>\t\t\n<style>\n#image_277221254 {\n  width: 100%;\n}\n<\/style>\n\t<\/div>\n\t\n\t<div class=\"img has-hover x md-x lg-x y md-y lg-y\" id=\"image_1044964820\">\n\t\t<a class=\"\" href=\"https:\/\/www.meine-ernte.de\/shop\/wp-content\/uploads\/Vorschau-Leseprobe-QF-Hochbeet-und-Gemuesegarten_2-meine-ernte.pdf\" target=\"_blank\" rel=\"noopener\" >\t\t\t\t\t\t<div class=\"img-inner dark\" >\n\t\t\t<img decoding=\"async\" width=\"1020\" height=\"449\" src=\"https:\/\/www.meine-ernte.de\/shop\/wp-content\/uploads\/Leseprobe-Quickfinder-Hochbeet-meine-ernte-4.jpg\" class=\"attachment-large size-large\" alt=\"\" srcset=\"https:\/\/www.meine-ernte.de\/shop\/wp-content\/uploads\/Leseprobe-Quickfinder-Hochbeet-meine-ernte-4.jpg 1280w, https:\/\/www.meine-ernte.de\/shop\/wp-content\/uploads\/Leseprobe-Quickfinder-Hochbeet-meine-ernte-4-800x353.jpg 800w, https:\/\/www.meine-ernte.de\/shop\/wp-content\/uploads\/Leseprobe-Quickfinder-Hochbeet-meine-ernte-4-768x338.jpg 768w, https:\/\/www.meine-ernte.de\/shop\/wp-content\/uploads\/Leseprobe-Quickfinder-Hochbeet-meine-ernte-4-600x264.jpg 600w, https:\/\/www.meine-ernte.de\/shop\/wp-content\/uploads\/Leseprobe-Quickfinder-Hochbeet-meine-ernte-4-64x28.jpg 64w, https:\/\/www.meine-ernte.de\/shop\/wp-content\/uploads\/Leseprobe-Quickfinder-Hochbeet-meine-ernte-4-100x44.jpg 100w, https:\/\/www.meine-ernte.de\/shop\/wp-content\/uploads\/Leseprobe-Quickfinder-Hochbeet-meine-ernte-4-80x35.jpg 80w\" sizes=\"(max-width: 1020px) 100vw, 1020px\" \/>\t\t\t\t\t\t\n\t\t\t\t\t<\/div>\n\t\t\t\t\t\t<\/a>\t\t\n<style>\n#image_1044964820 {\n  width: 100%;\n}\n<\/style>\n\t<\/div>\n\t\n\t\t<\/div>\n\t\t\t\t\t<\/div>\n\n\t\n<\/div>\n<h3 class=\"csc-firstHeader\">Infos zu unserem <strong>neuen<\/strong> Gartenbuch<\/h3>\n<ul>\n<li>Softcover, 19.2 x 2 x 21.8 cm, 216 Seiten<\/li>\n<li>Viele Fotos, Schritt-f\u00fcr-Schritt- Anleitungen und DIY machen das G\u00e4rtnern rund ums Jahr leicht<\/li>\n<li>Selbstversorgung von Januar bis Dezember<\/li>\n<li>Ein detaillierter und flexibler Hochbeetplan versorgt dich \u00fcber ein Jahr mit frischem Gem\u00fcse<\/li>\n<li>Erscheinungsdatum: M\u00e4rz 2024, Gr\u00e4fe und Unzer Verlag<\/li>\n<li>ISBN-978-3-8338-9251-6<\/li>\n<\/ul>\n<div class=\"container section-title-container\" ><h3 class=\"section-title section-title-normal\"><b aria-hidden=\"true\"><\/b><span class=\"section-title-main\" >Noch mehr Gartenwissen<\/span><b aria-hidden=\"true\"><\/b><\/h3><\/div>\n\t\n  \n    <div class=\"row large-columns-4 medium-columns-3 small-columns-2 row-small slider row-slider slider-nav-reveal slider-nav-push\"  data-flickity-options='{&quot;imagesLoaded&quot;: true, &quot;groupCells&quot;: &quot;100%&quot;, &quot;dragThreshold&quot; : 5, &quot;cellAlign&quot;: &quot;left&quot;,&quot;wrapAround&quot;: true,&quot;prevNextButtons&quot;: true,&quot;percentPosition&quot;: true,&quot;pageDots&quot;: false, &quot;rightToLeft&quot;: false, &quot;autoPlay&quot; : false}' >\n\n  \n\t     <div class=\"product-small col has-hover product type-product post-76169 status-publish first instock product_cat-beetplaene-meine-ernte-produkte product_cat-buecher-meine-ernte-produkte product_cat-meine-ernte-produkte product_cat-tomaten has-post-thumbnail downloadable taxable shipping-taxable purchasable product-type-simple\">\n\t<div class=\"col-inner\">\n\t\n<div class=\"badge-container absolute left top z-1\">\n\n<\/div>\n\t<div class=\"product-small box \">\n\t\t<div class=\"box-image\">\n\t\t\t<div class=\"image-fade_in_back\">\n\t\t\t\t<a href=\"https:\/\/www.meine-ernte.de\/shop\/tomaten-erfolgreich-anbauen-ebook-von-meine-ernte\/\">\n\t\t\t\t\t<img decoding=\"async\" width=\"300\" height=\"300\" src=\"https:\/\/www.meine-ernte.de\/shop\/wp-content\/uploads\/meine-ernte-Tomaten-E-Book-Cover-grau_web-300x300.jpg\" class=\"attachment-woocommerce_thumbnail size-woocommerce_thumbnail\" alt=\"Tomaten erfolgreich anbauen \u2013 Ebook von meine ernte\" srcset=\"https:\/\/www.meine-ernte.de\/shop\/wp-content\/uploads\/meine-ernte-Tomaten-E-Book-Cover-grau_web-300x300.jpg 300w, https:\/\/www.meine-ernte.de\/shop\/wp-content\/uploads\/meine-ernte-Tomaten-E-Book-Cover-grau_web-401x400.jpg 401w, https:\/\/www.meine-ernte.de\/shop\/wp-content\/uploads\/meine-ernte-Tomaten-E-Book-Cover-grau_web-280x280.jpg 280w, https:\/\/www.meine-ernte.de\/shop\/wp-content\/uploads\/meine-ernte-Tomaten-E-Book-Cover-grau_web-768x767.jpg 768w, https:\/\/www.meine-ernte.de\/shop\/wp-content\/uploads\/meine-ernte-Tomaten-E-Book-Cover-grau_web-600x599.jpg 600w, https:\/\/www.meine-ernte.de\/shop\/wp-content\/uploads\/meine-ernte-Tomaten-E-Book-Cover-grau_web-100x100.jpg 100w, https:\/\/www.meine-ernte.de\/shop\/wp-content\/uploads\/meine-ernte-Tomaten-E-Book-Cover-grau_web.jpg 800w\" sizes=\"(max-width: 300px) 100vw, 300px\" \/><img decoding=\"async\" width=\"300\" height=\"300\" src=\"https:\/\/www.meine-ernte.de\/shop\/wp-content\/uploads\/meine-ernte_Tomaten-23-300x300.jpg\" class=\"show-on-hover absolute fill hide-for-small back-image\" alt=\"Alternative view of Digitales Buch \u201eTomaten erfolgreich anbauen\u201c 39 Seiten zum Download\" aria-hidden=\"true\" srcset=\"https:\/\/www.meine-ernte.de\/shop\/wp-content\/uploads\/meine-ernte_Tomaten-23-300x300.jpg 300w, https:\/\/www.meine-ernte.de\/shop\/wp-content\/uploads\/meine-ernte_Tomaten-23-280x280.jpg 280w, https:\/\/www.meine-ernte.de\/shop\/wp-content\/uploads\/meine-ernte_Tomaten-23-100x100.jpg 100w\" sizes=\"(max-width: 300px) 100vw, 300px\" \/>\t\t\t\t<\/a>\n\t\t\t<\/div>\n\t\t\t<div class=\"image-tools is-small top right show-on-hover\">\n\t\t\t\t\t\t\t<\/div>\n\t\t\t<div class=\"image-tools is-small hide-for-small bottom left show-on-hover\">\n\t\t\t\t\t\t\t<\/div>\n\t\t\t<div class=\"image-tools grid-tools text-center hide-for-small bottom hover-slide-in show-on-hover\">\n\t\t\t\t<a href=\"#quick-view\" class=\"quick-view\" role=\"button\" data-prod=\"76169\" aria-haspopup=\"dialog\" aria-expanded=\"false\" data-flatsome-role-button>Schnellansicht<\/a>\t\t\t<\/div>\n\t\t\t\t\t<\/div>\n\n\t\t<div class=\"box-text box-text-products\">\n\t\t\t<div class=\"title-wrapper\"><p class=\"name product-title woocommerce-loop-product__title\"><a href=\"https:\/\/www.meine-ernte.de\/shop\/tomaten-erfolgreich-anbauen-ebook-von-meine-ernte\/\" class=\"woocommerce-LoopProduct-link woocommerce-loop-product__link\">Digitales Buch \u201eTomaten erfolgreich anbauen\u201c 39 Seiten zum Download<\/a><\/p><\/div><div class=\"price-wrapper\"><div class=\"star-rating star-rating--inline\" role=\"img\" aria-label=\"Bewertet mit 4.5 von 5\"><span style=\"width:90%\">Bewertet mit <strong class=\"rating\">4.5<\/strong> von 5<\/span><\/div><p class=\"wc-gzd-additional-info wc-gzd-additional-info-loop wc-gzd-rating-authenticity-status is-verified\">\n\tGepr\u00fcfte Gesamtbewertung. <a href=\"https:\/\/www.meine-ernte.de\/shop\/echtheit-von-bewertungen\/\" target=\"_blank\">Mehr Infos<\/a><\/p>\n\n\t<span class=\"price\">\t\t<span class=\"tiered-pricing-dynamic-price-wrapper\"\n\t\t\t  data-display-context=\"shop-loop\"\n\t\t\t  data-price-type=\"no-rules\"\n\t\t\t  data-product-id=\"76169\"\n\t\t\t  data-parent-id=\"76169\">\n\t\t\t<span class=\"woocommerce-Price-amount amount\"><bdi>5,90&nbsp;<span class=\"woocommerce-Price-currencySymbol\">&euro;<\/span><\/bdi><\/span><\/span><\/span>\n\n\n\n<\/div>\t\t<\/div>\n\t<\/div>\n\t\n\t<p class=\"wc-gzd-additional-info wc-gzd-additional-info-loop tax-info\">inkl. 7 % MwSt.<\/p>\n\n\n\n\t<\/div>\n<\/div><div class=\"product-small col has-hover product type-product post-96241 status-publish instock product_cat-buecher-meine-ernte-produkte product_cat-meine-ernte-produkte product_tag-brand product_tag-buch product_tag-mindestbestellwert has-post-thumbnail taxable shipping-taxable purchasable product-type-simple\">\n\t<div class=\"col-inner\">\n\t\n<div class=\"badge-container absolute left top z-1\">\n\n<div class=\"badge callout badge-circle\"><div class=\"badge-inner callout-new-bg is-small new-bubble\">Bestseller<\/div><\/div><\/div>\n\t<div class=\"product-small box \">\n\t\t<div class=\"box-image\">\n\t\t\t<div class=\"image-fade_in_back\">\n\t\t\t\t<a href=\"https:\/\/www.meine-ernte.de\/shop\/365-tage-selbstversorgung-natalie-kirchbaumer-wanda-ganders-buch-hardcover-meine-ernte\/\">\n\t\t\t\t\t<img decoding=\"async\" width=\"300\" height=\"300\" src=\"https:\/\/www.meine-ernte.de\/shop\/wp-content\/uploads\/365-Tage-Selbstversorgung_web-300x300.gif\" class=\"attachment-woocommerce_thumbnail size-woocommerce_thumbnail\" alt=\"365 TAGE SELBSTVERSORGUNG - Das Beste aus 12 Jahren Selbstversorgerwissen von meine ernte\" srcset=\"https:\/\/www.meine-ernte.de\/shop\/wp-content\/uploads\/365-Tage-Selbstversorgung_web-300x300.gif 300w, https:\/\/www.meine-ernte.de\/shop\/wp-content\/uploads\/365-Tage-Selbstversorgung_web-400x400.gif 400w, https:\/\/www.meine-ernte.de\/shop\/wp-content\/uploads\/365-Tage-Selbstversorgung_web-800x800.gif 800w, https:\/\/www.meine-ernte.de\/shop\/wp-content\/uploads\/365-Tage-Selbstversorgung_web-280x280.gif 280w, https:\/\/www.meine-ernte.de\/shop\/wp-content\/uploads\/365-Tage-Selbstversorgung_web-768x768.gif 768w, https:\/\/www.meine-ernte.de\/shop\/wp-content\/uploads\/365-Tage-Selbstversorgung_web-600x600.gif 600w, https:\/\/www.meine-ernte.de\/shop\/wp-content\/uploads\/365-Tage-Selbstversorgung_web-100x100.gif 100w\" sizes=\"(max-width: 300px) 100vw, 300px\" \/><img decoding=\"async\" width=\"300\" height=\"300\" src=\"https:\/\/www.meine-ernte.de\/shop\/wp-content\/uploads\/365-Tage-Selbstversorgung_1-300x300.jpg\" class=\"show-on-hover absolute fill hide-for-small back-image\" alt=\"Alternative view of 365 TAGE SELBSTVERSORGUNG - Das Beste aus 12 Jahren Selbstversorgerwissen von meine ernte\" aria-hidden=\"true\" srcset=\"https:\/\/www.meine-ernte.de\/shop\/wp-content\/uploads\/365-Tage-Selbstversorgung_1-300x300.jpg 300w, https:\/\/www.meine-ernte.de\/shop\/wp-content\/uploads\/365-Tage-Selbstversorgung_1-280x280.jpg 280w, https:\/\/www.meine-ernte.de\/shop\/wp-content\/uploads\/365-Tage-Selbstversorgung_1-100x100.jpg 100w\" sizes=\"(max-width: 300px) 100vw, 300px\" \/>\t\t\t\t<\/a>\n\t\t\t<\/div>\n\t\t\t<div class=\"image-tools is-small top right show-on-hover\">\n\t\t\t\t\t\t\t<\/div>\n\t\t\t<div class=\"image-tools is-small hide-for-small bottom left show-on-hover\">\n\t\t\t\t\t\t\t<\/div>\n\t\t\t<div class=\"image-tools grid-tools text-center hide-for-small bottom hover-slide-in show-on-hover\">\n\t\t\t\t<a href=\"#quick-view\" class=\"quick-view\" role=\"button\" data-prod=\"96241\" aria-haspopup=\"dialog\" aria-expanded=\"false\" data-flatsome-role-button>Schnellansicht<\/a>\t\t\t<\/div>\n\t\t\t\t\t<\/div>\n\n\t\t<div class=\"box-text box-text-products\">\n\t\t\t<div class=\"title-wrapper\"><p class=\"name product-title woocommerce-loop-product__title\"><a href=\"https:\/\/www.meine-ernte.de\/shop\/365-tage-selbstversorgung-natalie-kirchbaumer-wanda-ganders-buch-hardcover-meine-ernte\/\" class=\"woocommerce-LoopProduct-link woocommerce-loop-product__link\">365 TAGE SELBSTVERSORGUNG &#8211; Das Beste aus 12 Jahren Selbstversorgerwissen von meine ernte<\/a><\/p><\/div><div class=\"price-wrapper\"><div class=\"star-rating star-rating--inline\" role=\"img\" aria-label=\"Bewertet mit 4.67 von 5\"><span style=\"width:93.4%\">Bewertet mit <strong class=\"rating\">4.67<\/strong> von 5<\/span><\/div><p class=\"wc-gzd-additional-info wc-gzd-additional-info-loop wc-gzd-rating-authenticity-status is-verified\">\n\tGepr\u00fcfte Gesamtbewertung. <a href=\"https:\/\/www.meine-ernte.de\/shop\/echtheit-von-bewertungen\/\" target=\"_blank\">Mehr Infos<\/a><\/p>\n\n\t<span class=\"price\">\t\t<span class=\"tiered-pricing-dynamic-price-wrapper\"\n\t\t\t  data-display-context=\"shop-loop\"\n\t\t\t  data-price-type=\"no-rules\"\n\t\t\t  data-product-id=\"96241\"\n\t\t\t  data-parent-id=\"96241\">\n\t\t\t<span class=\"woocommerce-Price-amount amount\"><bdi>22,00&nbsp;<span class=\"woocommerce-Price-currencySymbol\">&euro;<\/span><\/bdi><\/span><\/span><\/span>\n\n\n\n<\/div>\t\t<\/div>\n\t<\/div>\n\t\n\t<p class=\"wc-gzd-additional-info wc-gzd-additional-info-loop tax-info\">inkl. 7 % MwSt.<\/p>\n\n\t<p class=\"wc-gzd-additional-info wc-gzd-additional-info-loop shipping-costs-info\">zzgl. <a href=\"https:\/\/www.meine-ernte.de\/shop\/versandarten\/\" target=\"_blank\">Versandkosten<\/a><\/p>\n\n\t<p class=\"wc-gzd-additional-info delivery-time-info wc-gzd-additional-info-loop\"><span class=\"delivery-time-inner delivery-time-3-5-werktage\">Lieferzeit: <span class=\"delivery-time-data\">3-5 Werktage<\/span><\/span><\/p>\n\n\t<\/div>\n<\/div><\/div>\n","protected":false},"excerpt":{"rendered":"<p>&nbsp;<\/p>\n<ul>\n<li>Geb\u00fcndeltes Praxiswissen aus 14 Jahren Selbstversorgung<\/li>\n<li>Extra \u00fcbersichtlich dank Griffleiste und Stichwortverzeichnis<\/li>\n<li>Viele praktische Tabellen, DIY und Akut-Tipps machen den Garteneinstieg leicht<\/li>\n<li>Mit fortlaufendem Pflanzplan f\u00fcr dein Hochbeet<\/li>\n<\/ul>\n","protected":false},"featured_media":108512,"comment_status":"open","ping_status":"closed","template":"","meta":{"_acf_changed":false},"product_brand":[],"product_cat":[679,668],"product_tag":[689,116,665],"class_list":{"0":"post-108510","1":"product","2":"type-product","3":"status-publish","4":"has-post-thumbnail","6":"product_cat-buecher-meine-ernte-produkte","7":"product_cat-meine-ernte-produkte","8":"product_tag-brand","9":"product_tag-buch","10":"product_tag-mindestbestellwert","11":"product_shipping_class-versand-durch-meine-ernte","13":"","14":"instock","15":"taxable","16":"shipping-taxable","17":"purchasable","18":"product-type-simple"},"acf":[],"tiered_pricing_type":"fixed","tiered_pricing_fixed_rules":[],"tiered_pricing_product_settings":{"layout":"default","base_unit_name":{"singular":null,"plural":null},"default_variation":null},"tiered_pricing_minimum_quantity":null,"tiered_pricing_roles_data":[],"tiered_pricing_percentage_rules":[],"_links":{"self":[{"href":"https:\/\/www.meine-ernte.de\/shop\/wp-json\/wp\/v2\/product\/108510","targetHints":{"allow":["GET"]}}],"collection":[{"href":"https:\/\/www.meine-ernte.de\/shop\/wp-json\/wp\/v2\/product"}],"about":[{"href":"https:\/\/www.meine-ernte.de\/shop\/wp-json\/wp\/v2\/types\/product"}],"replies":[{"embeddable":true,"href":"https:\/\/www.meine-ernte.de\/shop\/wp-json\/wp\/v2\/comments?post=108510"}],"wp:featuredmedia":[{"embeddable":true,"href":"https:\/\/www.meine-ernte.de\/shop\/wp-json\/wp\/v2\/media\/108512"}],"wp:attachment":[{"href":"https:\/\/www.meine-ernte.de\/shop\/wp-json\/wp\/v2\/media?parent=108510"}],"wp:term":[{"taxonomy":"product_brand","embeddable":true,"href":"https:\/\/www.meine-ernte.de\/shop\/wp-json\/wp\/v2\/product_brand?post=108510"},{"taxonomy":"product_cat","embeddable":true,"href":"https:\/\/www.meine-ernte.de\/shop\/wp-json\/wp\/v2\/product_cat?post=108510"},{"taxonomy":"product_tag","embeddable":true,"href":"https:\/\/www.meine-ernte.de\/shop\/wp-json\/wp\/v2\/product_tag?post=108510"}],"curies":[{"name":"wp","href":"https:\/\/api.w.org\/{rel}","templated":true}]}}