{"id":107829,"date":"2023-11-30T12:07:08","date_gmt":"2023-11-30T11:07:08","guid":{"rendered":"https:\/\/www.meine-ernte.de\/shop\/?post_type=product&#038;p=107829"},"modified":"2025-06-08T17:26:25","modified_gmt":"2025-06-08T15:26:25","slug":"kohlkragen-meine-ernte","status":"publish","type":"product","link":"https:\/\/www.meine-ernte.de\/shop\/kohlkragen-meine-ernte\/","title":{"rendered":"Kohlkragen meine ernte"},"content":{"rendered":"<div class=\"row\"  id=\"row-165325371\">\n\n\t<div id=\"col-1871936407\" class=\"col medium-6 small-12 large-6\"  >\n\t\t\t\t<div class=\"col-inner\"  >\n\t\t\t\n\t\t\t\n<h2>Tsch\u00fcss, Kohlfliege!<\/h2>\n<p>Die Kohlfliege legt ab ca. Ende April ihre Eier an den Wurzel\u00adhals der Kohlpflanze. Die geschl\u00fcpften Larven bohren sich in die Wurzeln und sch\u00e4digen die Pflanze dort massiv. Der Kragen verhindert die Eiablage und sch\u00fctzt somit zuverl\u00e4ssig vor Sch\u00e4den der ungebetenen G\u00e4ste. Daneben profitiert die Pflanze durch den dunklen Kragen von w\u00e4rmeren Bodentemperaturen, die Erde bleibt feinkr\u00fcmeliger und h\u00e4lt die Feuchtigkeit l\u00e4nger \u2013 du musst weniger gie\u00dfen und weniger Unkraut zupfen. Eine ganz sch\u00f6n runde Sache, so ein Kohlkragen!<\/p>\n<p>F\u00fcr alle Kohlarten wie Kohlrabi, Blumenkohl, Brokkoli, Rotkohl, Wei\u00dfkohl, Spitzkohl, Rosenkohl oder Chinakohl geeignet.<\/p>\n<p><strong>Anwendungszeitraum:<\/strong> M\u00e4rz bis September. Mehrfach verwendbar.<\/p>\n<p>Gut zu wissen: Durch die bogenf\u00f6rmigen Einschnitte bleibt die Pflanze im Wachstum unverletzt.<\/p>\n<h3>Produktmerkmale<\/h3>\n<ul>\n<li>25 St\u00fcck, mehrfach verwendbar<\/li>\n<li>Material: Impr\u00e4gnierte Pappe<\/li>\n<li>F\u00fcr den \u00f6kologischen Anbau geeignet<\/li>\n<li>Ohne Insektizide<\/li>\n<li>\u00d8 12 cm<\/li>\n<li>Made in Germany<\/li>\n<\/ul>\n<p><strong>Tipp: <\/strong>Der Kragen bringt auch anderen Kulturen wie Tomaten, Auberginen oder Gurken den Vorteil, dass der Boden im Wurzelbereich w\u00e4rmer wird und l\u00e4nger die Feuchtigkeit h\u00e4lt.<\/p>\n\t\t<\/div>\n\t\t\t\t\t<\/div>\n\n\t\n\n\t<div id=\"col-1566057867\" class=\"col medium-6 small-12 large-6\"  >\n\t\t\t\t<div class=\"col-inner\"  >\n\t\t\t\n\t\t\t\n<h3><strong>Einfache Anwendung: <\/strong><\/h3>\n<ol>\n<li>Jungpflanze in den Boden setzen<\/li>\n<li>Kohlkragen leicht aufbiegen<\/li>\n<li>Vorsichtig um den St\u00e4ngel legen<\/li>\n<li>Glatt auf den Boden dr\u00fccken<\/li>\n<li>Wie gewohnt gie\u00dfen<\/li>\n<\/ol>\n\t<div class=\"img has-hover x md-x lg-x y md-y lg-y\" id=\"image_58496491\">\n\t\t\t\t\t\t\t\t<div class=\"img-inner dark\" >\n\t\t\t<img decoding=\"async\" width=\"800\" height=\"800\" src=\"https:\/\/www.meine-ernte.de\/shop\/wp-content\/uploads\/Kohlkragen-meine-ernte-Anleitung-web-800x800.jpg\" class=\"attachment-large size-large\" alt=\"\" srcset=\"https:\/\/www.meine-ernte.de\/shop\/wp-content\/uploads\/Kohlkragen-meine-ernte-Anleitung-web-800x800.jpg 800w, https:\/\/www.meine-ernte.de\/shop\/wp-content\/uploads\/Kohlkragen-meine-ernte-Anleitung-web-400x400.jpg 400w, https:\/\/www.meine-ernte.de\/shop\/wp-content\/uploads\/Kohlkragen-meine-ernte-Anleitung-web-280x280.jpg 280w, https:\/\/www.meine-ernte.de\/shop\/wp-content\/uploads\/Kohlkragen-meine-ernte-Anleitung-web-768x768.jpg 768w, https:\/\/www.meine-ernte.de\/shop\/wp-content\/uploads\/Kohlkragen-meine-ernte-Anleitung-web-300x300.jpg 300w, https:\/\/www.meine-ernte.de\/shop\/wp-content\/uploads\/Kohlkragen-meine-ernte-Anleitung-web-600x600.jpg 600w, https:\/\/www.meine-ernte.de\/shop\/wp-content\/uploads\/Kohlkragen-meine-ernte-Anleitung-web-100x100.jpg 100w, https:\/\/www.meine-ernte.de\/shop\/wp-content\/uploads\/Kohlkragen-meine-ernte-Anleitung-web-80x80.jpg 80w, https:\/\/www.meine-ernte.de\/shop\/wp-content\/uploads\/Kohlkragen-meine-ernte-Anleitung-web.jpg 945w\" sizes=\"(max-width: 800px) 100vw, 800px\" \/>\t\t\t\t\t\t\n\t\t\t\t\t<\/div>\n\t\t\t\t\t\t\t\t\n<style>\n#image_58496491 {\n  width: 100%;\n}\n<\/style>\n\t<\/div>\n\t\n<p>&nbsp;<\/p>\n<p style=\"text-align: center\"><strong>Eure Meinung:<\/strong><\/p>\n<p style=\"margin-bottom: 0px;text-align: center\"><em>&#8222;Ein praktisches Hilfsmittel, das die Pflanzen richtig gut sch\u00fctzt \u2013 bin sehr zufrieden!&#8220;<\/em><\/p>\n<p style=\"margin-top: 0px;text-align: center\">(Maria)<\/p>\n<p style=\"margin-bottom: 0px;text-align: center\"><em>&#8222;Ich war \u00fcberrascht, wie gut das funktioniert! Ein kleines, aber sehr wirkungsvolles Hilfsmittel. Absolut empfehlenswert!&#8220;<\/em><\/p>\n<p style=\"margin-top: 0px;text-align: center\">(Peter)<\/p>\n\t\t<\/div>\n\t\t\t\t\t<\/div>\n\n\t\n<\/div>\n<div class=\"container section-title-container\" ><h3 class=\"section-title section-title-normal\"><b aria-hidden=\"true\"><\/b><span class=\"section-title-main\" >Weitere Produkte zur Sch\u00e4dlingsbek\u00e4mpfung<\/span><b aria-hidden=\"true\"><\/b><\/h3><\/div>\n\t\n  \n    <div class=\"row large-columns-4 medium-columns-3 small-columns-2 row-small slider row-slider slider-nav-reveal slider-nav-push\"  data-flickity-options='{&quot;imagesLoaded&quot;: true, &quot;groupCells&quot;: &quot;100%&quot;, &quot;dragThreshold&quot; : 5, &quot;cellAlign&quot;: &quot;left&quot;,&quot;wrapAround&quot;: true,&quot;prevNextButtons&quot;: true,&quot;percentPosition&quot;: true,&quot;pageDots&quot;: false, &quot;rightToLeft&quot;: false, &quot;autoPlay&quot; : false}' >\n\n  \n\t     <div class=\"product-small col has-hover product type-product post-107322 status-publish first instock product_cat-fuer-deinen-mietgarten product_cat-pflege product_cat-meine-ernte-produkte product_cat-mittel-gegen-schaedlinge has-post-thumbnail taxable shipping-taxable purchasable product-type-simple\">\n\t<div class=\"col-inner\">\n\t\n<div class=\"badge-container absolute left top z-1\">\n\n<div class=\"badge callout badge-circle\"><div class=\"badge-inner callout-new-bg is-small new-bubble\">Bestseller<\/div><\/div><\/div>\n\t<div class=\"product-small box \">\n\t\t<div class=\"box-image\">\n\t\t\t<div class=\"image-fade_in_back\">\n\t\t\t\t<a href=\"https:\/\/www.meine-ernte.de\/shop\/schneckenbremse-meine-ernte\/\">\n\t\t\t\t\t<img decoding=\"async\" width=\"300\" height=\"300\" src=\"https:\/\/www.meine-ernte.de\/shop\/wp-content\/uploads\/Schneckenbremse-meine-ernte-160dpi-1-300x300.jpg\" class=\"attachment-woocommerce_thumbnail size-woocommerce_thumbnail\" alt=\"Schneckenbremse meine ernte\" srcset=\"https:\/\/www.meine-ernte.de\/shop\/wp-content\/uploads\/Schneckenbremse-meine-ernte-160dpi-1-300x300.jpg 300w, https:\/\/www.meine-ernte.de\/shop\/wp-content\/uploads\/Schneckenbremse-meine-ernte-160dpi-1-400x400.jpg 400w, https:\/\/www.meine-ernte.de\/shop\/wp-content\/uploads\/Schneckenbremse-meine-ernte-160dpi-1-800x800.jpg 800w, https:\/\/www.meine-ernte.de\/shop\/wp-content\/uploads\/Schneckenbremse-meine-ernte-160dpi-1-280x280.jpg 280w, https:\/\/www.meine-ernte.de\/shop\/wp-content\/uploads\/Schneckenbremse-meine-ernte-160dpi-1-768x768.jpg 768w, https:\/\/www.meine-ernte.de\/shop\/wp-content\/uploads\/Schneckenbremse-meine-ernte-160dpi-1-600x600.jpg 600w, https:\/\/www.meine-ernte.de\/shop\/wp-content\/uploads\/Schneckenbremse-meine-ernte-160dpi-1-100x100.jpg 100w, https:\/\/www.meine-ernte.de\/shop\/wp-content\/uploads\/Schneckenbremse-meine-ernte-160dpi-1-64x64.jpg 64w, https:\/\/www.meine-ernte.de\/shop\/wp-content\/uploads\/Schneckenbremse-meine-ernte-160dpi-1-80x80.jpg 80w, https:\/\/www.meine-ernte.de\/shop\/wp-content\/uploads\/Schneckenbremse-meine-ernte-160dpi-1.jpg 945w\" sizes=\"(max-width: 300px) 100vw, 300px\" \/><img decoding=\"async\" width=\"300\" height=\"300\" src=\"https:\/\/www.meine-ernte.de\/shop\/wp-content\/uploads\/Schneckenbremse-meine-ernte-160dpi-2-300x300.jpg\" class=\"show-on-hover absolute fill hide-for-small back-image\" alt=\"Alternative view of Schneckenbremse meine ernte\" aria-hidden=\"true\" srcset=\"https:\/\/www.meine-ernte.de\/shop\/wp-content\/uploads\/Schneckenbremse-meine-ernte-160dpi-2-300x300.jpg 300w, https:\/\/www.meine-ernte.de\/shop\/wp-content\/uploads\/Schneckenbremse-meine-ernte-160dpi-2-400x400.jpg 400w, https:\/\/www.meine-ernte.de\/shop\/wp-content\/uploads\/Schneckenbremse-meine-ernte-160dpi-2-800x800.jpg 800w, https:\/\/www.meine-ernte.de\/shop\/wp-content\/uploads\/Schneckenbremse-meine-ernte-160dpi-2-280x280.jpg 280w, https:\/\/www.meine-ernte.de\/shop\/wp-content\/uploads\/Schneckenbremse-meine-ernte-160dpi-2-768x768.jpg 768w, https:\/\/www.meine-ernte.de\/shop\/wp-content\/uploads\/Schneckenbremse-meine-ernte-160dpi-2-600x600.jpg 600w, https:\/\/www.meine-ernte.de\/shop\/wp-content\/uploads\/Schneckenbremse-meine-ernte-160dpi-2-100x100.jpg 100w, https:\/\/www.meine-ernte.de\/shop\/wp-content\/uploads\/Schneckenbremse-meine-ernte-160dpi-2-64x64.jpg 64w, https:\/\/www.meine-ernte.de\/shop\/wp-content\/uploads\/Schneckenbremse-meine-ernte-160dpi-2-80x80.jpg 80w, https:\/\/www.meine-ernte.de\/shop\/wp-content\/uploads\/Schneckenbremse-meine-ernte-160dpi-2.jpg 945w\" sizes=\"(max-width: 300px) 100vw, 300px\" \/>\t\t\t\t<\/a>\n\t\t\t<\/div>\n\t\t\t<div class=\"image-tools is-small top right show-on-hover\">\n\t\t\t\t\t\t\t<\/div>\n\t\t\t<div class=\"image-tools is-small hide-for-small bottom left show-on-hover\">\n\t\t\t\t\t\t\t<\/div>\n\t\t\t<div class=\"image-tools grid-tools text-center hide-for-small bottom hover-slide-in show-on-hover\">\n\t\t\t\t<a href=\"#quick-view\" class=\"quick-view\" role=\"button\" data-prod=\"107322\" aria-haspopup=\"dialog\" aria-expanded=\"false\" data-flatsome-role-button>Schnellansicht<\/a>\t\t\t<\/div>\n\t\t\t\t\t<\/div>\n\n\t\t<div class=\"box-text box-text-products\">\n\t\t\t<div class=\"title-wrapper\"><p class=\"name product-title woocommerce-loop-product__title\"><a href=\"https:\/\/www.meine-ernte.de\/shop\/schneckenbremse-meine-ernte\/\" class=\"woocommerce-LoopProduct-link woocommerce-loop-product__link\">Schneckenbremse meine ernte<\/a><\/p><\/div><div class=\"price-wrapper\"><div class=\"star-rating star-rating--inline\" role=\"img\" aria-label=\"Bewertet mit 4 von 5\"><span style=\"width:80%\">Bewertet mit <strong class=\"rating\">4<\/strong> von 5<\/span><\/div><p class=\"wc-gzd-additional-info wc-gzd-additional-info-loop wc-gzd-rating-authenticity-status is-verified\">\n\tGepr\u00fcfte Gesamtbewertung. <a href=\"https:\/\/www.meine-ernte.de\/shop\/echtheit-von-bewertungen\/\" target=\"_blank\">Mehr Infos<\/a><\/p>\n\n\t<span class=\"price\">\t\t<span class=\"tiered-pricing-dynamic-price-wrapper\"\n\t\t\t  data-display-context=\"shop-loop\"\n\t\t\t  data-price-type=\"no-rules\"\n\t\t\t  data-product-id=\"107322\"\n\t\t\t  data-parent-id=\"107322\">\n\t\t\t<span class=\"woocommerce-Price-amount amount\"><bdi>6,99&nbsp;<span class=\"woocommerce-Price-currencySymbol\">&euro;<\/span><\/bdi><\/span><\/span><\/span>\n\n\n\n<\/div>\t\t<\/div>\n\t<\/div>\n\t\n\t<p class=\"wc-gzd-additional-info wc-gzd-additional-info-loop tax-info\">inkl. 19 % MwSt.<\/p>\n\n\t<p class=\"wc-gzd-additional-info wc-gzd-additional-info-loop shipping-costs-info\">zzgl. <a href=\"https:\/\/www.meine-ernte.de\/shop\/versandarten\/\" target=\"_blank\">Versandkosten<\/a><\/p>\n\n\n\t<\/div>\n<\/div><div class=\"product-small col has-hover product type-product post-107805 status-publish instock product_cat-pflege product_cat-fuer-deinen-mietgarten product_cat-meine-ernte-produkte product_cat-mittel-gegen-schaedlinge product_cat-duenger-wachstumshilfen has-post-thumbnail taxable shipping-taxable purchasable product-type-simple\">\n\t<div class=\"col-inner\">\n\t\n<div class=\"badge-container absolute left top z-1\">\n\n<\/div>\n\t<div class=\"product-small box \">\n\t\t<div class=\"box-image\">\n\t\t\t<div class=\"image-fade_in_back\">\n\t\t\t\t<a href=\"https:\/\/www.meine-ernte.de\/shop\/vitalspray-mit-neem\/\">\n\t\t\t\t\t<img decoding=\"async\" width=\"300\" height=\"300\" src=\"https:\/\/www.meine-ernte.de\/shop\/wp-content\/uploads\/Neemspray-meine-ernte-160dpi-1-300x300.jpg\" class=\"attachment-woocommerce_thumbnail size-woocommerce_thumbnail\" alt=\"Vitalspray mit Neem meine ernte\" srcset=\"https:\/\/www.meine-ernte.de\/shop\/wp-content\/uploads\/Neemspray-meine-ernte-160dpi-1-300x300.jpg 300w, https:\/\/www.meine-ernte.de\/shop\/wp-content\/uploads\/Neemspray-meine-ernte-160dpi-1-400x400.jpg 400w, https:\/\/www.meine-ernte.de\/shop\/wp-content\/uploads\/Neemspray-meine-ernte-160dpi-1-800x800.jpg 800w, https:\/\/www.meine-ernte.de\/shop\/wp-content\/uploads\/Neemspray-meine-ernte-160dpi-1-280x280.jpg 280w, https:\/\/www.meine-ernte.de\/shop\/wp-content\/uploads\/Neemspray-meine-ernte-160dpi-1-768x768.jpg 768w, https:\/\/www.meine-ernte.de\/shop\/wp-content\/uploads\/Neemspray-meine-ernte-160dpi-1-600x600.jpg 600w, https:\/\/www.meine-ernte.de\/shop\/wp-content\/uploads\/Neemspray-meine-ernte-160dpi-1-100x100.jpg 100w, https:\/\/www.meine-ernte.de\/shop\/wp-content\/uploads\/Neemspray-meine-ernte-160dpi-1-64x64.jpg 64w, https:\/\/www.meine-ernte.de\/shop\/wp-content\/uploads\/Neemspray-meine-ernte-160dpi-1-80x80.jpg 80w, https:\/\/www.meine-ernte.de\/shop\/wp-content\/uploads\/Neemspray-meine-ernte-160dpi-1.jpg 945w\" sizes=\"(max-width: 300px) 100vw, 300px\" \/><img decoding=\"async\" width=\"300\" height=\"300\" src=\"https:\/\/www.meine-ernte.de\/shop\/wp-content\/uploads\/Neemspray-meine-ernte-160dpi-3-300x300.jpg\" class=\"show-on-hover absolute fill hide-for-small back-image\" alt=\"Alternative view of Vitalspray mit Neem meine ernte\" aria-hidden=\"true\" srcset=\"https:\/\/www.meine-ernte.de\/shop\/wp-content\/uploads\/Neemspray-meine-ernte-160dpi-3-300x300.jpg 300w, https:\/\/www.meine-ernte.de\/shop\/wp-content\/uploads\/Neemspray-meine-ernte-160dpi-3-400x400.jpg 400w, https:\/\/www.meine-ernte.de\/shop\/wp-content\/uploads\/Neemspray-meine-ernte-160dpi-3-800x800.jpg 800w, https:\/\/www.meine-ernte.de\/shop\/wp-content\/uploads\/Neemspray-meine-ernte-160dpi-3-280x280.jpg 280w, https:\/\/www.meine-ernte.de\/shop\/wp-content\/uploads\/Neemspray-meine-ernte-160dpi-3-768x768.jpg 768w, https:\/\/www.meine-ernte.de\/shop\/wp-content\/uploads\/Neemspray-meine-ernte-160dpi-3-600x600.jpg 600w, https:\/\/www.meine-ernte.de\/shop\/wp-content\/uploads\/Neemspray-meine-ernte-160dpi-3-100x100.jpg 100w, https:\/\/www.meine-ernte.de\/shop\/wp-content\/uploads\/Neemspray-meine-ernte-160dpi-3-64x64.jpg 64w, https:\/\/www.meine-ernte.de\/shop\/wp-content\/uploads\/Neemspray-meine-ernte-160dpi-3-80x80.jpg 80w, https:\/\/www.meine-ernte.de\/shop\/wp-content\/uploads\/Neemspray-meine-ernte-160dpi-3.jpg 945w\" sizes=\"(max-width: 300px) 100vw, 300px\" \/>\t\t\t\t<\/a>\n\t\t\t<\/div>\n\t\t\t<div class=\"image-tools is-small top right show-on-hover\">\n\t\t\t\t\t\t\t<\/div>\n\t\t\t<div class=\"image-tools is-small hide-for-small bottom left show-on-hover\">\n\t\t\t\t\t\t\t<\/div>\n\t\t\t<div class=\"image-tools grid-tools text-center hide-for-small bottom hover-slide-in show-on-hover\">\n\t\t\t\t<a href=\"#quick-view\" class=\"quick-view\" role=\"button\" data-prod=\"107805\" aria-haspopup=\"dialog\" aria-expanded=\"false\" data-flatsome-role-button>Schnellansicht<\/a>\t\t\t<\/div>\n\t\t\t\t\t<\/div>\n\n\t\t<div class=\"box-text box-text-products\">\n\t\t\t<div class=\"title-wrapper\"><p class=\"name product-title woocommerce-loop-product__title\"><a href=\"https:\/\/www.meine-ernte.de\/shop\/vitalspray-mit-neem\/\" class=\"woocommerce-LoopProduct-link woocommerce-loop-product__link\">Vitalspray mit Neem meine ernte<\/a><\/p><\/div><div class=\"price-wrapper\"><div class=\"star-rating star-rating--inline\" role=\"img\" aria-label=\"Bewertet mit 5 von 5\"><span style=\"width:100%\">Bewertet mit <strong class=\"rating\">5<\/strong> von 5<\/span><\/div><p class=\"wc-gzd-additional-info wc-gzd-additional-info-loop wc-gzd-rating-authenticity-status is-verified\">\n\tGepr\u00fcfte Gesamtbewertung. <a href=\"https:\/\/www.meine-ernte.de\/shop\/echtheit-von-bewertungen\/\" target=\"_blank\">Mehr Infos<\/a><\/p>\n\n\t<span class=\"price\">\t\t<span class=\"tiered-pricing-dynamic-price-wrapper\"\n\t\t\t  data-display-context=\"shop-loop\"\n\t\t\t  data-price-type=\"no-rules\"\n\t\t\t  data-product-id=\"107805\"\n\t\t\t  data-parent-id=\"107805\">\n\t\t\t<span class=\"woocommerce-Price-amount amount\"><bdi>12,49&nbsp;<span class=\"woocommerce-Price-currencySymbol\">&euro;<\/span><\/bdi><\/span><\/span><\/span>\n\n\n\n<\/div>\t\t<\/div>\n\t<\/div>\n\t\n\t<p class=\"wc-gzd-additional-info wc-gzd-additional-info-loop tax-info\">inkl. 19 % MwSt.<\/p>\n\n\t<p class=\"wc-gzd-additional-info wc-gzd-additional-info-loop shipping-costs-info\">zzgl. <a href=\"https:\/\/www.meine-ernte.de\/shop\/versandarten\/\" target=\"_blank\">Versandkosten<\/a><\/p>\n\n\n\t<\/div>\n<\/div><div class=\"product-small col has-hover product type-product post-95026 status-publish instock product_cat-pflege product_cat-meine-ernte-produkte product_cat-mittel-gegen-schaedlinge product_cat-pflanzenschutz-und-staerkung product_tag-brand product_tag-mindestbestellwert has-post-thumbnail taxable shipping-taxable purchasable product-type-variable\">\n\t<div class=\"col-inner\">\n\t\n<div class=\"badge-container absolute left top z-1\">\n\n<div class=\"badge callout badge-circle\"><div class=\"badge-inner callout-new-bg is-small new-bubble\">Bestseller<\/div><\/div><\/div>\n\t<div class=\"product-small box \">\n\t\t<div class=\"box-image\">\n\t\t\t<div class=\"image-fade_in_back\">\n\t\t\t\t<a href=\"https:\/\/www.meine-ernte.de\/shop\/wuehlmauskorb\/\">\n\t\t\t\t\t<img decoding=\"async\" width=\"300\" height=\"300\" src=\"https:\/\/www.meine-ernte.de\/shop\/wp-content\/uploads\/meine-ernte_wuehlmaus-korb-gross-verzinkt_vorne-300x300.jpg\" class=\"attachment-woocommerce_thumbnail size-woocommerce_thumbnail\" alt=\"W\u00fchlmauskorb meine ernte f\u00fcr B\u00e4ume und Str\u00e4ucher, 35 x 40 cm oder 60 x 70 cm, verzinkt\" srcset=\"https:\/\/www.meine-ernte.de\/shop\/wp-content\/uploads\/meine-ernte_wuehlmaus-korb-gross-verzinkt_vorne-300x300.jpg 300w, https:\/\/www.meine-ernte.de\/shop\/wp-content\/uploads\/meine-ernte_wuehlmaus-korb-gross-verzinkt_vorne-400x400.jpg 400w, https:\/\/www.meine-ernte.de\/shop\/wp-content\/uploads\/meine-ernte_wuehlmaus-korb-gross-verzinkt_vorne-280x280.jpg 280w, https:\/\/www.meine-ernte.de\/shop\/wp-content\/uploads\/meine-ernte_wuehlmaus-korb-gross-verzinkt_vorne-768x768.jpg 768w, https:\/\/www.meine-ernte.de\/shop\/wp-content\/uploads\/meine-ernte_wuehlmaus-korb-gross-verzinkt_vorne-600x600.jpg 600w, https:\/\/www.meine-ernte.de\/shop\/wp-content\/uploads\/meine-ernte_wuehlmaus-korb-gross-verzinkt_vorne-100x100.jpg 100w, https:\/\/www.meine-ernte.de\/shop\/wp-content\/uploads\/meine-ernte_wuehlmaus-korb-gross-verzinkt_vorne.jpg 800w\" sizes=\"(max-width: 300px) 100vw, 300px\" \/><img decoding=\"async\" width=\"300\" height=\"300\" src=\"https:\/\/www.meine-ernte.de\/shop\/wp-content\/uploads\/meine-ernte_wuehlmaus-korb-klein_hinten-300x300.jpg\" class=\"show-on-hover absolute fill hide-for-small back-image\" alt=\"Alternative view of W\u00fchlmauskorb meine ernte f\u00fcr B\u00e4ume und Str\u00e4ucher, 35 x 40 cm oder 60 x 70 cm, verzinkt\" aria-hidden=\"true\" srcset=\"https:\/\/www.meine-ernte.de\/shop\/wp-content\/uploads\/meine-ernte_wuehlmaus-korb-klein_hinten-300x300.jpg 300w, https:\/\/www.meine-ernte.de\/shop\/wp-content\/uploads\/meine-ernte_wuehlmaus-korb-klein_hinten-400x400.jpg 400w, https:\/\/www.meine-ernte.de\/shop\/wp-content\/uploads\/meine-ernte_wuehlmaus-korb-klein_hinten-280x280.jpg 280w, https:\/\/www.meine-ernte.de\/shop\/wp-content\/uploads\/meine-ernte_wuehlmaus-korb-klein_hinten-768x768.jpg 768w, https:\/\/www.meine-ernte.de\/shop\/wp-content\/uploads\/meine-ernte_wuehlmaus-korb-klein_hinten-600x600.jpg 600w, https:\/\/www.meine-ernte.de\/shop\/wp-content\/uploads\/meine-ernte_wuehlmaus-korb-klein_hinten-100x100.jpg 100w, https:\/\/www.meine-ernte.de\/shop\/wp-content\/uploads\/meine-ernte_wuehlmaus-korb-klein_hinten.jpg 800w\" sizes=\"(max-width: 300px) 100vw, 300px\" \/>\t\t\t\t<\/a>\n\t\t\t<\/div>\n\t\t\t<div class=\"image-tools is-small top right show-on-hover\">\n\t\t\t\t\t\t\t<\/div>\n\t\t\t<div class=\"image-tools is-small hide-for-small bottom left show-on-hover\">\n\t\t\t\t\t\t\t<\/div>\n\t\t\t<div class=\"image-tools grid-tools text-center hide-for-small bottom hover-slide-in show-on-hover\">\n\t\t\t\t<a href=\"#quick-view\" class=\"quick-view\" role=\"button\" data-prod=\"95026\" aria-haspopup=\"dialog\" aria-expanded=\"false\" data-flatsome-role-button>Schnellansicht<\/a>\t\t\t<\/div>\n\t\t\t\t\t<\/div>\n\n\t\t<div class=\"box-text box-text-products\">\n\t\t\t<div class=\"title-wrapper\"><p class=\"name product-title woocommerce-loop-product__title\"><a href=\"https:\/\/www.meine-ernte.de\/shop\/wuehlmauskorb\/\" class=\"woocommerce-LoopProduct-link woocommerce-loop-product__link\">W\u00fchlmauskorb meine ernte f\u00fcr B\u00e4ume und Str\u00e4ucher, 35 x 40 cm oder 60 x 70 cm, verzinkt<\/a><\/p><\/div><div class=\"price-wrapper\"><div class=\"star-rating star-rating--inline\" role=\"img\" aria-label=\"Bewertet mit 5 von 5\"><span style=\"width:100%\">Bewertet mit <strong class=\"rating\">5<\/strong> von 5<\/span><\/div><p class=\"wc-gzd-additional-info wc-gzd-additional-info-loop wc-gzd-rating-authenticity-status is-verified\">\n\tGepr\u00fcfte Gesamtbewertung. <a href=\"https:\/\/www.meine-ernte.de\/shop\/echtheit-von-bewertungen\/\" target=\"_blank\">Mehr Infos<\/a><\/p>\n\n\t<span class=\"price\">\t\t<span class=\"tiered-pricing-dynamic-price-wrapper tiered-pricing-dynamic-price-wrapper--variable\"\n\t\t\t  data-display-context=\"shop-loop\"\n\t\t\t  data-price-type=\"dynamic\"\n\t\t\t  data-product-id=\"95026\"\n\t\t\t  data-parent-id=\"95026\">\n\t\t\t<span class=\"woocommerce-Price-amount amount\"><bdi>8,90&nbsp;<span class=\"woocommerce-Price-currencySymbol\">&euro;<\/span><\/bdi><\/span> &ndash; <span class=\"woocommerce-Price-amount amount\"><bdi>11,90&nbsp;<span class=\"woocommerce-Price-currencySymbol\">&euro;<\/span><\/bdi><\/span><\/span><\/span>\n\n\n\n<\/div>\t\t<\/div>\n\t<\/div>\n\t\n\t<p class=\"wc-gzd-additional-info wc-gzd-additional-info-loop tax-info\">inkl. MwSt.<\/p>\n\n\t<p class=\"wc-gzd-additional-info wc-gzd-additional-info-loop shipping-costs-info\">zzgl. <a href=\"https:\/\/www.meine-ernte.de\/shop\/versandarten\/\" target=\"_blank\">Versandkosten<\/a><\/p>\n\n\t<p class=\"wc-gzd-additional-info delivery-time-info wc-gzd-additional-info-loop\"><span class=\"delivery-time-inner delivery-time-3-5-werktage\">Lieferzeit: <span class=\"delivery-time-data\">3-5 Werktage<\/span><\/span><\/p>\n\n\t<\/div>\n<\/div><\/div>\n","protected":false},"excerpt":{"rendered":"<ul>\n<li>Zuverl\u00e4ssiger Schutz vor der Kohlfliege<\/li>\n<li>Weniger Gie\u00dfen und somit Wasser sparen<\/li>\n<li>Feinkr\u00fcmeliger, w\u00e4rmerer Boden<\/li>\n<li>Weniger Unkraut j\u00e4ten<\/li>\n<\/ul>\n","protected":false},"featured_media":108519,"comment_status":"open","ping_status":"closed","template":"","meta":{"_acf_changed":false},"product_brand":[],"product_cat":[750,680,668,310],"product_tag":[],"class_list":{"0":"post-107829","1":"product","2":"type-product","3":"status-publish","4":"has-post-thumbnail","6":"product_cat-fuer-deinen-mietgarten","7":"product_cat-pflege","8":"product_cat-meine-ernte-produkte","9":"product_cat-mittel-gegen-schaedlinge","10":"product_shipping_class-versand-durch-meine-ernte","12":"last","13":"instock","14":"taxable","15":"shipping-taxable","16":"purchasable","17":"product-type-simple"},"acf":[],"tiered_pricing_type":"fixed","tiered_pricing_fixed_rules":[],"tiered_pricing_product_settings":{"layout":"default","base_unit_name":{"singular":null,"plural":null},"default_variation":null},"tiered_pricing_minimum_quantity":null,"tiered_pricing_roles_data":[],"tiered_pricing_percentage_rules":[],"_links":{"self":[{"href":"https:\/\/www.meine-ernte.de\/shop\/wp-json\/wp\/v2\/product\/107829","targetHints":{"allow":["GET"]}}],"collection":[{"href":"https:\/\/www.meine-ernte.de\/shop\/wp-json\/wp\/v2\/product"}],"about":[{"href":"https:\/\/www.meine-ernte.de\/shop\/wp-json\/wp\/v2\/types\/product"}],"replies":[{"embeddable":true,"href":"https:\/\/www.meine-ernte.de\/shop\/wp-json\/wp\/v2\/comments?post=107829"}],"wp:featuredmedia":[{"embeddable":true,"href":"https:\/\/www.meine-ernte.de\/shop\/wp-json\/wp\/v2\/media\/108519"}],"wp:attachment":[{"href":"https:\/\/www.meine-ernte.de\/shop\/wp-json\/wp\/v2\/media?parent=107829"}],"wp:term":[{"taxonomy":"product_brand","embeddable":true,"href":"https:\/\/www.meine-ernte.de\/shop\/wp-json\/wp\/v2\/product_brand?post=107829"},{"taxonomy":"product_cat","embeddable":true,"href":"https:\/\/www.meine-ernte.de\/shop\/wp-json\/wp\/v2\/product_cat?post=107829"},{"taxonomy":"product_tag","embeddable":true,"href":"https:\/\/www.meine-ernte.de\/shop\/wp-json\/wp\/v2\/product_tag?post=107829"}],"curies":[{"name":"wp","href":"https:\/\/api.w.org\/{rel}","templated":true}]}}