{"id":107780,"date":"2023-11-30T07:10:34","date_gmt":"2023-11-30T06:10:34","guid":{"rendered":"https:\/\/www.meine-ernte.de\/shop\/?post_type=product&#038;p=107780"},"modified":"2026-03-13T10:42:08","modified_gmt":"2026-03-13T09:42:08","slug":"jaeteblitz-gegen-unkraut-meine-ernte","status":"publish","type":"product","link":"https:\/\/www.meine-ernte.de\/shop\/jaeteblitz-gegen-unkraut-meine-ernte\/","title":{"rendered":"J\u00e4teblitz gegen Unkraut meine ernte"},"content":{"rendered":"<div class=\"container section-title-container\" ><h2 class=\"section-title section-title-normal\"><b aria-hidden=\"true\"><\/b><span class=\"section-title-main\" >Der J\u00e4teblitz: Unkraut j\u00e4ten leicht gemacht<\/span><b aria-hidden=\"true\"><\/b><\/h2><\/div>\n<div class=\"row\"  id=\"row-1227325160\">\n\n\t<div id=\"col-1344896851\" class=\"col medium-6 small-12 large-6\"  >\n\t\t\t\t<div class=\"col-inner\"  >\n\t\t\t\n\t\t\t\n<div class=\"container section-title-container\" ><h3 class=\"section-title section-title-center\"><b aria-hidden=\"true\"><\/b><span class=\"section-title-main\" >Produktinformation<\/span><b aria-hidden=\"true\"><\/b><\/h3><\/div>\n<p>Unser innovativer J\u00e4teblitz hilft dir beim Lockern und J\u00e4ten in deinem Gem\u00fcsegarten und Hochbeet.<\/p>\n<p>Mit dem J\u00e4teblitz buddelst du ruckzuck und ganz einfach l\u00e4stige Beikr\u00e4uter aus deinem Gem\u00fcsebeet &#8211; und das samt Wurzel!<br \/>\nDer J\u00e4teblitz liegt dabei ergonomisch in der Hand und schont deine Handgelenke.<\/p>\n<h3>Effektive Unkrautbek\u00e4mpfung und Bodenverbesserung<\/h3>\n<p>Der J\u00e4teblitz ist ein unentbehrliches Werkzeug f\u00fcr den Gem\u00fcsegarten, das nicht nur Unkraut m\u00fchelos samt Wurzeln entfernt, sondern gleichzeitig den Boden lockert. Dies sorgt nicht nur f\u00fcr eine effektive Unkrautbek\u00e4mpfung, sondern erh\u00f6ht auch die Bodenqualit\u00e4t, wodurch das Wachstum deiner Gem\u00fcsepflanzen gef\u00f6rdert wird.<\/p>\n<h3>Komfortables Design f\u00fcr erm\u00fcdungsfreie Gartenarbeit<\/h3>\n<p>Dank seines ergonomischen Griffs kann der J\u00e4teblitz sehr komfortabel genutzt werden. Sowohl f\u00fcr Kinder als auch erfahrene G\u00e4rtner, egal ob Rechts- oder Linksh\u00e4nder, ist dieses Gartenwerkzeug ideal geeignet. Dabei ruht das Handgelenk, w\u00e4hrend der Arm die Arbeit \u00fcbernimmt, weshalb der J\u00e4teblitz auch f\u00fcr diejenigen mit rheumatischen Beschwerden gut zu nutzen ist.<\/p>\n<h3>Universell einsetzbar und bodenvertr\u00e4glich<\/h3>\n<p>Der J\u00e4teblitz ist vielseitig einsetzbar und eignet sich f\u00fcr verschiedene Bodenarten. Von Blumenrabatten \u00fcber Gem\u00fcsebeete bis hin zu Hochbeeten und Gew\u00e4chsh\u00e4usern \u2013 dieses Werkzeug ist ein unverzichtbares Zubeh\u00f6r f\u00fcr Gartenliebhaber.<\/p>\n<h3>Nachhaltiges und langlebiges Design aus Deutschland<\/h3>\n<p>Der J\u00e4teblitz wird komplett in Deutschland gefertigt und besteht aus hochwertigem Bio Kunststoff. Sein robustes Design und die sorgf\u00e4ltig ausgew\u00e4hlten Materialien gew\u00e4hrleisten eine intensive und langj\u00e4hrige Nutzung in deinem Garten.<\/p>\n\t<div id=\"gap-2029111862\" class=\"gap-element clearfix\" style=\"display:block; height:auto;\">\n\t\t\n<style>\n#gap-2029111862 {\n  padding-top: 30px;\n}\n<\/style>\n\t<\/div>\n\t\n\t\t<\/div>\n\t\t\t\t\t<\/div>\n\n\t\n\n\t<div id=\"col-54760353\" class=\"col medium-6 small-12 large-6\"  >\n\t\t\t\t<div class=\"col-inner\"  >\n\t\t\t\n\t\t\t\n<div class=\"container section-title-container\" ><h3 class=\"section-title section-title-center\"><b aria-hidden=\"true\"><\/b><span class=\"section-title-main\" >Anwendung<\/span><b aria-hidden=\"true\"><\/b><\/h3><\/div>\n<p>Die zwei Seiten erm\u00f6glichen dir ein pr\u00e4zises und schnelles J\u00e4ten ohne deine Pflanzen zu besch\u00e4digen. Durch die unterschiedlichen B\u00fcgelgr\u00f6\u00dfen ist er f\u00fcr breite und schmale Reihen geeignet.<\/p>\n<p>Mit den Metallb\u00fcgeln l\u00e4sst sich der J\u00e4teblitz einfach aufh\u00e4ngen und ist so immer griffbereit in deiner Gartenh\u00fctte.<\/p>\n<p>Der J\u00e4teblitz ist auch gut f\u00fcr Kinderh\u00e4nde geeignet, da er durch ihre abgerundeten Ecken keine Gefahr darstellt.<\/p>\n<ul>\n<li>Ma\u00dfe ca. 23,5 x 7 x 5 cm;<\/li>\n<li>Gewicht: 60g<\/li>\n<\/ul>\n<p>Unseren J\u00e4teblitz bekommst du in leuchtend Rot oder Gr\u00fcn. So kann er nicht so leicht im Gem\u00fcsedschungel verloren gehen.<\/p>\n\t<div class=\"img has-hover x md-x lg-x y md-y lg-y\" id=\"image_158393776\">\n\t\t\t\t\t\t\t\t<div class=\"img-inner dark\" >\n\t\t\t<img decoding=\"async\" width=\"800\" height=\"533\" src=\"https:\/\/www.meine-ernte.de\/shop\/wp-content\/uploads\/meine-ernte-Jaetefaust-Foto-Stefanie-Neuhaus-43.jpg\" class=\"attachment-large size-large\" alt=\"\" srcset=\"https:\/\/www.meine-ernte.de\/shop\/wp-content\/uploads\/meine-ernte-Jaetefaust-Foto-Stefanie-Neuhaus-43.jpg 800w, https:\/\/www.meine-ernte.de\/shop\/wp-content\/uploads\/meine-ernte-Jaetefaust-Foto-Stefanie-Neuhaus-43-600x400.jpg 600w, https:\/\/www.meine-ernte.de\/shop\/wp-content\/uploads\/meine-ernte-Jaetefaust-Foto-Stefanie-Neuhaus-43-768x512.jpg 768w, https:\/\/www.meine-ernte.de\/shop\/wp-content\/uploads\/meine-ernte-Jaetefaust-Foto-Stefanie-Neuhaus-43-100x67.jpg 100w\" sizes=\"(max-width: 800px) 100vw, 800px\" \/>\t\t\t\t\t\t\n\t\t\t\t\t<\/div>\n\t\t\t\t\t\t\t\t\n<style>\n#image_158393776 {\n  width: 100%;\n}\n<\/style>\n\t<\/div>\n\t\n\t\t<\/div>\n\t\t\t\t\t<\/div>\n\n\t\n<\/div>\n\n\t<section class=\"section\" id=\"section_2114128286\">\n\t\t<div class=\"section-bg fill\" >\n\t\t\t\t\t\t\t\t\t<div class=\"section-bg-overlay absolute fill\"><\/div>\n\t\t\t\n\n\t\t<\/div>\n\n\t\t\n\n\t\t<div class=\"section-content relative\">\n\t\t\t\n<div class=\"row row-large align-middle\"  id=\"row-1037985265\">\n\n\t<div id=\"col-1097439085\" class=\"col medium-3 small-12 large-3\"  >\n\t\t\t\t<div class=\"col-inner text-right\"  >\n\t\t\t\n\t\t\t\n\t<div class=\"img has-hover x md-x lg-x y md-y lg-y\" id=\"image_1584545412\">\n\t\t\t\t\t\t\t\t<div class=\"img-inner dark\" >\n\t\t\t<img decoding=\"async\" width=\"330\" height=\"330\" src=\"https:\/\/www.meine-ernte.de\/shop\/wp-content\/uploads\/Natalie-rund-transparent.png\" class=\"attachment-large size-large\" alt=\"\" srcset=\"https:\/\/www.meine-ernte.de\/shop\/wp-content\/uploads\/Natalie-rund-transparent.png 330w, https:\/\/www.meine-ernte.de\/shop\/wp-content\/uploads\/Natalie-rund-transparent-280x280.png 280w, https:\/\/www.meine-ernte.de\/shop\/wp-content\/uploads\/Natalie-rund-transparent-300x300.png 300w, https:\/\/www.meine-ernte.de\/shop\/wp-content\/uploads\/Natalie-rund-transparent-100x100.png 100w\" sizes=\"(max-width: 330px) 100vw, 330px\" \/>\t\t\t\t\t\t\n\t\t\t\t\t<\/div>\n\t\t\t\t\t\t\t\t\n<style>\n#image_1584545412 {\n  width: 100%;\n}\n<\/style>\n\t<\/div>\n\t\n\t\t<\/div>\n\t\t\t\t\t<\/div>\n\n\t\n\n\t<div id=\"col-794263625\" class=\"col medium-9 small-12 large-9\"  >\n\t\t\t\t<div class=\"col-inner text-left\"  >\n\t\t\t\n\t\t\t\n<h3>Deshalb mag Natalie dieses Produkt<\/h3>\n<p>Ein kleines, fast unscheinbares Gartenger\u00e4t mit so viel Power! Den J\u00e4teblitz m\u00f6chte ich nicht mehr missen im Garten. Bei der Gartenarbeit ist er immer mit dabei. Durch die Metallb\u00fcgel lassen sich Pflanzen und Unkraut leicht aus der Erde hebeln und die Erde auflockern f\u00fcr die Aussaat. Auch Fugen von der Terrasse kann ich damit reinigen.<br \/>\nMeine Kinder kennen und lieben den J\u00e4teblitz auch schon.<\/p>\n<p><a href=\"https:\/\/www.meine-ernte.de\/shop\/natalie-kirchbaumer\/\">Lerne Natalies Selbstversorger-Projekte kennen<\/a><\/p>\n\t\t<\/div>\n\t\t\t\t\t<\/div>\n\n\t\n<\/div>\n\t\t<\/div>\n\n\t\t\n<style>\n#section_2114128286 {\n  padding-top: 60px;\n  padding-bottom: 60px;\n  background-color: rgb(193, 193, 193);\n}\n#section_2114128286 .section-bg-overlay {\n  background-color: rgba(255, 255, 255, 0.85);\n}\n<\/style>\n\t<\/section>\n\t\n","protected":false},"excerpt":{"rendered":"<ul>\n<li>Besonders einfaches &amp; schnelles Unkraut j\u00e4ten<\/li>\n<li>Zweiseitig f\u00fcr schmale und breite Reihen<\/li>\n<li>Sichere Handhabung durch abgerundete B\u00fcgel<\/li>\n<li>Aus Bio Kunststoff in Deutschland hergestellt<\/li>\n<\/ul>\n","protected":false},"featured_media":108528,"comment_status":"open","ping_status":"closed","template":"","meta":{"_acf_changed":false},"product_brand":[],"product_cat":[750,668,101,313,599],"product_tag":[665,689,692,120],"class_list":{"0":"post-107780","1":"product","2":"type-product","3":"status-publish","4":"has-post-thumbnail","6":"product_cat-fuer-deinen-mietgarten","7":"product_cat-meine-ernte-produkte","8":"product_cat-gartenausstattung-zubehoer","9":"product_cat-gartenhelfer","10":"product_cat-balkongaertnern","11":"product_tag-mindestbestellwert","12":"product_tag-brand","13":"product_tag-jaeteblitz","14":"product_tag-jaetefaust","15":"product_shipping_class-versand-durch-meine-ernte","17":"first","18":"instock","19":"taxable","20":"shipping-taxable","21":"purchasable","22":"product-type-variable","23":"has-default-attributes"},"acf":[],"tiered_pricing_type":"fixed","tiered_pricing_fixed_rules":[],"tiered_pricing_product_settings":{"layout":"default","base_unit_name":{"singular":null,"plural":null},"default_variation":null},"tiered_pricing_minimum_quantity":null,"tiered_pricing_roles_data":[],"tiered_pricing_percentage_rules":[],"_links":{"self":[{"href":"https:\/\/www.meine-ernte.de\/shop\/wp-json\/wp\/v2\/product\/107780","targetHints":{"allow":["GET"]}}],"collection":[{"href":"https:\/\/www.meine-ernte.de\/shop\/wp-json\/wp\/v2\/product"}],"about":[{"href":"https:\/\/www.meine-ernte.de\/shop\/wp-json\/wp\/v2\/types\/product"}],"replies":[{"embeddable":true,"href":"https:\/\/www.meine-ernte.de\/shop\/wp-json\/wp\/v2\/comments?post=107780"}],"wp:featuredmedia":[{"embeddable":true,"href":"https:\/\/www.meine-ernte.de\/shop\/wp-json\/wp\/v2\/media\/108528"}],"wp:attachment":[{"href":"https:\/\/www.meine-ernte.de\/shop\/wp-json\/wp\/v2\/media?parent=107780"}],"wp:term":[{"taxonomy":"product_brand","embeddable":true,"href":"https:\/\/www.meine-ernte.de\/shop\/wp-json\/wp\/v2\/product_brand?post=107780"},{"taxonomy":"product_cat","embeddable":true,"href":"https:\/\/www.meine-ernte.de\/shop\/wp-json\/wp\/v2\/product_cat?post=107780"},{"taxonomy":"product_tag","embeddable":true,"href":"https:\/\/www.meine-ernte.de\/shop\/wp-json\/wp\/v2\/product_tag?post=107780"}],"curies":[{"name":"wp","href":"https:\/\/api.w.org\/{rel}","templated":true}]}}