{"id":107322,"date":"2023-10-17T14:31:33","date_gmt":"2023-10-17T12:31:33","guid":{"rendered":"https:\/\/www.meine-ernte.de\/shop\/?post_type=product&#038;p=107322"},"modified":"2026-02-25T13:36:43","modified_gmt":"2026-02-25T12:36:43","slug":"schneckenbremse-meine-ernte","status":"publish","type":"product","link":"https:\/\/www.meine-ernte.de\/shop\/schneckenbremse-meine-ernte\/","title":{"rendered":"Schneckenbremse meine ernte"},"content":{"rendered":"<h2>Schneckenbremse aus 100% nat\u00fcrlicher Schafswolle<\/h2>\n<div class=\"row\"  id=\"row-689748461\">\n\n\t<div id=\"col-1905070743\" class=\"col medium-6 small-12 large-6\"  >\n\t\t\t\t<div class=\"col-inner\"  >\n\t\t\t\n\t\t\t\n<p>Du m\u00f6chtest l\u00e4stige Schnecken loswerden? Das gelingt mit nat\u00fcrlicher Schafswolle!<\/p>\n<p>Das Anbringen der Wolle ist supereinfach. Forme eine Art Donut aus der Wolle und lege ihn um die Pflanzen, fertig!<\/p>\n<h3>Dickes Fell gegen Schnecken<\/h3>\n<p>Schlechte Zeiten f\u00fcr schleimige Vielfra\u00dfe: Ein nat\u00fcrlicher Schutzwall aus wunderweicher Schafswolle versperrt Schnecken den Weg zu Obst und Gem\u00fcse, so dass diese den R\u00fcckzug antreten.<\/p>\n<p>Schnecken bewegen sich auf einer Schleimschicht voran, um Energie zu sparen. Die Schafswolle absorbiert den Schleim, was es f\u00fcr die Schnecke unverh\u00e4ltnism\u00e4\u00dfig schwer macht, diese Barriere zu \u00fcberwinden.<\/p>\n<p>Hat die Wolle als Schneckenbremse ausgedient, kannst du sie einfach in der Erde einbuddeln: Dort wird sie zersetzt und liefert deinen Pflanzen N\u00e4hrstoffe.<\/p>\n<h3>Deine Vorteile<\/h3>\n<ul>\n<li>Wirksam gegen Schnecken<\/li>\n<li>100% nat\u00fcrliche Schafswolle aus S\u00fcddeutschland<\/li>\n<li>zum \u00f6kologischen Anbau geeignet<\/li>\n<li>einfach anwendbar<\/li>\n<\/ul>\n<p>Schafswolle ist auch ideal, um Gem\u00fcsepflanzen in Hochbeeten, wie Salate, Kohlrabi, Paprika, M\u00f6hren, Rote Beete, und Co. vor Schnecken zu sch\u00fctzen.<\/p>\n<h3>Produktmerkmale<\/h3>\n<ul>\n<li>75 g nat\u00fcrliche Schurwolle<\/li>\n<li>Chemiefrei gewaschen und gek\u00e4mmt<\/li>\n<li>Plastikfrei<\/li>\n<li>Handgepackt in den Bonner Werkst\u00e4tten<\/li>\n<li>Made in Germany<\/li>\n<li>75 g ausreichend f\u00fcr ca. 12-15 Pflanzen<\/li>\n<\/ul>\n<h3>Herkunft der Schurwolle<\/h3>\n<div>Die Schurwolle stammt von regionalen Sch\u00e4fern aus S\u00fcddeutschland. Sie wird ohne Chemikalien gewaschen und hat danach noch einen Restfettgehalt von ca. 2-3%. Eine gro\u00dfe Krempelmaschine k\u00e4mmt die gewaschene Wolle.<\/div>\n\t\t<\/div>\n\t\t\t\t\t<\/div>\n\n\t\n\n\t<div id=\"col-660839546\" class=\"col medium-6 small-12 large-6\"  >\n\t\t\t\t<div class=\"col-inner\"  >\n\t\t\t\n\t\t\t\n<h3>Einfache Anwendung ohne Zubeh\u00f6r<\/h3>\n<ol>\n<li>Ca. 5 \u2013 6 g (1 Handvoll) Wolle entnehmen.<\/li>\n<li>Forme mit der Wolle einen engen, kreisf\u00f6rmigen Ring in Bodenn\u00e4he um die Pflanze bzw. den St\u00e4ngel herum.<\/li>\n<li>Kontrolliere, dass der Schutz die Pflanze l\u00fcckenlos umschlie\u00dft.<\/li>\n<\/ol>\n\t<div class=\"img has-hover x md-x lg-x y md-y lg-y\" id=\"image_334136362\">\n\t\t\t\t\t\t\t\t<div class=\"img-inner dark\" >\n\t\t\t<img decoding=\"async\" width=\"800\" height=\"800\" src=\"https:\/\/www.meine-ernte.de\/shop\/wp-content\/uploads\/Anleitung-Schneckenbremse-Schafswolle-meine-ernte-web-800x800.jpg\" class=\"attachment-large size-large\" alt=\"\" srcset=\"https:\/\/www.meine-ernte.de\/shop\/wp-content\/uploads\/Anleitung-Schneckenbremse-Schafswolle-meine-ernte-web-800x800.jpg 800w, https:\/\/www.meine-ernte.de\/shop\/wp-content\/uploads\/Anleitung-Schneckenbremse-Schafswolle-meine-ernte-web-400x400.jpg 400w, https:\/\/www.meine-ernte.de\/shop\/wp-content\/uploads\/Anleitung-Schneckenbremse-Schafswolle-meine-ernte-web-280x280.jpg 280w, https:\/\/www.meine-ernte.de\/shop\/wp-content\/uploads\/Anleitung-Schneckenbremse-Schafswolle-meine-ernte-web-768x768.jpg 768w, https:\/\/www.meine-ernte.de\/shop\/wp-content\/uploads\/Anleitung-Schneckenbremse-Schafswolle-meine-ernte-web-300x300.jpg 300w, https:\/\/www.meine-ernte.de\/shop\/wp-content\/uploads\/Anleitung-Schneckenbremse-Schafswolle-meine-ernte-web-600x600.jpg 600w, https:\/\/www.meine-ernte.de\/shop\/wp-content\/uploads\/Anleitung-Schneckenbremse-Schafswolle-meine-ernte-web-100x100.jpg 100w, https:\/\/www.meine-ernte.de\/shop\/wp-content\/uploads\/Anleitung-Schneckenbremse-Schafswolle-meine-ernte-web-80x80.jpg 80w, https:\/\/www.meine-ernte.de\/shop\/wp-content\/uploads\/Anleitung-Schneckenbremse-Schafswolle-meine-ernte-web.jpg 945w\" sizes=\"(max-width: 800px) 100vw, 800px\" \/>\t\t\t\t\t\t\n\t\t\t\t\t<\/div>\n\t\t\t\t\t\t\t\t\n<style>\n#image_334136362 {\n  width: 100%;\n}\n<\/style>\n\t<\/div>\n\t\n<div style=\"text-align: center;\">\n<p>&nbsp;<\/p>\n<p><strong>Eure Meinung:<\/strong><\/p>\n<p style=\"margin-bottom: 0px;\"><em>&#8222;Super einfache L\u00f6sung gegen Schnecken, l\u00e4sst sich problemlos im Garten platzieren.&#8220;<\/em><\/p>\n<p style=\"margin-top: 0px;\">(Tim)<\/p>\n<p style=\"margin-bottom: 0px;\"><em>&#8222;Die Schneckenbremse funktioniert hervorragend \u2013 seit ich sie verwende, bleiben meine Pflanzen fast komplett schneckenfrei!&#8220;<\/em><\/p>\n<p style=\"margin-top: 0px;\">(Michaela)<\/p>\n<\/div>\n\t\t<\/div>\n\t\t\t\t\t<\/div>\n\n\t\n<\/div>\n<div class=\"row align-middle\"  id=\"row-772736276\">\n\n\t<div id=\"col-1589370766\" class=\"col medium-2 small-12 large-2\"  >\n\t\t\t\t<div class=\"col-inner\"  >\n\t\t\t\n\t\t\t\n\t<div class=\"box has-hover   has-hover box-text-bottom\" >\n\n\t\t<div class=\"box-image\" >\n\t\t\t\t\t\t<div class=\"\" >\n\t\t\t\t<img decoding=\"async\" width=\"480\" height=\"480\" src=\"https:\/\/www.meine-ernte.de\/shop\/wp-content\/uploads\/Natalie-rund.jpg\" class=\"attachment- size-\" alt=\"\" srcset=\"https:\/\/www.meine-ernte.de\/shop\/wp-content\/uploads\/Natalie-rund.jpg 480w, https:\/\/www.meine-ernte.de\/shop\/wp-content\/uploads\/Natalie-rund-400x400.jpg 400w, https:\/\/www.meine-ernte.de\/shop\/wp-content\/uploads\/Natalie-rund-280x280.jpg 280w, https:\/\/www.meine-ernte.de\/shop\/wp-content\/uploads\/Natalie-rund-300x300.jpg 300w, https:\/\/www.meine-ernte.de\/shop\/wp-content\/uploads\/Natalie-rund-100x100.jpg 100w\" sizes=\"(max-width: 480px) 100vw, 480px\" \/>\t\t\t\t\t\t\t\t\t\t\t<\/div>\n\t\t\t\t\t<\/div>\n\n\t\t<div class=\"box-text text-center\" >\n\t\t\t<div class=\"box-text-inner\">\n\t\t\t\t\n<h4>Natalie<\/h4>\n<p>Gr\u00fcnderin meine ernte<\/p>\n\t\t\t<\/div>\n\t\t<\/div>\n\t<\/div>\n\t\n\t\t<\/div>\n\t\t\t\t\t<\/div>\n\n\t\n\n\t<div id=\"col-1546813448\" class=\"col medium-10 small-12 large-10\"  >\n\t\t\t\t<div class=\"col-inner\"  >\n\t\t\t\n\t\t\t\n<blockquote><p>Dieses Jahr klappt es endlich mit dem Kohlanbau in meinem Hochbeet. Wichtig ist, dass die Schafswolle nach dem Regen wieder ein wenig auseinander gezogen wird.<\/p><\/blockquote>\n\t\t<\/div>\n\t\t\t\t\t<\/div>\n\n\t\n<\/div>\n<div class=\"container section-title-container\" ><h3 class=\"section-title section-title-normal\"><b aria-hidden=\"true\"><\/b><span class=\"section-title-main\" >Weitere Produkte zur Sch\u00e4dlingsbek\u00e4mpfung<\/span><b aria-hidden=\"true\"><\/b><\/h3><\/div>\n\t\n  \n    <div class=\"row large-columns-4 medium-columns-3 small-columns-2 row-small slider row-slider slider-nav-reveal slider-nav-push\"  data-flickity-options='{&quot;imagesLoaded&quot;: true, &quot;groupCells&quot;: &quot;100%&quot;, &quot;dragThreshold&quot; : 5, &quot;cellAlign&quot;: &quot;left&quot;,&quot;wrapAround&quot;: true,&quot;prevNextButtons&quot;: true,&quot;percentPosition&quot;: true,&quot;pageDots&quot;: false, &quot;rightToLeft&quot;: false, &quot;autoPlay&quot; : false}' >\n\n  \n\t     <div class=\"product-small col has-hover product type-product post-107829 status-publish first instock product_cat-pflege product_cat-fuer-deinen-mietgarten product_cat-meine-ernte-produkte product_cat-mittel-gegen-schaedlinge has-post-thumbnail taxable shipping-taxable purchasable product-type-simple\">\n\t<div class=\"col-inner\">\n\t\n<div class=\"badge-container absolute left top z-1\">\n\n<\/div>\n\t<div class=\"product-small box \">\n\t\t<div class=\"box-image\">\n\t\t\t<div class=\"image-fade_in_back\">\n\t\t\t\t<a href=\"https:\/\/www.meine-ernte.de\/shop\/kohlkragen-meine-ernte\/\">\n\t\t\t\t\t<img decoding=\"async\" width=\"300\" height=\"300\" src=\"https:\/\/www.meine-ernte.de\/shop\/wp-content\/uploads\/Kohlkragen-meine-ernte-160dpi-1-300x300.jpg\" class=\"attachment-woocommerce_thumbnail size-woocommerce_thumbnail\" alt=\"Kohlkragen meine ernte\" srcset=\"https:\/\/www.meine-ernte.de\/shop\/wp-content\/uploads\/Kohlkragen-meine-ernte-160dpi-1-300x300.jpg 300w, https:\/\/www.meine-ernte.de\/shop\/wp-content\/uploads\/Kohlkragen-meine-ernte-160dpi-1-400x400.jpg 400w, https:\/\/www.meine-ernte.de\/shop\/wp-content\/uploads\/Kohlkragen-meine-ernte-160dpi-1-800x800.jpg 800w, https:\/\/www.meine-ernte.de\/shop\/wp-content\/uploads\/Kohlkragen-meine-ernte-160dpi-1-280x280.jpg 280w, https:\/\/www.meine-ernte.de\/shop\/wp-content\/uploads\/Kohlkragen-meine-ernte-160dpi-1-768x768.jpg 768w, https:\/\/www.meine-ernte.de\/shop\/wp-content\/uploads\/Kohlkragen-meine-ernte-160dpi-1-600x600.jpg 600w, https:\/\/www.meine-ernte.de\/shop\/wp-content\/uploads\/Kohlkragen-meine-ernte-160dpi-1-100x100.jpg 100w, https:\/\/www.meine-ernte.de\/shop\/wp-content\/uploads\/Kohlkragen-meine-ernte-160dpi-1-64x64.jpg 64w, https:\/\/www.meine-ernte.de\/shop\/wp-content\/uploads\/Kohlkragen-meine-ernte-160dpi-1-80x80.jpg 80w, https:\/\/www.meine-ernte.de\/shop\/wp-content\/uploads\/Kohlkragen-meine-ernte-160dpi-1.jpg 945w\" sizes=\"(max-width: 300px) 100vw, 300px\" \/><img decoding=\"async\" width=\"300\" height=\"300\" src=\"https:\/\/www.meine-ernte.de\/shop\/wp-content\/uploads\/Kohlkragen-meine-ernte-160dpi-2-300x300.jpg\" class=\"show-on-hover absolute fill hide-for-small back-image\" alt=\"Alternative view of Kohlkragen meine ernte\" aria-hidden=\"true\" srcset=\"https:\/\/www.meine-ernte.de\/shop\/wp-content\/uploads\/Kohlkragen-meine-ernte-160dpi-2-300x300.jpg 300w, https:\/\/www.meine-ernte.de\/shop\/wp-content\/uploads\/Kohlkragen-meine-ernte-160dpi-2-400x400.jpg 400w, https:\/\/www.meine-ernte.de\/shop\/wp-content\/uploads\/Kohlkragen-meine-ernte-160dpi-2-800x800.jpg 800w, https:\/\/www.meine-ernte.de\/shop\/wp-content\/uploads\/Kohlkragen-meine-ernte-160dpi-2-280x280.jpg 280w, https:\/\/www.meine-ernte.de\/shop\/wp-content\/uploads\/Kohlkragen-meine-ernte-160dpi-2-768x768.jpg 768w, https:\/\/www.meine-ernte.de\/shop\/wp-content\/uploads\/Kohlkragen-meine-ernte-160dpi-2-600x600.jpg 600w, https:\/\/www.meine-ernte.de\/shop\/wp-content\/uploads\/Kohlkragen-meine-ernte-160dpi-2-100x100.jpg 100w, https:\/\/www.meine-ernte.de\/shop\/wp-content\/uploads\/Kohlkragen-meine-ernte-160dpi-2-64x64.jpg 64w, https:\/\/www.meine-ernte.de\/shop\/wp-content\/uploads\/Kohlkragen-meine-ernte-160dpi-2-80x80.jpg 80w, https:\/\/www.meine-ernte.de\/shop\/wp-content\/uploads\/Kohlkragen-meine-ernte-160dpi-2.jpg 945w\" sizes=\"(max-width: 300px) 100vw, 300px\" \/>\t\t\t\t<\/a>\n\t\t\t<\/div>\n\t\t\t<div class=\"image-tools is-small top right show-on-hover\">\n\t\t\t\t\t\t\t<\/div>\n\t\t\t<div class=\"image-tools is-small hide-for-small bottom left show-on-hover\">\n\t\t\t\t\t\t\t<\/div>\n\t\t\t<div class=\"image-tools grid-tools text-center hide-for-small bottom hover-slide-in show-on-hover\">\n\t\t\t\t<a href=\"#quick-view\" class=\"quick-view\" role=\"button\" data-prod=\"107829\" aria-haspopup=\"dialog\" aria-expanded=\"false\" data-flatsome-role-button>Schnellansicht<\/a>\t\t\t<\/div>\n\t\t\t\t\t<\/div>\n\n\t\t<div class=\"box-text box-text-products\">\n\t\t\t<div class=\"title-wrapper\"><p class=\"name product-title woocommerce-loop-product__title\"><a href=\"https:\/\/www.meine-ernte.de\/shop\/kohlkragen-meine-ernte\/\" class=\"woocommerce-LoopProduct-link woocommerce-loop-product__link\">Kohlkragen meine ernte<\/a><\/p><\/div><div class=\"price-wrapper\"><div class=\"star-rating star-rating--inline\" role=\"img\" aria-label=\"Bewertet mit 4 von 5\"><span style=\"width:80%\">Bewertet mit <strong class=\"rating\">4<\/strong> von 5<\/span><\/div><p class=\"wc-gzd-additional-info wc-gzd-additional-info-loop wc-gzd-rating-authenticity-status is-verified\">\n\tGepr\u00fcfte Gesamtbewertung. <a href=\"https:\/\/www.meine-ernte.de\/shop\/echtheit-von-bewertungen\/\" target=\"_blank\">Mehr Infos<\/a><\/p>\n\n\t<span class=\"price\">\t\t<span class=\"tiered-pricing-dynamic-price-wrapper\"\n\t\t\t  data-display-context=\"shop-loop\"\n\t\t\t  data-price-type=\"no-rules\"\n\t\t\t  data-product-id=\"107829\"\n\t\t\t  data-parent-id=\"107829\">\n\t\t\t<span class=\"woocommerce-Price-amount amount\"><bdi>11,49&nbsp;<span class=\"woocommerce-Price-currencySymbol\">&euro;<\/span><\/bdi><\/span><\/span><\/span>\n\n\n\n<\/div>\t\t<\/div>\n\t<\/div>\n\t\n\t<p class=\"wc-gzd-additional-info wc-gzd-additional-info-loop tax-info\">inkl. 19 % MwSt.<\/p>\n\n\t<p class=\"wc-gzd-additional-info wc-gzd-additional-info-loop shipping-costs-info\">zzgl. <a href=\"https:\/\/www.meine-ernte.de\/shop\/versandarten\/\" target=\"_blank\">Versandkosten<\/a><\/p>\n\n\n\t<\/div>\n<\/div><div class=\"product-small col has-hover product type-product post-107805 status-publish instock product_cat-pflege product_cat-fuer-deinen-mietgarten product_cat-meine-ernte-produkte product_cat-mittel-gegen-schaedlinge product_cat-duenger-wachstumshilfen has-post-thumbnail taxable shipping-taxable purchasable product-type-simple\">\n\t<div class=\"col-inner\">\n\t\n<div class=\"badge-container absolute left top z-1\">\n\n<\/div>\n\t<div class=\"product-small box \">\n\t\t<div class=\"box-image\">\n\t\t\t<div class=\"image-fade_in_back\">\n\t\t\t\t<a href=\"https:\/\/www.meine-ernte.de\/shop\/vitalspray-mit-neem\/\">\n\t\t\t\t\t<img decoding=\"async\" width=\"300\" height=\"300\" src=\"https:\/\/www.meine-ernte.de\/shop\/wp-content\/uploads\/Neemspray-meine-ernte-160dpi-1-300x300.jpg\" class=\"attachment-woocommerce_thumbnail size-woocommerce_thumbnail\" alt=\"Vitalspray mit Neem meine ernte\" srcset=\"https:\/\/www.meine-ernte.de\/shop\/wp-content\/uploads\/Neemspray-meine-ernte-160dpi-1-300x300.jpg 300w, https:\/\/www.meine-ernte.de\/shop\/wp-content\/uploads\/Neemspray-meine-ernte-160dpi-1-400x400.jpg 400w, https:\/\/www.meine-ernte.de\/shop\/wp-content\/uploads\/Neemspray-meine-ernte-160dpi-1-800x800.jpg 800w, https:\/\/www.meine-ernte.de\/shop\/wp-content\/uploads\/Neemspray-meine-ernte-160dpi-1-280x280.jpg 280w, https:\/\/www.meine-ernte.de\/shop\/wp-content\/uploads\/Neemspray-meine-ernte-160dpi-1-768x768.jpg 768w, https:\/\/www.meine-ernte.de\/shop\/wp-content\/uploads\/Neemspray-meine-ernte-160dpi-1-600x600.jpg 600w, https:\/\/www.meine-ernte.de\/shop\/wp-content\/uploads\/Neemspray-meine-ernte-160dpi-1-100x100.jpg 100w, https:\/\/www.meine-ernte.de\/shop\/wp-content\/uploads\/Neemspray-meine-ernte-160dpi-1-64x64.jpg 64w, https:\/\/www.meine-ernte.de\/shop\/wp-content\/uploads\/Neemspray-meine-ernte-160dpi-1-80x80.jpg 80w, https:\/\/www.meine-ernte.de\/shop\/wp-content\/uploads\/Neemspray-meine-ernte-160dpi-1.jpg 945w\" sizes=\"(max-width: 300px) 100vw, 300px\" \/><img decoding=\"async\" width=\"300\" height=\"300\" src=\"https:\/\/www.meine-ernte.de\/shop\/wp-content\/uploads\/Neemspray-meine-ernte-160dpi-3-300x300.jpg\" class=\"show-on-hover absolute fill hide-for-small back-image\" alt=\"Alternative view of Vitalspray mit Neem meine ernte\" aria-hidden=\"true\" srcset=\"https:\/\/www.meine-ernte.de\/shop\/wp-content\/uploads\/Neemspray-meine-ernte-160dpi-3-300x300.jpg 300w, https:\/\/www.meine-ernte.de\/shop\/wp-content\/uploads\/Neemspray-meine-ernte-160dpi-3-400x400.jpg 400w, https:\/\/www.meine-ernte.de\/shop\/wp-content\/uploads\/Neemspray-meine-ernte-160dpi-3-800x800.jpg 800w, https:\/\/www.meine-ernte.de\/shop\/wp-content\/uploads\/Neemspray-meine-ernte-160dpi-3-280x280.jpg 280w, https:\/\/www.meine-ernte.de\/shop\/wp-content\/uploads\/Neemspray-meine-ernte-160dpi-3-768x768.jpg 768w, https:\/\/www.meine-ernte.de\/shop\/wp-content\/uploads\/Neemspray-meine-ernte-160dpi-3-600x600.jpg 600w, https:\/\/www.meine-ernte.de\/shop\/wp-content\/uploads\/Neemspray-meine-ernte-160dpi-3-100x100.jpg 100w, https:\/\/www.meine-ernte.de\/shop\/wp-content\/uploads\/Neemspray-meine-ernte-160dpi-3-64x64.jpg 64w, https:\/\/www.meine-ernte.de\/shop\/wp-content\/uploads\/Neemspray-meine-ernte-160dpi-3-80x80.jpg 80w, https:\/\/www.meine-ernte.de\/shop\/wp-content\/uploads\/Neemspray-meine-ernte-160dpi-3.jpg 945w\" sizes=\"(max-width: 300px) 100vw, 300px\" \/>\t\t\t\t<\/a>\n\t\t\t<\/div>\n\t\t\t<div class=\"image-tools is-small top right show-on-hover\">\n\t\t\t\t\t\t\t<\/div>\n\t\t\t<div class=\"image-tools is-small hide-for-small bottom left show-on-hover\">\n\t\t\t\t\t\t\t<\/div>\n\t\t\t<div class=\"image-tools grid-tools text-center hide-for-small bottom hover-slide-in show-on-hover\">\n\t\t\t\t<a href=\"#quick-view\" class=\"quick-view\" role=\"button\" data-prod=\"107805\" aria-haspopup=\"dialog\" aria-expanded=\"false\" data-flatsome-role-button>Schnellansicht<\/a>\t\t\t<\/div>\n\t\t\t\t\t<\/div>\n\n\t\t<div class=\"box-text box-text-products\">\n\t\t\t<div class=\"title-wrapper\"><p class=\"name product-title woocommerce-loop-product__title\"><a href=\"https:\/\/www.meine-ernte.de\/shop\/vitalspray-mit-neem\/\" class=\"woocommerce-LoopProduct-link woocommerce-loop-product__link\">Vitalspray mit Neem meine ernte<\/a><\/p><\/div><div class=\"price-wrapper\"><div class=\"star-rating star-rating--inline\" role=\"img\" aria-label=\"Bewertet mit 5 von 5\"><span style=\"width:100%\">Bewertet mit <strong class=\"rating\">5<\/strong> von 5<\/span><\/div><p class=\"wc-gzd-additional-info wc-gzd-additional-info-loop wc-gzd-rating-authenticity-status is-verified\">\n\tGepr\u00fcfte Gesamtbewertung. <a href=\"https:\/\/www.meine-ernte.de\/shop\/echtheit-von-bewertungen\/\" target=\"_blank\">Mehr Infos<\/a><\/p>\n\n\t<span class=\"price\">\t\t<span class=\"tiered-pricing-dynamic-price-wrapper\"\n\t\t\t  data-display-context=\"shop-loop\"\n\t\t\t  data-price-type=\"no-rules\"\n\t\t\t  data-product-id=\"107805\"\n\t\t\t  data-parent-id=\"107805\">\n\t\t\t<span class=\"woocommerce-Price-amount amount\"><bdi>12,49&nbsp;<span class=\"woocommerce-Price-currencySymbol\">&euro;<\/span><\/bdi><\/span><\/span><\/span>\n\n\n\n<\/div>\t\t<\/div>\n\t<\/div>\n\t\n\t<p class=\"wc-gzd-additional-info wc-gzd-additional-info-loop tax-info\">inkl. 19 % MwSt.<\/p>\n\n\t<p class=\"wc-gzd-additional-info wc-gzd-additional-info-loop shipping-costs-info\">zzgl. <a href=\"https:\/\/www.meine-ernte.de\/shop\/versandarten\/\" target=\"_blank\">Versandkosten<\/a><\/p>\n\n\n\t<\/div>\n<\/div><div class=\"product-small col has-hover product type-product post-95026 status-publish instock product_cat-pflege product_cat-meine-ernte-produkte product_cat-mittel-gegen-schaedlinge product_cat-pflanzenschutz-und-staerkung product_tag-brand product_tag-mindestbestellwert has-post-thumbnail taxable shipping-taxable purchasable product-type-variable\">\n\t<div class=\"col-inner\">\n\t\n<div class=\"badge-container absolute left top z-1\">\n\n<div class=\"badge callout badge-circle\"><div class=\"badge-inner callout-new-bg is-small new-bubble\">Bestseller<\/div><\/div><\/div>\n\t<div class=\"product-small box \">\n\t\t<div class=\"box-image\">\n\t\t\t<div class=\"image-fade_in_back\">\n\t\t\t\t<a href=\"https:\/\/www.meine-ernte.de\/shop\/wuehlmauskorb\/\">\n\t\t\t\t\t<img decoding=\"async\" width=\"300\" height=\"300\" src=\"https:\/\/www.meine-ernte.de\/shop\/wp-content\/uploads\/meine-ernte_wuehlmaus-korb-gross-verzinkt_vorne-300x300.jpg\" class=\"attachment-woocommerce_thumbnail size-woocommerce_thumbnail\" alt=\"W\u00fchlmauskorb meine ernte f\u00fcr B\u00e4ume und Str\u00e4ucher, 35 x 40 cm oder 60 x 70 cm, verzinkt\" srcset=\"https:\/\/www.meine-ernte.de\/shop\/wp-content\/uploads\/meine-ernte_wuehlmaus-korb-gross-verzinkt_vorne-300x300.jpg 300w, https:\/\/www.meine-ernte.de\/shop\/wp-content\/uploads\/meine-ernte_wuehlmaus-korb-gross-verzinkt_vorne-400x400.jpg 400w, https:\/\/www.meine-ernte.de\/shop\/wp-content\/uploads\/meine-ernte_wuehlmaus-korb-gross-verzinkt_vorne-280x280.jpg 280w, https:\/\/www.meine-ernte.de\/shop\/wp-content\/uploads\/meine-ernte_wuehlmaus-korb-gross-verzinkt_vorne-768x768.jpg 768w, https:\/\/www.meine-ernte.de\/shop\/wp-content\/uploads\/meine-ernte_wuehlmaus-korb-gross-verzinkt_vorne-600x600.jpg 600w, https:\/\/www.meine-ernte.de\/shop\/wp-content\/uploads\/meine-ernte_wuehlmaus-korb-gross-verzinkt_vorne-100x100.jpg 100w, https:\/\/www.meine-ernte.de\/shop\/wp-content\/uploads\/meine-ernte_wuehlmaus-korb-gross-verzinkt_vorne.jpg 800w\" sizes=\"(max-width: 300px) 100vw, 300px\" \/><img decoding=\"async\" width=\"300\" height=\"300\" src=\"https:\/\/www.meine-ernte.de\/shop\/wp-content\/uploads\/meine-ernte_wuehlmaus-korb-klein_hinten-300x300.jpg\" class=\"show-on-hover absolute fill hide-for-small back-image\" alt=\"Alternative view of W\u00fchlmauskorb meine ernte f\u00fcr B\u00e4ume und Str\u00e4ucher, 35 x 40 cm oder 60 x 70 cm, verzinkt\" aria-hidden=\"true\" srcset=\"https:\/\/www.meine-ernte.de\/shop\/wp-content\/uploads\/meine-ernte_wuehlmaus-korb-klein_hinten-300x300.jpg 300w, https:\/\/www.meine-ernte.de\/shop\/wp-content\/uploads\/meine-ernte_wuehlmaus-korb-klein_hinten-400x400.jpg 400w, https:\/\/www.meine-ernte.de\/shop\/wp-content\/uploads\/meine-ernte_wuehlmaus-korb-klein_hinten-280x280.jpg 280w, https:\/\/www.meine-ernte.de\/shop\/wp-content\/uploads\/meine-ernte_wuehlmaus-korb-klein_hinten-768x768.jpg 768w, https:\/\/www.meine-ernte.de\/shop\/wp-content\/uploads\/meine-ernte_wuehlmaus-korb-klein_hinten-600x600.jpg 600w, https:\/\/www.meine-ernte.de\/shop\/wp-content\/uploads\/meine-ernte_wuehlmaus-korb-klein_hinten-100x100.jpg 100w, https:\/\/www.meine-ernte.de\/shop\/wp-content\/uploads\/meine-ernte_wuehlmaus-korb-klein_hinten.jpg 800w\" sizes=\"(max-width: 300px) 100vw, 300px\" \/>\t\t\t\t<\/a>\n\t\t\t<\/div>\n\t\t\t<div class=\"image-tools is-small top right show-on-hover\">\n\t\t\t\t\t\t\t<\/div>\n\t\t\t<div class=\"image-tools is-small hide-for-small bottom left show-on-hover\">\n\t\t\t\t\t\t\t<\/div>\n\t\t\t<div class=\"image-tools grid-tools text-center hide-for-small bottom hover-slide-in show-on-hover\">\n\t\t\t\t<a href=\"#quick-view\" class=\"quick-view\" role=\"button\" data-prod=\"95026\" aria-haspopup=\"dialog\" aria-expanded=\"false\" data-flatsome-role-button>Schnellansicht<\/a>\t\t\t<\/div>\n\t\t\t\t\t<\/div>\n\n\t\t<div class=\"box-text box-text-products\">\n\t\t\t<div class=\"title-wrapper\"><p class=\"name product-title woocommerce-loop-product__title\"><a href=\"https:\/\/www.meine-ernte.de\/shop\/wuehlmauskorb\/\" class=\"woocommerce-LoopProduct-link woocommerce-loop-product__link\">W\u00fchlmauskorb meine ernte f\u00fcr B\u00e4ume und Str\u00e4ucher, 35 x 40 cm oder 60 x 70 cm, verzinkt<\/a><\/p><\/div><div class=\"price-wrapper\"><div class=\"star-rating star-rating--inline\" role=\"img\" aria-label=\"Bewertet mit 5 von 5\"><span style=\"width:100%\">Bewertet mit <strong class=\"rating\">5<\/strong> von 5<\/span><\/div><p class=\"wc-gzd-additional-info wc-gzd-additional-info-loop wc-gzd-rating-authenticity-status is-verified\">\n\tGepr\u00fcfte Gesamtbewertung. <a href=\"https:\/\/www.meine-ernte.de\/shop\/echtheit-von-bewertungen\/\" target=\"_blank\">Mehr Infos<\/a><\/p>\n\n\t<span class=\"price\">\t\t<span class=\"tiered-pricing-dynamic-price-wrapper tiered-pricing-dynamic-price-wrapper--variable\"\n\t\t\t  data-display-context=\"shop-loop\"\n\t\t\t  data-price-type=\"dynamic\"\n\t\t\t  data-product-id=\"95026\"\n\t\t\t  data-parent-id=\"95026\">\n\t\t\t<span class=\"woocommerce-Price-amount amount\"><bdi>8,90&nbsp;<span class=\"woocommerce-Price-currencySymbol\">&euro;<\/span><\/bdi><\/span> &ndash; <span class=\"woocommerce-Price-amount amount\"><bdi>11,90&nbsp;<span class=\"woocommerce-Price-currencySymbol\">&euro;<\/span><\/bdi><\/span><\/span><\/span>\n\n\n\n<\/div>\t\t<\/div>\n\t<\/div>\n\t\n\t<p class=\"wc-gzd-additional-info wc-gzd-additional-info-loop tax-info\">inkl. MwSt.<\/p>\n\n\t<p class=\"wc-gzd-additional-info wc-gzd-additional-info-loop shipping-costs-info\">zzgl. <a href=\"https:\/\/www.meine-ernte.de\/shop\/versandarten\/\" target=\"_blank\">Versandkosten<\/a><\/p>\n\n\t<p class=\"wc-gzd-additional-info delivery-time-info wc-gzd-additional-info-loop\"><span class=\"delivery-time-inner delivery-time-3-5-werktage\">Lieferzeit: <span class=\"delivery-time-data\">3-5 Werktage<\/span><\/span><\/p>\n\n\t<\/div>\n<\/div><\/div>\n","protected":false},"excerpt":{"rendered":"<ul>\n<li>Tierfreundlicher Schutz vor Schnecken<\/li>\n<li>Naturprodukt \u2013 100 % biologisch abbaubar<\/li>\n<li>Ohne Zubeh\u00f6r flexibel anwendbar<\/li>\n<li>Zum \u00f6kologischen Anbau geeignet<\/li>\n<\/ul>\n","protected":false},"featured_media":108538,"comment_status":"open","ping_status":"closed","template":"","meta":{"_acf_changed":false},"product_brand":[],"product_cat":[680,750,668,310],"product_tag":[],"class_list":{"0":"post-107322","1":"product","2":"type-product","3":"status-publish","4":"has-post-thumbnail","6":"product_cat-pflege","7":"product_cat-fuer-deinen-mietgarten","8":"product_cat-meine-ernte-produkte","9":"product_cat-mittel-gegen-schaedlinge","10":"product_shipping_class-versand-durch-meine-ernte","12":"last","13":"instock","14":"taxable","15":"shipping-taxable","16":"purchasable","17":"product-type-simple"},"acf":[],"tiered_pricing_type":"fixed","tiered_pricing_fixed_rules":[],"tiered_pricing_product_settings":{"layout":"default","base_unit_name":{"singular":null,"plural":null},"default_variation":null},"tiered_pricing_minimum_quantity":null,"tiered_pricing_roles_data":[],"tiered_pricing_percentage_rules":[],"_links":{"self":[{"href":"https:\/\/www.meine-ernte.de\/shop\/wp-json\/wp\/v2\/product\/107322","targetHints":{"allow":["GET"]}}],"collection":[{"href":"https:\/\/www.meine-ernte.de\/shop\/wp-json\/wp\/v2\/product"}],"about":[{"href":"https:\/\/www.meine-ernte.de\/shop\/wp-json\/wp\/v2\/types\/product"}],"replies":[{"embeddable":true,"href":"https:\/\/www.meine-ernte.de\/shop\/wp-json\/wp\/v2\/comments?post=107322"}],"wp:featuredmedia":[{"embeddable":true,"href":"https:\/\/www.meine-ernte.de\/shop\/wp-json\/wp\/v2\/media\/108538"}],"wp:attachment":[{"href":"https:\/\/www.meine-ernte.de\/shop\/wp-json\/wp\/v2\/media?parent=107322"}],"wp:term":[{"taxonomy":"product_brand","embeddable":true,"href":"https:\/\/www.meine-ernte.de\/shop\/wp-json\/wp\/v2\/product_brand?post=107322"},{"taxonomy":"product_cat","embeddable":true,"href":"https:\/\/www.meine-ernte.de\/shop\/wp-json\/wp\/v2\/product_cat?post=107322"},{"taxonomy":"product_tag","embeddable":true,"href":"https:\/\/www.meine-ernte.de\/shop\/wp-json\/wp\/v2\/product_tag?post=107322"}],"curies":[{"name":"wp","href":"https:\/\/api.w.org\/{rel}","templated":true}]}}