{"id":63005,"date":"2021-02-05T15:56:57","date_gmt":"2021-02-05T14:56:57","guid":{"rendered":"https:\/\/www.meine-ernte.de\/shop\/?page_id=63005"},"modified":"2022-01-14T09:24:28","modified_gmt":"2022-01-14T08:24:28","slug":"gartenhaeuser","status":"publish","type":"page","link":"https:\/\/www.meine-ernte.de\/shop\/gartenhaeuser\/","title":{"rendered":"Gartenh\u00e4user"},"content":{"rendered":"\n<div class=\"row\"  id=\"row-1392790991\">\n\n\n\t<div id=\"col-1606825666\" class=\"col medium-8 small-12 large-8\"  >\n\t\t\t\t<div class=\"col-inner\"  >\n\t\t\t\n\t\t\t\n\n<h1>Gartenhaus selber bauen Anleitung<\/h1>\n<h2><span style=\"font-size: 70%;\">Bau dir dein eigenes Gartenhaus mit den praktischen Anleitungen von holz-bauplan.de.<\/span><\/h2>\n<p>W\u00e4hle dein gew\u00fcnschtes Gartenhaus aus und bestelle bequem online. Die Anleitung erh\u00e4ltst du direkt nach der Bestellung als E-Book (PDF-Datei).<\/p>\n<h3><strong>Die Anleitungen enthalten:<\/strong><\/h3>\n<ul>\n<li>\n<p>Ansichten von den Seiten, Draufsicht und Querschnitte<\/p>\n<\/li>\n<li>\n<p>3D-Zeichnungen, f\u00fcr eine bessere Vorstellung wie deine H\u00fctte aussehen wird<\/p>\n<\/li>\n<li>\n<p>detaillierte Einzelzeichnungen, komplett mit Ma\u00dfangaben s\u00e4mtlicher H\u00f6lzer in Seitenansicht, Draufsicht und Querschnitt.&nbsp;<\/p>\n<\/li>\n<li>\n<p>Detaillierte Materialliste f\u00fcr das ben\u00f6tigte Holz<\/p>\n<\/li>\n<li>\n<p>Massenermittlugen f\u00fcr Dachfl\u00e4chen, Dachkanten und Balkenabschnitte<\/p>\n<\/li>\n<\/ul>\n<p>Weitere Infos zu den Bauanleitungen findest du hier:<\/p>\n<div class=\"row\"  id=\"row-1849388117\">\n\n\n\t<div id=\"col-1620288729\" class=\"col small-12 large-12\"  >\n\t\t\t\t<div class=\"col-inner text-center\"  >\n\t\t\t\n\t\t\t\n\n<a href=\"https:\/\/www.digistore24.com\/redir\/65687\/meine-ernte\/\" target=\"_blank\" class=\"button primary is-larger\" rel=\"sponsored noopener\" style=\"border-radius:10px;\">\n\t\t<span>Zum E-Book<\/span>\n\t<\/a>\n\n\n\n\t\t<\/div>\n\t\t\t\t\t<\/div>\n\n\t\n\n<\/div>\n<p>Die 50 -120 Seiten umfassenden Anleitungen kosten zwischen 29,99 \u20ac und 39,99 \u20ac.<\/p>\n\n\t\t<\/div>\n\t\t\t\t\t<\/div>\n\n\t\n\n\t<div id=\"col-527424748\" class=\"col medium-4 small-12 large-4\"  >\n\t\t\t\t<div class=\"col-inner\"  >\n\t\t\t\n\t\t\t\n\n\t<div class=\"img has-hover x md-x lg-x y md-y lg-y\" id=\"image_971834565\">\n\t\t\t\t\t\t\t\t<div class=\"img-inner dark\" style=\"margin:0 0px -20px 0px;\">\n\t\t\t<img decoding=\"async\" width=\"408\" height=\"214\" src=\"https:\/\/www.meine-ernte.de\/shop\/wp-content\/uploads\/wohnhaus-in-holzrahmenbauweise.jpg\" class=\"attachment-large size-large\" alt=\"\" \/>\t\t\t\t\t\t\n\t\t\t\t\t<\/div>\n\t\t\t\t\t\t\t\t\n<style>\n#image_971834565 {\n  width: 100%;\n}\n<\/style>\n\t<\/div>\n\t\n\n\t<div class=\"img has-hover x md-x lg-x y md-y lg-y\" id=\"image_1424337104\">\n\t\t\t\t\t\t\t\t<div class=\"img-inner dark\" style=\"margin:0 0px -20px 0px;\">\n\t\t\t<img decoding=\"async\" width=\"500\" height=\"242\" src=\"https:\/\/www.meine-ernte.de\/shop\/wp-content\/uploads\/haus1.jpg\" class=\"attachment-large size-large\" alt=\"\" \/>\t\t\t\t\t\t\n\t\t\t\t\t<\/div>\n\t\t\t\t\t\t\t\t\n<style>\n#image_1424337104 {\n  width: 100%;\n}\n<\/style>\n\t<\/div>\n\t\n\n\t<div class=\"img has-hover x md-x lg-x y md-y lg-y\" id=\"image_2072005230\">\n\t\t\t\t\t\t\t\t<div class=\"img-inner dark\" style=\"margin:0 0px -20px 0px;\">\n\t\t\t<img decoding=\"async\" width=\"500\" height=\"242\" src=\"https:\/\/www.meine-ernte.de\/shop\/wp-content\/uploads\/haus2.jpg\" class=\"attachment-large size-large\" alt=\"\" \/>\t\t\t\t\t\t\n\t\t\t\t\t<\/div>\n\t\t\t\t\t\t\t\t\n<style>\n#image_2072005230 {\n  width: 100%;\n}\n<\/style>\n\t<\/div>\n\t\n\n\t<div class=\"img has-hover x md-x lg-x y md-y lg-y\" id=\"image_1866160179\">\n\t\t\t\t\t\t\t\t<div class=\"img-inner dark\" style=\"margin:0 0px -20px 0px;\">\n\t\t\t<img decoding=\"async\" width=\"500\" height=\"242\" src=\"https:\/\/www.meine-ernte.de\/shop\/wp-content\/uploads\/haus3.jpg\" class=\"attachment-large size-large\" alt=\"\" \/>\t\t\t\t\t\t\n\t\t\t\t\t<\/div>\n\t\t\t\t\t\t\t\t\n<style>\n#image_1866160179 {\n  width: 100%;\n}\n<\/style>\n\t<\/div>\n\t\n\n\t<div class=\"img has-hover x md-x lg-x y md-y lg-y\" id=\"image_780993575\">\n\t\t\t\t\t\t\t\t<div class=\"img-inner dark\" style=\"margin:0 0px -20px 0px;\">\n\t\t\t<img decoding=\"async\" width=\"500\" height=\"242\" src=\"https:\/\/www.meine-ernte.de\/shop\/wp-content\/uploads\/haus4.jpg\" class=\"attachment-large size-large\" alt=\"\" \/>\t\t\t\t\t\t\n\t\t\t\t\t<\/div>\n\t\t\t\t\t\t\t\t\n<style>\n#image_780993575 {\n  width: 100%;\n}\n<\/style>\n\t<\/div>\n\t\n\n\n\t\t<\/div>\n\t\t\t\t\t<\/div>\n\n\t\n\n<\/div>\n\t<div id=\"gap-1881586252\" class=\"gap-element clearfix\" style=\"display:block; height:auto;\">\n\t\t\n<style>\n#gap-1881586252 {\n  padding-top: 30px;\n}\n<\/style>\n\t<\/div>\n\t\n\n<div class=\"container section-title-container\" ><h3 class=\"section-title section-title-normal\"><b aria-hidden=\"true\"><\/b><span class=\"section-title-main\" >Unsere beliebtesten Kategorien<\/span><b aria-hidden=\"true\"><\/b><\/h3><\/div>\n\n\n  \n    <div class=\"row large-columns-4 medium-columns-3 small-columns-2 row-small slider row-slider slider-nav-reveal slider-nav-push\"  data-flickity-options='{&quot;imagesLoaded&quot;: true, &quot;groupCells&quot;: &quot;100%&quot;, &quot;dragThreshold&quot; : 5, &quot;cellAlign&quot;: &quot;left&quot;,&quot;wrapAround&quot;: true,&quot;prevNextButtons&quot;: true,&quot;percentPosition&quot;: true,&quot;pageDots&quot;: false, &quot;rightToLeft&quot;: false, &quot;autoPlay&quot; : false}' >\n\n  <div class=\"product-category col\" >\n            <div class=\"col-inner\">\n              <a aria-label=\"Produktkategorie F\u00fcr deinen Mietgarten besuchen\" href=\"https:\/\/www.meine-ernte.de\/shop\/fuer-deinen-mietgarten\/\">                <div class=\"box box-category has-hover box-normal \">\n                <div class=\"box-image\" >\n                  <div class=\"\" >\n                  <img decoding=\"async\" src=\"https:\/\/www.meine-ernte.de\/shop\/wp-content\/uploads\/Mietgaerten-1-300x300.jpeg\" alt=\"F\u00fcr deinen Mietgarten\" width=\"300\" height=\"300\" \/>                                                      <\/div>\n                <\/div>\n                <div class=\"box-text text-center\" >\n                  <div class=\"box-text-inner\">\n                      <h5 class=\"uppercase header-title\">\n                              F\u00fcr deinen Mietgarten                      <\/h5>\n                                            <p class=\"is-xsmall uppercase count \">\n\t                      6 Produkte                      <\/p>\n                                            \n                  <\/div>\n                <\/div>\n                <\/div>\n            <\/a>            <\/div>\n            <\/div><div class=\"product-category col\" >\n            <div class=\"col-inner\">\n              <a aria-label=\"Produktkategorie Sale besuchen\" href=\"https:\/\/www.meine-ernte.de\/shop\/sale\/\">                <div class=\"box box-category has-hover box-normal \">\n                <div class=\"box-image\" >\n                  <div class=\"\" >\n                  <img decoding=\"async\" src=\"https:\/\/www.meine-ernte.de\/shop\/wp-content\/uploads\/Baumanbinder-Kokos4-300x300.jpeg\" alt=\"Sale\" width=\"300\" height=\"300\" \/>                                                      <\/div>\n                <\/div>\n                <div class=\"box-text text-center\" >\n                  <div class=\"box-text-inner\">\n                      <h5 class=\"uppercase header-title\">\n                              Sale                      <\/h5>\n                                            <p class=\"is-xsmall uppercase count \">\n\t                                            <\/p>\n                                            \n                  <\/div>\n                <\/div>\n                <\/div>\n            <\/a>            <\/div>\n            <\/div><div class=\"product-category col\" >\n            <div class=\"col-inner\">\n              <a aria-label=\"Produktkategorie meine ernte Produkte besuchen\" href=\"https:\/\/www.meine-ernte.de\/shop\/meine-ernte-produkte\/\">                <div class=\"box box-category has-hover box-normal \">\n                <div class=\"box-image\" >\n                  <div class=\"\" >\n                  <img decoding=\"async\" src=\"https:\/\/www.meine-ernte.de\/shop\/wp-content\/uploads\/meine-ernte_sprossenprodukte-web-300x300.jpg\" alt=\"meine ernte Produkte\" width=\"300\" height=\"300\" \/>                                                      <\/div>\n                <\/div>\n                <div class=\"box-text text-center\" >\n                  <div class=\"box-text-inner\">\n                      <h5 class=\"uppercase header-title\">\n                              meine ernte Produkte                      <\/h5>\n                                            <p class=\"is-xsmall uppercase count \">\n\t                      47 Produkte                      <\/p>\n                                            \n                  <\/div>\n                <\/div>\n                <\/div>\n            <\/a>            <\/div>\n            <\/div><div class=\"product-category col\" >\n            <div class=\"col-inner\">\n              <a aria-label=\"Produktkategorie Uncategorized besuchen\" href=\"https:\/\/www.meine-ernte.de\/shop\/uncategorized\/\">                <div class=\"box box-category has-hover box-normal \">\n                <div class=\"box-image\" >\n                  <div class=\"\" >\n                  <img decoding=\"async\" src=\"https:\/\/www.meine-ernte.de\/shop\/wp-content\/uploads\/woocommerce-placeholder-300x300.png\" alt=\"Uncategorized\" width=\"300\" height=\"300\" \/>                                                      <\/div>\n                <\/div>\n                <div class=\"box-text text-center\" >\n                  <div class=\"box-text-inner\">\n                      <h5 class=\"uppercase header-title\">\n                              Uncategorized                      <\/h5>\n                                            <p class=\"is-xsmall uppercase count \">\n\t                                            <\/p>\n                                            \n                  <\/div>\n                <\/div>\n                <\/div>\n            <\/a>            <\/div>\n            <\/div><div class=\"product-category col\" >\n            <div class=\"col-inner\">\n              <a aria-label=\"Produktkategorie Saatgut &amp; Pflanzen besuchen\" href=\"https:\/\/www.meine-ernte.de\/shop\/saatgut-und-pflanzen\/\">                <div class=\"box box-category has-hover box-normal \">\n                <div class=\"box-image\" >\n                  <div class=\"\" >\n                  <img decoding=\"async\" src=\"https:\/\/www.meine-ernte.de\/shop\/wp-content\/uploads\/Saatgut-meine-ernte-Shop-Kategoriefoto-300x300.jpg\" alt=\"Saatgut &amp; Pflanzen\" width=\"300\" height=\"300\" \/>                                                      <\/div>\n                <\/div>\n                <div class=\"box-text text-center\" >\n                  <div class=\"box-text-inner\">\n                      <h5 class=\"uppercase header-title\">\n                              Saatgut &amp; Pflanzen                      <\/h5>\n                                            <p class=\"is-xsmall uppercase count \">\n\t                      38 Produkte                      <\/p>\n                                            \n                  <\/div>\n                <\/div>\n                <\/div>\n            <\/a>            <\/div>\n            <\/div><div class=\"product-category col\" >\n            <div class=\"col-inner\">\n              <a aria-label=\"Produktkategorie Pflanzenschutz- und st\u00e4rkung besuchen\" href=\"https:\/\/www.meine-ernte.de\/shop\/pflanzenschutz-und-staerkung\/\">                <div class=\"box box-category has-hover box-normal \">\n                <div class=\"box-image\" >\n                  <div class=\"\" >\n                  <img decoding=\"async\" src=\"https:\/\/www.meine-ernte.de\/shop\/wp-content\/uploads\/Anzucht-Zubehoer-meine-ernte-Shop-Kategoriefoto-1-300x300.jpg\" alt=\"Pflanzenschutz- und st\u00e4rkung\" width=\"300\" height=\"300\" \/>                                                      <\/div>\n                <\/div>\n                <div class=\"box-text text-center\" >\n                  <div class=\"box-text-inner\">\n                      <h5 class=\"uppercase header-title\">\n                              Pflanzenschutz- und st\u00e4rkung                      <\/h5>\n                                            <p class=\"is-xsmall uppercase count \">\n\t                      7 Produkte                      <\/p>\n                                            \n                  <\/div>\n                <\/div>\n                <\/div>\n            <\/a>            <\/div>\n            <\/div><div class=\"product-category col\" >\n            <div class=\"col-inner\">\n              <a aria-label=\"Produktkategorie Gartenausstattung &amp; Zubeh\u00f6r besuchen\" href=\"https:\/\/www.meine-ernte.de\/shop\/gartenausstattung-zubehoer\/\">                <div class=\"box box-category has-hover box-normal \">\n                <div class=\"box-image\" >\n                  <div class=\"\" >\n                  <img decoding=\"async\" src=\"https:\/\/www.meine-ernte.de\/shop\/wp-content\/uploads\/Kategorie-Zubehoer-meine-ernte-Shop-300x300.jpg\" alt=\"Gartenausstattung &amp; Zubeh\u00f6r\" width=\"300\" height=\"300\" \/>                                                      <\/div>\n                <\/div>\n                <div class=\"box-text text-center\" >\n                  <div class=\"box-text-inner\">\n                      <h5 class=\"uppercase header-title\">\n                              Gartenausstattung &amp; Zubeh\u00f6r                      <\/h5>\n                                            <p class=\"is-xsmall uppercase count \">\n\t                      4 Produkte                      <\/p>\n                                            \n                  <\/div>\n                <\/div>\n                <\/div>\n            <\/a>            <\/div>\n            <\/div><div class=\"product-category col\" >\n            <div class=\"col-inner\">\n              <a aria-label=\"Produktkategorie Mietg\u00e4rten besuchen\" href=\"https:\/\/www.meine-ernte.de\/shop\/mietgaerten\/\">                <div class=\"box box-category has-hover box-normal \">\n                <div class=\"box-image\" >\n                  <div class=\"\" >\n                  <img decoding=\"async\" src=\"https:\/\/www.meine-ernte.de\/shop\/wp-content\/uploads\/Mietgaerten-meine-ernte-Kategoriefoto-300x300.jpg\" alt=\"Mietg\u00e4rten\" width=\"300\" height=\"300\" \/>                                                      <\/div>\n                <\/div>\n                <div class=\"box-text text-center\" >\n                  <div class=\"box-text-inner\">\n                      <h5 class=\"uppercase header-title\">\n                              Mietg\u00e4rten                      <\/h5>\n                                            <p class=\"is-xsmall uppercase count \">\n\t                      26 Produkte                      <\/p>\n                                            \n                  <\/div>\n                <\/div>\n                <\/div>\n            <\/a>            <\/div>\n            <\/div><div class=\"product-category col\" >\n            <div class=\"col-inner\">\n              <a aria-label=\"Produktkategorie Gutscheine &amp; Geschenke besuchen\" href=\"https:\/\/www.meine-ernte.de\/shop\/geschenke\/\">                <div class=\"box box-category has-hover box-normal \">\n                <div class=\"box-image\" >\n                  <div class=\"\" >\n                  <img decoding=\"async\" src=\"https:\/\/www.meine-ernte.de\/shop\/wp-content\/uploads\/Ostern-Kresseherz-schneiden-meine-ernte-300-web-300x300.jpg\" alt=\"Gutscheine &amp; Geschenke\" width=\"300\" height=\"300\" \/>                                                      <\/div>\n                <\/div>\n                <div class=\"box-text text-center\" >\n                  <div class=\"box-text-inner\">\n                      <h5 class=\"uppercase header-title\">\n                              Gutscheine &amp; Geschenke                      <\/h5>\n                                            <p class=\"is-xsmall uppercase count \">\n\t                      5 Produkte                      <\/p>\n                                            \n                  <\/div>\n                <\/div>\n                <\/div>\n            <\/a>            <\/div>\n            <\/div><\/div>\n","protected":false},"excerpt":{"rendered":"","protected":false},"author":2,"featured_media":0,"parent":0,"menu_order":0,"comment_status":"closed","ping_status":"closed","template":"","meta":{"_acf_changed":false,"footnotes":""},"class_list":["post-63005","page","type-page","status-publish","hentry"],"acf":[],"_links":{"self":[{"href":"https:\/\/www.meine-ernte.de\/shop\/wp-json\/wp\/v2\/pages\/63005","targetHints":{"allow":["GET"]}}],"collection":[{"href":"https:\/\/www.meine-ernte.de\/shop\/wp-json\/wp\/v2\/pages"}],"about":[{"href":"https:\/\/www.meine-ernte.de\/shop\/wp-json\/wp\/v2\/types\/page"}],"author":[{"embeddable":true,"href":"https:\/\/www.meine-ernte.de\/shop\/wp-json\/wp\/v2\/users\/2"}],"replies":[{"embeddable":true,"href":"https:\/\/www.meine-ernte.de\/shop\/wp-json\/wp\/v2\/comments?post=63005"}],"version-history":[{"count":13,"href":"https:\/\/www.meine-ernte.de\/shop\/wp-json\/wp\/v2\/pages\/63005\/revisions"}],"predecessor-version":[{"id":72362,"href":"https:\/\/www.meine-ernte.de\/shop\/wp-json\/wp\/v2\/pages\/63005\/revisions\/72362"}],"wp:attachment":[{"href":"https:\/\/www.meine-ernte.de\/shop\/wp-json\/wp\/v2\/media?parent=63005"}],"curies":[{"name":"wp","href":"https:\/\/api.w.org\/{rel}","templated":true}]}}