{"id":439,"date":"2019-12-05T09:57:40","date_gmt":"2019-12-05T08:57:40","guid":{"rendered":"http:\/\/www.pnzimmer-design.com\/meine-ernte\/?page_id=439"},"modified":"2025-01-07T15:32:59","modified_gmt":"2025-01-07T14:32:59","slug":"ueber-den-shop","status":"publish","type":"page","link":"https:\/\/www.meine-ernte.de\/shop\/ueber-den-shop\/","title":{"rendered":"\u00dcber den meine ernte Shop"},"content":{"rendered":"\n  <div id=\"page-header-92159998\" class=\"page-header-wrapper\">\n  <div class=\"page-title dark featured-title\">\n\n        <div class=\"page-title-bg\">\n      <div class=\"title-bg fill bg-fill\"\n        data-parallax-container=\".page-title\"\n        data-parallax-background\n        data-parallax=\"-\">\n      <\/div>\n      <div class=\"title-overlay fill\"><\/div>\n    <\/div>\n    \n    <div class=\"page-title-inner container align-center text-center flex-row-col medium-flex-wrap\" >\n              <div class=\"title-wrapper flex-col\">\n          <h1 class=\"entry-title mb-0\">\n            \u00dcber den meine ernte Shop          <\/h1>\n        <\/div>\n                    <div class=\"title-content flex-col\">\n              <\/div>\n    <\/div>\n\n     \n<style>\n#page-header-92159998 .page-title-inner {\n  min-height: 180px;\n}\n#page-header-92159998 .title-bg {\n  background-image: url(https:\/\/www.meine-ernte.de\/shop\/wp-content\/uploads\/2019\/12\/verkaufsstand_vorlaeufiges_kategoriebild.png);\n}\n<\/style>\n  <\/div>\n    <\/div>\n  \n\n<div class=\"container section-title-container\" style=\"margin-top:30px;\"><h2 class=\"section-title section-title-normal\"><b aria-hidden=\"true\"><\/b><span class=\"section-title-main\" >Warum gibt es den meine ernte Shop?<\/span><b aria-hidden=\"true\"><\/b><\/h2><\/div>\n\n<div class=\"row\"  id=\"row-2028541604\">\n\n\n\t<div id=\"col-1471475836\" class=\"col medium-8 small-12 large-8\"  >\n\t\t\t\t<div class=\"col-inner\"  >\n\t\t\t\n\t\t\t\n\n<p>Seit 2009 bieten wir von <em>meine ernte<\/em> Menschen die M\u00f6glichkeit, einen bepflanzten Gem\u00fcsegarten zu mieten und sich so mit gesundem und frischem Gem\u00fcse selbst zu versorgen.<\/p>\n<p>Unsere Mietg\u00e4rten, die wir in zahlreichen deutschen St\u00e4dten anbieten, erfreuen sich gro\u00dfer Beliebtheit und haben schon tausende Erntek\u00f6rbe gef\u00fcllt. Wir, Natalie und Wanda, sind gl\u00fccklich die Begeisterung unserer <em>meine ernte<\/em> G\u00e4rtner jedes Jahr mitzuerleben. <br \/>Mit unserem ausf\u00fchrlichen G\u00e4rtnerwissen auf www.meine-ernte.de leben wir seit einigen Jahren unsere Vision weiter und teilen unsere Erfahrungen rund um das naturnahe G\u00e4rtnern mit jedem, der sich ein St\u00fcck weit selbstversorgen m\u00f6chte. Denn wir denken, dass jeder mit einem eigenen Garten, Balkon oder einer Fensterbank mit dem richtigen Wissen und praktischen Produkten eigenes Obst, Gem\u00fcse und Kr\u00e4uter anbauen und so seiner Nahrung beim Wachsen zusehen kann.<\/p>\n<p>Daher stellen wir dir hier, in unserem neuen Onlineshop, passende Produkte und Dienstleistungen, die einfach anzuwenden sind, rund um das Thema Selbstversorgung vor.<br \/>Von der Planung \u00fcber die Aussaat, Pflege, Ernte und Verarbeitung findest du alles, was du ben\u00f6tigst und wei\u00dft so woher deine Nahrung kommt. Verbinde dich mit uns \u00fcber <a href=\"https:\/\/www.facebook.com\/meineernte\" target=\"_blank\" rel=\"noopener noreferrer\">Facebook<\/a>, <a href=\"https:\/\/www.instagram.com\/meineernte.de\/\" target=\"_blank\" rel=\"noopener noreferrer\">Instagram<\/a> oder <a href=\"https:\/\/www.pinterest.de\/meineernte\/\" target=\"_blank\" rel=\"noopener noreferrer\">Pinterest<\/a> oder abonniere unseren <a href=\"https:\/\/www.meine-ernte.de\/shop\/gartenbrief-anmeldung\/\" target=\"_blank\" rel=\"noopener noreferrer\">G\u00e4rtnerbrief<\/a> und erfahre, welche neuen Produkte oder Selbstversorger-Tipp dich unterst\u00fctzen k\u00f6nnen.<\/p>\n<p>Sch\u00f6n, dass dein Weg dich auf diese Seite gebracht hat!<\/p>\n<p data-line-height=\"m\">&nbsp;<\/p>\n<p><img decoding=\"async\" class=\"alignnone size-full wp-image-445\" src=\"https:\/\/www.meine-ernte.de\/shop\/wp-content\/uploads\/2019\/12\/unterschrift_natalie_und_wanda.jpg\" alt=\"\" width=\"280\" height=\"55\"><\/p>\n\n\t\t<\/div>\n\t\t\t\t\t<\/div>\n\n\t\n\n\t<div id=\"col-1431941927\" class=\"col medium-4 small-12 large-4\"  >\n\t\t\t\t<div class=\"col-inner text-center\"  >\n\t\t\t\n\t\t\t\n\n\t<div class=\"img has-hover x md-x lg-x y md-y lg-y\" id=\"image_1872457124\">\n\t\t\t\t\t\t\t\t<div class=\"img-inner dark\" >\n\t\t\t<img decoding=\"async\" width=\"600\" height=\"400\" src=\"https:\/\/www.meine-ernte.de\/shop\/wp-content\/uploads\/2020\/01\/Meine_Ernte_IMG_9132-web.jpg\" class=\"attachment-large size-large\" alt=\"Natalie und Wanda von meine ernte\" \/>\t\t\t\t\t\t\n\t\t\t\t\t<\/div>\n\t\t\t\t\t\t\t\t\n<style>\n#image_1872457124 {\n  width: 100%;\n}\n<\/style>\n\t<\/div>\n\t\n\n\n\t\t<\/div>\n\t\t\t\t\t<\/div>\n\n\t\n\n<\/div>\n\n\n","protected":false},"excerpt":{"rendered":"","protected":false},"author":2,"featured_media":0,"parent":0,"menu_order":0,"comment_status":"closed","ping_status":"closed","template":"page-blank.php","meta":{"_acf_changed":false,"footnotes":""},"class_list":["post-439","page","type-page","status-publish","hentry"],"acf":[],"_links":{"self":[{"href":"https:\/\/www.meine-ernte.de\/shop\/wp-json\/wp\/v2\/pages\/439","targetHints":{"allow":["GET"]}}],"collection":[{"href":"https:\/\/www.meine-ernte.de\/shop\/wp-json\/wp\/v2\/pages"}],"about":[{"href":"https:\/\/www.meine-ernte.de\/shop\/wp-json\/wp\/v2\/types\/page"}],"author":[{"embeddable":true,"href":"https:\/\/www.meine-ernte.de\/shop\/wp-json\/wp\/v2\/users\/2"}],"replies":[{"embeddable":true,"href":"https:\/\/www.meine-ernte.de\/shop\/wp-json\/wp\/v2\/comments?post=439"}],"version-history":[{"count":29,"href":"https:\/\/www.meine-ernte.de\/shop\/wp-json\/wp\/v2\/pages\/439\/revisions"}],"predecessor-version":[{"id":117899,"href":"https:\/\/www.meine-ernte.de\/shop\/wp-json\/wp\/v2\/pages\/439\/revisions\/117899"}],"wp:attachment":[{"href":"https:\/\/www.meine-ernte.de\/shop\/wp-json\/wp\/v2\/media?parent=439"}],"curies":[{"name":"wp","href":"https:\/\/api.w.org\/{rel}","templated":true}]}}