{"id":24575,"date":"2020-07-16T11:17:59","date_gmt":"2020-07-16T09:17:59","guid":{"rendered":"https:\/\/www.meine-ernte.de\/shop\/?page_id=24575"},"modified":"2022-10-10T14:19:46","modified_gmt":"2022-10-10T12:19:46","slug":"automatische-widerrufserklaerung","status":"publish","type":"page","link":"https:\/\/www.meine-ernte.de\/shop\/automatische-widerrufserklaerung\/","title":{"rendered":"Automatische Widerrufserkl\u00e4rung"},"content":{"rendered":"\n<h1>Automatische Widerrufserkl\u00e4rung<\/h1>\n<p>Wenn du bestellte Artikel zur\u00fcckgeben m\u00f6chtest, dann trage einfach deine E-Mail-Adresse und die Bestellnummer in das folgende Formular ein. Du erh\u00e4ltst dann eine E-Mail f\u00fcr deinen R\u00fccksendeantrag.<\/p>\n<p>Bitte beachte: Die automatische Widerrufserkl\u00e4rung kann nur f\u00fcr Bestellungen genutzt werden, bei denen mindestens ein Produkt versendet wurde. Es kann nicht f\u00fcr Mietg\u00e4rten oder digitale Produkte verwendet werden.<form class=\"woocommerce-form woocommerce-form-return-request return-request\" method=\"post\" >\n\t\n\t\n\t<p class=\"form-row form-row-first\">\n\t\t<label for=\"return-request-email\">E-Mail-Adresse der Bestellung&nbsp;<span class=\"required\">*<\/span><\/label>\n\t\t<input type=\"text\" class=\"input-text\" name=\"email\" id=\"return-request-email\" autocomplete=\"email\" \/>\n\t<\/p>\n\n\t<p class=\"form-row form-row-last\">\n\t\t<label for=\"return-request-order-id\">Bestellnummer&nbsp;<span class=\"required\">*<\/span><\/label>\n\t\t<input type=\"text\" class=\"input-text\" name=\"order_id\" id=\"return-request-order-id\" autocomplete=\"off\" \/>\n\t<\/p>\n\n\t<div class=\"clear\"><\/div>\n\n\t\n\t<p class=\"form-row\">\n\t\t<input type=\"hidden\" id=\"woocommerce-stc-return-request-nonce\" name=\"woocommerce-stc-return-request-nonce\" value=\"5da227d4d3\" \/><input type=\"hidden\" name=\"_wp_http_referer\" value=\"\/shop\/wp-json\/wp\/v2\/pages\/24575\" \/>\t\t<button type=\"submit\" class=\"woocommerce-button button woocommerce-form-return_request__submit\" name=\"return_request\" value=\"Absenden\">Absenden<\/button>\n\t<\/p>\n\n\t<div class=\"clear\"><\/div>\n\n\t\n<\/form>\n\n\n","protected":false},"excerpt":{"rendered":"","protected":false},"author":2,"featured_media":0,"parent":0,"menu_order":0,"comment_status":"closed","ping_status":"closed","template":"","meta":{"_acf_changed":false,"footnotes":""},"class_list":["post-24575","page","type-page","status-publish","hentry"],"acf":[],"_links":{"self":[{"href":"https:\/\/www.meine-ernte.de\/shop\/wp-json\/wp\/v2\/pages\/24575","targetHints":{"allow":["GET"]}}],"collection":[{"href":"https:\/\/www.meine-ernte.de\/shop\/wp-json\/wp\/v2\/pages"}],"about":[{"href":"https:\/\/www.meine-ernte.de\/shop\/wp-json\/wp\/v2\/types\/page"}],"author":[{"embeddable":true,"href":"https:\/\/www.meine-ernte.de\/shop\/wp-json\/wp\/v2\/users\/2"}],"replies":[{"embeddable":true,"href":"https:\/\/www.meine-ernte.de\/shop\/wp-json\/wp\/v2\/comments?post=24575"}],"version-history":[{"count":4,"href":"https:\/\/www.meine-ernte.de\/shop\/wp-json\/wp\/v2\/pages\/24575\/revisions"}],"predecessor-version":[{"id":95076,"href":"https:\/\/www.meine-ernte.de\/shop\/wp-json\/wp\/v2\/pages\/24575\/revisions\/95076"}],"wp:attachment":[{"href":"https:\/\/www.meine-ernte.de\/shop\/wp-json\/wp\/v2\/media?parent=24575"}],"curies":[{"name":"wp","href":"https:\/\/api.w.org\/{rel}","templated":true}]}}