{"id":1273,"date":"2019-12-12T12:52:05","date_gmt":"2019-12-12T11:52:05","guid":{"rendered":"http:\/\/www.pnzimmer-design.com\/meine-ernte\/?page_id=1273"},"modified":"2025-03-19T10:56:52","modified_gmt":"2025-03-19T09:56:52","slug":"gartenbrief-anmeldung","status":"publish","type":"page","link":"https:\/\/www.meine-ernte.de\/shop\/gartenbrief-anmeldung\/","title":{"rendered":"M\u00f6hrenpost Anmeldung"},"content":{"rendered":"\n  <div id=\"page-header-1387123860\" class=\"page-header-wrapper\">\n  <div class=\"page-title dark featured-title\">\n\n        <div class=\"page-title-bg\">\n      <div class=\"title-bg fill bg-fill\"\n        data-parallax-container=\".page-title\"\n        data-parallax-background\n        data-parallax=\"-\">\n      <\/div>\n      <div class=\"title-overlay fill\"><\/div>\n    <\/div>\n    \n    <div class=\"page-title-inner container align-center text-center flex-row-col medium-flex-wrap\" >\n              <div class=\"title-wrapper flex-col\">\n          <h1 class=\"entry-title mb-0\">\n            M\u00f6hrenpost Anmeldung          <\/h1>\n        <\/div>\n                    <div class=\"title-content flex-col\">\n              <\/div>\n    <\/div>\n\n     \n<style>\n#page-header-1387123860 .page-title-inner {\n  min-height: 180px;\n}\n#page-header-1387123860 .title-bg {\n  background-image: url(https:\/\/www.meine-ernte.de\/shop\/wp-content\/uploads\/2019\/11\/meine-ernte_Gartenbrief_HP_ipad-5-1920x560.jpg);\n}\n<\/style>\n  <\/div>\n    <\/div>\n  \n\n<div class=\"container section-title-container\" style=\"margin-top:30px;\"><h2 class=\"section-title section-title-normal\"><b aria-hidden=\"true\"><\/b><span class=\"section-title-main\" >Anmeldung zur meine ernte M\u00f6hrenpost<\/span><b aria-hidden=\"true\"><\/b><\/h2><\/div>\n\n<div class=\"row\"  id=\"row-2093603694\">\n\n\n\t<div id=\"col-492141982\" class=\"col medium-7 small-12 large-7\"  >\n\t\t\t\t<div class=\"col-inner\"  >\n\t\t\t\n\t\t\t\n\n<h3>Der Newsletter f\u00fcr deine Selbstversorgung<\/h3>\n<p>Profiwissen f\u00fcr Garten und Balkon + Tipps f\u00fcr eine einfache Selbstversorgung + pers\u00f6nliche Empfehlungen + Neuigkeiten rund um meine ernte<\/p>\n<p><span data-text-color=\"alert\"><strong>Beetplan \u201eNachwachsendes Beet\u201c GRATIS f\u00fcr deine Anmeldung<\/strong><\/span><\/p>\n\t<div class=\"img has-hover x md-x lg-x y md-y lg-y\" id=\"image_1187728848\">\n\t\t\t\t\t\t\t\t<div class=\"img-inner image-cover dark\" style=\"padding-top:43%;\">\n\t\t\t<img decoding=\"async\" width=\"519\" height=\"344\" src=\"https:\/\/www.meine-ernte.de\/shop\/wp-content\/uploads\/2019\/11\/csm_meine_ernte_Erntekiste_web1_2d78be7673.jpg\" class=\"attachment-large size-large\" alt=\"\" \/>\t\t\t\t\t\t\n\t\t\t\t\t<\/div>\n\t\t\t\t\t\t\t\t\n<style>\n#image_1187728848 {\n  width: 100%;\n}\n<\/style>\n\t<\/div>\n\t\n\n\n\t\t<\/div>\n\t\t\t\t\t<\/div>\n\n\t\n\n\t<div id=\"col-2038601518\" class=\"col medium-5 small-12 large-5\"  >\n\t\t\t\t<div class=\"col-inner\"  >\n\t\t\t\n\t\t\t\n\n<p><script><br \/>\nfunction loadjQuery(e,t){var n=document.createElement(\"script\");n.setAttribute(\"src\",e);n.onload=t;n.onreadystatechange=function(){if(this.readyState==\"complete\"||this.readyState==\"loaded\")t()};document.getElementsByTagName(\"head\")[0].appendChild(n)}function main(){<br \/>\nvar $cr=jQuery.noConflict();var old_src;$cr(document).ready(function(){$cr(\".cr_form\").submit(function(){$cr(this).find('.clever_form_error').removeClass('clever_form_error');$cr(this).find('.clever_form_note').remove();$cr(this).find(\".musthave\").find('input, textarea').each(function(){if(jQuery.trim($cr(this).val())==\"\"||($cr(this).is(':checkbox'))||($cr(this).is(':radio'))){if($cr(this).is(':checkbox')||($cr(this).is(':radio'))){if(!$cr(this).parent().find(\":checked\").is(\":checked\")){$cr(this).parent().addClass('clever_form_error')}}else{$cr(this).addClass('clever_form_error')}}});if($cr(this).attr(\"action\").search(document.domain)>0&&$cr(\".cr_form\").attr(\"action\").search(\"wcs\")>0){var cr_email=$cr(this).find('input[name=email]');var unsub=false;if($cr(\"input['name=cr_subunsubscribe'][value='false']\").length){if($cr(\"input['name=cr_subunsubscribe'][value='false']\").is(\":checked\")){unsub=true}}if(cr_email.val()&&!unsub){$cr.ajax({type:\"GET\",url:$cr(\".cr_form\").attr(\"action\").replace(\"wcs\",\"check_email\")+$cr(this).find('input[name=email]').val(),success:function(data){if(data){cr_email.addClass('clever_form_error').before(\"<\/p>\n<div class='clever_form_note cr_font'>\"+data+\"<\/div>\n<p>\");return false}},async:false})}var cr_captcha=$cr(this).find('input[name=captcha]');if(cr_captcha.val()){$cr.ajax({type:\"GET\",url:$cr(\".cr_form\").attr(\"action\").replace(\"wcs\",\"check_captcha\")+$cr(this).find('input[name=captcha]').val(),success:function(data){if(data){cr_captcha.addClass('clever_form_error').after(\"<\/p>\n<div  class='clever_form_note cr_font'>\"+data+\"<\/div>\n<p>\");return false}},async:false})}}if($cr(this).find('.clever_form_error').length){return false}return true});$cr('input[class*=\"cr_number\"]').change(function(){if(isNaN($cr(this).val())){$cr(this).val(1)}if($cr(this).attr(\"min\")){if(($cr(this).val()*1)<($cr(this).attr(\"min\")*1)){$cr(this).val($cr(this).attr(\"min\"))}}if($cr(this).attr(\"max\")){if(($cr(this).val()*1)>($cr(this).attr(\"max\")*1)){$cr(this).val($cr(this).attr(\"max\"))}}});old_src=$cr(\"div[rel='captcha'] img:not(.captcha2_reload)\").attr(\"src\");if($cr(\"div[rel='captcha'] img:not(.captcha2_reload)\").length!=0){captcha_reload()}});function captcha_reload(){var timestamp=new Date().getTime();$cr(\"div[rel='captcha'] img:not(.captcha2_reload)\").attr(\"src\",\"\");$cr(\"div[rel='captcha'] img:not(.captcha2_reload)\").attr(\"src\",old_src+\"?t=\"+timestamp);return false}<\/p>\n<p>}<br \/>\nif(typeof jQuery===\"undefined\"){loadjQuery(\"\/\/ajax.googleapis.com\/ajax\/libs\/jquery\/1.4.2\/jquery.min.js\",main)}else{main()}<\/p>\n<p><\/script><b>In die Gummistiefel, fertig, los!<\/b><\/p>\n<form class=\"layout_form cr_form cr_font\" action=\"https:\/\/eu2.cleverreach.com\/f\/102896-189286\/wcs\/\" method=\"post\" target=\"_blank\">\n<div class=\"cr_body cr_page cr_font formbox\">\n<div class=\"editable_content\">\n<div id=\"4018329\" class=\"cr_ipe_item ui-sortable musthave\"><label class=\"itemname\" for=\"text4018329\">Deine E-Mail-Adresse*<\/label> <input id=\"text4018329\" name=\"email\" type=\"text\" value=\"\"><\/div>\n<div id=\"4018432\" class=\"cr_ipe_item ui-sortable musthave\">\n<div>\n<p style=\"font-size: 12px; line-height: 26px;\"><input class=\"cr_ipe_checkbox\" style=\"line-height: 20px;\" name=\"1202812&#091;&#093;\" type=\"checkbox\">*Ich habe die <a href=\"https:\/\/www.meine-ernte.de\/datenschutz\/\" target=\"_blank\" rel=\"noopener noreferrer\">Datenschutzerkl\u00e4rung<\/a> gelesen und akzeptiere diese. Ich kann die Einwilligung jederzeit per E-Mail, auf dem Postweg oder \u00fcber den Abmelde-Link in jeder <i>meine ernte<\/i> M\u00f6hrenpost, widerrufen. <i>(*Pflichtfeld)<\/i>\n<\/p>\n<\/div>\n<\/div>\n<div id=\"4018331\" class=\"cr_ipe_item ui-sortable submit_container\"><button class=\"cr_button\" type=\"submit\">Jetzt Anmelden<\/button><\/div>\n<\/div>\n<p><noscript><a href=\"http:\/\/www.cleverreach.de\">www.CleverReach.de<\/a><\/noscript><\/p>\n<\/div>\n<\/form>\n\n\t\t<\/div>\n\t\t\t\t\t<\/div>\n\n\t\n\n<\/div>\n\n","protected":false},"excerpt":{"rendered":"","protected":false},"author":2,"featured_media":94875,"parent":0,"menu_order":0,"comment_status":"closed","ping_status":"closed","template":"page-blank.php","meta":{"_acf_changed":false,"footnotes":""},"class_list":["post-1273","page","type-page","status-publish","has-post-thumbnail","hentry"],"acf":[],"_links":{"self":[{"href":"https:\/\/www.meine-ernte.de\/shop\/wp-json\/wp\/v2\/pages\/1273","targetHints":{"allow":["GET"]}}],"collection":[{"href":"https:\/\/www.meine-ernte.de\/shop\/wp-json\/wp\/v2\/pages"}],"about":[{"href":"https:\/\/www.meine-ernte.de\/shop\/wp-json\/wp\/v2\/types\/page"}],"author":[{"embeddable":true,"href":"https:\/\/www.meine-ernte.de\/shop\/wp-json\/wp\/v2\/users\/2"}],"replies":[{"embeddable":true,"href":"https:\/\/www.meine-ernte.de\/shop\/wp-json\/wp\/v2\/comments?post=1273"}],"version-history":[{"count":24,"href":"https:\/\/www.meine-ernte.de\/shop\/wp-json\/wp\/v2\/pages\/1273\/revisions"}],"predecessor-version":[{"id":119818,"href":"https:\/\/www.meine-ernte.de\/shop\/wp-json\/wp\/v2\/pages\/1273\/revisions\/119818"}],"wp:featuredmedia":[{"embeddable":true,"href":"https:\/\/www.meine-ernte.de\/shop\/wp-json\/wp\/v2\/media\/94875"}],"wp:attachment":[{"href":"https:\/\/www.meine-ernte.de\/shop\/wp-json\/wp\/v2\/media?parent=1273"}],"curies":[{"name":"wp","href":"https:\/\/api.w.org\/{rel}","templated":true}]}}