{"id":123935,"date":"2025-12-03T11:45:25","date_gmt":"2025-12-03T10:45:25","guid":{"rendered":"https:\/\/www.meine-ernte.de\/shop\/?page_id=123935"},"modified":"2026-02-18T11:13:05","modified_gmt":"2026-02-18T10:13:05","slug":"warteliste","status":"publish","type":"page","link":"https:\/\/www.meine-ernte.de\/shop\/warteliste\/","title":{"rendered":"Warteliste"},"content":{"rendered":"\n\t<div class=\"img has-hover x md-x lg-x y md-y lg-y\" id=\"image_1900584872\">\n\t\t\t\t\t\t\t\t<div class=\"img-inner dark\" >\n\t\t\t<img decoding=\"async\" width=\"1020\" height=\"239\" src=\"https:\/\/www.meine-ernte.de\/shop\/wp-content\/uploads\/Warteliste-Newsletter-800-x-250-px-1920-x-450-px-1400x328.png\" class=\"attachment-large size-large\" alt=\"\" srcset=\"https:\/\/www.meine-ernte.de\/shop\/wp-content\/uploads\/Warteliste-Newsletter-800-x-250-px-1920-x-450-px-1400x328.png 1400w, https:\/\/www.meine-ernte.de\/shop\/wp-content\/uploads\/Warteliste-Newsletter-800-x-250-px-1920-x-450-px-800x188.png 800w, https:\/\/www.meine-ernte.de\/shop\/wp-content\/uploads\/Warteliste-Newsletter-800-x-250-px-1920-x-450-px-768x180.png 768w, https:\/\/www.meine-ernte.de\/shop\/wp-content\/uploads\/Warteliste-Newsletter-800-x-250-px-1920-x-450-px-1536x360.png 1536w, https:\/\/www.meine-ernte.de\/shop\/wp-content\/uploads\/Warteliste-Newsletter-800-x-250-px-1920-x-450-px-600x141.png 600w, https:\/\/www.meine-ernte.de\/shop\/wp-content\/uploads\/Warteliste-Newsletter-800-x-250-px-1920-x-450-px-100x23.png 100w, https:\/\/www.meine-ernte.de\/shop\/wp-content\/uploads\/Warteliste-Newsletter-800-x-250-px-1920-x-450-px-80x19.png 80w, https:\/\/www.meine-ernte.de\/shop\/wp-content\/uploads\/Warteliste-Newsletter-800-x-250-px-1920-x-450-px.png 1920w\" sizes=\"(max-width: 1020px) 100vw, 1020px\" \/>\t\t\t\t\t\t\n\t\t\t\t\t<\/div>\n\t\t\t\t\t\t\t\t\n<style>\n#image_1900584872 {\n  width: 100%;\n}\n<\/style>\n\t<\/div>\n\t\n\n\t<div id=\"gap-2123326931\" class=\"gap-element clearfix\" style=\"display:block; height:auto;\">\n\t\t\n<style>\n#gap-2123326931 {\n  padding-top: 30px;\n}\n<\/style>\n\t<\/div>\n\t\n\n<p><script><br \/>\nfunction loadjQuery(e,t){var n=document.createElement(\"script\");n.setAttribute(\"src\",e);n.onload=t;n.onreadystatechange=function(){if(this.readyState==\"complete\"||this.readyState==\"loaded\")t()};document.getElementsByTagName(\"head\")[0].appendChild(n)}function main(){<br \/>\nvar $cr=jQuery.noConflict();var old_src;$cr(document).ready(function(){$cr(\".cr_form\").submit(function(){$cr(this).find('.clever_form_error').removeClass('clever_form_error');$cr(this).find('.clever_form_note').remove();$cr(this).find(\".musthave\").find('input, textarea').each(function(){if(jQuery.trim($cr(this).val())==\"\"||($cr(this).is(':checkbox'))||($cr(this).is(':radio'))){if($cr(this).is(':checkbox')||($cr(this).is(':radio'))){if(!$cr(this).parents(\".cr_ipe_item\").find(\":checked\").is(\":checked\")){$cr(this).parents(\".cr_ipe_item\").addClass('clever_form_error')}}else{$cr(this).addClass('clever_form_error')}}});if($cr(this).attr(\"action\").search(document.domain)>0&&$cr(\".cr_form\").attr(\"action\").search(\"wcs\")>0){var cr_email=$cr(this).find('input[name=email]');var unsub=false;if($cr(\"input['name=cr_subunsubscribe'][value='false']\").length){if($cr(\"input['name=cr_subunsubscribe'][value='false']\").is(\":checked\")){unsub=true}}if(cr_email.val()&&!unsub){$cr.ajax({type:\"GET\",url:$cr(\".cr_form\").attr(\"action\").replace(\"wcs\",\"check_email\")+window.btoa($cr(this).find('input[name=email]').val()),success:function(data){if(data){cr_email.addClass('clever_form_error').before(\"<\/p>\n<div class='clever_form_note cr_font'>\"+data+\"<\/div>\n<p>\");return false}},async:false})}var cr_captcha=$cr(this).find('input[name=captcha]');if(cr_captcha.val()){$cr.ajax({type:\"GET\",url:$cr(\".cr_form\").attr(\"action\").replace(\"wcs\",\"check_captcha\")+$cr(this).find('input[name=captcha]').val(),success:function(data){if(data){cr_captcha.addClass('clever_form_error').after(\"<\/p>\n<div style='display:block' class='clever_form_note cr_font'>\"+data+\"<\/div>\n<p>\");return false}},async:false})}}if($cr(this).find('.clever_form_error').length){return false}return true});$cr('input[class*=\"cr_number\"]').change(function(){if(isNaN($cr(this).val())){$cr(this).val(1)}if($cr(this).attr(\"min\")){if(($cr(this).val()*1)<($cr(this).attr(\"min\")*1)){$cr(this).val($cr(this).attr(\"min\"))}}if($cr(this).attr(\"max\")){if(($cr(this).val()*1)>($cr(this).attr(\"max\")*1)){$cr(this).val($cr(this).attr(\"max\"))}}});old_src=$cr(\"div[rel='captcha'] img:not(.captcha2_reload)\").attr(\"src\");if($cr(\"div[rel='captcha'] img:not(.captcha2_reload)\").length!=0){captcha_reload()}});function captcha_reload(){var timestamp=new Date().getTime();$cr(\"div[rel='captcha'] img:not(.captcha2_reload)\").attr(\"src\",\"\");$cr(\"div[rel='captcha'] img:not(.captcha2_reload)\").attr(\"src\",old_src+\"?t=\"+timestamp);return false}<\/p>\n<p>}<br \/>\nif(typeof jQuery===\"undefined\"){loadjQuery(\"\/\/ajax.googleapis.com\/ajax\/libs\/jquery\/1.4.4\/jquery.min.js\",main)}else{main()}<\/p>\n<p><\/script><\/p>\n<p><style>\n* {box-sizing: border-box;}<br \/>\n.cr-mail-responsive, .cr-mail-responsive * {box-sizing: unset;}<br \/>\n.cr_site{margin:0;padding:75px 0 0 0;text-align:center;background-color:#eeeeee;}<br \/>\n.cr_font{font-size: 14px;font-family: Arial;}<br \/>\n.cr_page{width: 100% !important;max-width:640px}<br \/>\n.cr_body{box-shadow: 0px 0px 14px 0px rgba(51,51,51,0.4);border-radius:8px;line-height:150%;font-family:Helvetica;font-size:12px;color:#333333;}<br \/>\n.cr_body h2, .cr_header h2{font-size:22px;line-height:28px;margin:0 0 10px 0;}<br \/>\n.cr_body h1, .cr_header h2{font-size:28px;margin-bottom:15px;padding:0;margin-top:0;}<br \/>\n.wrapper, .cr_page{margin:0 auto 10px auto;text-align:left;}<br \/>\n.cr_header{text-align:center;background: transparent !Important;}<br \/>\n.cr_header img {max-width: 100%;}<br \/>\n.cr_body label, .cr_body .label{float:none;clear:both;display:inline-block;width:auto;margin-top:8px;text-align:left;font-weight:bold;position:relative;}<br \/>\n.cr_body .no-label{font-weight: normal;}<br \/>\n.cr_body #editable_content{padding:20px;}<br \/>\n.editable-content {padding:20px}<br \/>\n.cr_button{display:inline-block;font-family:'Helvetica', Arial, sans-serif;width:auto;white-space:nowrap;height:32px;margin:5px 0;padding:0 22px;text-decoration:none;text-align:center;font-weight:bold;font-style:normal;font-size:15px;line-height:32px;cursor:pointer;border:0;-moz-border-radius:4px;border-radius:4px;-webkit-border-radius:4px;vertical-align:top;}<br \/>\n.cr_button{background-color:#333;color:#ffffff;}<br \/>\n.cr_button:hover,.cr_button-small:hover{opacity:0.7;filter:alpha(opacity=70);}<br \/>\n.powered{padding:20px 0;width:560px;margin:0 auto;}<br \/>\n.cr_ipe_item label{line-height:150%;font-size:14px;}<br \/>\n.cr_ipe_item textarea{background: none repeat scroll 0 0 #ffffff;border-radius:3px;border: 1px solid #ccc;font-family: Helvetica;font-size: 16px;}<br \/>\n.cr_ipe_item input{background: none repeat scroll 0 0 #ffffff;border-radius:3px;border: 1px solid #ccc;padding: 12px;font-family: Helvetica;font-size: 16px;}<br \/>\n.cr_ipe_item select{background: none repeat scroll 0 0 #ffffff;border-radius:3px;border: 1px solid #ccc;padding: 12px !Important;display: block;margin: 0;padding: 5px;width: 100%;font-family: Helvetica;font-size: 16px;}<br \/>\n.cr_ipe_item input.cr_ipe_radio, input.cr_ipe_checkbox{-moz-binding: none;-moz-box-sizing: border-box;background-color: -moz-field !important;border: 2px inset ThreeDFace !important;color: -moz-fieldtext !important;cursor: default;height: 13px;padding: 0 !important;width: 13px;}<br \/>\n.cr_ipe_item input.cr_ipe_radio{-moz-appearance: radio;border-radius: 100% 100% 100% 100% !important;margin: 3px 3px 0 5px;}<br \/>\n.cr_ipe_item{margin: 0px 10px; padding: 0px 10px;}<br \/>\n.submit_container{text-align:center}<br \/>\n.cr_ipe_item.inactive{display:none;}<br \/>\n.imprint{font-size:0.8em;}<br \/>\n.cr_captcha{padding-left:130px;}<br \/>\n.cr_error{font-size:1.1em;padding:10px;}<br \/>\n.clever_form_error{background-color:#f99; color:#000; border:1px solid #f22 !important}<br \/>\n.clever_form_note {margin:26px 0 0 3px;position:absolute;display:inline; padding: 2px 4px; font-weight:bold;background-color:#f2ecb5; color:#000; font-size:12px !important;  }<br \/>\n.cr_form-flex{display: flex;}<br \/>\n.cr_form-flex>.cr_form-inputgroup{flex-grow:1;margin-right: 5px;}<br \/>\n.cr_form-flex>.cr_form-inputgroup:last-child{margin-right: 0px;}<br \/>\n.cr_form-flex input{width:100%;}<\/p>\n<p>.cr_site {background-color:#eee;}<br \/>\n.cr_header {color:#000000;}<br \/>\n.cr_body {background-color:#ffffff;font-size:12px;color:#000000;}<br \/>\n.cr_hr {background-color:#ccc;}<br \/>\n.cr_site a {color:#0084ff;}<br \/>\n.imprint{color:#000;}<\/p>\n<\/style> <style id=\"style\">\n.cr_site {background-color:#faf8f5;}<br \/>\n.cr_body {color:#000000;background-color:#ffffff;}<br \/>\n.cr_header {color:#faf8f5;}<br \/>\n.cr_hr {background-color:#ccc;}<br \/>\n.cr_site a {color:#ef7b00;}<br \/>\n.imprint {color:#808080;}<br \/>\n.cr_page {width:auto;max-width:800px;}<br \/>\n.cr_font {color:#808080;}<br \/>\n.cr_button {background-color:#ee7f04;}<\/p>\n<\/style><\/p>\n<form class=\"layout_form cr_form cr_font\" action=\"https:\/\/mailings.meine-ernte.de\/f\/102896-189189\/wcs\/\" method=\"post\" target=\"_blank\">\n<div class=\"cr_body cr_page cr_font formbox\">\n<div class=\"non_sortable\" style=\"text-align: left;\">\u00a0<\/div>\n<div class=\"editable_content\" style=\"text-align: left;\">\n<div id=\"8205496\" class=\"cr_ipe_item ui-sortable\">\n<div class=\"mce_text\">\n<p style=\"text-align: center;\"><b style=\"text-align: left; caret-color: #808080; color: #808080;\"><span style=\"color: #ff8c00;\">VORTEILE F\u00dcR DICH:<\/span><\/b><\/p>\n<div id=\"c6396\" class=\"csc-default csc-space-after-20\" style=\"box-sizing: border-box;\">\n<div class=\"csc-textpic-text\" style=\"box-sizing: border-box;\">\n<ul>\n<li style=\"color: #6b6b6b; box-sizing: border-box; margin-bottom: 1.3em; margin-top: 0px;\">Fr\u00fchbucher-Recht: Du bekommst bevorzugten Zugang<\/li>\n<li style=\"color: #6b6b6b; box-sizing: border-box; margin-bottom: 1.3em; margin-top: 0px;\">Wartelistenbonus: Wir informieren dich exklusiv vor dem offiziellen Start<span style=\"color: #ff8c00; font-size: small; caret-color: #ff0000;\">* <\/span><\/li>\n<li style=\"color: #6b6b6b; box-sizing: border-box; margin-bottom: 1.3em; margin-top: 0px;\">Neuland: Deine Eintragung hilft uns, neue G\u00e4rten dort zu er\u00f6ffnen, wo sie gebraucht werden \u2013 vielleicht bald auch bei dir um die Ecke!<\/li>\n<\/ul>\n<div class=\"csc-textpic-text\" style=\"box-sizing: border-box;\"><span style=\"color: #6b6b6b; font-size: 1.06em;\">\ud83d\udca1 Tipp: Je mehr Leute sich aus deiner Region melden, desto h\u00f6her die Chance auf einen neuen Standort!<\/span><\/div>\n<div class=\"csc-textpic-text\" style=\"box-sizing: border-box;\"><span style=\"color: #6b6b6b; font-size: 1.06em;\">\u00a0<\/span><\/div>\n<div class=\"csc-textpic-text\" style=\"box-sizing: border-box;\"><span style=\"font-size: 17.977598px;\"><span style=\"color: #ff8c00;\"><span style=\"caret-color: #ff0000; color: #ff0000; font-size: 16.959999px;\"><span style=\"color: #888888;\"><span style=\"font-size: small;\"><span style=\"color: #ff8c00;\">* Dieses Formular dient NICHT der verbindlichen Buchung!<\/span><\/span><\/span><\/span><\/span><\/span><\/div>\n<div class=\"csc-textpic-text\" style=\"box-sizing: border-box;\"><span style=\"font-size: 17.977598px;\"><span style=\"color: #808080;\">_________________________________________________________________________<\/span><\/span><\/div>\n<div class=\"csc-textpic-text\" style=\"box-sizing: border-box;\">\u00a0<\/div>\n<\/div>\n<\/div>\n<p style=\"box-sizing: border-box; margin-bottom: 1.3em; margin-top: 0px;\"><span style=\"color: #808080;\"><b><span style=\"color: #ff9900;\">&#8230; UND SO GEHT&#8217;S<\/span><\/b><\/span><\/p>\n<p style=\"box-sizing: border-box; margin-bottom: 1.3em; margin-top: 0px;\"><span style=\"color: #808080;\"><img decoding=\"async\" src=\"https:\/\/www.meine-ernte.de\/fileadmin\/Resources\/Public\/Images\/icon-pen-green.png\" alt=\"\" \/>\u00a0 \u00a01.\u00a0<\/span><span style=\"color: #808080; font-size: 1.06em;\">Unverbindlich und kostenlos in Warteliste eintragen<\/span><\/p>\n<p style=\"box-sizing: border-box; margin-bottom: 1.3em; margin-top: 0px;\"><span style=\"color: #808080;\"><img decoding=\"async\" src=\"https:\/\/www.meine-ernte.de\/fileadmin\/Resources\/Public\/Images\/icon-email-green.png\" alt=\"\" \/>\u00a0 \u00a02. Auf den Link in der Best\u00e4tigungs-Mail klicken (ggf. Spam-Ordner pr\u00fcfen)<\/span><\/p>\n<p style=\"box-sizing: border-box; margin-bottom: 1.3em; margin-top: 0px;\"><span style=\"color: #808080;\"><img decoding=\"async\" src=\"https:\/\/www.meine-ernte.de\/fileadmin\/Resources\/Public\/Images\/icon-email-green.png\" alt=\"\" \/>\u00a0 \u00a03.\u00a0<span style=\"font-size: 1.06em;\">ab Buchungsstart: Garten sichern und endlich einen eigenen Gem\u00fcsegarten haben \ud83c\udf40<\/span><\/span><\/p>\n<p style=\"box-sizing: border-box; margin-bottom: 1.3em; margin-top: 0px;\">\u00a0<\/p>\n<p><strong><span style=\"color: #ff0000;\">Achtung<\/span><\/strong>: Besitzer:innen eines aktuellen Mietgartens nehmen automatisch teil \u2013 du musst dich zus\u00e4tzlich nicht eintragen.<\/p>\n<p><span style=\"color: #808080; font-size: 17.9776px; caret-color: #808080;\">_________________________________________________________________________<\/span><\/p>\n<\/div>\n<\/div>\n<div id=\"4016033\" class=\"cr_form-component cr_form-component--text cr_ipe_item ui-sortable musthave\" style=\"margin-bottom: 0px;\">\n<div class=\"cr_form-inputgroup cr_form-inputgroup--typetext\"><label class=\"itemname\" for=\"cr_form-input--text4016033\">Name*<\/label><br \/><input id=\"cr_form-input--text4016033\" class=\"cr_form-input\" style=\"width: 100%;\" name=\"1004734\" type=\"text\" placeholder=\"\" \/><\/div>\n<\/div>\n<div id=\"4016008\" class=\"cr_form-component cr_form-component--email cr_ipe_item ui-sortable musthave\" style=\"margin-bottom: 30px;\">\n<div class=\"cr_form-inputgroup cr_form-inputgroup--typeemail\"><label for=\"text4016008\">E-Mail*<\/label><br \/><input id=\"text4016008\" class=\"cr_form-input\" style=\"width: 100%;\" name=\"email\" type=\"email\" value=\"\" placeholder=\"name@example.com\" \/><\/div>\n<\/div>\n<div id=\"4016037\" class=\"cr_form-component cr_form-component--select cr_ipe_item ui-sortable\" style=\"margin-bottom: 15px;\">\n<div class=\"cr_form-inputgroup cr_form-inputgroup--typeselect\"><label for=\"cr_form-input--select4016037\"><br \/>WUNSCH-STANDORT<br \/><\/label><br \/><select id=\"cr_form-input--select4016037\" class=\"cr_form-select cr_font\" style=\"width: 100%;\" name=\"1257233\">\n<option value=\"noch kein Standort in meiner N\u00e4he\">noch kein Standort in meiner N\u00e4he<\/option>\n<option value=\"Aachen (Bonnie's Hofladen)\">Aachen (Bonnie&#8217;s Hofladen)<\/option>\n<option value=\"Berlin Neue Sp\u00e4thstra\u00dfe (Hof Lutz Gericke)\">Berlin Neue Sp\u00e4thstra\u00dfe (Hof Lutz Gericke)<\/option>\n<option value=\"Berlin-Rudow (Hof Lutz Gericke)\">Berlin-Rudow (Hof Lutz Gericke)<\/option>\n<option value=\"Berlin-Wartenberg (Gartenbaubetrieb Vogel)\">Berlin-Wartenberg (Gartenbaubetrieb Vogel)<\/option>\n<option value=\"Bochum (Hof Blome)\">Bochum (Hof Blome)<\/option>\n<option value=\"B\u00f6bingen (Biohof Renner)\">B\u00f6bingen (Biohof Renner)<\/option>\n<option value=\"Bonn-Mehlem\">Bonn-Mehlem<\/option>\n<option value=\"Bottrop-Kirchhellen  (Hof Sagel)\">Bottrop-Kirchhellen (Hof Sagel)<\/option>\n<option value=\"Dortmund\u2013Holthausen (Hof Westermann)\">Dortmund\u2013Holthausen (Hof Westermann)<\/option>\n<option value=\"Dortmund-Kirchderne (Hof Kuse)\">Dortmund-Kirchderne (Hof Kuse)<\/option>\n<option value=\"Dresden\">Dresden<\/option>\n<option value=\"D\u00fcsseldorf-Hamm (Gem\u00fcsebetrieb Andree)\">D\u00fcsseldorf-Hamm (Gem\u00fcsebetrieb Andree)<\/option>\n<option value=\"D\u00fcsseldorf-Niederkassel (Gem\u00fcsebetrieb Andree-Niederkassel)\">D\u00fcsseldorf-Niederkassel (Gem\u00fcsebetrieb Andree-Niederkassel)<\/option>\n<option value=\"D\u00fcsseldorf-Volmerswerth (Gem\u00fcsebetrieb Andree-Volmerswerth )\">D\u00fcsseldorf-Volmerswerth (Gem\u00fcsebetrieb Andree-Volmerswerth )<\/option>\n<option value=\"Essen (Bauernhof am Mechtenberg)\">Essen (Bauernhof am Mechtenberg)<\/option>\n<option value=\"Frankfurt (K\u00f6tters Hofmarkt)\">Frankfurt (K\u00f6tters Hofmarkt)<\/option>\n<option value=\"Ginsheim\">Ginsheim<\/option>\n<option value=\"Hamburg \/ Norderstedt (Hof Rehders)\">Hamburg \/ Norderstedt (Hof Rehders)<\/option>\n<option value=\"Hamburg \/ Barsb\u00fcttel\">Hamburg \/ Barsb\u00fcttel<\/option>\n<option value=\"Herne (Wewole)\">Herne (Wewole)<\/option>\n<option value=\"Leverkusen (Hof J\u00fcch)\">Leverkusen (Hof J\u00fcch)<\/option>\n<option value=\"L\u00fcbeck\">L\u00fcbeck<\/option>\n<option value=\"Stuttgart-M\u00f6hringen Fl\u00e4che 1 (S\u00fcd)\">Stuttgart-M\u00f6hringen Fl\u00e4che 1 (S\u00fcd)<\/option>\n<option value=\"Stuttgart-M\u00f6hringen Fl\u00e4che 2 (Nord)\">Stuttgart-M\u00f6hringen Fl\u00e4che 2 (Nord)<\/option>\n<option value=\"Wiesbaden (Scholzenhof)\">Wiesbaden (Scholzenhof)<\/option>\n<option value=\"Kiel\">Kiel<\/option>\n<\/select><\/div>\n<\/div>\n<div id=\"4016039\" class=\"cr_ipe_item ui-sortable\">\n<div class=\"mce_text\">\n<p>W\u00e4hle bitte aus, f\u00fcr welchen Standort du dich unverbindlich in die Interessentenliste eintragen m\u00f6chtest.<\/p>\n<\/div>\n<\/div>\n<div id=\"4016034\" class=\"cr_form-component cr_form-component--text cr_ipe_item ui-sortable\" style=\"margin-bottom: 0px;\">\n<div class=\"cr_form-inputgroup cr_form-inputgroup--typetext\"><label class=\"itemname\" for=\"cr_form-input--text4016034\">Postleitzahl<\/label><br \/><input id=\"cr_form-input--text4016034\" class=\"cr_form-input\" style=\"width: 100%;\" name=\"1202699\" type=\"text\" placeholder=\"\" \/><\/div>\n<\/div>\n<div id=\"4016035\" class=\"cr_form-component cr_form-component--text cr_ipe_item ui-sortable\" style=\"margin-bottom: 0px;\">\n<div class=\"cr_form-inputgroup cr_form-inputgroup--typetext\"><label class=\"itemname\" for=\"cr_form-input--text4016035\">Ort<\/label><br \/><input id=\"cr_form-input--text4016035\" class=\"cr_form-input\" style=\"width: 100%;\" name=\"1202700\" type=\"text\" placeholder=\"\" \/><\/div>\n<\/div>\n<div id=\"4016059\" class=\"cr_form-component cr_form-component--group cr_form-component--checkbox cr_ipe_item ui-sortable musthave\" style=\"margin-bottom: 15px;\"><span class=\"label cr_form-component--header\">Datenschutz*<\/span>\n<div class=\"cr_form-component--group\">\n<p><span class=\"cr_form-inputgroup cr_form-inputgroup--typecheckbox\"><input id=\"Ich habe die &lt;a href='https:\/\/www.meine-ernte.de\/datenschutz\/' target='_blank'&gt;Datenschutzerkl\u00e4rung&lt;\/a&gt; zur Kenntnis genommen.4016059\" class=\"cr_form-checkbox cr_ipe_checkbox\" name=\"1202702[]\" type=\"checkbox\" value=\"&quot;Ich\" \/><label class=\"no-label\" for=\"Ich habe die &lt;a href='https:\/\/www.meine-ernte.de\/datenschutz\/' target='_blank'&gt;Datenschutzerkl\u00e4rung&lt;\/a&gt; zur Kenntnis genommen.4016059\">Ich habe die <a href=\"https:\/\/www.meine-ernte.de\/datenschutz\/\" target=\"_blank\" rel=\"noopener\">Datenschutzerkl\u00e4rung<\/a> zur Kenntnis genommen.<\/label><br \/><\/span>\u00a0<\/p>\n<\/div>\n<\/div>\n<div id=\"4016108\" class=\"cr_ipe_item ui-sortable\">\n<div class=\"mce_text\">\n<p>* Pflichtfeld<\/p>\n<\/div>\n<\/div>\n<div id=\"8927457\" class=\"cr_ipe_item ui-sortable\">\n<div class=\"mce_text\">\n<p style=\"text-align: left;\">\u00a0<\/p>\n<\/div>\n<\/div>\n<div id=\"8927648\" class=\"cr_form-component cr_form-component--submit cr_ipe_item ui-sortable  submit_container\"><button class=\"cr_form-block cr_button\" type=\"submit\">JETZT VORMERKEN<\/button><\/div>\n<div id=\"8930104\" class=\"cr_ipe_item ui-sortable\">\n<div class=\"mce_text\">\n<p style=\"text-align: left;\">\u00a0<\/p>\n<\/div>\n<\/div>\n<\/div>\n<p><noscript><a href=http:\/\/www.cleverreach.de>www.CleverReach.de<\/a><\/noscript><\/p>\n<\/div>\n<\/form>\n\n","protected":false},"excerpt":{"rendered":"","protected":false},"author":23532,"featured_media":0,"parent":0,"menu_order":0,"comment_status":"closed","ping_status":"closed","template":"","meta":{"_acf_changed":false,"footnotes":""},"class_list":["post-123935","page","type-page","status-publish","hentry"],"acf":[],"_links":{"self":[{"href":"https:\/\/www.meine-ernte.de\/shop\/wp-json\/wp\/v2\/pages\/123935","targetHints":{"allow":["GET"]}}],"collection":[{"href":"https:\/\/www.meine-ernte.de\/shop\/wp-json\/wp\/v2\/pages"}],"about":[{"href":"https:\/\/www.meine-ernte.de\/shop\/wp-json\/wp\/v2\/types\/page"}],"author":[{"embeddable":true,"href":"https:\/\/www.meine-ernte.de\/shop\/wp-json\/wp\/v2\/users\/23532"}],"replies":[{"embeddable":true,"href":"https:\/\/www.meine-ernte.de\/shop\/wp-json\/wp\/v2\/comments?post=123935"}],"version-history":[{"count":16,"href":"https:\/\/www.meine-ernte.de\/shop\/wp-json\/wp\/v2\/pages\/123935\/revisions"}],"predecessor-version":[{"id":124725,"href":"https:\/\/www.meine-ernte.de\/shop\/wp-json\/wp\/v2\/pages\/123935\/revisions\/124725"}],"wp:attachment":[{"href":"https:\/\/www.meine-ernte.de\/shop\/wp-json\/wp\/v2\/media?parent=123935"}],"curies":[{"name":"wp","href":"https:\/\/api.w.org\/{rel}","templated":true}]}}