{"id":121464,"date":"2025-05-28T09:42:20","date_gmt":"2025-05-28T07:42:20","guid":{"rendered":"https:\/\/www.meine-ernte.de\/shop\/?page_id=121464"},"modified":"2025-06-24T09:26:43","modified_gmt":"2025-06-24T07:26:43","slug":"bezugsquellen","status":"publish","type":"page","link":"https:\/\/www.meine-ernte.de\/shop\/bezugsquellen\/","title":{"rendered":"Bezugsquellen"},"content":{"rendered":"\n<span class=\"scroll-to\" data-label=\"Scroll to: #standorte\" data-bullet=\"true\" data-link=\"#standorte\" data-title=\"Standorte\"><a name=\"standorte\"><\/a><\/span>\n\n<div class=\"container section-title-container\" ><h2 class=\"section-title section-title-normal\"><b aria-hidden=\"true\"><\/b><span class=\"section-title-main\" >Hier erh\u00e4ltst du unsere Produkte<\/span><b aria-hidden=\"true\"><\/b><\/h2><\/div>\n\n<p class=\"\" data-start=\"67\" data-end=\"221\"><strong data-start=\"67\" data-end=\"221\">Unsere meine ernte Produkte erh\u00e4ltst du online in verschiedenen Shops wie bei <a href=\"https:\/\/www.hornbach.de\/s\/meine%20ernte\" target=\"_blank\" rel=\"noopener\">HORNBACH<\/a>. Auf der jeweiligen Produktseite zeigen wir dir, wo du sie bestellen kannst.<\/strong><\/p>\n<p class=\"\" data-start=\"223\" data-end=\"444\">Au\u00dferdem findest du unsere Produkte deutschlandweit in allen HORNBACH M\u00e4rkten, in vielen Gartencentern sowie im Onlineshop von <a href=\"https:\/\/www.blume2000.de\/\" target=\"_blank\" rel=\"noopener\">BLUME2000<\/a> und <a href=\"https:\/\/www.gartenwebshop.eu\/\" target=\"_blank\" rel=\"noopener\">S\u00e4ngerhof<\/a>. Entdecke auf unserer Karte den n\u00e4chsten Markt oder das Gartencenter in deiner N\u00e4he:<\/p>\n<style>\r\n\t#wpsl-stores .wpsl-store-thumb {height:45px !important; width:45px !important;}\r\n\t#wpsl-stores, #wpsl-direction-details, #wpsl-gmap {height:350px !important;}\r\n\t#wpsl-gmap .wpsl-info-window {max-width:225px !important;}\r\n\t.wpsl-input label, #wpsl-radius label, #wpsl-category label {width:95px;}\r\n\t#wpsl-search-input  {width:179px;}\r\n<\/style>\r\n<div id=\"wpsl-wrap\" class=\"wpsl-store-below\">\r\n\t<div class=\"wpsl-search wpsl-clearfix \">\r\n\t\t<div id=\"wpsl-search-wrap\">\r\n\t\t\t<form autocomplete=\"off\">\r\n\t\t\t<div class=\"wpsl-input\">\r\n\t\t\t\t<div><label for=\"wpsl-search-input\">Standort<\/label><\/div>\r\n\t\t\t\t<input id=\"wpsl-search-input\" type=\"text\" value=\"\" name=\"wpsl-search-input\" placeholder=\"\" aria-required=\"true\" \/>\r\n\t\t\t<\/div>\r\n\t\t\t<div class=\"wpsl-select-wrap\">\r\n\t\t\t\t<div id=\"wpsl-radius\">\r\n\t\t\t\t\t<label for=\"wpsl-radius-dropdown\">Suchradius<\/label>\r\n\t\t\t\t\t<select id=\"wpsl-radius-dropdown\" class=\"wpsl-dropdown\" name=\"wpsl-radius\">\r\n\t\t\t\t\t\t<option value=\"10\">10 km<\/option><option value=\"25\">25 km<\/option><option selected=\"selected\" value=\"50\">50 km<\/option><option value=\"100\">100 km<\/option><option value=\"200\">200 km<\/option><option value=\"500\">500 km<\/option>\r\n\t\t\t\t\t<\/select>\r\n\t\t\t\t<\/div>\r\n\t\t\t\t<div id=\"wpsl-results\">\r\n\t\t\t\t\t<label for=\"wpsl-results-dropdown\">Ergebnisse<\/label>\r\n\t\t\t\t\t<select id=\"wpsl-results-dropdown\" class=\"wpsl-dropdown\" name=\"wpsl-results\">\r\n\t\t\t\t\t\t<option selected=\"selected\" value=\"25\">25<\/option><option value=\"50\">50<\/option><option value=\"75\">75<\/option><option value=\"100\">100<\/option>\r\n\t\t\t\t\t<\/select>\r\n\t\t\t\t<\/div>\r\n\t\t\t<\/div>\r\n\t\t\t\t<div class=\"wpsl-search-btn-wrap\"><input id=\"wpsl-search-btn\" type=\"submit\" value=\"Suche\"><\/div>\r\n\t\t<\/form>\r\n\t\t<\/div>\r\n\t<\/div>\r\n\t<div id=\"wpsl-gmap\" class=\"wpsl-gmap-canvas\"><\/div>\r\n\t<div id=\"wpsl-result-list\">\r\n\t\t<div id=\"wpsl-stores\" >\r\n\t\t\t<ul><\/ul>\r\n\t\t<\/div>\r\n\t\t<div id=\"wpsl-direction-details\">\r\n\t\t\t<ul><\/ul>\r\n\t\t<\/div>\r\n\t<\/div>\r\n<\/div>\r\n\n<p>Bitte beachte: Die Verf\u00fcgbarkeit dieses Produkts kann in den L\u00e4den variieren. Informiere dich bitte vorab, ob das Produkt verf\u00fcgbar ist.<\/p>\n<div class=\"container section-title-container\" ><h2 class=\"section-title section-title-normal\"><b aria-hidden=\"true\"><\/b><span class=\"section-title-main\" >Alle Bezugsquellen im \u00dcberblick<\/span><b aria-hidden=\"true\"><\/b><\/h2><\/div>\n\n\t<div class=\"img has-hover x md-x lg-x y md-y lg-y\" id=\"image_181488443\">\n\t\t\t\t\t\t\t\t<div class=\"img-inner dark\" >\n\t\t\t<img decoding=\"async\" width=\"1020\" height=\"574\" src=\"https:\/\/www.meine-ernte.de\/shop\/wp-content\/uploads\/Vertriebsstellen-1400x788.png\" class=\"attachment-large size-large\" alt=\"\" srcset=\"https:\/\/www.meine-ernte.de\/shop\/wp-content\/uploads\/Vertriebsstellen-1400x788.png 1400w, https:\/\/www.meine-ernte.de\/shop\/wp-content\/uploads\/Vertriebsstellen-711x400.png 711w, https:\/\/www.meine-ernte.de\/shop\/wp-content\/uploads\/Vertriebsstellen-768x432.png 768w, https:\/\/www.meine-ernte.de\/shop\/wp-content\/uploads\/Vertriebsstellen-1536x864.png 1536w, https:\/\/www.meine-ernte.de\/shop\/wp-content\/uploads\/Vertriebsstellen-600x338.png 600w, https:\/\/www.meine-ernte.de\/shop\/wp-content\/uploads\/Vertriebsstellen-100x56.png 100w, https:\/\/www.meine-ernte.de\/shop\/wp-content\/uploads\/Vertriebsstellen-80x45.png 80w, https:\/\/www.meine-ernte.de\/shop\/wp-content\/uploads\/Vertriebsstellen.png 1920w\" sizes=\"(max-width: 1020px) 100vw, 1020px\" \/>\t\t\t\t\t\t\n\t\t\t\t\t<\/div>\n\t\t\t\t\t\t\t\t\n<style>\n#image_181488443 {\n  width: 100%;\n}\n<\/style>\n\t<\/div>\n\t\n\n\t<div id=\"gap-748781784\" class=\"gap-element clearfix\" style=\"display:block; height:auto;\">\n\t\t\n<style>\n#gap-748781784 {\n  padding-top: 30px;\n}\n<\/style>\n\t<\/div>\n\t\n\n<div class=\"row\"  id=\"row-137628802\">\n\n\n\t<div id=\"col-393889937\" class=\"col small-12 large-12\"  >\n\t\t\t\t<div class=\"col-inner\"  >\n\t\t\t\n\t\t\t\n\n<table>\n<thead><\/thead>\n<tbody>\n<tr>\n<td><a href=\"https:\/\/www.alexianer-werkstaetten.de\/koeln\/alexianer-klostergaertnerei-koeln-garten-und-landschaftspflege-in-der-rheinmetropole\/\" target=\"_blank\" rel=\"noopener\">Alexianer Klosterg\u00e4rtnerei<\/a><\/td>\n<td><a href=\"http:\/\/www.rammes-gruenland.de\/\" target=\"_blank\" rel=\"noopener\">Rammes Gr\u00fcnland<\/a><\/td>\n<td><a href=\"http:\/\/www.pflanzen-breuer.de\/\" target=\"_blank\" rel=\"noopener\">Pflanzen Breuer<\/a><\/td>\n<\/tr>\n<tr>\n<td><a href=\"https:\/\/gartenmarkt-kissener.de\/\" target=\"_blank\" rel=\"noopener\">Kissener&#8217;s Gartenmarkt<\/a><\/td>\n<td><a href=\"https:\/\/www.riechers-pflanzenwelt.de\/\" target=\"_blank\" rel=\"noopener\">Riechers Pflanzenwelt<\/a><\/td>\n<td><a href=\"https:\/\/www.schley-gartencenter.de\/\" target=\"_blank\" rel=\"noopener\">Schley&#8217;s Blumenparadies<\/a><\/td>\n<\/tr>\n<tr>\n<td><a href=\"https:\/\/saengerhof.de\/\" target=\"_blank\" rel=\"noopener\">S\u00e4ngerhof<\/a><\/td>\n<td><a href=\"http:\/\/www.seeberger-pflanzenhof.de\/\" target=\"_blank\" rel=\"noopener\">Seeberger Pflanzenhof<\/a><\/td>\n<td><a href=\"http:\/\/www.florhof.de\/\" target=\"_blank\" rel=\"noopener\">Florhof G\u00e4rtnerei<\/a><\/td>\n<\/tr>\n<tr>\n<td><a href=\"http:\/\/www.spaethsche-baumschulen.de\/\" target=\"_blank\" rel=\"noopener\">Sp\u00e4th Baumschulen<\/a><\/td>\n<td><a href=\"http:\/\/www.tropica-kriftel.de\/\" target=\"_blank\" rel=\"noopener\">Tropica<\/a><\/td>\n<td><a href=\"https:\/\/www.hornbach.de\/\" target=\"_blank\" rel=\"noopener\">HORNBACH<\/a><\/td>\n<\/tr>\n<\/tbody>\n<\/table>\n<p>\u00a0<\/p>\n\n\t\t<\/div>\n\t\t\t\t\t<\/div>\n\n\t\n\n<\/div>\n\t<div class=\"img has-hover x md-x lg-x y md-y lg-y\" id=\"image_743633191\">\n\t\t\t\t\t\t\t\t<div class=\"img-inner dark\" >\n\t\t\t\t\t\t\t\t\t\n\t\t\t\t\t<\/div>\n\t\t\t\t\t\t\t\t\n<style>\n#image_743633191 {\n  width: 100%;\n}\n<\/style>\n\t<\/div>\n\t\n\n\n","protected":false},"excerpt":{"rendered":"","protected":false},"author":23532,"featured_media":0,"parent":0,"menu_order":0,"comment_status":"closed","ping_status":"closed","template":"","meta":{"_acf_changed":false,"footnotes":""},"class_list":["post-121464","page","type-page","status-publish","hentry"],"acf":[],"_links":{"self":[{"href":"https:\/\/www.meine-ernte.de\/shop\/wp-json\/wp\/v2\/pages\/121464","targetHints":{"allow":["GET"]}}],"collection":[{"href":"https:\/\/www.meine-ernte.de\/shop\/wp-json\/wp\/v2\/pages"}],"about":[{"href":"https:\/\/www.meine-ernte.de\/shop\/wp-json\/wp\/v2\/types\/page"}],"author":[{"embeddable":true,"href":"https:\/\/www.meine-ernte.de\/shop\/wp-json\/wp\/v2\/users\/23532"}],"replies":[{"embeddable":true,"href":"https:\/\/www.meine-ernte.de\/shop\/wp-json\/wp\/v2\/comments?post=121464"}],"version-history":[{"count":15,"href":"https:\/\/www.meine-ernte.de\/shop\/wp-json\/wp\/v2\/pages\/121464\/revisions"}],"predecessor-version":[{"id":121861,"href":"https:\/\/www.meine-ernte.de\/shop\/wp-json\/wp\/v2\/pages\/121464\/revisions\/121861"}],"wp:attachment":[{"href":"https:\/\/www.meine-ernte.de\/shop\/wp-json\/wp\/v2\/media?parent=121464"}],"curies":[{"name":"wp","href":"https:\/\/api.w.org\/{rel}","templated":true}]}}