{"id":104594,"date":"2023-07-12T10:34:03","date_gmt":"2023-07-12T08:34:03","guid":{"rendered":"https:\/\/staging.meine-ernte.shop\/?page_id=103996"},"modified":"2025-01-07T15:16:18","modified_gmt":"2025-01-07T14:16:18","slug":"mietgaerten-vorbereitung-der-mietgaerten","status":"publish","type":"page","link":"https:\/\/www.meine-ernte.de\/shop\/mietgaerten-vorbereitung-der-mietgaerten\/","title":{"rendered":"Vorbereitung der Mietg\u00e4rten von meine ernte"},"content":{"rendered":"\n\t<div class=\"img has-hover x md-x lg-x y md-y lg-y\" id=\"image_318496487\">\n\t\t\t\t\t\t\t\t<div class=\"img-inner dark\" >\n\t\t\t\t\t\t\t\t\t\n\t\t\t\t\t<\/div>\n\t\t\t\t\t\t\t\t\n<style>\n#image_318496487 {\n  width: 100%;\n}\n<\/style>\n\t<\/div>\n\t\n\n\t<div class=\"img has-hover x md-x lg-x y md-y lg-y\" id=\"image_1257123339\">\n\t\t\t\t\t\t\t\t<div class=\"img-inner dark\" >\n\t\t\t<img decoding=\"async\" width=\"1020\" height=\"239\" src=\"https:\/\/www.meine-ernte.de\/shop\/wp-content\/uploads\/header_gaertnerwissen-1400x328-1.jpg\" class=\"attachment-large size-large\" alt=\"\" srcset=\"https:\/\/www.meine-ernte.de\/shop\/wp-content\/uploads\/header_gaertnerwissen-1400x328-1.jpg 1400w, https:\/\/www.meine-ernte.de\/shop\/wp-content\/uploads\/header_gaertnerwissen-1400x328-1-800x187.jpg 800w, https:\/\/www.meine-ernte.de\/shop\/wp-content\/uploads\/header_gaertnerwissen-1400x328-1-768x180.jpg 768w, https:\/\/www.meine-ernte.de\/shop\/wp-content\/uploads\/header_gaertnerwissen-1400x328-1-600x141.jpg 600w, https:\/\/www.meine-ernte.de\/shop\/wp-content\/uploads\/header_gaertnerwissen-1400x328-1-100x23.jpg 100w, https:\/\/www.meine-ernte.de\/shop\/wp-content\/uploads\/header_gaertnerwissen-1400x328-1-80x19.jpg 80w\" sizes=\"(max-width: 1020px) 100vw, 1020px\" \/>\t\t\t\t\t\t\n\t\t\t\t\t<\/div>\n\t\t\t\t\t\t\t\t\n<style>\n#image_1257123339 {\n  width: 100%;\n}\n<\/style>\n\t<\/div>\n\t\n\n\n<div class=\"csc-header csc-header-n1 \">\n<h1 class=\"csc-firstHeader\">Vorbereitung der Mietg\u00e4rten von meine ernte<\/h1>\n<p><strong>Keine Lust auf Umgraben? Viele Arbeiten sind f\u00fcr dich im Mietgarten bereits erledigt<\/strong><\/p>\n<p>In ganz Deutschland sind Landwirte und Hobbyg\u00e4rtner zu Beginn der Gem\u00fcseanbausaison unterwegs und bereiten ihre \u00c4cker und G\u00e4rten f\u00fcr die Bepflanzung und die Einsaat vor. Ob als Gro\u00dfbauer mit einigen Hektar Land oder im kleinen Gem\u00fcsebeet im Garten: die Vorbereitungen sind \u00e4hnlich. Auch der Landwirt Deines Gem\u00fcsegartens ist in dieser Zeit auf dem Acker unterwegs und mit den letzten Vorkehrungen besch\u00e4ftigt, damit Du optimal in die neue Saison starten kannst. Die wichtigsten Arbeiten und die daf\u00fcr ben\u00f6tigten Ger\u00e4te auf dem Gem\u00fcseacker m\u00f6chten wir Dir n\u00e4her vorstellen.<\/p>\n<\/div>\n\t<div class=\"img has-hover x md-x lg-x y md-y lg-y\" id=\"image_1270932968\">\n\t\t<a class=\"image-lightbox lightbox-gallery\" title=\"\" href=\"https:\/\/www.meine-ernte.de\/shop\/wp-content\/uploads\/umgraben.jpg\">\t\t\t\t\t\t<div class=\"img-inner dark\" >\n\t\t\t<img decoding=\"async\" width=\"1020\" height=\"383\" src=\"https:\/\/www.meine-ernte.de\/shop\/wp-content\/uploads\/umgraben.jpg\" class=\"attachment-large size-large\" alt=\"\" srcset=\"https:\/\/www.meine-ernte.de\/shop\/wp-content\/uploads\/umgraben.jpg 1100w, https:\/\/www.meine-ernte.de\/shop\/wp-content\/uploads\/umgraben-800x300.jpg 800w, https:\/\/www.meine-ernte.de\/shop\/wp-content\/uploads\/umgraben-768x288.jpg 768w, https:\/\/www.meine-ernte.de\/shop\/wp-content\/uploads\/umgraben-600x225.jpg 600w, https:\/\/www.meine-ernte.de\/shop\/wp-content\/uploads\/umgraben-100x38.jpg 100w, https:\/\/www.meine-ernte.de\/shop\/wp-content\/uploads\/umgraben-80x30.jpg 80w\" sizes=\"(max-width: 1020px) 100vw, 1020px\" \/>\t\t\t\t\t\t\n\t\t\t\t\t<\/div>\n\t\t\t\t\t\t<\/a>\t\t\n<style>\n#image_1270932968 {\n  width: 100%;\n}\n<\/style>\n\t<\/div>\n\t\n\n\t<div class=\"img has-hover x md-x lg-x y md-y lg-y\" id=\"image_2093920762\">\n\t\t\t\t\t\t\t\t<div class=\"img-inner dark\" >\n\t\t\t\t\t\t\t\t\t\n\t\t\t\t\t<\/div>\n\t\t\t\t\t\t\t\t\n<style>\n#image_2093920762 {\n  width: 100%;\n}\n<\/style>\n\t<\/div>\n\t\n\n<p>Umgraben nicht mehr n\u00f6tig &#8211; in Mietg\u00e4rten \u00fcbernimmt das der Landwirt f\u00fcr dich<\/p>\n<div id=\"c6441\" class=\"csc-default csc-space-after-40\">\n<div class=\"csc-header csc-header-n1 \">\n<h2 class=\"csc-firstHeader\">1. Die D\u00fcngung<\/h2>\n<\/div>\n<div class=\"csc-textpic-text\">\n<div>\n<p><strong>Der Boden ist das A und O<\/strong><\/p>\n<p><a class=\"internal-link\" title=\"Alles rund um Boden und D\u00fcngung\" href=\"https:\/\/www.meine-ernte.de\/gartentipps\/boden-duengung\/\" target=\"_self\" rel=\"noopener\"><i class=\"fa\"><\/i>Der Boden und seine nat\u00fcrliche Fruchtbarkeit<\/a>&nbsp;sind die Grundlage f\u00fcr die Landwirtschaft und stellen einen der wichtigsten Faktoren f\u00fcr eine gelungene Ernte dar. Es gibt verschiedene&nbsp;<a class=\"internal-link\" title=\"Bodentypen erkennen\" href=\"https:\/\/www.meine-ernte.de\/gartentipps\/rund-um-den-gemuesegarten\/bodentypen\/\" target=\"_self\" rel=\"noopener\"><i class=\"fa\"><\/i>Bodentypen<\/a>, zum Beispiel besonders leichte oder schwere B\u00f6den, humusreiche oder lehmige B\u00f6den. Die Entstehung dieser Bodentypen h\u00e4ngt von zahlreichen \u00e4u\u00dferen Einfl\u00fcssen wie lokalem Gestein und Relief, Klima, Vegetation, Niederschlag und nicht zuletzt vom Einwirken des Menschen ab.<\/p>\n<p>Fehlen dem Boden wichtige N\u00e4hrstoffe, die f\u00fcr den Gem\u00fcseanbau wichtig sind, so muss der Landwirt die N\u00e4hrstoffzufuhr mittels D\u00fcngung unterst\u00fctzen um das Wachstum der Pflanzen sicherzustellen. Es gibt verschiedene D\u00fcngemittel, die verwendet werden k\u00f6nnen.<\/p>\n<p><strong>Nat\u00fcrliche D\u00fcnger f\u00fcr gro\u00dfe Fl\u00e4chen<\/strong><\/p>\n<p>Zu den am h\u00e4ufigsten verwendeten D\u00fcngern, die in der Landwirtschaft, also auf gr\u00f6\u00dferen Fl\u00e4chen ausgebracht werden, geh\u00f6ren&nbsp;Stallmist, Jauche, G\u00fclle&nbsp;und die&nbsp;<a class=\"internal-link\" title=\"Gr\u00fcnd\u00fcngung - lass Beete niemals ohne Bodendeckung\" href=\"https:\/\/www.meine-ernte.de\/gartentipps\/rund-um-den-gemuesegarten\/gruenduengung\/\" target=\"_self\" rel=\"noopener\"><i class=\"fa\"><\/i>Gr\u00fcnd\u00fcngung<\/a>. In der \u00f6kologischen Landwirtschaft und im Gem\u00fcsebau wird h\u00e4ufig mit&nbsp;<a class=\"internal-link\" title=\"Kompost - das schwarze Gold des G\u00e4rtners - einfach selber machen\" href=\"https:\/\/www.meine-ernte.de\/kompost\/\" target=\"_self\" rel=\"noopener\"><i class=\"fa\"><\/i>Kompost&nbsp;<\/a>als D\u00fcngemittel gearbeitet.<\/p>\n<p>F\u00fcr eine gleichm\u00e4\u00dfige und wirkungsvolle Ausbringung verwendet der Landwirt seinen&nbsp;Dung- oder Kompoststreuer. Hierbei wird zwischen Pendelrohr-, Scheiben- und Schleuderstreuern unterschieden. Beim Pendelrohrstreuer wird das D\u00fcngemittel \u00fcber ein bewegliches, pendelndes Rohr auf dem Acker verteilt. Dieser Streuer kann eine Arbeitsbreite von bis zu 15 m abdecken. Heutzutage werden jedoch h\u00e4ufiger Schleuder- und Scheibenstreuer eingesetzt, da sie eine noch gr\u00f6\u00dfere Arbeitsfl\u00e4che abdecken und so noch effizienter arbeiten. \u00dcber das scheibenf\u00f6rmig angeordnete Schleuderwerk wird der D\u00fcnger mit bis zu 1.000 Umdrehungen pro Minute ausgeworfen.&nbsp;<\/p>\n<\/div>\n<\/div>\n<\/div>\n<div id=\"c6450\" class=\"csc-default\">\n<div class=\"csc-header csc-header-n1 \">\n<h2 class=\"csc-firstHeader\">2. Die Bodenbearbeitung<\/h2>\n<\/div>\n<div class=\"csc-textpic-text\">\n<div>\n<p><strong>D\u00fcnger und Luft kommen in den Boden<\/strong><\/p>\n<p>Die Bodenbearbeitung hat verschiedene Funktionen und Aufgaben. Zum einen wird der D\u00fcnger optimal in den Boden eingearbeitet, zum anderen stellt der Landwirt so eine nachhaltige Bodengare her, die das Saatbett bearbeitbar macht. Man spricht von einer Gare des Bodens, wenn dieser locker und kr\u00fcmelig ist. Gro\u00dfe Furchen und Schollen sind hinderlich bei der anschlie\u00dfenden Aussaat und erschweren den kleinen Pflanzenkeimlingen und Saatk\u00f6rnern die Festigung im Boden.<\/p>\n<\/div>\n<\/div>\n<\/div>\n<div class=\"row\"  id=\"row-324512177\">\n\n\n\t<div id=\"col-1794644353\" class=\"col medium-4 small-12 large-4\"  >\n\t\t\t\t<div class=\"col-inner\"  >\n\t\t\t\n\t\t\t\n\n\t<div class=\"img has-hover x md-x lg-x y md-y lg-y\" id=\"image_1004114896\">\n\t\t\t\t\t\t\t\t<div class=\"img-inner dark\" >\n\t\t\t\t\t\t\t\t\t\n\t\t\t\t\t<\/div>\n\t\t\t\t\t\t\t\t\n<style>\n#image_1004114896 {\n  width: 69%;\n}\n<\/style>\n\t<\/div>\n\t\n\n\t<div class=\"img has-hover x md-x lg-x y md-y lg-y\" id=\"image_1064995551\">\n\t\t<a class=\"image-lightbox lightbox-gallery\" title=\"\" href=\"https:\/\/www.meine-ernte.de\/shop\/wp-content\/uploads\/Pflug_Logo.png\">\t\t\t\t\t\t<div class=\"img-inner dark\" >\n\t\t\t<img decoding=\"async\" width=\"210\" height=\"315\" src=\"https:\/\/www.meine-ernte.de\/shop\/wp-content\/uploads\/Pflug_Logo.png\" class=\"attachment-original size-original\" alt=\"\" srcset=\"https:\/\/www.meine-ernte.de\/shop\/wp-content\/uploads\/Pflug_Logo.png 210w, https:\/\/www.meine-ernte.de\/shop\/wp-content\/uploads\/Pflug_Logo-100x150.png 100w, https:\/\/www.meine-ernte.de\/shop\/wp-content\/uploads\/Pflug_Logo-53x80.png 53w\" sizes=\"(max-width: 210px) 100vw, 210px\" \/>\t\t\t\t\t\t\n\t\t\t\t\t<\/div>\n\t\t\t\t\t\t<\/a>\t\t\n<style>\n#image_1064995551 {\n  width: 100%;\n}\n<\/style>\n\t<\/div>\n\t\n\n\n\t\t<\/div>\n\t\t\t\t\t<\/div>\n\n\t\n\n\t<div id=\"col-586113954\" class=\"col medium-8 small-12 large-8\"  >\n\t\t\t\t<div class=\"col-inner\"  >\n\t\t\t\n\t\t\t\n\n<p>F\u00fcr die Auflockerung des Bodens und das Einhalten von gleichm\u00e4\u00dfigen Furchen und Furchentiefen h\u00e4ngt der Landwirt einen&nbsp;<i class=\"fa\"><\/i>Pflug&nbsp;an seinen Traktor und wendet bzw. durchmischt die oberen Ackerschichten. So wird der Boden zun\u00e4chst aufgeraut und die Durchl\u00fcftung gef\u00f6rdert. Dar\u00fcber hinaus werden unerw\u00fcnschte Unkr\u00e4uter problemlos im gleichen Arbeitsgang umgegraben. Pfl\u00fcge haben eine lange Tradition in der Landwirtschaft und werden dort schon seit \u00fcber 100 Jahren eingesetzt. Anfangs wurden sie von Pferden gezogen und von Hand betrieben, bevor die noch heute verwendeten vollmechanisierten Modelle entwickelt wurden. Je nach Bodenart sind die Funktionen der Pfl\u00fcge auf die speziellen Anforderungen ausgerichtet.<\/p>\n<div>\n<p>Um eine lockere, feinere Bodenstruktur f\u00fcr die Aussaat zu schaffen, bearbeitet der Landwirt seinen Acker anschlie\u00dfend mit der&nbsp;<i class=\"fa\"><\/i>Egge. Diese zerkleinert die beim Pfl\u00fcgen unter Umst\u00e4nden entstandenen gr\u00f6\u00dferen Erdschollen. Ferner wird durch das Eggen die Verdunstung im Boden reduziert, sodass die Feuchtigkeit insgesamt l\u00e4nger erhalten bleibt. Der Boden ist nun geebnet und das Saatbett bereit f\u00fcr die Aussaat.<\/p>\n<\/div>\n\n\t\t<\/div>\n\t\t\t\t\t<\/div>\n\n\t\n\n<\/div>\n<div class=\"csc-header csc-header-n1 \">\n<h2 class=\"csc-firstHeader\">3. Aussaat und Pflanzung<\/h2>\n<\/div>\n<div class=\"csc-textpic-text\">\n<p><strong>Mietg\u00e4rten werden kurz vor der Saison bepflanzt<\/strong><\/p>\n<p>Die Saison der meine ernte Mietg\u00e4rten reicht in der Regel von Mitte\/Ende April bis Mitte\/Ende Oktober, so dass der Landwirt auf seinen Fl\u00e4chen im Winter f\u00fcr Gr\u00fcnd\u00fcngung oder eine Winterfrucht nutzen kann.<\/p>\n<\/div>\n<div class=\"row\"  id=\"row-138842064\">\n\n\n\t<div id=\"col-1054692042\" class=\"col medium-8 small-12 large-8\"  >\n\t\t\t\t<div class=\"col-inner\"  >\n\t\t\t\n\t\t\t\n\n<p>Die Aussaat und Bepflanzung in der Landwirtschaft erfolgt je nach Fruchtart zu unterschiedlichen Jahreszeiten. So wird das Saatgut f\u00fcr Wintergetreide bereits im Herbst ausgebracht, w\u00e4hrend Obst und Gem\u00fcse in der Regel im Fr\u00fchjahr gepflanzt und ges\u00e4t werden. Unter Bepflanzung ist das Einsetzen von kleinen Pflanzen in den Boden zu verstehen. Dies geschieht entweder von Hand, oder bei gr\u00f6\u00dferen Fl\u00e4chen mechanisch mittels Traktor und Pflanzmaschinen. So werden unter anderem die Setzlinge von Erdbeeren i.d.R. mit einer&nbsp;<i class=\"fa\"><\/i>Pflanzmaschine&nbsp;ausgebracht.<\/p>\n<div>\n<p>Bei der Aussaat wird der Acker mit Samenk\u00f6rnern, zum Beispiel von Getreide, Bohnen oder Salat mithilfe einer S\u00e4maschine bestellt. Sind die Samenk\u00f6rner sehr klein, wie beispielsweise bei Karotten und Salat, kommt eine&nbsp;<i class=\"fa\"><\/i>Drillmaschine&nbsp;zum Einsatz. Hier wird eine Vielzahl an K\u00f6rnern gleichzeitig in den Furchen verteilt. Bei gr\u00f6\u00dferen Samen wie Maisk\u00f6rnern, wird eine&nbsp;<i class=\"fa\"><\/i>Einzelkorns\u00e4maschine&nbsp;genutzt, die einzelne K\u00f6rner selektiert auswirft.<\/p>\n<\/div>\n<div>\n<p>Sind alle Samenk\u00f6rner und kleinen Pflanzen ausgebracht, hei\u00dft es warten auf den ersten Regen. Er umsp\u00fclt das Saat- und Pflanzgut, sodass es gut im Boden eingebettet ist. W\u00e4rme und Sonne geben den kleinen Keimlingen dann den ersten Energieschub, den sie f\u00fcr das Wachstum ben\u00f6tigen. Nun steht einer erfolgreichen Gem\u00fcsebausaison mit nichts mehr im Wege!<\/p>\n<\/div>\n\n\t\t<\/div>\n\t\t\t\t\t<\/div>\n\n\t\n\n\t<div id=\"col-1675834842\" class=\"col medium-4 small-12 large-4\"  >\n\t\t\t\t<div class=\"col-inner\"  >\n\t\t\t\n\t\t\t\n\n\t<div class=\"img has-hover x md-x lg-x y md-y lg-y\" id=\"image_1200154\">\n\t\t\t\t\t\t\t\t<div class=\"img-inner dark\" >\n\t\t\t\t\t\t\t\t\t\n\t\t\t\t\t<\/div>\n\t\t\t\t\t\t\t\t\n<style>\n#image_1200154 {\n  width: 100%;\n}\n<\/style>\n\t<\/div>\n\t\n\n\t<div class=\"img has-hover x md-x lg-x y md-y lg-y\" id=\"image_1486690246\">\n\t\t\t\t\t\t\t\t<div class=\"img-inner dark\" >\n\t\t\t\t\t\t\t\t\t\n\t\t\t\t\t<\/div>\n\t\t\t\t\t\t\t\t\n<style>\n#image_1486690246 {\n  width: 100%;\n}\n<\/style>\n\t<\/div>\n\t\n\n\t<div class=\"img has-hover x md-x lg-x y md-y lg-y\" id=\"image_856435893\">\n\t\t<a class=\"image-lightbox lightbox-gallery\" title=\"\" href=\"https:\/\/www.meine-ernte.de\/shop\/wp-content\/uploads\/Bodenbearbeitung-1.jpg\">\t\t\t\t\t\t<div class=\"img-inner dark\" >\n\t\t\t<img decoding=\"async\" width=\"800\" height=\"533\" src=\"https:\/\/www.meine-ernte.de\/shop\/wp-content\/uploads\/Bodenbearbeitung-1.jpg\" class=\"attachment-large size-large\" alt=\"\" srcset=\"https:\/\/www.meine-ernte.de\/shop\/wp-content\/uploads\/Bodenbearbeitung-1.jpg 800w, https:\/\/www.meine-ernte.de\/shop\/wp-content\/uploads\/Bodenbearbeitung-1-600x400.jpg 600w, https:\/\/www.meine-ernte.de\/shop\/wp-content\/uploads\/Bodenbearbeitung-1-768x512.jpg 768w, https:\/\/www.meine-ernte.de\/shop\/wp-content\/uploads\/Bodenbearbeitung-1-100x67.jpg 100w, https:\/\/www.meine-ernte.de\/shop\/wp-content\/uploads\/Bodenbearbeitung-1-80x53.jpg 80w\" sizes=\"(max-width: 800px) 100vw, 800px\" \/>\t\t\t\t\t\t\n\t\t\t\t\t<\/div>\n\t\t\t\t\t\t<\/a>\t\t\n<style>\n#image_856435893 {\n  width: 100%;\n}\n<\/style>\n\t<\/div>\n\t\n\n\t<div class=\"img has-hover x md-x lg-x y md-y lg-y\" id=\"image_1487764778\">\n\t\t<a class=\"image-lightbox lightbox-gallery\" title=\"\" href=\"https:\/\/www.meine-ernte.de\/shop\/wp-content\/uploads\/Setzlinge.jpg\">\t\t\t\t\t\t<div class=\"img-inner dark\" >\n\t\t\t<img decoding=\"async\" width=\"800\" height=\"529\" src=\"https:\/\/www.meine-ernte.de\/shop\/wp-content\/uploads\/Setzlinge.jpg\" class=\"attachment-large size-large\" alt=\"\" srcset=\"https:\/\/www.meine-ernte.de\/shop\/wp-content\/uploads\/Setzlinge.jpg 800w, https:\/\/www.meine-ernte.de\/shop\/wp-content\/uploads\/Setzlinge-605x400.jpg 605w, https:\/\/www.meine-ernte.de\/shop\/wp-content\/uploads\/Setzlinge-768x508.jpg 768w, https:\/\/www.meine-ernte.de\/shop\/wp-content\/uploads\/Setzlinge-600x397.jpg 600w, https:\/\/www.meine-ernte.de\/shop\/wp-content\/uploads\/Setzlinge-100x66.jpg 100w, https:\/\/www.meine-ernte.de\/shop\/wp-content\/uploads\/Setzlinge-80x53.jpg 80w\" sizes=\"(max-width: 800px) 100vw, 800px\" \/>\t\t\t\t\t\t\n\t\t\t\t\t<\/div>\n\t\t\t\t\t\t<\/a>\t\t\n<style>\n#image_1487764778 {\n  width: 100%;\n}\n<\/style>\n\t<\/div>\n\t\n\n\n\t\t<\/div>\n\t\t\t\t\t<\/div>\n\n\t\n\n<\/div>\n\n\t<section class=\"section\" id=\"section_260729975\">\n\t\t<div class=\"section-bg fill\" >\n\t\t\t\t\t\t\t\t\t\n\t\t\t\n\t<div class=\"is-border\"\n\t\tstyle=\"border-color:rgb(235, 235, 235);border-width:1px 0px 0px 0px;\">\n\t<\/div>\n\n\t\t<\/div>\n\n\t\t\n\n\t\t<div class=\"section-content relative\">\n\t\t\t\n\n<div class=\"row row-large align-middle align-center\"  id=\"row-1982820944\">\n\n\n\t<div id=\"col-1807092799\" class=\"col medium-6 small-12 large-6\"  >\n\t\t\t\t<div class=\"col-inner text-left\"  >\n\t\t\t\n\t\t\t\n\n<div id=\"c6419\" class=\"csc-default\">\n<p class=\"csc-firstHeader\" style=\"text-align: left;\"><strong><span style=\"font-size: 140%;\" data-text-color=\"primary\">Die\u00a0<i>meine ernte<\/i>\u00a0M\u00f6hrenpost<\/span><\/strong><\/p>\n<\/div>\n<div id=\"c26260\" class=\"csc-default\">\n<div class=\"csc-textpic-text\">\n<p style=\"text-align: left;\"><span style=\"font-size: 120%;\" data-text-color=\"primary\">Der Newsletter f\u00fcr deine Selbstversorgung<\/span><\/p>\n<p style=\"text-align: left;\">Profiwissen f\u00fcr Garten und Balkon + Tipps f\u00fcr eine einfache Selbstversorgung + pers\u00f6nliche Empfehlungen + Neuigkeiten rund um\u00a0meine ernte<\/p>\n<p style=\"text-align: left;\"><span style=\"color: #ee7f00;\"><strong>Beetplan \u201eNachwachsendes Beet\u201c GRATIS f\u00fcr deine Anmeldung<\/strong><\/span><\/p>\n<\/div>\n<\/div>\n<a href=\"http:\/\/mailings.meine-ernte.de\/f\/102896-278890\/\" target=\"_blank\" class=\"button primary\" rel=\"noopener\" style=\"border-radius:10px;\">\n\t\t<span>Jetzt anmelden<\/span>\n\t<\/a>\n\n\n\n\t\t<\/div>\n\t\t\t\t\t<\/div>\n\n\t\n\n\t<div id=\"col-1966610631\" class=\"col medium-5 small-12 large-5\"  >\n\t\t\t\t<div class=\"col-inner text-center box-shadow-1\" style=\"background-color:rgb(255, 255, 255);\" >\n\t\t\t\n\t\t\t\n\n\t<div class=\"img has-hover x md-x lg-x y md-y lg-y\" id=\"image_1779289753\">\n\t\t<a class=\"\" href=\"http:\/\/mailings.meine-ernte.de\/f\/102896-278890\/\" target=\"_blank\" rel=\"noopener\" >\t\t\t\t\t\t<div class=\"img-inner dark\" >\n\t\t\t<img decoding=\"async\" width=\"300\" height=\"450\" src=\"https:\/\/www.meine-ernte.de\/shop\/wp-content\/uploads\/post-von-meine-ernte.jpg\" class=\"attachment-original size-original\" alt=\"Post von meine ernte\" srcset=\"https:\/\/www.meine-ernte.de\/shop\/wp-content\/uploads\/post-von-meine-ernte.jpg 300w, https:\/\/www.meine-ernte.de\/shop\/wp-content\/uploads\/post-von-meine-ernte-267x400.jpg 267w, https:\/\/www.meine-ernte.de\/shop\/wp-content\/uploads\/post-von-meine-ernte-100x150.jpg 100w\" sizes=\"(max-width: 300px) 100vw, 300px\" \/>\t\t\t\t\t\t\n\t\t\t\t\t<\/div>\n\t\t\t\t\t\t<\/a>\t\t\n<style>\n#image_1779289753 {\n  width: 100%;\n}\n<\/style>\n\t<\/div>\n\t\n\n\n\t\t<\/div>\n\t\t\t\t\n<style>\n#col-1966610631 > .col-inner {\n  padding: 15px 15px 15px 15px;\n}\n<\/style>\n\t<\/div>\n\n\t\n\n<\/div>\n\n\t\t<\/div>\n\n\t\t\n<style>\n#section_260729975 {\n  padding-top: 59px;\n  padding-bottom: 59px;\n  min-height: 300px;\n}\n<\/style>\n\t<\/section>\n\t\n\n\n","protected":false},"excerpt":{"rendered":"<p>Wir zeigen Dir, welche Arbeiten der Landwirt durchf\u00fchrt, um Deinen Gem\u00fcsegarten bei meine ernte anzulegen.<\/p>\n","protected":false},"author":19539,"featured_media":104595,"parent":0,"menu_order":0,"comment_status":"closed","ping_status":"closed","template":"","meta":{"_acf_changed":false,"footnotes":""},"class_list":["post-104594","page","type-page","status-publish","has-post-thumbnail","hentry"],"acf":[],"_links":{"self":[{"href":"https:\/\/www.meine-ernte.de\/shop\/wp-json\/wp\/v2\/pages\/104594","targetHints":{"allow":["GET"]}}],"collection":[{"href":"https:\/\/www.meine-ernte.de\/shop\/wp-json\/wp\/v2\/pages"}],"about":[{"href":"https:\/\/www.meine-ernte.de\/shop\/wp-json\/wp\/v2\/types\/page"}],"author":[{"embeddable":true,"href":"https:\/\/www.meine-ernte.de\/shop\/wp-json\/wp\/v2\/users\/19539"}],"replies":[{"embeddable":true,"href":"https:\/\/www.meine-ernte.de\/shop\/wp-json\/wp\/v2\/comments?post=104594"}],"version-history":[{"count":6,"href":"https:\/\/www.meine-ernte.de\/shop\/wp-json\/wp\/v2\/pages\/104594\/revisions"}],"predecessor-version":[{"id":117896,"href":"https:\/\/www.meine-ernte.de\/shop\/wp-json\/wp\/v2\/pages\/104594\/revisions\/117896"}],"wp:featuredmedia":[{"embeddable":true,"href":"https:\/\/www.meine-ernte.de\/shop\/wp-json\/wp\/v2\/media\/104595"}],"wp:attachment":[{"href":"https:\/\/www.meine-ernte.de\/shop\/wp-json\/wp\/v2\/media?parent=104594"}],"curies":[{"name":"wp","href":"https:\/\/api.w.org\/{rel}","templated":true}]}}