{"id":104592,"date":"2023-06-20T13:55:14","date_gmt":"2023-06-20T11:55:14","guid":{"rendered":"https:\/\/staging.meine-ernte.shop\/?page_id=103934"},"modified":"2025-10-29T08:32:12","modified_gmt":"2025-10-29T07:32:12","slug":"kleingarten-mieten","status":"publish","type":"page","link":"https:\/\/www.meine-ernte.de\/shop\/kleingarten-mieten\/","title":{"rendered":"Kleingarten, Schrebergarten, Gartenkolonie &#8211; Gartengl\u00fcck mitten in der Stadt"},"content":{"rendered":"\n\t<div class=\"img has-hover x md-x lg-x y md-y lg-y\" id=\"image_1589457752\">\n\t\t<a class=\"image-lightbox lightbox-gallery\" title=\"\" href=\"https:\/\/www.meine-ernte.de\/shop\/wp-content\/uploads\/schrebergarten-kleingarten_garden-2139355_1280_Jana_V._M._auf_pixabay.com-web_e954251752.jpg\">\t\t\t\t\t\t<div class=\"img-inner dark\" >\n\t\t\t<img decoding=\"async\" width=\"1020\" height=\"258\" src=\"https:\/\/www.meine-ernte.de\/shop\/wp-content\/uploads\/schrebergarten-kleingarten_garden-2139355_1280_Jana_V._M._auf_pixabay.com-web_e954251752.jpg\" class=\"attachment-large size-large\" alt=\"\" title=\"schrebergarten-kleingarten_garden-2139355_1280_Jana_V._M._auf_pixabay.com-web_e954251752\" srcset=\"https:\/\/www.meine-ernte.de\/shop\/wp-content\/uploads\/schrebergarten-kleingarten_garden-2139355_1280_Jana_V._M._auf_pixabay.com-web_e954251752.jpg 1100w, https:\/\/www.meine-ernte.de\/shop\/wp-content\/uploads\/schrebergarten-kleingarten_garden-2139355_1280_Jana_V._M._auf_pixabay.com-web_e954251752-800x202.jpg 800w, https:\/\/www.meine-ernte.de\/shop\/wp-content\/uploads\/schrebergarten-kleingarten_garden-2139355_1280_Jana_V._M._auf_pixabay.com-web_e954251752-768x194.jpg 768w, https:\/\/www.meine-ernte.de\/shop\/wp-content\/uploads\/schrebergarten-kleingarten_garden-2139355_1280_Jana_V._M._auf_pixabay.com-web_e954251752-600x152.jpg 600w, https:\/\/www.meine-ernte.de\/shop\/wp-content\/uploads\/schrebergarten-kleingarten_garden-2139355_1280_Jana_V._M._auf_pixabay.com-web_e954251752-100x25.jpg 100w, https:\/\/www.meine-ernte.de\/shop\/wp-content\/uploads\/schrebergarten-kleingarten_garden-2139355_1280_Jana_V._M._auf_pixabay.com-web_e954251752-80x20.jpg 80w\" sizes=\"(max-width: 1020px) 100vw, 1020px\" \/>\t\t\t\t\t\t\n\t\t\t\t\t<\/div>\n\t\t\t\t\t\t<\/a>\t\t\n<style>\n#image_1589457752 {\n  width: 100%;\n}\n<\/style>\n\t<\/div>\n\t\n\n\n<h1>Kleingarten, Schrebergarten, Gartenkolonie &#8211; Gartengl\u00fcck mitten in der Stadt<\/h1>\n<p>Du bist auf der Suche nach einem eigenen Garten, in dem du dich erholen, den Sommer genie\u00dfen und dein eigenes Obst und Gem\u00fcse anbauen kannst?\u00a0<\/p>\n<p>Ein Kleingarten, auch Schrebergarten genannt, ist ein Pachtgrundst\u00fcck innerhalb einer Kleingartenanlage, das gem\u00e4\u00df dem Bundeskleingartengesetz bestimmten Vorschriften unterliegt. Diese G\u00e4rten dienen der nicht erwerbsm\u00e4\u00dfigen g\u00e4rtnerischen Nutzung, insbesondere dem Anbau von Obst und Gem\u00fcse f\u00fcr den Eigenbedarf, sowie der Erholung. Die Parzellen sind meist bis zu 400 Quadratmeter gro\u00df und mit einem Gartenhaus ausgestattet. Die Nutzung ist durch Vereinsmitgliedschaften und -satzungen geregelt, was mit bestimmten Pflichten und Gemeinschaftsarbeiten verbunden sein kann. <\/p>\n<p>Ein Mietgarten hingegen ist eine f\u00fcr eine Saison gemietete Parzelle, auf landwirtschaftlichen Fl\u00e4chen, die bereits mit verschiedenen Gem\u00fcsesorten bepflanzt ist. Die G\u00e4rtner teilen sich vor Ort Gartenh\u00fctte, Ger\u00e4tschaften, etc. und \u00fcbernehmen die Pflege und Ernte der Pflanzen. Diese G\u00e4rten erfordern keine langfristige Bindung oder Vereinsmitgliedschaft und bieten mehr Flexibilit\u00e4t in der Nutzung.<\/p>\n<div class=\"row align-center\"  id=\"row-1947790262\">\n\n\n\t<div id=\"col-967816135\" class=\"col small-12 large-12\"  >\n\t\t\t\t<div class=\"col-inner text-center\"  >\n\t\t\t\n\t\t\t\n\n\n\t\t<\/div>\n\t\t\t\t\t<\/div>\n\n\t\n\n<\/div>\n<div id=\"c2961\">\n<div>\n<h2>Vorteile eines Mietgartens gegen\u00fcber des Kleingartens:<\/h2>\n<\/div>\n<p><strong>Flexibilit\u00e4t<\/strong>: Mietg\u00e4rten werden f\u00fcr eine Saison gemietet, was ideal f\u00fcr Personen ist, die sich nicht langfristig binden m\u00f6chten. Kleing\u00e4rten hingegen erfordern oft langfristige Pachtvertr\u00e4ge und Vereinsmitgliedschaften.<\/p>\n<p><strong>Geringerer Arbeitsaufwand:<\/strong> Da die Mietg\u00e4rten bereits vorbereitet und bepflanzt \u00fcbergeben werden, reduziert sich der initiale Arbeitsaufwand. Bei Kleing\u00e4rten ist die vollst\u00e4ndige Bewirtschaftung und Pflege der Parzelle Aufgabe des P\u00e4chters.<\/p>\n<p><strong>Kosten:<\/strong> Mietg\u00e4rten sind kosteng\u00fcnstiger, da keine langfristigen Pachtvertr\u00e4ge oder Investitionen in Gartenlauben erforderlich sind. Kleing\u00e4rten hingegen k\u00f6nnen h\u00f6here Anfangsinvestitionen und laufende Kosten verursachen.<\/p>\n<p>Weniger Verpflichtungen: Ohne Vereinsmitgliedschaft entfallen Gemeinschaftsarbeiten und Vereinsregeln, die in Kleingartenanlagen \u00fcblich sind.<\/p>\n<p><strong>Schneller Zugang:<\/strong> Die Wartezeiten f\u00fcr Mietg\u00e4rten sind k\u00fcrzer als die f\u00fcr Kleing\u00e4rten, die in st\u00e4dtischen Gebieten stark nachgefragt sind.<\/p>\n<\/div>\n<div id=\"c2963\">\n<div>\n<h2>Die Alternative &#8211; Mietg\u00e4rten f\u00fcr eine Saison<\/h2>\n<\/div>\n<p>Eine Alternative zum Kleingarten bieten die <a href=\"https:\/\/www.meine-ernte.de\/shop\/mietgaerten\/\">meine ernte Mietg\u00e4rten<\/a>. Wir bieten dir an mehr als 25 Standorten deinen eigenen Mietgarten, der bereits bepflanzt und bes\u00e4t ist und in dem du deinen Traum vom eigenen Garten verwirklichen kannst.\u00a0<\/p>\n<p><a title=\"Garten mieten - so funktioniert's\" href=\"https:\/\/www.meine-ernte.de\/garten-mieten\/\" target=\"_self\" rel=\"noopener\" data-wplink-edit=\"true\">Mehr Infos zu den Mietg\u00e4rten von meine ernte<\/a><\/p>\n<\/div>\n<div class=\"row align-center\"  id=\"row-451888593\">\n\n\n\t<div id=\"col-948997995\" class=\"col small-12 large-12\"  >\n\t\t\t\t<div class=\"col-inner text-center\"  >\n\t\t\t\n\t\t\t\n\n\t<div class=\"img has-hover x md-x lg-x y md-y lg-y\" id=\"image_372485435\">\n\t\t<a class=\"image-lightbox lightbox-gallery\" title=\"\" href=\"\">\t\t\t\t\t\t<div class=\"img-inner dark\" >\n\t\t\t\t\t\t\t\t\t\n\t\t\t\t\t<\/div>\n\t\t\t\t\t\t<\/a>\t\t\n<style>\n#image_372485435 {\n  width: 100%;\n}\n<\/style>\n\t<\/div>\n\t\n\n<a href=\"https:\/\/www.meine-ernte.de\/shop\/mietgaerten\/\" class=\"button secondary expand\" >\n\t\t<span>Jetzt Mietgarten buchen<\/span>\n\t<\/a>\n\n\n\n\t\t<\/div>\n\t\t\t\t\t<\/div>\n\n\t\n\n<\/div>\n\t<div id=\"gap-1458900530\" class=\"gap-element clearfix\" style=\"display:block; height:auto;\">\n\t\t\n<style>\n#gap-1458900530 {\n  padding-top: 30px;\n}\n<\/style>\n\t<\/div>\n\t\n\n\n","protected":false},"excerpt":{"rendered":"","protected":false},"author":19539,"featured_media":112473,"parent":0,"menu_order":0,"comment_status":"closed","ping_status":"closed","template":"","meta":{"_acf_changed":false,"footnotes":""},"class_list":["post-104592","page","type-page","status-publish","has-post-thumbnail","hentry"],"acf":[],"_links":{"self":[{"href":"https:\/\/www.meine-ernte.de\/shop\/wp-json\/wp\/v2\/pages\/104592","targetHints":{"allow":["GET"]}}],"collection":[{"href":"https:\/\/www.meine-ernte.de\/shop\/wp-json\/wp\/v2\/pages"}],"about":[{"href":"https:\/\/www.meine-ernte.de\/shop\/wp-json\/wp\/v2\/types\/page"}],"author":[{"embeddable":true,"href":"https:\/\/www.meine-ernte.de\/shop\/wp-json\/wp\/v2\/users\/19539"}],"replies":[{"embeddable":true,"href":"https:\/\/www.meine-ernte.de\/shop\/wp-json\/wp\/v2\/comments?post=104592"}],"version-history":[{"count":6,"href":"https:\/\/www.meine-ernte.de\/shop\/wp-json\/wp\/v2\/pages\/104592\/revisions"}],"predecessor-version":[{"id":123571,"href":"https:\/\/www.meine-ernte.de\/shop\/wp-json\/wp\/v2\/pages\/104592\/revisions\/123571"}],"wp:featuredmedia":[{"embeddable":true,"href":"https:\/\/www.meine-ernte.de\/shop\/wp-json\/wp\/v2\/media\/112473"}],"wp:attachment":[{"href":"https:\/\/www.meine-ernte.de\/shop\/wp-json\/wp\/v2\/media?parent=104592"}],"curies":[{"name":"wp","href":"https:\/\/api.w.org\/{rel}","templated":true}]}}