{"id":104589,"date":"2023-06-20T08:07:18","date_gmt":"2023-06-20T06:07:18","guid":{"rendered":"https:\/\/staging.meine-ernte.shop\/?page_id=103831"},"modified":"2026-02-11T09:45:44","modified_gmt":"2026-02-11T08:45:44","slug":"mietgaerten-erntemengen-meine-ernte-garten","status":"publish","type":"page","link":"https:\/\/www.meine-ernte.de\/shop\/mietgaerten-erntemengen-meine-ernte-garten\/","title":{"rendered":"So viel Gem\u00fcse erntest du in deinem Garten"},"content":{"rendered":"\n\t<div class=\"img has-hover x md-x lg-x y md-y lg-y\" id=\"image_172253283\">\n\t\t\t\t\t\t\t\t<div class=\"img-inner dark\" >\n\t\t\t\t\t\t\t\t\t\n\t\t\t\t\t<\/div>\n\t\t\t\t\t\t\t\t\n<style>\n#image_172253283 {\n  width: 100%;\n}\n<\/style>\n\t<\/div>\n\t\n\n\t<div class=\"img has-hover x md-x lg-x y md-y lg-y\" id=\"image_1420222239\">\n\t\t\t\t\t\t\t\t<div class=\"img-inner dark\" >\n\t\t\t<img decoding=\"async\" width=\"1000\" height=\"234\" src=\"https:\/\/www.meine-ernte.de\/shop\/wp-content\/uploads\/meine-ernte-kiste-teaser.jpg\" class=\"attachment-large size-large\" alt=\"\" srcset=\"https:\/\/www.meine-ernte.de\/shop\/wp-content\/uploads\/meine-ernte-kiste-teaser.jpg 1000w, https:\/\/www.meine-ernte.de\/shop\/wp-content\/uploads\/meine-ernte-kiste-teaser-800x187.jpg 800w, https:\/\/www.meine-ernte.de\/shop\/wp-content\/uploads\/meine-ernte-kiste-teaser-768x180.jpg 768w, https:\/\/www.meine-ernte.de\/shop\/wp-content\/uploads\/meine-ernte-kiste-teaser-600x140.jpg 600w, https:\/\/www.meine-ernte.de\/shop\/wp-content\/uploads\/meine-ernte-kiste-teaser-100x23.jpg 100w, https:\/\/www.meine-ernte.de\/shop\/wp-content\/uploads\/meine-ernte-kiste-teaser-80x19.jpg 80w\" sizes=\"(max-width: 1000px) 100vw, 1000px\" \/>\t\t\t\t\t\t\n\t\t\t\t\t<\/div>\n\t\t\t\t\t\t\t\t\n<style>\n#image_1420222239 {\n  width: 100%;\n}\n<\/style>\n\t<\/div>\n\t\n\n\n<h1 class=\"csc-firstHeader\">So viel Gem\u00fcse erntest du in deinem Mietgarten<\/h1>\n<p><strong>Lohnt es sich einen Gem\u00fcsegarten zu mieten?<\/strong><\/p>\n<p>Oft erreichen uns Fragen, wie viel Gem\u00fcse man in einem Mietgarten in einer Saison wirklich ernten kann. Im Kleinen Garten und im Familiengarten sind \u00fcber 20 verschiedene Gem\u00fcsesorten gepflanzt und ges\u00e4t, im Mini Garten sind es 10 Sorten. Zu den beliebten Sorten geh\u00f6ren unter anderem M\u00f6hren, Zucchini, Erbsen, Salate und viele mehr.<\/p>\n<h2>Das sind die Erntemengen und deine Ersparnis pro Saison im Kleinen Garten:<\/h2>\n<p>Der Kleine Garten ist ca. 2 Meter breit und bietet ausreichend Platz f\u00fcr eine reiche Ernte. Unsere \u00fcber 15-j\u00e4hrige Erfahrung zeigt, dass du im Durchschnitt im Kleinen Garten folgendes Gem\u00fcse erntest:<\/p>\n<div class=\"row\"  id=\"row-476710535\">\n\n\n\t<div id=\"col-27601351\" class=\"col medium-6 small-12 large-6\"  >\n\t\t\t\t<div class=\"col-inner\"  >\n\t\t\t\n\t\t\t\n\n\t<div class=\"img has-hover x md-x lg-x y md-y lg-y\" id=\"image_1375453836\">\n\t\t\t\t\t\t\t\t<div class=\"img-inner dark\" >\n\t\t\t<img decoding=\"async\" width=\"800\" height=\"800\" src=\"https:\/\/www.meine-ernte.de\/shop\/wp-content\/uploads\/Erntemenge-1-800x800.png\" class=\"attachment-large size-large\" alt=\"\" srcset=\"https:\/\/www.meine-ernte.de\/shop\/wp-content\/uploads\/Erntemenge-1-800x800.png 800w, https:\/\/www.meine-ernte.de\/shop\/wp-content\/uploads\/Erntemenge-1-400x400.png 400w, https:\/\/www.meine-ernte.de\/shop\/wp-content\/uploads\/Erntemenge-1-280x280.png 280w, https:\/\/www.meine-ernte.de\/shop\/wp-content\/uploads\/Erntemenge-1-768x768.png 768w, https:\/\/www.meine-ernte.de\/shop\/wp-content\/uploads\/Erntemenge-1-300x300.png 300w, https:\/\/www.meine-ernte.de\/shop\/wp-content\/uploads\/Erntemenge-1-600x600.png 600w, https:\/\/www.meine-ernte.de\/shop\/wp-content\/uploads\/Erntemenge-1-100x100.png 100w, https:\/\/www.meine-ernte.de\/shop\/wp-content\/uploads\/Erntemenge-1-80x80.png 80w, https:\/\/www.meine-ernte.de\/shop\/wp-content\/uploads\/Erntemenge-1.png 1080w\" sizes=\"(max-width: 800px) 100vw, 800px\" \/>\t\t\t\t\t\t\n\t\t\t\t\t<\/div>\n\t\t\t\t\t\t\t\t\n<style>\n#image_1375453836 {\n  width: 100%;\n}\n<\/style>\n\t<\/div>\n\t\n\n\n\t\t<\/div>\n\t\t\t\t\t<\/div>\n\n\t\n\n\t<div id=\"col-68273757\" class=\"col medium-5 small-12 large-5\"  >\n\t\t\t\t<div class=\"col-inner\"  >\n\t\t\t\n\t\t\t\n\n<h3>Erntemenge in einem Kleinen Mietgarten<\/h3>\n<p>Im Laufe der Gartensaison kannst du Gem\u00fcse im Wert von \u00fcber 400 \u20ac ernten. Zudem kannst du verschiedene Kulturen, wie Salate, Kohl und Tomaten selbst nachpflanzen, sobald du etwas geerntet hast und Platz frei wird. Der Aufwand daf\u00fcr liegt durchschnittlich bei ca. 20 \u20ac.\u00a0<\/p>\n<p><strong>Somit kannst du im Laufe der Saison mit einem Kleinen Mietgarten bis zu 300 \u20ac sparen.<\/strong><\/p>\n<p>Diese Zahlen sind Erfahrungswerte und die tats\u00e4chliche Ernte kann nat\u00fcrlich je nach Wetterbedingungen und Pflege variieren. Doch mit regelm\u00e4\u00dfiger Pflege wird auch dein Mietgarten dir reichliche Ertr\u00e4ge bringen.<\/p>\n\n\t\t<\/div>\n\t\t\t\t\t<\/div>\n\n\t\n\n<\/div>\n<h2>Garten Sachsenland von Familie Kitzing in D\u00fcsseldorf<\/h2>\n<div class=\"row\"  id=\"row-661051078\">\n\n\n\t<div id=\"col-1921586945\" class=\"col medium-6 small-12 large-6\"  >\n\t\t\t\t<div class=\"col-inner\"  >\n\t\t\t\n\t\t\t\n\n\t<div class=\"img has-hover x md-x lg-x y md-y lg-y\" id=\"image_1811542509\">\n\t\t\t\t\t\t\t\t<div class=\"img-inner dark\" >\n\t\t\t<img decoding=\"async\" width=\"800\" height=\"800\" src=\"https:\/\/www.meine-ernte.de\/shop\/wp-content\/uploads\/Erntemenge-Sachsenland-800x800.png\" class=\"attachment-large size-large\" alt=\"\" srcset=\"https:\/\/www.meine-ernte.de\/shop\/wp-content\/uploads\/Erntemenge-Sachsenland-800x800.png 800w, https:\/\/www.meine-ernte.de\/shop\/wp-content\/uploads\/Erntemenge-Sachsenland-400x400.png 400w, https:\/\/www.meine-ernte.de\/shop\/wp-content\/uploads\/Erntemenge-Sachsenland-280x280.png 280w, https:\/\/www.meine-ernte.de\/shop\/wp-content\/uploads\/Erntemenge-Sachsenland-768x768.png 768w, https:\/\/www.meine-ernte.de\/shop\/wp-content\/uploads\/Erntemenge-Sachsenland-300x300.png 300w, https:\/\/www.meine-ernte.de\/shop\/wp-content\/uploads\/Erntemenge-Sachsenland-600x600.png 600w, https:\/\/www.meine-ernte.de\/shop\/wp-content\/uploads\/Erntemenge-Sachsenland-100x100.png 100w, https:\/\/www.meine-ernte.de\/shop\/wp-content\/uploads\/Erntemenge-Sachsenland-80x80.png 80w, https:\/\/www.meine-ernte.de\/shop\/wp-content\/uploads\/Erntemenge-Sachsenland.png 1080w\" sizes=\"(max-width: 800px) 100vw, 800px\" \/>\t\t\t\t\t\t\n\t\t\t\t\t<\/div>\n\t\t\t\t\t\t\t\t\n<style>\n#image_1811542509 {\n  width: 100%;\n}\n<\/style>\n\t<\/div>\n\t\n\n\n\t\t<\/div>\n\t\t\t\t\t<\/div>\n\n\t\n\n\t<div id=\"col-1656148136\" class=\"col medium-5 small-12 large-5\"  >\n\t\t\t\t<div class=\"col-inner\"  >\n\t\t\t\n\t\t\t\n\n<h3>Erntemenge im Garten Sachsenland in D\u00fcsseldorf<\/h3>\n<p>Seit \u00fcber 15 Jahren sind Herr und Frau Kitzing G\u00e4rtner bei <em>meine ernte<\/em>. Dank effizienter Platznutzung und gezieltem Nachpflanzen und Nachs\u00e4en maximieren sie jedes Jahr ihre Ernteertr\u00e4ge. Dabei investieren sie j\u00e4hrlich ca. 50 bis 70 \u20ac in zus\u00e4tzliches Saatgut und Jungpflanzen.<\/p>\n<p><strong>Damit ernten sie w\u00e4hrend einer Gartensaison im Kleinen Garten Gem\u00fcse im Wert von \u00fcber 1.000 \u20ac und sparen damit ca. 800 \u20ac.\u00a0<\/strong><\/p>\n<p>\u00a0<\/p>\n\n\t\t<\/div>\n\t\t\t\t\t<\/div>\n\n\t\n\n<\/div>\n<div class=\"row\"  id=\"row-2115196908\">\n\n\n\t<div id=\"col-1380720127\" class=\"col medium-4 small-12 large-4\"  >\n\t\t\t\t<div class=\"col-inner\"  >\n\t\t\t\n\t\t\t\n\n\t<div class=\"img has-hover x md-x lg-x y md-y lg-y\" id=\"image_2017928451\">\n\t\t<a class=\"image-lightbox lightbox-gallery\" title=\"\" href=\"https:\/\/www.meine-ernte.de\/shop\/wp-content\/uploads\/Herr_und_Frau_Kitzing_web_f82b18cc69-e1737543227523.jpg\">\t\t\t\t\t\t<div class=\"img-inner dark\" >\n\t\t\t<img decoding=\"async\" width=\"594\" height=\"543\" src=\"https:\/\/www.meine-ernte.de\/shop\/wp-content\/uploads\/Herr_und_Frau_Kitzing_web_f82b18cc69-e1737543227523.jpg\" class=\"attachment-large size-large\" alt=\"\" srcset=\"https:\/\/www.meine-ernte.de\/shop\/wp-content\/uploads\/Herr_und_Frau_Kitzing_web_f82b18cc69-e1737543227523.jpg 594w, https:\/\/www.meine-ernte.de\/shop\/wp-content\/uploads\/Herr_und_Frau_Kitzing_web_f82b18cc69-e1737543227523-438x400.jpg 438w, https:\/\/www.meine-ernte.de\/shop\/wp-content\/uploads\/Herr_und_Frau_Kitzing_web_f82b18cc69-e1737543227523-100x91.jpg 100w, https:\/\/www.meine-ernte.de\/shop\/wp-content\/uploads\/Herr_und_Frau_Kitzing_web_f82b18cc69-e1737543227523-80x73.jpg 80w\" sizes=\"(max-width: 594px) 100vw, 594px\" \/>\t\t\t\t\t\t\n\t\t\t\t\t<\/div>\n\t\t\t\t\t\t<\/a>\t\t\n<style>\n#image_2017928451 {\n  width: 100%;\n}\n<\/style>\n\t<\/div>\n\t\n\n<p>Herr und Frau Kitzing g\u00e4rtnern seit \u00fcber 15 Jahren im Mietgarten bei meine ernte\u00a0<\/p>\n\n\t\t<\/div>\n\t\t\t\t\t<\/div>\n\n\t\n\n\t<div id=\"col-314294108\" class=\"col medium-7 small-12 large-7\"  >\n\t\t\t\t<div class=\"col-inner\"  >\n\t\t\t\n\t\t\t\n\n\t<div class=\"img has-hover x md-x lg-x y md-y lg-y\" id=\"image_679577107\">\n\t\t\t\t\t\t\t\t<div class=\"img-inner dark\" >\n\t\t\t<img decoding=\"async\" width=\"1020\" height=\"573\" src=\"https:\/\/www.meine-ernte.de\/shop\/wp-content\/uploads\/meine-ernte_Duesseldorf-Volmerswerth_2014-13-1400x787.jpg\" class=\"attachment-large size-large\" alt=\"\" srcset=\"https:\/\/www.meine-ernte.de\/shop\/wp-content\/uploads\/meine-ernte_Duesseldorf-Volmerswerth_2014-13-1400x787.jpg 1400w, https:\/\/www.meine-ernte.de\/shop\/wp-content\/uploads\/meine-ernte_Duesseldorf-Volmerswerth_2014-13-711x400.jpg 711w, https:\/\/www.meine-ernte.de\/shop\/wp-content\/uploads\/meine-ernte_Duesseldorf-Volmerswerth_2014-13-768x432.jpg 768w, https:\/\/www.meine-ernte.de\/shop\/wp-content\/uploads\/meine-ernte_Duesseldorf-Volmerswerth_2014-13-1536x864.jpg 1536w, https:\/\/www.meine-ernte.de\/shop\/wp-content\/uploads\/meine-ernte_Duesseldorf-Volmerswerth_2014-13-2048x1152.jpg 2048w, https:\/\/www.meine-ernte.de\/shop\/wp-content\/uploads\/meine-ernte_Duesseldorf-Volmerswerth_2014-13-600x337.jpg 600w, https:\/\/www.meine-ernte.de\/shop\/wp-content\/uploads\/meine-ernte_Duesseldorf-Volmerswerth_2014-13-100x56.jpg 100w, https:\/\/www.meine-ernte.de\/shop\/wp-content\/uploads\/meine-ernte_Duesseldorf-Volmerswerth_2014-13-80x45.jpg 80w\" sizes=\"(max-width: 1020px) 100vw, 1020px\" \/>\t\t\t\t\t\t\n\t\t\t\t\t<\/div>\n\t\t\t\t\t\t\t\t\n<style>\n#image_679577107 {\n  width: 100%;\n}\n<\/style>\n\t<\/div>\n\t\n\n\n\t\t<\/div>\n\t\t\t\t\t<\/div>\n\n\t\n\n<\/div>\n<a href=\"https:\/\/www.meine-ernte.de\/shop\/mietgaerten\/\" target=\"_blank\" class=\"button secondary expand\" rel=\"noopener\" style=\"border-radius:10px;\">\n\t\t<span>Hier gehts zu deinem Mietgarten<\/span>\n\t<\/a>\n\n\n<div class=\"row\"  id=\"row-2056670472\">\n\n\n\t<div id=\"col-1810607843\" class=\"col medium-4 small-12 large-4\"  >\n\t\t\t\t<div class=\"col-inner\"  >\n\t\t\t\n\t\t\t\n\n\t<div class=\"img has-hover x md-x lg-x y md-y lg-y\" id=\"image_508356893\">\n\t\t<a class=\"image-lightbox lightbox-gallery\" title=\"\" href=\"https:\/\/www.meine-ernte.de\/shop\/wp-content\/uploads\/Ernte__1__web_f935fca4ef.jpg\">\t\t\t\t\t\t<div class=\"img-inner dark\" >\n\t\t\t<img decoding=\"async\" width=\"800\" height=\"600\" src=\"https:\/\/www.meine-ernte.de\/shop\/wp-content\/uploads\/Ernte__1__web_f935fca4ef.jpg\" class=\"attachment-large size-large\" alt=\"\" srcset=\"https:\/\/www.meine-ernte.de\/shop\/wp-content\/uploads\/Ernte__1__web_f935fca4ef.jpg 800w, https:\/\/www.meine-ernte.de\/shop\/wp-content\/uploads\/Ernte__1__web_f935fca4ef-533x400.jpg 533w, https:\/\/www.meine-ernte.de\/shop\/wp-content\/uploads\/Ernte__1__web_f935fca4ef-768x576.jpg 768w, https:\/\/www.meine-ernte.de\/shop\/wp-content\/uploads\/Ernte__1__web_f935fca4ef-600x450.jpg 600w, https:\/\/www.meine-ernte.de\/shop\/wp-content\/uploads\/Ernte__1__web_f935fca4ef-100x75.jpg 100w, https:\/\/www.meine-ernte.de\/shop\/wp-content\/uploads\/Ernte__1__web_f935fca4ef-80x60.jpg 80w\" sizes=\"(max-width: 800px) 100vw, 800px\" \/>\t\t\t\t\t\t\n\t\t\t\t\t<\/div>\n\t\t\t\t\t\t<\/a>\t\t\n<style>\n#image_508356893 {\n  width: 100%;\n}\n<\/style>\n\t<\/div>\n\t\n\n<p>Erntegl\u00fcck f\u00fcr Gro\u00df und Klein<\/p>\n\n\t\t<\/div>\n\t\t\t\t\t<\/div>\n\n\t\n\n\t<div id=\"col-1052351611\" class=\"col medium-4 small-12 large-4\"  >\n\t\t\t\t<div class=\"col-inner\"  >\n\t\t\t\n\t\t\t\n\n\t<div class=\"img has-hover x md-x lg-x y md-y lg-y\" id=\"image_2007309790\">\n\t\t<a class=\"image-lightbox lightbox-gallery\" title=\"\" href=\"https:\/\/www.meine-ernte.de\/shop\/wp-content\/uploads\/meine_ernte_erntekorb_web_8bdf1d73a4.jpg\">\t\t\t\t\t\t<div class=\"img-inner dark\" >\n\t\t\t<img decoding=\"async\" width=\"800\" height=\"600\" src=\"https:\/\/www.meine-ernte.de\/shop\/wp-content\/uploads\/meine_ernte_erntekorb_web_8bdf1d73a4.jpg\" class=\"attachment-large size-large\" alt=\"\" srcset=\"https:\/\/www.meine-ernte.de\/shop\/wp-content\/uploads\/meine_ernte_erntekorb_web_8bdf1d73a4.jpg 800w, https:\/\/www.meine-ernte.de\/shop\/wp-content\/uploads\/meine_ernte_erntekorb_web_8bdf1d73a4-533x400.jpg 533w, https:\/\/www.meine-ernte.de\/shop\/wp-content\/uploads\/meine_ernte_erntekorb_web_8bdf1d73a4-768x576.jpg 768w, https:\/\/www.meine-ernte.de\/shop\/wp-content\/uploads\/meine_ernte_erntekorb_web_8bdf1d73a4-600x450.jpg 600w, https:\/\/www.meine-ernte.de\/shop\/wp-content\/uploads\/meine_ernte_erntekorb_web_8bdf1d73a4-100x75.jpg 100w, https:\/\/www.meine-ernte.de\/shop\/wp-content\/uploads\/meine_ernte_erntekorb_web_8bdf1d73a4-80x60.jpg 80w\" sizes=\"(max-width: 800px) 100vw, 800px\" \/>\t\t\t\t\t\t\n\t\t\t\t\t<\/div>\n\t\t\t\t\t\t<\/a>\t\t\n<style>\n#image_2007309790 {\n  width: 100%;\n}\n<\/style>\n\t<\/div>\n\t\n\n<p>Volle Erntek\u00f6rbe<\/p>\n\n\t\t<\/div>\n\t\t\t\t\t<\/div>\n\n\t\n\n<\/div>\n<p><strong>Voller Erntekorb, voller Genuss!<\/strong><\/p>\n<p>Die sorgf\u00e4ltig von uns ausgew\u00e4hlten Gem\u00fcsesorten garantieren dir eine kontinuierliche Ernte \u00fcber die ganze Saison:<\/p>\n<ul>\n<li>Im Mai kannst du bereits Salat, Radieschen und Spinat ernten.<\/li>\n<li>Ab Juni w\u00e4chst die Ernte weiter und in deinem Garten sind Bohnen, Erbsen, Mangold und weitere Sorten erntereif.<\/li>\n<li>Im September erntest du K\u00fcrbis, Zwiebeln, Kartoffeln und verschiedene Kohlsorten.<\/li>\n<\/ul>\n<p>Neben den 20 vorgepflanzten Sorten steht dir noch ein ca. 5 qm gro\u00dfes Wunschbeet zur Verf\u00fcgung. Dieses ist leer und darf noch nach Herzenslust bepflanzt werden.\u00a0<\/p>\n<p>Was wir f\u00fcr dich bereits gepflanzt haben findest du im Anbauplan: F\u00fcr <a href=\"https:\/\/www.meine-ernte.de\/shop\/wp-content\/uploads\/Anbauplan-Minigarten-2025.pdf\" target=\"_blank\" rel=\"noopener\">Mini G\u00e4rten<\/a> und f\u00fcr <a href=\"https:\/\/www.meine-ernte.de\/shop\/wp-content\/uploads\/Anbauplan-2025.pdf\" target=\"_blank\" rel=\"noopener\">Kleine und Familien G\u00e4rten<\/a><\/p>\n<div class=\"row\"  id=\"row-229928005\">\n\n\n\t<div id=\"col-653437300\" class=\"col medium-5 small-12 large-5\"  >\n\t\t\t\t<div class=\"col-inner\"  >\n\t\t\t\n\t\t\t\n\n<p>Zucchini, Gurken, Rote Bete und Kohl &#8211; mit der richtigen Pflege ist der Tisch reich gedeckt.<\/p>\n\n\t\t<\/div>\n\t\t\t\t\t<\/div>\n\n\t\n\n<\/div>\n<div class=\"row\"  id=\"row-1741398984\">\n\n\n\t<div id=\"col-649992429\" class=\"col medium-3 small-12 large-3\"  >\n\t\t\t\t<div class=\"col-inner\"  >\n\t\t\t\n\t\t\t\n\n\n\t\t<\/div>\n\t\t\t\t\t<\/div>\n\n\t\n\n\t<div id=\"col-631501179\" class=\"col medium-6 small-12 large-6\"  >\n\t\t\t\t<div class=\"col-inner\"  >\n\t\t\t\n\t\t\t\n\n\n\t<section class=\"section\" id=\"section_784443524\">\n\t\t<div class=\"section-bg fill\" >\n\t\t\t\t\t\t\t\t\t\n\t\t\t\n\n\t\t<\/div>\n\n\t\t\n\n\t\t<div class=\"section-content relative\">\n\t\t\t\n\n<p><span style=\"color: #ffffff;\"><b>So einfach funktioniert\u2019s mit deinem Mietgarten<\/b><\/span><\/p>\n<p><span style=\"color: #ffffff;\">1. Standort ausw\u00e4hlen<\/span><\/p>\n<p><span style=\"color: #ffffff;\">2. Garten mieten<\/span><\/p>\n<p><span style=\"color: #ffffff;\">3. Ab Fr\u00fchjahr 2026 ernten &amp; genie\u00dfen<\/span><\/p>\n\n\t\t<\/div>\n\n\t\t\n<style>\n#section_784443524 {\n  padding-top: 30px;\n  padding-bottom: 30px;\n  background-color: #58ab27;\n}\n<\/style>\n\t<\/section>\n\t\n\n\t\t<\/div>\n\t\t\t\t\t<\/div>\n\n\t\n\n\t<div id=\"col-494023655\" class=\"col medium-3 small-12 large-3\"  >\n\t\t\t\t<div class=\"col-inner\"  >\n\t\t\t\n\t\t\t\n\n\n\t\t<\/div>\n\t\t\t\t\t<\/div>\n\n\t\n\n<\/div>\n<div class=\"row align-center\"  id=\"row-2118865032\">\n\n\n\t<div id=\"col-1763077168\" class=\"col small-12 large-12\"  >\n\t\t\t\t<div class=\"col-inner text-center\"  >\n\t\t\t\n\t\t\t\n\n\t<div class=\"img has-hover x md-x lg-x y md-y lg-y\" id=\"image_1219168873\">\n\t\t<a class=\"image-lightbox lightbox-gallery\" title=\"\" href=\"\">\t\t\t\t\t\t<div class=\"img-inner dark\" >\n\t\t\t\t\t\t\t\t\t\n\t\t\t\t\t<\/div>\n\t\t\t\t\t\t<\/a>\t\t\n<style>\n#image_1219168873 {\n  width: 100%;\n}\n<\/style>\n\t<\/div>\n\t\n\n<h2>Hol dir deinen eigenen Garten \u2013 egal, ob Anf\u00e4nger oder Profi!<\/h2>\n<div class=\"csc-header csc-header-n1 \">\n<p>\ud83c\udf31 <b>Stell dir vor:<\/b> Du bist in deinem Mietgarten, atmest den Duft frischer Tomaten, ziehst knackige Radieschen aus dem Boden und sp\u00fcrst die Erde zwischen den Fingern.<\/p>\n<p>\ud83e\udd55 <b>Worauf wartest du noch?<\/b><br \/>Mach es wie mittlerweile 100.000 G\u00e4rtnerInnen vor dir &#8211; Dein St\u00fcck Selbstversorgung wartet schon \u2013 mitten in der Stadt, ohne Vorwissen, aber mit garantiertem Erntegl\u00fcck.<\/p>\n<\/div>\n<a href=\"https:\/\/www.meine-ernte.de\/shop\/mietgaerten\/\" target=\"_blank\" class=\"button secondary\" rel=\"noopener\" style=\"border-radius:10px;\">\n\t\t<span>400\u202f\u20ac Ernte sichern \u2013 Jetzt buchen<\/span>\n\t<\/a>\n\n\n\n\t\t<\/div>\n\t\t\t\t\t<\/div>\n\n\t\n\n<\/div>\n<div class=\"row\"  id=\"row-1438383602\">\n\n\n\t<div id=\"col-1667605971\" class=\"col medium-4 small-12 large-4\"  >\n\t\t\t\t<div class=\"col-inner\"  >\n\t\t\t\n\t\t\t\n\n\t<div class=\"img has-hover x md-x lg-x y md-y lg-y\" id=\"image_611407520\">\n\t\t\t\t\t\t\t\t<div class=\"img-inner dark\" >\n\t\t\t<img decoding=\"async\" width=\"767\" height=\"400\" src=\"https:\/\/www.meine-ernte.de\/shop\/wp-content\/uploads\/Kundenteam-Footer-1-566x300-1-767x400.png\" class=\"attachment-medium size-medium\" alt=\"\" srcset=\"https:\/\/www.meine-ernte.de\/shop\/wp-content\/uploads\/Kundenteam-Footer-1-566x300-1-767x400.png 767w, https:\/\/www.meine-ernte.de\/shop\/wp-content\/uploads\/Kundenteam-Footer-1-566x300-1-768x401.png 768w, https:\/\/www.meine-ernte.de\/shop\/wp-content\/uploads\/Kundenteam-Footer-1-566x300-1-600x313.png 600w, https:\/\/www.meine-ernte.de\/shop\/wp-content\/uploads\/Kundenteam-Footer-1-566x300-1-100x52.png 100w, https:\/\/www.meine-ernte.de\/shop\/wp-content\/uploads\/Kundenteam-Footer-1-566x300-1-80x42.png 80w, https:\/\/www.meine-ernte.de\/shop\/wp-content\/uploads\/Kundenteam-Footer-1-566x300-1.png 1179w\" sizes=\"(max-width: 767px) 100vw, 767px\" \/>\t\t\t\t\t\t\n\t\t\t\t\t<\/div>\n\t\t\t\t\t\t\t\t\n<style>\n#image_611407520 {\n  width: 100%;\n}\n<\/style>\n\t<\/div>\n\t\n\n\n\t\t<\/div>\n\t\t\t\t\t<\/div>\n\n\t\n\n\t<div id=\"col-2003427956\" class=\"col medium-8 small-12 large-8\"  >\n\t\t\t\t<div class=\"col-inner\"  >\n\t\t\t\n\t\t\t\n\n<h3>Du hast noch Fragen?<\/h3>\n<p><i class=\"fa\"><\/i>Antworten auf alle wichtigen Fragen\u00a0zu den Mietg\u00e4rten findest du in unseren\u00a0<a class=\"internal-link\" title=\"Alle Antworten auf deine Fragen\" href=\"https:\/\/www.meine-ernte.de\/shop\/mietgaerten-faq\/\" target=\"_blank\" rel=\"noopener\"><i class=\"fa\"><\/i>FAQs<\/a>.<\/p>\n<p>Au\u00dferdem sind wir Mo-Fr 9:00 \u2013 14:00 Uhr f\u00fcr dich telefonisch erreichbar unter: <a title=\"Telefonnummer\" href=\"tel:022828617119\">0228 28617119<\/a>.<\/p>\n\n\t\t<\/div>\n\t\t\t\t\t<\/div>\n\n\t\n\n<\/div>\n\n\n","protected":false},"excerpt":{"rendered":"","protected":false},"author":19539,"featured_media":104598,"parent":0,"menu_order":0,"comment_status":"closed","ping_status":"closed","template":"","meta":{"_acf_changed":false,"footnotes":""},"class_list":["post-104589","page","type-page","status-publish","has-post-thumbnail","hentry"],"acf":[],"_links":{"self":[{"href":"https:\/\/www.meine-ernte.de\/shop\/wp-json\/wp\/v2\/pages\/104589","targetHints":{"allow":["GET"]}}],"collection":[{"href":"https:\/\/www.meine-ernte.de\/shop\/wp-json\/wp\/v2\/pages"}],"about":[{"href":"https:\/\/www.meine-ernte.de\/shop\/wp-json\/wp\/v2\/types\/page"}],"author":[{"embeddable":true,"href":"https:\/\/www.meine-ernte.de\/shop\/wp-json\/wp\/v2\/users\/19539"}],"replies":[{"embeddable":true,"href":"https:\/\/www.meine-ernte.de\/shop\/wp-json\/wp\/v2\/comments?post=104589"}],"version-history":[{"count":60,"href":"https:\/\/www.meine-ernte.de\/shop\/wp-json\/wp\/v2\/pages\/104589\/revisions"}],"predecessor-version":[{"id":124648,"href":"https:\/\/www.meine-ernte.de\/shop\/wp-json\/wp\/v2\/pages\/104589\/revisions\/124648"}],"wp:featuredmedia":[{"embeddable":true,"href":"https:\/\/www.meine-ernte.de\/shop\/wp-json\/wp\/v2\/media\/104598"}],"wp:attachment":[{"href":"https:\/\/www.meine-ernte.de\/shop\/wp-json\/wp\/v2\/media?parent=104589"}],"curies":[{"name":"wp","href":"https:\/\/api.w.org\/{rel}","templated":true}]}}